{"id":56188,"date":"2020-03-31T17:00:20","date_gmt":"2020-03-31T14:00:20","guid":{"rendered":"https:\/\/eurotech-iasi.ro\/magazinonline\/?post_type=product&#038;p=56188"},"modified":"2025-12-10T10:37:19","modified_gmt":"2025-12-10T08:37:19","slug":"nivela-laser-rotativa-bosch-grl-600-chv","status":"publish","type":"product","link":"https:\/\/eurotech-iasi.ro\/magazinonline\/produs\/nivela-laser-rotativa-bosch-grl-600-chv\/","title":{"rendered":"Nivela laser rotativa Bosch GRL 600 CHV+BT170 HD+GR240"},"content":{"rendered":"<p><strong>Nivela laser rotativa Bosch GRL 600 CHV+BT170 HD+GR240<\/strong> ideala pentru cele mai dificile sarcini de masurare. Este o nivela foarte precisa, cu o durata mare de lucru datorita sistemului dual de alimentare, cu acumulator <em><strong>Bosch Professional de 18 V Li-Ion<\/strong><\/em> sau cu baterii alcaline. Are un design robust, cu protectie eficienta la soc in caz de rasturnare a trepiedului setat la 2 m inaltime si <em><strong>clasa de protectie IP68 impotriva prafului si apei,<\/strong> <\/em>inclusiv pentru compartimentul bateriilor pentru lucru sigur si flexibil in conditii de vreme nefavorabila.<\/p>\n<p>Lucrul este usor si intuitiv datorita ecranului integrat si a conexiunii cu<strong> aplicatia pentru smartphone Levelling Remote<\/strong>, unde se vizualizeaza si se seteaza toate functiile si parametrii de lucru ai nivelei, economisind astfel timp valoros. Calibrarea se face simplu si rapid, fara consum de timp si bani pe care le implica expedierea nivelei la firmele specializate Este prima nivela Bosch cu<em><strong> inclinare a laserului pe 2 axe<\/strong><\/em> si singurul aparat din piata cu clasa de protectie IP68, inclusiv la compartimentul bateriilor.<\/p>\n<p><strong>Specificatii tehnice:<\/strong><\/p>\n<p><strong>Domeniul de utilizare cu receptor<\/strong> &#8211; diametru 600 m<br \/>\n<strong>Domeniu de lucru fara receptor<\/strong> &#8211; \u00b1 60 m (diametru)<br \/>\n<strong>Precizie de nivelare<\/strong> &#8211; \u00b1 0,05 mm\/m orizontal, \u00b1 0,1 mm\/m vertical<br \/>\n<strong>Domeniu de autonivelare<\/strong> &#8211; \u00b18,5% (\u00b15\u00b0)<br \/>\n<strong>Protectie Impotriva prafului si a stropilor de apa<\/strong> &#8211; IP 68<br \/>\n<strong>Viteza de rotatie<\/strong> &#8211; 150\/300\/600 min\u22121<br \/>\n<strong>Dioda laser<\/strong> &#8211; 630 \u2013 650 nm, &lt; 1mW<br \/>\n<strong>Temperatura de functionare &#8211;<\/strong> -10 \u2013 50 \u00b0C<br \/>\n<strong>Temperatura de depozitare &#8211;<\/strong> -20 \u2013 50 \u00b0C<br \/>\n<strong>Clasa laser<\/strong> &#8211; 2<br \/>\n<strong>Alimentare curent electric<\/strong> -Acumulator Li-Ion 18 V, 4 baterii D<br \/>\n<strong>Receptor<\/strong> &#8211; LR 60<br \/>\n<strong>Durata de functionare\/maxima<\/strong> &#8211; 60 h\/70 h<br \/>\n<strong>Filet stativ<\/strong> &#8211; 2 x 5\/8&#8243;<br \/>\n<strong>Greutate<\/strong> &#8211; aprox. 4.3\u00a0\u00a0 kg<br \/>\n<strong>Culoare linie laser<\/strong> &#8211; rosu<br \/>\n<strong>Proiectie<\/strong> &#8211; 1 linii la 360\u00b0<br \/>\n<strong>Receptoare laser compatibile<\/strong> &#8211; LR 60<br \/>\n<strong>Greutate cu acumulator de 4.0 Ah<\/strong> &#8211; 4.3\u00a0\u00a0 kg<br \/>\n<strong>Greutate cu baterii alcaline<\/strong> &#8211; 4.6\u00a0\u00a0 kg<\/p>\n<p><strong>Set de livrare:<\/strong><\/p>\n<ul>\n<li>Nivel\u0103 laser rotativ\u0103 GRL 600 CHV Professional<\/li>\n<li>Receptor laser LR 60<\/li>\n<li>\u015ein\u0103 de m\u0103surare R 60 Professional<\/li>\n<li>Telecomanda RC 6<\/li>\n<li>1 x acumulator ProCORE18V 4.0Ah 1 600 A01 6GB<\/li>\n<li>\u00cenc\u0103rc\u0103tor rapid GAL 18V-40 Professional 1 600 A01 9RJ<\/li>\n<li>4 baterii 1,5 V LR20<\/li>\n<li>4 baterii 1,5 V LR6 (AA)<\/li>\n<li>Panou de vizare pentru raza laser<\/li>\n<li>Ochelari optici pentru laser (ro\u015fii)<\/li>\n<li>Valiz\u0103 profesional\u0103<\/li>\n<li>Stativ pentru construc\u0163ii BT 170 HD Professional<\/li>\n<li>Rigl\u0103 de m\u0103surare GR 240 Professional<\/li>\n<\/ul>\n<h3><span style=\"text-decoration: underline;\"><em><strong>Documentatie tehnica:<\/strong><\/em><\/span><\/h3>\n<p><a href=\"https:\/\/eurotech-iasi.ro\/magazinonline\/wp-content\/uploads\/2022\/10\/Manual-GRL-600-CHV.pdf\"><strong><em><u>\ud83d\udce5 Manual de utilizare<\/u><\/em><\/strong><\/a><br \/>\n<a href=\"https:\/\/eurotech-iasi.ro\/magazinonline\/wp-content\/uploads\/2022\/10\/GRL-600-CHV-01.pdf\"><strong><em><u>\ud83d\udce5 Fisa tehnica<\/u><\/em><\/strong><\/a><\/p>\n","protected":false},"excerpt":{"rendered":"<p><strong>Nivela laser rotativa Bosch GRL 600 CHV+BT170 HD+GR240<\/strong> cea mai noua versiune din categoria nivelelor ce furnizeaza rezultate de masurare cu precizie si fiabilitate maxima.<\/p>\n<p><em><strong>Cod produs: 06159940P5<\/strong><\/em><\/p>\n","protected":false},"featured_media":76656,"comment_status":"open","ping_status":"closed","template":"","meta":{"_acf_changed":false},"product_cat":[4338,4380],"product_tag":[],"woo-feed-brand":[],"class_list":{"0":"post-56188","1":"product","2":"type-product","3":"status-publish","4":"has-post-thumbnail","6":"product_brand-bosch","7":"product_cat-instrumente-de-masura-si-control","8":"product_cat-nivele-laser","9":"pa_alimentare-acumulator-li-ion-18-v-4-baterii-d","10":"pa_brand-bosch","11":"pa_clasa-laser-6086","12":"pa_dioda-laser-630-650-nm-1mw","13":"pa_domeniu-cu-receptor-600-m","14":"pa_domeniu-de-autonivelare-85-5","15":"pa_domeniu-de-lucru--600-m","16":"pa_greutate-4-3-kg","17":"pa_protectie-praf-apa-ip-68","18":"pa_temperatura-functionare-10-50-c","19":"pa_viteza-de-rotatie-150-300-600-min1","21":"first","22":"instock","23":"purchasable","24":"product-type-simple"},"acf":[],"yoast_head":"<!-- This site is optimized with the Yoast SEO plugin v27.3 - https:\/\/yoast.com\/product\/yoast-seo-wordpress\/ -->\n<title>Nivela laser rotativa Bosch GRL 600 CHV+BT170 HD+GR240 - Eurotech Iasi<\/title>\n<meta name=\"description\" content=\"Nivela laser rotativa Bosch GRL 600 CHV, cea mai noua versiune din categoria nivelelor, furnizeaza rezultate de masurare cu precizie si fiabilitate maxima.\" \/>\n<meta name=\"robots\" content=\"index, follow, max-snippet:-1, max-image-preview:large, max-video-preview:-1\" \/>\n<link rel=\"canonical\" href=\"https:\/\/eurotech-iasi.ro\/magazinonline\/produs\/nivela-laser-rotativa-bosch-grl-600-chv\/\" \/>\n<meta property=\"og:locale\" content=\"ro_RO\" \/>\n<meta property=\"og:type\" content=\"article\" \/>\n<meta property=\"og:title\" content=\"Nivela laser rotativa Bosch GRL 600 CHV+BT170 HD+GR240 - Eurotech Iasi\" \/>\n<meta property=\"og:description\" content=\"Nivela laser rotativa Bosch GRL 600 CHV, cea mai noua versiune din categoria nivelelor, furnizeaza rezultate de masurare cu precizie si fiabilitate maxima.\" \/>\n<meta property=\"og:url\" content=\"https:\/\/eurotech-iasi.ro\/magazinonline\/produs\/nivela-laser-rotativa-bosch-grl-600-chv\/\" \/>\n<meta property=\"og:site_name\" content=\"Eurotech Iasi\" \/>\n<meta property=\"article:publisher\" content=\"https:\/\/www.facebook.com\/EurotechIasi\/\" \/>\n<meta property=\"article:modified_time\" content=\"2025-12-10T08:37:19+00:00\" \/>\n<meta property=\"og:image\" content=\"https:\/\/eurotech-iasi.ro\/magazinonline\/wp-content\/uploads\/2020\/03\/Nivela-laser-rotativa-Bosch-GRL-600-CHVBT170-HDGR240.png\" \/>\n\t<meta property=\"og:image:width\" content=\"750\" \/>\n\t<meta property=\"og:image:height\" content=\"750\" \/>\n\t<meta property=\"og:image:type\" content=\"image\/png\" \/>\n<meta name=\"twitter:label1\" content=\"Timp estimat pentru citire\" \/>\n\t<meta name=\"twitter:data1\" content=\"2 minute\" \/>\n<script type=\"application\/ld+json\" class=\"yoast-schema-graph\">{\"@context\":\"https:\\\/\\\/schema.org\",\"@graph\":[{\"@type\":\"WebPage\",\"@id\":\"https:\\\/\\\/eurotech-iasi.ro\\\/magazinonline\\\/produs\\\/nivela-laser-rotativa-bosch-grl-600-chv\\\/\",\"url\":\"https:\\\/\\\/eurotech-iasi.ro\\\/magazinonline\\\/produs\\\/nivela-laser-rotativa-bosch-grl-600-chv\\\/\",\"name\":\"Nivela laser rotativa Bosch GRL 600 CHV+BT170 HD+GR240 - Eurotech Iasi\",\"isPartOf\":{\"@id\":\"https:\\\/\\\/eurotech-iasi.ro\\\/magazinonline\\\/#website\"},\"primaryImageOfPage\":{\"@id\":\"https:\\\/\\\/eurotech-iasi.ro\\\/magazinonline\\\/produs\\\/nivela-laser-rotativa-bosch-grl-600-chv\\\/#primaryimage\"},\"image\":{\"@id\":\"https:\\\/\\\/eurotech-iasi.ro\\\/magazinonline\\\/produs\\\/nivela-laser-rotativa-bosch-grl-600-chv\\\/#primaryimage\"},\"thumbnailUrl\":\"https:\\\/\\\/eurotech-iasi.ro\\\/magazinonline\\\/wp-content\\\/uploads\\\/2020\\\/03\\\/Nivela-laser-rotativa-Bosch-GRL-600-CHVBT170-HDGR240.png\",\"datePublished\":\"2020-03-31T14:00:20+00:00\",\"dateModified\":\"2025-12-10T08:37:19+00:00\",\"description\":\"Nivela laser rotativa Bosch GRL 600 CHV, cea mai noua versiune din categoria nivelelor, furnizeaza rezultate de masurare cu precizie si fiabilitate maxima.\",\"breadcrumb\":{\"@id\":\"https:\\\/\\\/eurotech-iasi.ro\\\/magazinonline\\\/produs\\\/nivela-laser-rotativa-bosch-grl-600-chv\\\/#breadcrumb\"},\"inLanguage\":\"ro-RO\",\"potentialAction\":[{\"@type\":\"ReadAction\",\"target\":[\"https:\\\/\\\/eurotech-iasi.ro\\\/magazinonline\\\/produs\\\/nivela-laser-rotativa-bosch-grl-600-chv\\\/\"]}]},{\"@type\":\"ImageObject\",\"inLanguage\":\"ro-RO\",\"@id\":\"https:\\\/\\\/eurotech-iasi.ro\\\/magazinonline\\\/produs\\\/nivela-laser-rotativa-bosch-grl-600-chv\\\/#primaryimage\",\"url\":\"https:\\\/\\\/eurotech-iasi.ro\\\/magazinonline\\\/wp-content\\\/uploads\\\/2020\\\/03\\\/Nivela-laser-rotativa-Bosch-GRL-600-CHVBT170-HDGR240.png\",\"contentUrl\":\"https:\\\/\\\/eurotech-iasi.ro\\\/magazinonline\\\/wp-content\\\/uploads\\\/2020\\\/03\\\/Nivela-laser-rotativa-Bosch-GRL-600-CHVBT170-HDGR240.png\",\"width\":750,\"height\":750},{\"@type\":\"BreadcrumbList\",\"@id\":\"https:\\\/\\\/eurotech-iasi.ro\\\/magazinonline\\\/produs\\\/nivela-laser-rotativa-bosch-grl-600-chv\\\/#breadcrumb\",\"itemListElement\":[{\"@type\":\"ListItem\",\"position\":1,\"name\":\"Prima pagin\u0103\",\"item\":\"https:\\\/\\\/eurotech-iasi.ro\\\/magazinonline\\\/\"},{\"@type\":\"ListItem\",\"position\":2,\"name\":\"Shop\",\"item\":\"https:\\\/\\\/eurotech-iasi.ro\\\/magazinonline\\\/shop\\\/\"},{\"@type\":\"ListItem\",\"position\":3,\"name\":\"Nivela laser rotativa Bosch GRL 600 CHV+BT170 HD+GR240\"}]},{\"@type\":\"WebSite\",\"@id\":\"https:\\\/\\\/eurotech-iasi.ro\\\/magazinonline\\\/#website\",\"url\":\"https:\\\/\\\/eurotech-iasi.ro\\\/magazinonline\\\/\",\"name\":\"Eurotech Iasi\",\"description\":\"Cu oameni seriosi\",\"publisher\":{\"@id\":\"https:\\\/\\\/eurotech-iasi.ro\\\/magazinonline\\\/#organization\"},\"potentialAction\":[{\"@type\":\"SearchAction\",\"target\":{\"@type\":\"EntryPoint\",\"urlTemplate\":\"https:\\\/\\\/eurotech-iasi.ro\\\/magazinonline\\\/?s={search_term_string}\"},\"query-input\":{\"@type\":\"PropertyValueSpecification\",\"valueRequired\":true,\"valueName\":\"search_term_string\"}}],\"inLanguage\":\"ro-RO\"},{\"@type\":\"Organization\",\"@id\":\"https:\\\/\\\/eurotech-iasi.ro\\\/magazinonline\\\/#organization\",\"name\":\"Eurotech Iasi\",\"url\":\"https:\\\/\\\/eurotech-iasi.ro\\\/magazinonline\\\/\",\"logo\":{\"@type\":\"ImageObject\",\"inLanguage\":\"ro-RO\",\"@id\":\"https:\\\/\\\/eurotech-iasi.ro\\\/magazinonline\\\/#\\\/schema\\\/logo\\\/image\\\/\",\"url\":\"https:\\\/\\\/eurotech-iasi.ro\\\/magazinonline\\\/wp-content\\\/uploads\\\/2020\\\/08\\\/logo-eurotech.png\",\"contentUrl\":\"https:\\\/\\\/eurotech-iasi.ro\\\/magazinonline\\\/wp-content\\\/uploads\\\/2020\\\/08\\\/logo-eurotech.png\",\"width\":290,\"height\":70,\"caption\":\"Eurotech Iasi\"},\"image\":{\"@id\":\"https:\\\/\\\/eurotech-iasi.ro\\\/magazinonline\\\/#\\\/schema\\\/logo\\\/image\\\/\"},\"sameAs\":[\"https:\\\/\\\/www.facebook.com\\\/EurotechIasi\\\/\"]}]}<\/script>\n<!-- \/ Yoast SEO plugin. -->","yoast_head_json":{"title":"Nivela laser rotativa Bosch GRL 600 CHV+BT170 HD+GR240 - Eurotech Iasi","description":"Nivela laser rotativa Bosch GRL 600 CHV, cea mai noua versiune din categoria nivelelor, furnizeaza rezultate de masurare cu precizie si fiabilitate maxima.","robots":{"index":"index","follow":"follow","max-snippet":"max-snippet:-1","max-image-preview":"max-image-preview:large","max-video-preview":"max-video-preview:-1"},"canonical":"https:\/\/eurotech-iasi.ro\/magazinonline\/produs\/nivela-laser-rotativa-bosch-grl-600-chv\/","og_locale":"ro_RO","og_type":"article","og_title":"Nivela laser rotativa Bosch GRL 600 CHV+BT170 HD+GR240 - Eurotech Iasi","og_description":"Nivela laser rotativa Bosch GRL 600 CHV, cea mai noua versiune din categoria nivelelor, furnizeaza rezultate de masurare cu precizie si fiabilitate maxima.","og_url":"https:\/\/eurotech-iasi.ro\/magazinonline\/produs\/nivela-laser-rotativa-bosch-grl-600-chv\/","og_site_name":"Eurotech Iasi","article_publisher":"https:\/\/www.facebook.com\/EurotechIasi\/","article_modified_time":"2025-12-10T08:37:19+00:00","og_image":[{"width":750,"height":750,"url":"https:\/\/eurotech-iasi.ro\/magazinonline\/wp-content\/uploads\/2020\/03\/Nivela-laser-rotativa-Bosch-GRL-600-CHVBT170-HDGR240.png","type":"image\/png"}],"twitter_misc":{"Timp estimat pentru citire":"2 minute"},"schema":{"@context":"https:\/\/schema.org","@graph":[{"@type":"WebPage","@id":"https:\/\/eurotech-iasi.ro\/magazinonline\/produs\/nivela-laser-rotativa-bosch-grl-600-chv\/","url":"https:\/\/eurotech-iasi.ro\/magazinonline\/produs\/nivela-laser-rotativa-bosch-grl-600-chv\/","name":"Nivela laser rotativa Bosch GRL 600 CHV+BT170 HD+GR240 - Eurotech Iasi","isPartOf":{"@id":"https:\/\/eurotech-iasi.ro\/magazinonline\/#website"},"primaryImageOfPage":{"@id":"https:\/\/eurotech-iasi.ro\/magazinonline\/produs\/nivela-laser-rotativa-bosch-grl-600-chv\/#primaryimage"},"image":{"@id":"https:\/\/eurotech-iasi.ro\/magazinonline\/produs\/nivela-laser-rotativa-bosch-grl-600-chv\/#primaryimage"},"thumbnailUrl":"https:\/\/eurotech-iasi.ro\/magazinonline\/wp-content\/uploads\/2020\/03\/Nivela-laser-rotativa-Bosch-GRL-600-CHVBT170-HDGR240.png","datePublished":"2020-03-31T14:00:20+00:00","dateModified":"2025-12-10T08:37:19+00:00","description":"Nivela laser rotativa Bosch GRL 600 CHV, cea mai noua versiune din categoria nivelelor, furnizeaza rezultate de masurare cu precizie si fiabilitate maxima.","breadcrumb":{"@id":"https:\/\/eurotech-iasi.ro\/magazinonline\/produs\/nivela-laser-rotativa-bosch-grl-600-chv\/#breadcrumb"},"inLanguage":"ro-RO","potentialAction":[{"@type":"ReadAction","target":["https:\/\/eurotech-iasi.ro\/magazinonline\/produs\/nivela-laser-rotativa-bosch-grl-600-chv\/"]}]},{"@type":"ImageObject","inLanguage":"ro-RO","@id":"https:\/\/eurotech-iasi.ro\/magazinonline\/produs\/nivela-laser-rotativa-bosch-grl-600-chv\/#primaryimage","url":"https:\/\/eurotech-iasi.ro\/magazinonline\/wp-content\/uploads\/2020\/03\/Nivela-laser-rotativa-Bosch-GRL-600-CHVBT170-HDGR240.png","contentUrl":"https:\/\/eurotech-iasi.ro\/magazinonline\/wp-content\/uploads\/2020\/03\/Nivela-laser-rotativa-Bosch-GRL-600-CHVBT170-HDGR240.png","width":750,"height":750},{"@type":"BreadcrumbList","@id":"https:\/\/eurotech-iasi.ro\/magazinonline\/produs\/nivela-laser-rotativa-bosch-grl-600-chv\/#breadcrumb","itemListElement":[{"@type":"ListItem","position":1,"name":"Prima pagin\u0103","item":"https:\/\/eurotech-iasi.ro\/magazinonline\/"},{"@type":"ListItem","position":2,"name":"Shop","item":"https:\/\/eurotech-iasi.ro\/magazinonline\/shop\/"},{"@type":"ListItem","position":3,"name":"Nivela laser rotativa Bosch GRL 600 CHV+BT170 HD+GR240"}]},{"@type":"WebSite","@id":"https:\/\/eurotech-iasi.ro\/magazinonline\/#website","url":"https:\/\/eurotech-iasi.ro\/magazinonline\/","name":"Eurotech Iasi","description":"Cu oameni seriosi","publisher":{"@id":"https:\/\/eurotech-iasi.ro\/magazinonline\/#organization"},"potentialAction":[{"@type":"SearchAction","target":{"@type":"EntryPoint","urlTemplate":"https:\/\/eurotech-iasi.ro\/magazinonline\/?s={search_term_string}"},"query-input":{"@type":"PropertyValueSpecification","valueRequired":true,"valueName":"search_term_string"}}],"inLanguage":"ro-RO"},{"@type":"Organization","@id":"https:\/\/eurotech-iasi.ro\/magazinonline\/#organization","name":"Eurotech Iasi","url":"https:\/\/eurotech-iasi.ro\/magazinonline\/","logo":{"@type":"ImageObject","inLanguage":"ro-RO","@id":"https:\/\/eurotech-iasi.ro\/magazinonline\/#\/schema\/logo\/image\/","url":"https:\/\/eurotech-iasi.ro\/magazinonline\/wp-content\/uploads\/2020\/08\/logo-eurotech.png","contentUrl":"https:\/\/eurotech-iasi.ro\/magazinonline\/wp-content\/uploads\/2020\/08\/logo-eurotech.png","width":290,"height":70,"caption":"Eurotech Iasi"},"image":{"@id":"https:\/\/eurotech-iasi.ro\/magazinonline\/#\/schema\/logo\/image\/"},"sameAs":["https:\/\/www.facebook.com\/EurotechIasi\/"]}]}},"_links":{"self":[{"href":"https:\/\/eurotech-iasi.ro\/magazinonline\/wp-json\/wp\/v2\/product\/56188","targetHints":{"allow":["GET"]}}],"collection":[{"href":"https:\/\/eurotech-iasi.ro\/magazinonline\/wp-json\/wp\/v2\/product"}],"about":[{"href":"https:\/\/eurotech-iasi.ro\/magazinonline\/wp-json\/wp\/v2\/types\/product"}],"replies":[{"embeddable":true,"href":"https:\/\/eurotech-iasi.ro\/magazinonline\/wp-json\/wp\/v2\/comments?post=56188"}],"wp:featuredmedia":[{"embeddable":true,"href":"https:\/\/eurotech-iasi.ro\/magazinonline\/wp-json\/wp\/v2\/media\/76656"}],"wp:attachment":[{"href":"https:\/\/eurotech-iasi.ro\/magazinonline\/wp-json\/wp\/v2\/media?parent=56188"}],"wp:term":[{"taxonomy":"product_cat","embeddable":true,"href":"https:\/\/eurotech-iasi.ro\/magazinonline\/wp-json\/wp\/v2\/product_cat?post=56188"},{"taxonomy":"product_tag","embeddable":true,"href":"https:\/\/eurotech-iasi.ro\/magazinonline\/wp-json\/wp\/v2\/product_tag?post=56188"},{"taxonomy":"woo-feed-brand","embeddable":true,"href":"https:\/\/eurotech-iasi.ro\/magazinonline\/wp-json\/wp\/v2\/woo-feed-brand?post=56188"}],"curies":[{"name":"wp","href":"https:\/\/api.w.org\/{rel}","templated":true}]}}