{"id":56461,"date":"2020-04-02T14:22:19","date_gmt":"2020-04-02T11:22:19","guid":{"rendered":"https:\/\/eurotech-iasi.ro\/magazinonline\/?post_type=product&#038;p=56461"},"modified":"2025-03-04T16:27:46","modified_gmt":"2025-03-04T14:27:46","slug":"aspirator-rumegus-metabo-spa-1200","status":"publish","type":"product","link":"https:\/\/eurotech-iasi.ro\/magazinonline\/produs\/aspirator-rumegus-metabo-spa-1200\/","title":{"rendered":"Aspirator rumegus Metabo SPA 1200"},"content":{"rendered":"<p><a title=\"Aspirator rumegus Metabo SPA 1200\" href=\"https:\/\/eurotech-iasi.ro\/magazinonline\/produs\/aspirator-rumegus-metabo-spa-1200\/\" rel=\"nofollow\"><strong>Aspirator rumegus Metabo SPA 1200<\/strong><\/a> dotat cu motor asincron de mare putere de 0,55 kW ce ofera performante ridicate si randament maxim si sac colector cu o capacitate de 65 l.<\/p>\n<p><strong>Avantaje:<\/strong><\/p>\n<ul>\n<li>Prezentare Exhaustor Metabo SPA 1200 Motorul asincron de mare putere al aspiratorului de rumegus SPA 1200 de la Metabo ofera performante ridicate si randament maxim .<\/li>\n<li>Motorul Exhaustorului de la Metabo Spa 1200 este prevazut cu o protectie impotriva suprasolicitarii.<\/li>\n<li>Daca motorul se supraincalzeste sau este suprasolicitat aceasta protectie opreste imediat masina.<\/li>\n<li>Motorul asincron de mare putere al aspiratorului de rumegus SPA 1200 de la Metabo ofera performante ridicate si randament maxim .<\/li>\n<li>Motorul Exhaustorului de la Metabo Spa 1200 este prevazut cu o protectie impotriva suprasolicitarii.<\/li>\n<li>Daca motorul se supraincalzeste sau este suprasolicitat aceasta protectie opreste imediat masina.<\/li>\n<li>Exhaustor de rumegus Metabo SPA 1200 se poate adapta la toate modelele de prelucrat lemn,el fiind ideal de folosit in atelierul de lucru,dar si pe alte suprafete in diverse utilitati fiind usor de transportat datorita rotilor de transport.<\/li>\n<li>Exhaustor Profesional Metabo foloseste curent alternativ monofazat.<\/li>\n<li>Viteza maxima de aspirare la acest model de aspirator Metabo SPA 1200 este de 1600 PA.<\/li>\n<li>La acest tip de Exhaustor Metabo diametrul furtunului de aspirare este de 100 mm.<\/li>\n<li>Zgomotul la aspiratorul Metabo este f redus.<\/li>\n<li>Aspiratorul Metabo SPA 1200 are dimensiuni foarte mici 830x450x1600 mm.<\/li>\n<li>Debitul maxim al acestui tip de Exhaustor Metabo este de 900 m3\/h.<\/li>\n<li>Aspiratorul Metabo 1200 SPA este folosit pentru aspirarea rumegusului,aschiilor,frunzelor,nisipului,cenusa rece.<\/li>\n<li>Made in Germany .<\/li>\n<\/ul>\n<h2>Specificatii tehnice\u00a0 &#8211; <strong>Aspirator rumegus Metabo SPA 1200:<\/strong><\/h2>\n<p><strong>Putere motor ( kW ):<\/strong> 0.55<br \/>\n<strong>Debit aer ( mc\/h):<\/strong> 900<br \/>\n<strong>Tensiune de alimentare ( V ):<\/strong> 230<br \/>\n<strong>Frecventa ( Hz ):<\/strong> 50<br \/>\n<strong>Capacitate sac colector ( l ):<\/strong> 65<br \/>\n<strong>Diametru de cuplare ( mm ):<\/strong> 100<br \/>\n<strong>Dimensiune furtun flexibil ( m ):<\/strong> 2.5<br \/>\n<strong>Vacuum ( Pa ):<\/strong> 1300<br \/>\n<strong>Dimensiuni ( mm ):<\/strong> 830 x 450 x 1.600<br \/>\n<strong>Suprafata de filtrare ( mp ):<\/strong> 2<br \/>\n<strong>Greutate ( Kg ):<\/strong> 22<\/p>\n<p><strong>Set de livrare:<\/strong><\/p>\n<ul>\n<li style=\"list-style-type: none;\">\n<ul>\n<li>Furtun de aspira\u021bie 100 x 2500 mm<\/li>\n<li>Geant\u0103 filtrant\u0103 din p\u00e2sl\u0103 de ac<\/li>\n<li>Geanta de colectare cip<\/li>\n<\/ul>\n<\/li>\n<\/ul>\n<p><span style=\"text-decoration: underline;\"><em><strong>Documentatie tehnica:<\/strong><\/em><\/span><\/p>\n<p><a href=\"https:\/\/eurotech-iasi.ro\/magazinonline\/wp-content\/uploads\/2022\/12\/SPA1200.pdf\"><strong><em><u>\ud83d\udce5 Fisa tehnica<\/u><\/em><\/strong><\/a><\/p>\n","protected":false},"excerpt":{"rendered":"<p><strong>Aspirator rumegus Metabo SPA 1200<\/strong> dotat cu motor de 0,55 kW, ideal pentru aspirarea rumegusului din ateliere si santiere.<\/p>\n<p><em><strong>Cod produs: 601205000<\/strong><\/em><\/p>\n","protected":false},"featured_media":76658,"comment_status":"open","ping_status":"closed","template":"","meta":{"_acf_changed":false},"product_cat":[4388,4339],"product_tag":[],"woo-feed-brand":[],"class_list":{"0":"post-56461","1":"product","2":"type-product","3":"status-publish","4":"has-post-thumbnail","6":"product_brand-metabo","7":"product_cat-aspiratoare-uscate","8":"product_cat-echipamente-pentru-curatenie","9":"pa_brand-metabo","10":"pa_debit-aer-900-m-h","11":"pa_dimensiuni-830-x-450-x-1-600-mm","12":"pa_greutate-22-kg-2","13":"pa_putere-550-w","14":"pa_tensiune-230-v","15":"pa_vacuum-1600-pa","17":"first","18":"instock","19":"purchasable","20":"product-type-simple"},"acf":[],"yoast_head":"<!-- This site is optimized with the Yoast SEO plugin v27.5 - https:\/\/yoast.com\/product\/yoast-seo-wordpress\/ -->\n<title>Aspirator rumegus Metabo SPA 1200 - Eurotech Iasi<\/title>\n<meta name=\"description\" content=\"Aspirator rumegus Metabo SPA 1200, dotat cu motor de 0,55 kW, ideal pentru aspirarea rumegusului din ateliere si santiere.\" \/>\n<meta name=\"robots\" content=\"index, follow, max-snippet:-1, max-image-preview:large, max-video-preview:-1\" \/>\n<link rel=\"canonical\" href=\"https:\/\/eurotech-iasi.ro\/magazinonline\/produs\/aspirator-rumegus-metabo-spa-1200\/\" \/>\n<meta property=\"og:locale\" content=\"ro_RO\" \/>\n<meta property=\"og:type\" content=\"article\" \/>\n<meta property=\"og:title\" content=\"Aspirator rumegus Metabo SPA 1200 - Eurotech Iasi\" \/>\n<meta property=\"og:description\" content=\"Aspirator rumegus Metabo SPA 1200, dotat cu motor de 0,55 kW, ideal pentru aspirarea rumegusului din ateliere si santiere.\" \/>\n<meta property=\"og:url\" content=\"https:\/\/eurotech-iasi.ro\/magazinonline\/produs\/aspirator-rumegus-metabo-spa-1200\/\" \/>\n<meta property=\"og:site_name\" content=\"Eurotech Iasi\" \/>\n<meta property=\"article:publisher\" content=\"https:\/\/www.facebook.com\/EurotechIasi\/\" \/>\n<meta property=\"article:modified_time\" content=\"2025-03-04T14:27:46+00:00\" \/>\n<meta property=\"og:image\" content=\"https:\/\/eurotech-iasi.ro\/magazinonline\/wp-content\/uploads\/2020\/04\/Aspirator-rumegus-Metabo-SPA-1200-2.png\" \/>\n\t<meta property=\"og:image:width\" content=\"750\" \/>\n\t<meta property=\"og:image:height\" content=\"750\" \/>\n\t<meta property=\"og:image:type\" content=\"image\/png\" \/>\n<meta name=\"twitter:label1\" content=\"Timp estimat pentru citire\" \/>\n\t<meta name=\"twitter:data1\" content=\"2 minute\" \/>\n<script type=\"application\/ld+json\" class=\"yoast-schema-graph\">{\"@context\":\"https:\\\/\\\/schema.org\",\"@graph\":[{\"@type\":\"WebPage\",\"@id\":\"https:\\\/\\\/eurotech-iasi.ro\\\/magazinonline\\\/produs\\\/aspirator-rumegus-metabo-spa-1200\\\/\",\"url\":\"https:\\\/\\\/eurotech-iasi.ro\\\/magazinonline\\\/produs\\\/aspirator-rumegus-metabo-spa-1200\\\/\",\"name\":\"Aspirator rumegus Metabo SPA 1200 - Eurotech Iasi\",\"isPartOf\":{\"@id\":\"https:\\\/\\\/eurotech-iasi.ro\\\/magazinonline\\\/#website\"},\"primaryImageOfPage\":{\"@id\":\"https:\\\/\\\/eurotech-iasi.ro\\\/magazinonline\\\/produs\\\/aspirator-rumegus-metabo-spa-1200\\\/#primaryimage\"},\"image\":{\"@id\":\"https:\\\/\\\/eurotech-iasi.ro\\\/magazinonline\\\/produs\\\/aspirator-rumegus-metabo-spa-1200\\\/#primaryimage\"},\"thumbnailUrl\":\"https:\\\/\\\/eurotech-iasi.ro\\\/magazinonline\\\/wp-content\\\/uploads\\\/2020\\\/04\\\/Aspirator-rumegus-Metabo-SPA-1200-2.png\",\"datePublished\":\"2020-04-02T11:22:19+00:00\",\"dateModified\":\"2025-03-04T14:27:46+00:00\",\"description\":\"Aspirator rumegus Metabo SPA 1200, dotat cu motor de 0,55 kW, ideal pentru aspirarea rumegusului din ateliere si santiere.\",\"breadcrumb\":{\"@id\":\"https:\\\/\\\/eurotech-iasi.ro\\\/magazinonline\\\/produs\\\/aspirator-rumegus-metabo-spa-1200\\\/#breadcrumb\"},\"inLanguage\":\"ro-RO\",\"potentialAction\":[{\"@type\":\"ReadAction\",\"target\":[\"https:\\\/\\\/eurotech-iasi.ro\\\/magazinonline\\\/produs\\\/aspirator-rumegus-metabo-spa-1200\\\/\"]}]},{\"@type\":\"ImageObject\",\"inLanguage\":\"ro-RO\",\"@id\":\"https:\\\/\\\/eurotech-iasi.ro\\\/magazinonline\\\/produs\\\/aspirator-rumegus-metabo-spa-1200\\\/#primaryimage\",\"url\":\"https:\\\/\\\/eurotech-iasi.ro\\\/magazinonline\\\/wp-content\\\/uploads\\\/2020\\\/04\\\/Aspirator-rumegus-Metabo-SPA-1200-2.png\",\"contentUrl\":\"https:\\\/\\\/eurotech-iasi.ro\\\/magazinonline\\\/wp-content\\\/uploads\\\/2020\\\/04\\\/Aspirator-rumegus-Metabo-SPA-1200-2.png\",\"width\":750,\"height\":750,\"caption\":\"Aspirator rumegus Metabo SPA 1200\"},{\"@type\":\"BreadcrumbList\",\"@id\":\"https:\\\/\\\/eurotech-iasi.ro\\\/magazinonline\\\/produs\\\/aspirator-rumegus-metabo-spa-1200\\\/#breadcrumb\",\"itemListElement\":[{\"@type\":\"ListItem\",\"position\":1,\"name\":\"Prima pagin\u0103\",\"item\":\"https:\\\/\\\/eurotech-iasi.ro\\\/magazinonline\\\/\"},{\"@type\":\"ListItem\",\"position\":2,\"name\":\"Shop\",\"item\":\"https:\\\/\\\/eurotech-iasi.ro\\\/magazinonline\\\/shop\\\/\"},{\"@type\":\"ListItem\",\"position\":3,\"name\":\"Aspirator rumegus Metabo SPA 1200\"}]},{\"@type\":\"WebSite\",\"@id\":\"https:\\\/\\\/eurotech-iasi.ro\\\/magazinonline\\\/#website\",\"url\":\"https:\\\/\\\/eurotech-iasi.ro\\\/magazinonline\\\/\",\"name\":\"Eurotech Iasi\",\"description\":\"Cu oameni seriosi\",\"publisher\":{\"@id\":\"https:\\\/\\\/eurotech-iasi.ro\\\/magazinonline\\\/#organization\"},\"potentialAction\":[{\"@type\":\"SearchAction\",\"target\":{\"@type\":\"EntryPoint\",\"urlTemplate\":\"https:\\\/\\\/eurotech-iasi.ro\\\/magazinonline\\\/?s={search_term_string}\"},\"query-input\":{\"@type\":\"PropertyValueSpecification\",\"valueRequired\":true,\"valueName\":\"search_term_string\"}}],\"inLanguage\":\"ro-RO\"},{\"@type\":\"Organization\",\"@id\":\"https:\\\/\\\/eurotech-iasi.ro\\\/magazinonline\\\/#organization\",\"name\":\"Eurotech Iasi\",\"url\":\"https:\\\/\\\/eurotech-iasi.ro\\\/magazinonline\\\/\",\"logo\":{\"@type\":\"ImageObject\",\"inLanguage\":\"ro-RO\",\"@id\":\"https:\\\/\\\/eurotech-iasi.ro\\\/magazinonline\\\/#\\\/schema\\\/logo\\\/image\\\/\",\"url\":\"https:\\\/\\\/eurotech-iasi.ro\\\/magazinonline\\\/wp-content\\\/uploads\\\/2020\\\/08\\\/logo-eurotech.png\",\"contentUrl\":\"https:\\\/\\\/eurotech-iasi.ro\\\/magazinonline\\\/wp-content\\\/uploads\\\/2020\\\/08\\\/logo-eurotech.png\",\"width\":290,\"height\":70,\"caption\":\"Eurotech Iasi\"},\"image\":{\"@id\":\"https:\\\/\\\/eurotech-iasi.ro\\\/magazinonline\\\/#\\\/schema\\\/logo\\\/image\\\/\"},\"sameAs\":[\"https:\\\/\\\/www.facebook.com\\\/EurotechIasi\\\/\"]}]}<\/script>\n<!-- \/ Yoast SEO plugin. -->","yoast_head_json":{"title":"Aspirator rumegus Metabo SPA 1200 - Eurotech Iasi","description":"Aspirator rumegus Metabo SPA 1200, dotat cu motor de 0,55 kW, ideal pentru aspirarea rumegusului din ateliere si santiere.","robots":{"index":"index","follow":"follow","max-snippet":"max-snippet:-1","max-image-preview":"max-image-preview:large","max-video-preview":"max-video-preview:-1"},"canonical":"https:\/\/eurotech-iasi.ro\/magazinonline\/produs\/aspirator-rumegus-metabo-spa-1200\/","og_locale":"ro_RO","og_type":"article","og_title":"Aspirator rumegus Metabo SPA 1200 - Eurotech Iasi","og_description":"Aspirator rumegus Metabo SPA 1200, dotat cu motor de 0,55 kW, ideal pentru aspirarea rumegusului din ateliere si santiere.","og_url":"https:\/\/eurotech-iasi.ro\/magazinonline\/produs\/aspirator-rumegus-metabo-spa-1200\/","og_site_name":"Eurotech Iasi","article_publisher":"https:\/\/www.facebook.com\/EurotechIasi\/","article_modified_time":"2025-03-04T14:27:46+00:00","og_image":[{"width":750,"height":750,"url":"https:\/\/eurotech-iasi.ro\/magazinonline\/wp-content\/uploads\/2020\/04\/Aspirator-rumegus-Metabo-SPA-1200-2.png","type":"image\/png"}],"twitter_misc":{"Timp estimat pentru citire":"2 minute"},"schema":{"@context":"https:\/\/schema.org","@graph":[{"@type":"WebPage","@id":"https:\/\/eurotech-iasi.ro\/magazinonline\/produs\/aspirator-rumegus-metabo-spa-1200\/","url":"https:\/\/eurotech-iasi.ro\/magazinonline\/produs\/aspirator-rumegus-metabo-spa-1200\/","name":"Aspirator rumegus Metabo SPA 1200 - Eurotech Iasi","isPartOf":{"@id":"https:\/\/eurotech-iasi.ro\/magazinonline\/#website"},"primaryImageOfPage":{"@id":"https:\/\/eurotech-iasi.ro\/magazinonline\/produs\/aspirator-rumegus-metabo-spa-1200\/#primaryimage"},"image":{"@id":"https:\/\/eurotech-iasi.ro\/magazinonline\/produs\/aspirator-rumegus-metabo-spa-1200\/#primaryimage"},"thumbnailUrl":"https:\/\/eurotech-iasi.ro\/magazinonline\/wp-content\/uploads\/2020\/04\/Aspirator-rumegus-Metabo-SPA-1200-2.png","datePublished":"2020-04-02T11:22:19+00:00","dateModified":"2025-03-04T14:27:46+00:00","description":"Aspirator rumegus Metabo SPA 1200, dotat cu motor de 0,55 kW, ideal pentru aspirarea rumegusului din ateliere si santiere.","breadcrumb":{"@id":"https:\/\/eurotech-iasi.ro\/magazinonline\/produs\/aspirator-rumegus-metabo-spa-1200\/#breadcrumb"},"inLanguage":"ro-RO","potentialAction":[{"@type":"ReadAction","target":["https:\/\/eurotech-iasi.ro\/magazinonline\/produs\/aspirator-rumegus-metabo-spa-1200\/"]}]},{"@type":"ImageObject","inLanguage":"ro-RO","@id":"https:\/\/eurotech-iasi.ro\/magazinonline\/produs\/aspirator-rumegus-metabo-spa-1200\/#primaryimage","url":"https:\/\/eurotech-iasi.ro\/magazinonline\/wp-content\/uploads\/2020\/04\/Aspirator-rumegus-Metabo-SPA-1200-2.png","contentUrl":"https:\/\/eurotech-iasi.ro\/magazinonline\/wp-content\/uploads\/2020\/04\/Aspirator-rumegus-Metabo-SPA-1200-2.png","width":750,"height":750,"caption":"Aspirator rumegus Metabo SPA 1200"},{"@type":"BreadcrumbList","@id":"https:\/\/eurotech-iasi.ro\/magazinonline\/produs\/aspirator-rumegus-metabo-spa-1200\/#breadcrumb","itemListElement":[{"@type":"ListItem","position":1,"name":"Prima pagin\u0103","item":"https:\/\/eurotech-iasi.ro\/magazinonline\/"},{"@type":"ListItem","position":2,"name":"Shop","item":"https:\/\/eurotech-iasi.ro\/magazinonline\/shop\/"},{"@type":"ListItem","position":3,"name":"Aspirator rumegus Metabo SPA 1200"}]},{"@type":"WebSite","@id":"https:\/\/eurotech-iasi.ro\/magazinonline\/#website","url":"https:\/\/eurotech-iasi.ro\/magazinonline\/","name":"Eurotech Iasi","description":"Cu oameni seriosi","publisher":{"@id":"https:\/\/eurotech-iasi.ro\/magazinonline\/#organization"},"potentialAction":[{"@type":"SearchAction","target":{"@type":"EntryPoint","urlTemplate":"https:\/\/eurotech-iasi.ro\/magazinonline\/?s={search_term_string}"},"query-input":{"@type":"PropertyValueSpecification","valueRequired":true,"valueName":"search_term_string"}}],"inLanguage":"ro-RO"},{"@type":"Organization","@id":"https:\/\/eurotech-iasi.ro\/magazinonline\/#organization","name":"Eurotech Iasi","url":"https:\/\/eurotech-iasi.ro\/magazinonline\/","logo":{"@type":"ImageObject","inLanguage":"ro-RO","@id":"https:\/\/eurotech-iasi.ro\/magazinonline\/#\/schema\/logo\/image\/","url":"https:\/\/eurotech-iasi.ro\/magazinonline\/wp-content\/uploads\/2020\/08\/logo-eurotech.png","contentUrl":"https:\/\/eurotech-iasi.ro\/magazinonline\/wp-content\/uploads\/2020\/08\/logo-eurotech.png","width":290,"height":70,"caption":"Eurotech Iasi"},"image":{"@id":"https:\/\/eurotech-iasi.ro\/magazinonline\/#\/schema\/logo\/image\/"},"sameAs":["https:\/\/www.facebook.com\/EurotechIasi\/"]}]}},"_links":{"self":[{"href":"https:\/\/eurotech-iasi.ro\/magazinonline\/wp-json\/wp\/v2\/product\/56461","targetHints":{"allow":["GET"]}}],"collection":[{"href":"https:\/\/eurotech-iasi.ro\/magazinonline\/wp-json\/wp\/v2\/product"}],"about":[{"href":"https:\/\/eurotech-iasi.ro\/magazinonline\/wp-json\/wp\/v2\/types\/product"}],"replies":[{"embeddable":true,"href":"https:\/\/eurotech-iasi.ro\/magazinonline\/wp-json\/wp\/v2\/comments?post=56461"}],"wp:featuredmedia":[{"embeddable":true,"href":"https:\/\/eurotech-iasi.ro\/magazinonline\/wp-json\/wp\/v2\/media\/76658"}],"wp:attachment":[{"href":"https:\/\/eurotech-iasi.ro\/magazinonline\/wp-json\/wp\/v2\/media?parent=56461"}],"wp:term":[{"taxonomy":"product_cat","embeddable":true,"href":"https:\/\/eurotech-iasi.ro\/magazinonline\/wp-json\/wp\/v2\/product_cat?post=56461"},{"taxonomy":"product_tag","embeddable":true,"href":"https:\/\/eurotech-iasi.ro\/magazinonline\/wp-json\/wp\/v2\/product_tag?post=56461"},{"taxonomy":"woo-feed-brand","embeddable":true,"href":"https:\/\/eurotech-iasi.ro\/magazinonline\/wp-json\/wp\/v2\/woo-feed-brand?post=56461"}],"curies":[{"name":"wp","href":"https:\/\/api.w.org\/{rel}","templated":true}]}}