{"id":58216,"date":"2020-04-15T17:23:02","date_gmt":"2020-04-15T14:23:02","guid":{"rendered":"https:\/\/eurotech-iasi.ro\/magazinonline\/?post_type=product&#038;p=58216"},"modified":"2026-02-23T09:10:15","modified_gmt":"2026-02-23T07:10:15","slug":"generator-curent-monofazat-stager-fd-6500eats","status":"publish","type":"product","link":"https:\/\/eurotech-iasi.ro\/magazinonline\/produs\/generator-curent-monofazat-stager-fd-6500eats\/","title":{"rendered":"Generator curent monofazat benzina Stager FD 6500E+ATS, 5kW, automatizare"},"content":{"rendered":"<div>Acest\u00a0<strong>generator de curent monofazat benzina Stager FD 6500E+ATS, 5kW, automatizare<\/strong>\u00a0reprezinta o sursa alternativa de electricitate in momentele in care avem nevoie de aceasta. Poate fi folosit \u00een situatii \u00een care fie s-a produs un scurt-circuit la reteaua electrica, fie avem nevoie de electricitate \u00eentr-un loc greu accesibil, ca echipamente de rezerva pentru locuinte sau sedii in cazul unor pene de curent. Pornire automata la caderea tensiunii, prin modulul ATS.<\/div>\n<div>\n<p>La acest\u00a0<strong>generator curent monofazat benzina Stager FD 6500E+ATS, 5kW, automatizare<\/strong>\u00a0nivelul de zgomot este redus. Echipamentul poate fi manevrat usor datorita unui set de roti standard. De asemenea, asigura siguranta termica si protectie impotriva fluctuatiilor de curent. Modelul\u00a0<strong>FD6500E\u00a0<\/strong>detine un contor pentru frecventa, tensiune si orele de functionare. Intalnim la acest generator monofata un led de avertizare pentru presiunea uleiului.<\/p>\n<div><strong>Despre automatizare:<\/strong><\/div>\n<div>Automatizarea generatorului asigura cuplarea\/decuplarea contactorilor si pornirea respectiv oprirea generatorului atunci cand sesizeaza lipsa tensiunii de la retea.<\/div>\n<div>Automatizarea este deosebit de importanta atunci cand conectati echipamentul la retea deoarece este interzisa alimentarea consumatorilor din doua surse nesincronizate in frecventa plus posibilitatea foarte mare de a debita curent electric in reteaua nationala.<\/div>\n<div>Automatizarea sesizeaza lipsa tensiunii de la retea si comanda pornirea generatorului.<\/div>\n<div>Dupa ce generatorul porneste si se stabilizeaza in parametri, automatizarea decupleaza reteaua principala si cupleaza alimentarea de la generator (in tot acest timp reteaua principala este monitorizata iar cand tensiunea de alimentare revine la parametri, se comanda oprirea generatorului si comutarea inapoi, pe retea).<\/div>\n<div>Automatizarea generatorului este dotata cu sursa de incarcare a acumulatorului generatorului astfel incat acesta sa fie mereu pregatit pentru pornire<\/div>\n<div><\/div>\n<div>\n<h2>Specificatii tehnice &#8211; generator curent monofazat benzina Stager FD 6500E+ATS:<\/h2>\n<div><\/div>\n<div>Putere nominala &#8211; 5.0kW<\/div>\n<div>Putere maxima &#8211; 5.5 kW<\/div>\n<div>Tensiune nominala -230 V<\/div>\n<div>Frecventa nominala &#8211; 50 Hz<\/div>\n<div>Curent nominal &#8211; 21.74 A<\/div>\n<div>Factor de putere &#8211; 1.0<\/div>\n<div>Model motor &#8211; YH188F(E)<\/div>\n<div>Tip motor &#8211; Motor benzina, 4-timpi, 1 cilindru, OHV, racire cu aer<\/div>\n<div>Putere nominala motor &#8211; 13 CP<\/div>\n<div>Turatie nominala &#8211; 3000 rpm<\/div>\n<div>Capacitate cilindrica &#8211; 389 cmc<\/div>\n<div>Capacitate baie de ulei &#8211; 1.1 L<\/div>\n<div>Tip ulei &#8211; SAE10W-40, 15W-40<\/div>\n<div>Combustibil &#8211; Benzina fara plumb<\/div>\n<div>Capacitate rezervor combustibil &#8211; 22 L<\/div>\n<div>Mod reglare tensiune &#8211; AVR<\/div>\n<div>Sistem aprindere &#8211; CDI<\/div>\n<div>Bobinaj &#8211; 100% cupru<\/div>\n<div>Dimensiuni &#8211; 720x540x595 mm<\/div>\n<div>Nivel zgomot LwA &#8211; 96 dB(A)<\/div>\n<div>Sistem de pornire &#8211; la sfoara \/ electric<\/div>\n<div>Autonomie &#8211; 8 h<\/div>\n<div>Greutate neta\/bruta &#8211; 86\/90 kg<\/div>\n<div><strong>Consum combustibil:<\/strong><\/div>\n<div>@ 100% sarcina: 3.42 L\/h<\/div>\n<div>@ 75% sarcina: 3.08 L\/h<\/div>\n<div>@ 50% sarcina: 2.35 L\/h<\/div>\n<\/div>\n<\/div>\n<div>\n<div>\n<div><\/div>\n<div><strong>Set livrare:<\/strong><\/div>\n<ul>\n<li>palnie combustibil<\/li>\n<li>2 stechere<\/li>\n<li>cheie fixa 10-12<\/li>\n<li>surubelnita stea<\/li>\n<li>cheie bujii<\/li>\n<li>manual in limba romana<\/li>\n<\/ul>\n<\/div>\n<div><strong>Date tehnice automatizare:<\/strong><\/div>\n<ul>\n<li>Tensiune de lucru ATS: 9~15 Vcc<\/li>\n<li>Curent nominal contactor: 25 A<\/li>\n<li>Incarcator<\/li>\n<li>Tensiune de intrare: 180~240 Vca<\/li>\n<li>Tensiune de iesire: 13.8 Vcc (\u00b12%)<\/li>\n<li>Curent de incarcare: 1 A<\/li>\n<li>Dimensiuni 300 x 225 x 140 mm<\/li>\n<li>Lungime cablu de conectare 3 m<\/li>\n<li>Temperatura de lucru -15&#8230;+60 C<\/li>\n<li>Diametru cablu 4 mm\u00b2<\/li>\n<\/ul>\n<div><\/div>\n<\/div>\n","protected":false},"excerpt":{"rendered":"<p><strong>Generator curent monofazat benzina Stager FD 6500E+ATS, 5kW, automatizare (pornire automata la caderea tensiunii, prin modulul ATS) <\/strong>reprezinta o sursa alternativa de electricitate atat utilizatorilor casnici cat si celor industriali. Acest generator este de tip open-frame, avand o putere maxima de 5,5 kW, asigurand o tensiune de 230V. Este dotat cu <strong>regulator automat de tensiune (AVR)<\/strong> care limiteaza fluctuatiile tensiunii produse de alternator, cu <strong>panou de control<\/strong> intuitiv si usor de utilizat ce inglobeaza majoritatea functiilor si comenzilor generatorului: display digital 3 in 1 cu afisaj pentru: tensiune, frecventa si ore de functionare<\/p>\n<p><em><strong>Cod produs: 5160006500ATS<\/strong><\/em><\/p>\n<p><em><strong><span style=\"color: #ff0000;\">*In vederea unei achizitii profitabile care sa corespunda pe deplin aplicatiei dvs. de lucru pentru acest produs, va rugam, sa solicitati o oferta personalizata. Costurile de transport vor fi specificate in oferta finala.<\/span><\/strong><\/em><\/p>\n","protected":false},"featured_media":58204,"comment_status":"open","ping_status":"closed","template":"","meta":{"_acf_changed":false},"product_cat":[4340,4395],"product_tag":[],"woo-feed-brand":[],"class_list":{"0":"post-58216","1":"product","2":"type-product","3":"status-publish","4":"has-post-thumbnail","6":"product_brand-stager","7":"product_cat-generatoare-de-curent","8":"product_cat-generatoare-monofazate","9":"pa_brand-stager","11":"first","12":"outofstock","13":"purchasable","14":"product-type-simple"},"acf":[],"yoast_head":"<!-- This site is optimized with the Yoast SEO plugin v27.3 - https:\/\/yoast.com\/product\/yoast-seo-wordpress\/ -->\n<title>Generator curent monofazat benzina Stager FD 6500E+ATS, 5kW, automatizare - Eurotech Iasi<\/title>\n<meta name=\"description\" content=\"Generator open frame Stager FD 6500E+ATS, reprezinta o sursa alternativa de electricitate in momentele in care avem nevoie de aceasta.\" \/>\n<meta name=\"robots\" content=\"index, follow, max-snippet:-1, max-image-preview:large, max-video-preview:-1\" \/>\n<link rel=\"canonical\" href=\"https:\/\/eurotech-iasi.ro\/magazinonline\/produs\/generator-curent-monofazat-stager-fd-6500eats\/\" \/>\n<meta property=\"og:locale\" content=\"ro_RO\" \/>\n<meta property=\"og:type\" content=\"article\" \/>\n<meta property=\"og:title\" content=\"Generator curent monofazat benzina Stager FD 6500E+ATS, 5kW, automatizare - Eurotech Iasi\" \/>\n<meta property=\"og:description\" content=\"Generator open frame Stager FD 6500E+ATS, reprezinta o sursa alternativa de electricitate in momentele in care avem nevoie de aceasta.\" \/>\n<meta property=\"og:url\" content=\"https:\/\/eurotech-iasi.ro\/magazinonline\/produs\/generator-curent-monofazat-stager-fd-6500eats\/\" \/>\n<meta property=\"og:site_name\" content=\"Eurotech Iasi\" \/>\n<meta property=\"article:publisher\" content=\"https:\/\/www.facebook.com\/EurotechIasi\/\" \/>\n<meta property=\"article:modified_time\" content=\"2026-02-23T07:10:15+00:00\" \/>\n<meta property=\"og:image\" content=\"https:\/\/eurotech-iasi.ro\/magazinonline\/wp-content\/uploads\/2020\/04\/generator-open-frame-stager-fd-6500eats-eurotech-iasi.jpg\" \/>\n\t<meta property=\"og:image:width\" content=\"710\" \/>\n\t<meta property=\"og:image:height\" content=\"710\" \/>\n\t<meta property=\"og:image:type\" content=\"image\/jpeg\" \/>\n<meta name=\"twitter:label1\" content=\"Timp estimat pentru citire\" \/>\n\t<meta name=\"twitter:data1\" content=\"2 minute\" \/>\n<script type=\"application\/ld+json\" class=\"yoast-schema-graph\">{\"@context\":\"https:\\\/\\\/schema.org\",\"@graph\":[{\"@type\":\"WebPage\",\"@id\":\"https:\\\/\\\/eurotech-iasi.ro\\\/magazinonline\\\/produs\\\/generator-curent-monofazat-stager-fd-6500eats\\\/\",\"url\":\"https:\\\/\\\/eurotech-iasi.ro\\\/magazinonline\\\/produs\\\/generator-curent-monofazat-stager-fd-6500eats\\\/\",\"name\":\"Generator curent monofazat benzina Stager FD 6500E+ATS, 5kW, automatizare - Eurotech Iasi\",\"isPartOf\":{\"@id\":\"https:\\\/\\\/eurotech-iasi.ro\\\/magazinonline\\\/#website\"},\"primaryImageOfPage\":{\"@id\":\"https:\\\/\\\/eurotech-iasi.ro\\\/magazinonline\\\/produs\\\/generator-curent-monofazat-stager-fd-6500eats\\\/#primaryimage\"},\"image\":{\"@id\":\"https:\\\/\\\/eurotech-iasi.ro\\\/magazinonline\\\/produs\\\/generator-curent-monofazat-stager-fd-6500eats\\\/#primaryimage\"},\"thumbnailUrl\":\"https:\\\/\\\/eurotech-iasi.ro\\\/magazinonline\\\/wp-content\\\/uploads\\\/2020\\\/04\\\/generator-open-frame-stager-fd-6500eats-eurotech-iasi.jpg\",\"datePublished\":\"2020-04-15T14:23:02+00:00\",\"dateModified\":\"2026-02-23T07:10:15+00:00\",\"description\":\"Generator open frame Stager FD 6500E+ATS, reprezinta o sursa alternativa de electricitate in momentele in care avem nevoie de aceasta.\",\"breadcrumb\":{\"@id\":\"https:\\\/\\\/eurotech-iasi.ro\\\/magazinonline\\\/produs\\\/generator-curent-monofazat-stager-fd-6500eats\\\/#breadcrumb\"},\"inLanguage\":\"ro-RO\",\"potentialAction\":[{\"@type\":\"ReadAction\",\"target\":[\"https:\\\/\\\/eurotech-iasi.ro\\\/magazinonline\\\/produs\\\/generator-curent-monofazat-stager-fd-6500eats\\\/\"]}]},{\"@type\":\"ImageObject\",\"inLanguage\":\"ro-RO\",\"@id\":\"https:\\\/\\\/eurotech-iasi.ro\\\/magazinonline\\\/produs\\\/generator-curent-monofazat-stager-fd-6500eats\\\/#primaryimage\",\"url\":\"https:\\\/\\\/eurotech-iasi.ro\\\/magazinonline\\\/wp-content\\\/uploads\\\/2020\\\/04\\\/generator-open-frame-stager-fd-6500eats-eurotech-iasi.jpg\",\"contentUrl\":\"https:\\\/\\\/eurotech-iasi.ro\\\/magazinonline\\\/wp-content\\\/uploads\\\/2020\\\/04\\\/generator-open-frame-stager-fd-6500eats-eurotech-iasi.jpg\",\"width\":710,\"height\":710},{\"@type\":\"BreadcrumbList\",\"@id\":\"https:\\\/\\\/eurotech-iasi.ro\\\/magazinonline\\\/produs\\\/generator-curent-monofazat-stager-fd-6500eats\\\/#breadcrumb\",\"itemListElement\":[{\"@type\":\"ListItem\",\"position\":1,\"name\":\"Prima pagin\u0103\",\"item\":\"https:\\\/\\\/eurotech-iasi.ro\\\/magazinonline\\\/\"},{\"@type\":\"ListItem\",\"position\":2,\"name\":\"Shop\",\"item\":\"https:\\\/\\\/eurotech-iasi.ro\\\/magazinonline\\\/shop\\\/\"},{\"@type\":\"ListItem\",\"position\":3,\"name\":\"Generator curent monofazat benzina Stager FD 6500E+ATS, 5kW, automatizare\"}]},{\"@type\":\"WebSite\",\"@id\":\"https:\\\/\\\/eurotech-iasi.ro\\\/magazinonline\\\/#website\",\"url\":\"https:\\\/\\\/eurotech-iasi.ro\\\/magazinonline\\\/\",\"name\":\"Eurotech Iasi\",\"description\":\"Cu oameni seriosi\",\"publisher\":{\"@id\":\"https:\\\/\\\/eurotech-iasi.ro\\\/magazinonline\\\/#organization\"},\"potentialAction\":[{\"@type\":\"SearchAction\",\"target\":{\"@type\":\"EntryPoint\",\"urlTemplate\":\"https:\\\/\\\/eurotech-iasi.ro\\\/magazinonline\\\/?s={search_term_string}\"},\"query-input\":{\"@type\":\"PropertyValueSpecification\",\"valueRequired\":true,\"valueName\":\"search_term_string\"}}],\"inLanguage\":\"ro-RO\"},{\"@type\":\"Organization\",\"@id\":\"https:\\\/\\\/eurotech-iasi.ro\\\/magazinonline\\\/#organization\",\"name\":\"Eurotech Iasi\",\"url\":\"https:\\\/\\\/eurotech-iasi.ro\\\/magazinonline\\\/\",\"logo\":{\"@type\":\"ImageObject\",\"inLanguage\":\"ro-RO\",\"@id\":\"https:\\\/\\\/eurotech-iasi.ro\\\/magazinonline\\\/#\\\/schema\\\/logo\\\/image\\\/\",\"url\":\"https:\\\/\\\/eurotech-iasi.ro\\\/magazinonline\\\/wp-content\\\/uploads\\\/2020\\\/08\\\/logo-eurotech.png\",\"contentUrl\":\"https:\\\/\\\/eurotech-iasi.ro\\\/magazinonline\\\/wp-content\\\/uploads\\\/2020\\\/08\\\/logo-eurotech.png\",\"width\":290,\"height\":70,\"caption\":\"Eurotech Iasi\"},\"image\":{\"@id\":\"https:\\\/\\\/eurotech-iasi.ro\\\/magazinonline\\\/#\\\/schema\\\/logo\\\/image\\\/\"},\"sameAs\":[\"https:\\\/\\\/www.facebook.com\\\/EurotechIasi\\\/\"]}]}<\/script>\n<!-- \/ Yoast SEO plugin. -->","yoast_head_json":{"title":"Generator curent monofazat benzina Stager FD 6500E+ATS, 5kW, automatizare - Eurotech Iasi","description":"Generator open frame Stager FD 6500E+ATS, reprezinta o sursa alternativa de electricitate in momentele in care avem nevoie de aceasta.","robots":{"index":"index","follow":"follow","max-snippet":"max-snippet:-1","max-image-preview":"max-image-preview:large","max-video-preview":"max-video-preview:-1"},"canonical":"https:\/\/eurotech-iasi.ro\/magazinonline\/produs\/generator-curent-monofazat-stager-fd-6500eats\/","og_locale":"ro_RO","og_type":"article","og_title":"Generator curent monofazat benzina Stager FD 6500E+ATS, 5kW, automatizare - Eurotech Iasi","og_description":"Generator open frame Stager FD 6500E+ATS, reprezinta o sursa alternativa de electricitate in momentele in care avem nevoie de aceasta.","og_url":"https:\/\/eurotech-iasi.ro\/magazinonline\/produs\/generator-curent-monofazat-stager-fd-6500eats\/","og_site_name":"Eurotech Iasi","article_publisher":"https:\/\/www.facebook.com\/EurotechIasi\/","article_modified_time":"2026-02-23T07:10:15+00:00","og_image":[{"width":710,"height":710,"url":"https:\/\/eurotech-iasi.ro\/magazinonline\/wp-content\/uploads\/2020\/04\/generator-open-frame-stager-fd-6500eats-eurotech-iasi.jpg","type":"image\/jpeg"}],"twitter_misc":{"Timp estimat pentru citire":"2 minute"},"schema":{"@context":"https:\/\/schema.org","@graph":[{"@type":"WebPage","@id":"https:\/\/eurotech-iasi.ro\/magazinonline\/produs\/generator-curent-monofazat-stager-fd-6500eats\/","url":"https:\/\/eurotech-iasi.ro\/magazinonline\/produs\/generator-curent-monofazat-stager-fd-6500eats\/","name":"Generator curent monofazat benzina Stager FD 6500E+ATS, 5kW, automatizare - Eurotech Iasi","isPartOf":{"@id":"https:\/\/eurotech-iasi.ro\/magazinonline\/#website"},"primaryImageOfPage":{"@id":"https:\/\/eurotech-iasi.ro\/magazinonline\/produs\/generator-curent-monofazat-stager-fd-6500eats\/#primaryimage"},"image":{"@id":"https:\/\/eurotech-iasi.ro\/magazinonline\/produs\/generator-curent-monofazat-stager-fd-6500eats\/#primaryimage"},"thumbnailUrl":"https:\/\/eurotech-iasi.ro\/magazinonline\/wp-content\/uploads\/2020\/04\/generator-open-frame-stager-fd-6500eats-eurotech-iasi.jpg","datePublished":"2020-04-15T14:23:02+00:00","dateModified":"2026-02-23T07:10:15+00:00","description":"Generator open frame Stager FD 6500E+ATS, reprezinta o sursa alternativa de electricitate in momentele in care avem nevoie de aceasta.","breadcrumb":{"@id":"https:\/\/eurotech-iasi.ro\/magazinonline\/produs\/generator-curent-monofazat-stager-fd-6500eats\/#breadcrumb"},"inLanguage":"ro-RO","potentialAction":[{"@type":"ReadAction","target":["https:\/\/eurotech-iasi.ro\/magazinonline\/produs\/generator-curent-monofazat-stager-fd-6500eats\/"]}]},{"@type":"ImageObject","inLanguage":"ro-RO","@id":"https:\/\/eurotech-iasi.ro\/magazinonline\/produs\/generator-curent-monofazat-stager-fd-6500eats\/#primaryimage","url":"https:\/\/eurotech-iasi.ro\/magazinonline\/wp-content\/uploads\/2020\/04\/generator-open-frame-stager-fd-6500eats-eurotech-iasi.jpg","contentUrl":"https:\/\/eurotech-iasi.ro\/magazinonline\/wp-content\/uploads\/2020\/04\/generator-open-frame-stager-fd-6500eats-eurotech-iasi.jpg","width":710,"height":710},{"@type":"BreadcrumbList","@id":"https:\/\/eurotech-iasi.ro\/magazinonline\/produs\/generator-curent-monofazat-stager-fd-6500eats\/#breadcrumb","itemListElement":[{"@type":"ListItem","position":1,"name":"Prima pagin\u0103","item":"https:\/\/eurotech-iasi.ro\/magazinonline\/"},{"@type":"ListItem","position":2,"name":"Shop","item":"https:\/\/eurotech-iasi.ro\/magazinonline\/shop\/"},{"@type":"ListItem","position":3,"name":"Generator curent monofazat benzina Stager FD 6500E+ATS, 5kW, automatizare"}]},{"@type":"WebSite","@id":"https:\/\/eurotech-iasi.ro\/magazinonline\/#website","url":"https:\/\/eurotech-iasi.ro\/magazinonline\/","name":"Eurotech Iasi","description":"Cu oameni seriosi","publisher":{"@id":"https:\/\/eurotech-iasi.ro\/magazinonline\/#organization"},"potentialAction":[{"@type":"SearchAction","target":{"@type":"EntryPoint","urlTemplate":"https:\/\/eurotech-iasi.ro\/magazinonline\/?s={search_term_string}"},"query-input":{"@type":"PropertyValueSpecification","valueRequired":true,"valueName":"search_term_string"}}],"inLanguage":"ro-RO"},{"@type":"Organization","@id":"https:\/\/eurotech-iasi.ro\/magazinonline\/#organization","name":"Eurotech Iasi","url":"https:\/\/eurotech-iasi.ro\/magazinonline\/","logo":{"@type":"ImageObject","inLanguage":"ro-RO","@id":"https:\/\/eurotech-iasi.ro\/magazinonline\/#\/schema\/logo\/image\/","url":"https:\/\/eurotech-iasi.ro\/magazinonline\/wp-content\/uploads\/2020\/08\/logo-eurotech.png","contentUrl":"https:\/\/eurotech-iasi.ro\/magazinonline\/wp-content\/uploads\/2020\/08\/logo-eurotech.png","width":290,"height":70,"caption":"Eurotech Iasi"},"image":{"@id":"https:\/\/eurotech-iasi.ro\/magazinonline\/#\/schema\/logo\/image\/"},"sameAs":["https:\/\/www.facebook.com\/EurotechIasi\/"]}]}},"_links":{"self":[{"href":"https:\/\/eurotech-iasi.ro\/magazinonline\/wp-json\/wp\/v2\/product\/58216","targetHints":{"allow":["GET"]}}],"collection":[{"href":"https:\/\/eurotech-iasi.ro\/magazinonline\/wp-json\/wp\/v2\/product"}],"about":[{"href":"https:\/\/eurotech-iasi.ro\/magazinonline\/wp-json\/wp\/v2\/types\/product"}],"replies":[{"embeddable":true,"href":"https:\/\/eurotech-iasi.ro\/magazinonline\/wp-json\/wp\/v2\/comments?post=58216"}],"wp:featuredmedia":[{"embeddable":true,"href":"https:\/\/eurotech-iasi.ro\/magazinonline\/wp-json\/wp\/v2\/media\/58204"}],"wp:attachment":[{"href":"https:\/\/eurotech-iasi.ro\/magazinonline\/wp-json\/wp\/v2\/media?parent=58216"}],"wp:term":[{"taxonomy":"product_cat","embeddable":true,"href":"https:\/\/eurotech-iasi.ro\/magazinonline\/wp-json\/wp\/v2\/product_cat?post=58216"},{"taxonomy":"product_tag","embeddable":true,"href":"https:\/\/eurotech-iasi.ro\/magazinonline\/wp-json\/wp\/v2\/product_tag?post=58216"},{"taxonomy":"woo-feed-brand","embeddable":true,"href":"https:\/\/eurotech-iasi.ro\/magazinonline\/wp-json\/wp\/v2\/woo-feed-brand?post=58216"}],"curies":[{"name":"wp","href":"https:\/\/api.w.org\/{rel}","templated":true}]}}