{"id":58957,"date":"2020-04-22T14:54:41","date_gmt":"2020-04-22T11:54:41","guid":{"rendered":"https:\/\/eurotech-iasi.ro\/magazinonline\/?post_type=product&#038;p=58957"},"modified":"2026-02-12T16:48:34","modified_gmt":"2026-02-12T14:48:34","slug":"masina-de-tuns-iarba-stihl-rm-650-1-ve","status":"publish","type":"product","link":"https:\/\/eurotech-iasi.ro\/magazinonline\/produs\/masina-de-tuns-iarba-stihl-rm-650-1-ve\/","title":{"rendered":"Masina de tuns iarba STIHL RM 650.1 VE"},"content":{"rendered":"<p><a title=\"Masina de tuns iarba STIHL RM 650.1 VE\" href=\"https:\/\/eurotech-iasi.ro\/magazinonline\/produs\/masina-de-tuns-iarba-stihl-rm-650-1-ve\/\" rel=\"nofollow\"><strong>Masina de tuns iarba STIHL RM 650.1 VE <\/strong><\/a>dispune de autopropulsie Vario iar carcasa sa din aluminiu, care este prevazuta cu protectii integrate de borduri, este, de asemenea, rezistenta si fiabila.<\/p>\n<div><em><strong>Caracteristici:<\/strong><\/em><\/div>\n<ul>\n<li>Cu latimea de taiere de 48 cm, acest model este ideal pentru tunderea gazonului de mari dimensiuni.<\/li>\n<li>Tunderea este extrem de confortabila, deoarece ghidonul mono-confort poate fi ajustat la inaltimea dvs. ideala de lucru \u00een mai multe trepte.<\/li>\n<li>O alta caracteristica speciala a masinii de tuns iarba pe benzina RM 650.1 VE este sabotul de frana al cutitului de taiere.<\/li>\n<li>Aceasta decupleaza cutitul de motor, protejand astfel arborele cotit.<\/li>\n<li>Permite golirea cosului colector de iarba fara a reporni motorul.<\/li>\n<li>La fel de eficient: masina poate fi mutata intr-un alt loc de utilizare, cu autopropulsie cu cutitul oprit.<\/li>\n<\/ul>\n<h2>Specificatii tehnice &#8211; <strong>Masina de tuns iarba STIHL RM 650.1 VE:<\/strong><\/h2>\n<ul>\n<li><strong>Marca motor:\u00a0<\/strong>Stihl<\/li>\n<li><strong>Model motor:\u00a0<\/strong>Stihl EVC 300 E<\/li>\n<li><strong>Putere motor:\u00a0<\/strong>2.6 kW<\/li>\n<li><strong>Autotractare:\u00a0<\/strong>Da<\/li>\n<li><strong>Latime de lucru:\u00a0<\/strong>48 cm<\/li>\n<li><strong>Suprafata de gazon recomandata:\u00a0<\/strong>2000 m\u00b2<\/li>\n<li><strong>Inaltime min. de lucru:\u00a0<\/strong>25 mm<\/li>\n<li><strong>Inaltime max. de lucru:\u00a0<\/strong>85 mm<\/li>\n<li><strong>Trepte reglaj inaltime (taiere\/scarificare):\u00a0<\/strong>7<\/li>\n<li><strong>Volum colector iarba:\u00a0<\/strong>70 l<\/li>\n<li><strong>Combustibil:\u00a0<\/strong>benzina<\/li>\n<li><strong>Turatie cutit:\u00a0<\/strong>2800 rpm<\/li>\n<li><strong>Putere sonora LwA:\u00a0<\/strong>95 dB<\/li>\n<li><strong>Nivel vibratii:\u00a0<\/strong>3.4 m\/s\u00b2<\/li>\n<li><strong>Greutate:\u00a0<\/strong>50 kg<\/li>\n<\/ul>\n<p><em><strong>Descarca Instructiuni Generale privind siguranta de utilizare de aici:<\/strong><\/em><br \/>\n<a href=\"https:\/\/eurotech-iasi.ro\/magazinonline\/wp-content\/uploads\/2020\/04\/Utilizarea-\u00een-condi\u0163ii-de-siguran\u0163\u0103-a-motocoasei-\u015fi-aparatelor-de-forfecare.pdf\">Utilizarea \u00een condi\u0163ii de siguran\u0163\u0103 a motocoasei \u015fi aparatelor de forfecare<\/a><\/p>\n","protected":false},"excerpt":{"rendered":"<p><strong>Masina de tuns iarba STIHL RM 650.1 VE <\/strong>ideala pentru ingrijirea gazonului de dimensiuni medii si mari.<\/p>\n<p><em><strong>Cod produs: 63640113453<\/strong><\/em><\/p>\n<p><span style=\"color: #ff0000;\"><em><a href=\"https:\/\/eurotech-iasi.ro\/magazinonline\/?attachment_id=87685\" rel=\"attachment wp-att-87685\"><img loading=\"lazy\" decoding=\"async\" class=\"wp-image-87685 aligncenter\" src=\"https:\/\/eurotech-iasi.ro\/magazinonline\/wp-content\/uploads\/2019\/06\/2-1-150x150.png\" alt=\"\" width=\"72\" height=\"72\" srcset=\"https:\/\/eurotech-iasi.ro\/magazinonline\/wp-content\/uploads\/2019\/06\/2-1-150x150.png 150w, https:\/\/eurotech-iasi.ro\/magazinonline\/wp-content\/uploads\/2019\/06\/2-1-100x100.png 100w, https:\/\/eurotech-iasi.ro\/magazinonline\/wp-content\/uploads\/2019\/06\/2-1.png 200w\" sizes=\"auto, (max-width: 72px) 100vw, 72px\" \/><\/a><\/em><\/span><\/p>\n<h5><span style=\"color: #eb782b;\"><em><strong>\u00a0<a href=\"https:\/\/eurotech-iasi.ro\/magazinonline\/termeni-si-conditii\/\">*Garan\u021bie 2 ani<\/a> + 6 luni Extra Garan\u021bie. <\/strong><\/em><\/span><\/h5>\n<h5><span style=\"color: #eb782b;\"><em><strong>\u00cenregistreaz\u0103\u00a0 produsul achizi\u021bionat de la noi, \u00een termen de <\/strong><\/em><\/span><span style=\"color: #003366;\"><em><strong>30 de zile de la cump\u0103rare<\/strong><\/em><\/span><span style=\"color: #eb782b;\"><em><strong>, pe site-ul oficial STIHL la adresa<a href=\"https:\/\/preg.stihl.com\/product?lang=RO_ro&amp;country=RO\">\u00a0preg.stihl.com<\/a> \u0219i profit\u0103 de prelungirea gratuit\u0103 a garan\u021biei cu 6 luni !<\/strong><\/em><\/span><\/h5>\n","protected":false},"featured_media":58964,"comment_status":"open","ping_status":"closed","template":"","meta":{"_acf_changed":false},"product_cat":[4337,4368],"product_tag":[],"woo-feed-brand":[],"class_list":{"0":"post-58957","1":"product","2":"type-product","3":"status-publish","4":"has-post-thumbnail","6":"product_brand-stihl","7":"product_cat-gradinarit-agricultura","8":"product_cat-masini-de-tuns-gazonul","9":"pa_brand-stihl","10":"pa_greutate-43-kg-2","11":"pa_inaltime-de-taiere-25-85-mm","12":"pa_latime-taiere-48-cm","14":"first","15":"instock","16":"purchasable","17":"product-type-simple"},"acf":[],"yoast_head":"<!-- This site is optimized with the Yoast SEO plugin v27.3 - https:\/\/yoast.com\/product\/yoast-seo-wordpress\/ -->\n<title>Masina de tuns iarba STIHL RM 650.1 VE - Eurotech Iasi<\/title>\n<meta name=\"description\" content=\"Masina de tuns iarba STIHL RM 650 VE, cu o latime de taiere de 48 cm este recomandata pentru ingrijirea gazonului de dimensiuni medii si mari.\" \/>\n<meta name=\"robots\" content=\"index, follow, max-snippet:-1, max-image-preview:large, max-video-preview:-1\" \/>\n<link rel=\"canonical\" href=\"https:\/\/eurotech-iasi.ro\/magazinonline\/produs\/masina-de-tuns-iarba-stihl-rm-650-1-ve\/\" \/>\n<meta property=\"og:locale\" content=\"ro_RO\" \/>\n<meta property=\"og:type\" content=\"article\" \/>\n<meta property=\"og:title\" content=\"Masina de tuns iarba STIHL RM 650.1 VE - Eurotech Iasi\" \/>\n<meta property=\"og:description\" content=\"Masina de tuns iarba STIHL RM 650 VE, cu o latime de taiere de 48 cm este recomandata pentru ingrijirea gazonului de dimensiuni medii si mari.\" \/>\n<meta property=\"og:url\" content=\"https:\/\/eurotech-iasi.ro\/magazinonline\/produs\/masina-de-tuns-iarba-stihl-rm-650-1-ve\/\" \/>\n<meta property=\"og:site_name\" content=\"Eurotech Iasi\" \/>\n<meta property=\"article:publisher\" content=\"https:\/\/www.facebook.com\/EurotechIasi\/\" \/>\n<meta property=\"article:modified_time\" content=\"2026-02-12T14:48:34+00:00\" \/>\n<meta property=\"og:image\" content=\"https:\/\/eurotech-iasi.ro\/magazinonline\/wp-content\/uploads\/2020\/04\/masina-de-tuns-gazon-stihl-rm-650-ve-eurotech-iasi.jpg\" \/>\n\t<meta property=\"og:image:width\" content=\"710\" \/>\n\t<meta property=\"og:image:height\" content=\"710\" \/>\n\t<meta property=\"og:image:type\" content=\"image\/jpeg\" \/>\n<meta name=\"twitter:label1\" content=\"Timp estimat pentru citire\" \/>\n\t<meta name=\"twitter:data1\" content=\"1 minut\" \/>\n<script type=\"application\/ld+json\" class=\"yoast-schema-graph\">{\"@context\":\"https:\\\/\\\/schema.org\",\"@graph\":[{\"@type\":\"WebPage\",\"@id\":\"https:\\\/\\\/eurotech-iasi.ro\\\/magazinonline\\\/produs\\\/masina-de-tuns-iarba-stihl-rm-650-1-ve\\\/\",\"url\":\"https:\\\/\\\/eurotech-iasi.ro\\\/magazinonline\\\/produs\\\/masina-de-tuns-iarba-stihl-rm-650-1-ve\\\/\",\"name\":\"Masina de tuns iarba STIHL RM 650.1 VE - Eurotech Iasi\",\"isPartOf\":{\"@id\":\"https:\\\/\\\/eurotech-iasi.ro\\\/magazinonline\\\/#website\"},\"primaryImageOfPage\":{\"@id\":\"https:\\\/\\\/eurotech-iasi.ro\\\/magazinonline\\\/produs\\\/masina-de-tuns-iarba-stihl-rm-650-1-ve\\\/#primaryimage\"},\"image\":{\"@id\":\"https:\\\/\\\/eurotech-iasi.ro\\\/magazinonline\\\/produs\\\/masina-de-tuns-iarba-stihl-rm-650-1-ve\\\/#primaryimage\"},\"thumbnailUrl\":\"https:\\\/\\\/eurotech-iasi.ro\\\/magazinonline\\\/wp-content\\\/uploads\\\/2020\\\/04\\\/masina-de-tuns-gazon-stihl-rm-650-ve-eurotech-iasi.jpg\",\"datePublished\":\"2020-04-22T11:54:41+00:00\",\"dateModified\":\"2026-02-12T14:48:34+00:00\",\"description\":\"Masina de tuns iarba STIHL RM 650 VE, cu o latime de taiere de 48 cm este recomandata pentru ingrijirea gazonului de dimensiuni medii si mari.\",\"breadcrumb\":{\"@id\":\"https:\\\/\\\/eurotech-iasi.ro\\\/magazinonline\\\/produs\\\/masina-de-tuns-iarba-stihl-rm-650-1-ve\\\/#breadcrumb\"},\"inLanguage\":\"ro-RO\",\"potentialAction\":[{\"@type\":\"ReadAction\",\"target\":[\"https:\\\/\\\/eurotech-iasi.ro\\\/magazinonline\\\/produs\\\/masina-de-tuns-iarba-stihl-rm-650-1-ve\\\/\"]}]},{\"@type\":\"ImageObject\",\"inLanguage\":\"ro-RO\",\"@id\":\"https:\\\/\\\/eurotech-iasi.ro\\\/magazinonline\\\/produs\\\/masina-de-tuns-iarba-stihl-rm-650-1-ve\\\/#primaryimage\",\"url\":\"https:\\\/\\\/eurotech-iasi.ro\\\/magazinonline\\\/wp-content\\\/uploads\\\/2020\\\/04\\\/masina-de-tuns-gazon-stihl-rm-650-ve-eurotech-iasi.jpg\",\"contentUrl\":\"https:\\\/\\\/eurotech-iasi.ro\\\/magazinonline\\\/wp-content\\\/uploads\\\/2020\\\/04\\\/masina-de-tuns-gazon-stihl-rm-650-ve-eurotech-iasi.jpg\",\"width\":710,\"height\":710,\"caption\":\"Masina de tuns iarba STIHL RM 650.1 VE\"},{\"@type\":\"BreadcrumbList\",\"@id\":\"https:\\\/\\\/eurotech-iasi.ro\\\/magazinonline\\\/produs\\\/masina-de-tuns-iarba-stihl-rm-650-1-ve\\\/#breadcrumb\",\"itemListElement\":[{\"@type\":\"ListItem\",\"position\":1,\"name\":\"Prima pagin\u0103\",\"item\":\"https:\\\/\\\/eurotech-iasi.ro\\\/magazinonline\\\/\"},{\"@type\":\"ListItem\",\"position\":2,\"name\":\"Shop\",\"item\":\"https:\\\/\\\/eurotech-iasi.ro\\\/magazinonline\\\/shop\\\/\"},{\"@type\":\"ListItem\",\"position\":3,\"name\":\"Masina de tuns iarba STIHL RM 650.1 VE\"}]},{\"@type\":\"WebSite\",\"@id\":\"https:\\\/\\\/eurotech-iasi.ro\\\/magazinonline\\\/#website\",\"url\":\"https:\\\/\\\/eurotech-iasi.ro\\\/magazinonline\\\/\",\"name\":\"Eurotech Iasi\",\"description\":\"Cu oameni seriosi\",\"publisher\":{\"@id\":\"https:\\\/\\\/eurotech-iasi.ro\\\/magazinonline\\\/#organization\"},\"potentialAction\":[{\"@type\":\"SearchAction\",\"target\":{\"@type\":\"EntryPoint\",\"urlTemplate\":\"https:\\\/\\\/eurotech-iasi.ro\\\/magazinonline\\\/?s={search_term_string}\"},\"query-input\":{\"@type\":\"PropertyValueSpecification\",\"valueRequired\":true,\"valueName\":\"search_term_string\"}}],\"inLanguage\":\"ro-RO\"},{\"@type\":\"Organization\",\"@id\":\"https:\\\/\\\/eurotech-iasi.ro\\\/magazinonline\\\/#organization\",\"name\":\"Eurotech Iasi\",\"url\":\"https:\\\/\\\/eurotech-iasi.ro\\\/magazinonline\\\/\",\"logo\":{\"@type\":\"ImageObject\",\"inLanguage\":\"ro-RO\",\"@id\":\"https:\\\/\\\/eurotech-iasi.ro\\\/magazinonline\\\/#\\\/schema\\\/logo\\\/image\\\/\",\"url\":\"https:\\\/\\\/eurotech-iasi.ro\\\/magazinonline\\\/wp-content\\\/uploads\\\/2020\\\/08\\\/logo-eurotech.png\",\"contentUrl\":\"https:\\\/\\\/eurotech-iasi.ro\\\/magazinonline\\\/wp-content\\\/uploads\\\/2020\\\/08\\\/logo-eurotech.png\",\"width\":290,\"height\":70,\"caption\":\"Eurotech Iasi\"},\"image\":{\"@id\":\"https:\\\/\\\/eurotech-iasi.ro\\\/magazinonline\\\/#\\\/schema\\\/logo\\\/image\\\/\"},\"sameAs\":[\"https:\\\/\\\/www.facebook.com\\\/EurotechIasi\\\/\"]}]}<\/script>\n<!-- \/ Yoast SEO plugin. -->","yoast_head_json":{"title":"Masina de tuns iarba STIHL RM 650.1 VE - Eurotech Iasi","description":"Masina de tuns iarba STIHL RM 650 VE, cu o latime de taiere de 48 cm este recomandata pentru ingrijirea gazonului de dimensiuni medii si mari.","robots":{"index":"index","follow":"follow","max-snippet":"max-snippet:-1","max-image-preview":"max-image-preview:large","max-video-preview":"max-video-preview:-1"},"canonical":"https:\/\/eurotech-iasi.ro\/magazinonline\/produs\/masina-de-tuns-iarba-stihl-rm-650-1-ve\/","og_locale":"ro_RO","og_type":"article","og_title":"Masina de tuns iarba STIHL RM 650.1 VE - Eurotech Iasi","og_description":"Masina de tuns iarba STIHL RM 650 VE, cu o latime de taiere de 48 cm este recomandata pentru ingrijirea gazonului de dimensiuni medii si mari.","og_url":"https:\/\/eurotech-iasi.ro\/magazinonline\/produs\/masina-de-tuns-iarba-stihl-rm-650-1-ve\/","og_site_name":"Eurotech Iasi","article_publisher":"https:\/\/www.facebook.com\/EurotechIasi\/","article_modified_time":"2026-02-12T14:48:34+00:00","og_image":[{"width":710,"height":710,"url":"https:\/\/eurotech-iasi.ro\/magazinonline\/wp-content\/uploads\/2020\/04\/masina-de-tuns-gazon-stihl-rm-650-ve-eurotech-iasi.jpg","type":"image\/jpeg"}],"twitter_misc":{"Timp estimat pentru citire":"1 minut"},"schema":{"@context":"https:\/\/schema.org","@graph":[{"@type":"WebPage","@id":"https:\/\/eurotech-iasi.ro\/magazinonline\/produs\/masina-de-tuns-iarba-stihl-rm-650-1-ve\/","url":"https:\/\/eurotech-iasi.ro\/magazinonline\/produs\/masina-de-tuns-iarba-stihl-rm-650-1-ve\/","name":"Masina de tuns iarba STIHL RM 650.1 VE - Eurotech Iasi","isPartOf":{"@id":"https:\/\/eurotech-iasi.ro\/magazinonline\/#website"},"primaryImageOfPage":{"@id":"https:\/\/eurotech-iasi.ro\/magazinonline\/produs\/masina-de-tuns-iarba-stihl-rm-650-1-ve\/#primaryimage"},"image":{"@id":"https:\/\/eurotech-iasi.ro\/magazinonline\/produs\/masina-de-tuns-iarba-stihl-rm-650-1-ve\/#primaryimage"},"thumbnailUrl":"https:\/\/eurotech-iasi.ro\/magazinonline\/wp-content\/uploads\/2020\/04\/masina-de-tuns-gazon-stihl-rm-650-ve-eurotech-iasi.jpg","datePublished":"2020-04-22T11:54:41+00:00","dateModified":"2026-02-12T14:48:34+00:00","description":"Masina de tuns iarba STIHL RM 650 VE, cu o latime de taiere de 48 cm este recomandata pentru ingrijirea gazonului de dimensiuni medii si mari.","breadcrumb":{"@id":"https:\/\/eurotech-iasi.ro\/magazinonline\/produs\/masina-de-tuns-iarba-stihl-rm-650-1-ve\/#breadcrumb"},"inLanguage":"ro-RO","potentialAction":[{"@type":"ReadAction","target":["https:\/\/eurotech-iasi.ro\/magazinonline\/produs\/masina-de-tuns-iarba-stihl-rm-650-1-ve\/"]}]},{"@type":"ImageObject","inLanguage":"ro-RO","@id":"https:\/\/eurotech-iasi.ro\/magazinonline\/produs\/masina-de-tuns-iarba-stihl-rm-650-1-ve\/#primaryimage","url":"https:\/\/eurotech-iasi.ro\/magazinonline\/wp-content\/uploads\/2020\/04\/masina-de-tuns-gazon-stihl-rm-650-ve-eurotech-iasi.jpg","contentUrl":"https:\/\/eurotech-iasi.ro\/magazinonline\/wp-content\/uploads\/2020\/04\/masina-de-tuns-gazon-stihl-rm-650-ve-eurotech-iasi.jpg","width":710,"height":710,"caption":"Masina de tuns iarba STIHL RM 650.1 VE"},{"@type":"BreadcrumbList","@id":"https:\/\/eurotech-iasi.ro\/magazinonline\/produs\/masina-de-tuns-iarba-stihl-rm-650-1-ve\/#breadcrumb","itemListElement":[{"@type":"ListItem","position":1,"name":"Prima pagin\u0103","item":"https:\/\/eurotech-iasi.ro\/magazinonline\/"},{"@type":"ListItem","position":2,"name":"Shop","item":"https:\/\/eurotech-iasi.ro\/magazinonline\/shop\/"},{"@type":"ListItem","position":3,"name":"Masina de tuns iarba STIHL RM 650.1 VE"}]},{"@type":"WebSite","@id":"https:\/\/eurotech-iasi.ro\/magazinonline\/#website","url":"https:\/\/eurotech-iasi.ro\/magazinonline\/","name":"Eurotech Iasi","description":"Cu oameni seriosi","publisher":{"@id":"https:\/\/eurotech-iasi.ro\/magazinonline\/#organization"},"potentialAction":[{"@type":"SearchAction","target":{"@type":"EntryPoint","urlTemplate":"https:\/\/eurotech-iasi.ro\/magazinonline\/?s={search_term_string}"},"query-input":{"@type":"PropertyValueSpecification","valueRequired":true,"valueName":"search_term_string"}}],"inLanguage":"ro-RO"},{"@type":"Organization","@id":"https:\/\/eurotech-iasi.ro\/magazinonline\/#organization","name":"Eurotech Iasi","url":"https:\/\/eurotech-iasi.ro\/magazinonline\/","logo":{"@type":"ImageObject","inLanguage":"ro-RO","@id":"https:\/\/eurotech-iasi.ro\/magazinonline\/#\/schema\/logo\/image\/","url":"https:\/\/eurotech-iasi.ro\/magazinonline\/wp-content\/uploads\/2020\/08\/logo-eurotech.png","contentUrl":"https:\/\/eurotech-iasi.ro\/magazinonline\/wp-content\/uploads\/2020\/08\/logo-eurotech.png","width":290,"height":70,"caption":"Eurotech Iasi"},"image":{"@id":"https:\/\/eurotech-iasi.ro\/magazinonline\/#\/schema\/logo\/image\/"},"sameAs":["https:\/\/www.facebook.com\/EurotechIasi\/"]}]}},"_links":{"self":[{"href":"https:\/\/eurotech-iasi.ro\/magazinonline\/wp-json\/wp\/v2\/product\/58957","targetHints":{"allow":["GET"]}}],"collection":[{"href":"https:\/\/eurotech-iasi.ro\/magazinonline\/wp-json\/wp\/v2\/product"}],"about":[{"href":"https:\/\/eurotech-iasi.ro\/magazinonline\/wp-json\/wp\/v2\/types\/product"}],"replies":[{"embeddable":true,"href":"https:\/\/eurotech-iasi.ro\/magazinonline\/wp-json\/wp\/v2\/comments?post=58957"}],"wp:featuredmedia":[{"embeddable":true,"href":"https:\/\/eurotech-iasi.ro\/magazinonline\/wp-json\/wp\/v2\/media\/58964"}],"wp:attachment":[{"href":"https:\/\/eurotech-iasi.ro\/magazinonline\/wp-json\/wp\/v2\/media?parent=58957"}],"wp:term":[{"taxonomy":"product_cat","embeddable":true,"href":"https:\/\/eurotech-iasi.ro\/magazinonline\/wp-json\/wp\/v2\/product_cat?post=58957"},{"taxonomy":"product_tag","embeddable":true,"href":"https:\/\/eurotech-iasi.ro\/magazinonline\/wp-json\/wp\/v2\/product_tag?post=58957"},{"taxonomy":"woo-feed-brand","embeddable":true,"href":"https:\/\/eurotech-iasi.ro\/magazinonline\/wp-json\/wp\/v2\/woo-feed-brand?post=58957"}],"curies":[{"name":"wp","href":"https:\/\/api.w.org\/{rel}","templated":true}]}}