{"id":58966,"date":"2020-04-22T15:37:52","date_gmt":"2020-04-22T12:37:52","guid":{"rendered":"https:\/\/eurotech-iasi.ro\/magazinonline\/?post_type=product&#038;p=58966"},"modified":"2025-02-04T16:14:45","modified_gmt":"2025-02-04T14:14:45","slug":"masina-de-tuns-iarba-stihl-rm-545-0-ve","status":"publish","type":"product","link":"https:\/\/eurotech-iasi.ro\/magazinonline\/produs\/masina-de-tuns-iarba-stihl-rm-545-0-ve\/","title":{"rendered":"Masina de tuns iarba STIHL RM 545.0 VE"},"content":{"rendered":"<p><a title=\"Masina de tuns iarba STIHL RM 545.0 VE\" href=\"https:\/\/eurotech-iasi.ro\/magazinonline\/produs\/masina-de-tuns-iarba-stihl-rm-545-0-ve\/\" rel=\"nofollow\"><strong>Masina de tuns iarba STIHL RM 545.0 VE<\/strong><\/a> pe benzina este gata de utilizare pe gazon de dimensiune medie, apas\u00e2nd un singur buton. Acest confort este obtinut prin sistemul InStart, care permite pornirea rapida a motorului cu ajutorul unei baterii. De \u00eendata ce \u00eencepeti sa va deplasati pe gazon, puteti selecta viteza dorita cu ajutorul autopropulsiei Vario. Turatia motorului puternic ram\u00e2ne \u00eentotdeauna stabila, chiar si atunci c\u00e2nd modificati viteza de propulsie. Mai mult, aceasta masina de tuns iarba compacta pe benzina ofera, de asemenea, o latime de taiere de 43 cm si o reglare centrala a \u00eenaltimii de taiere cu 3 setari si un ghidon pliabil. Co\u015ful de colectare a ierbii de 60 de litri este prevazut cu deschidere rabatabila, pentru golire usoara. Foarte practic: aceasta masina de tuns iarba pe benzina RM 545 VE poate fi transformata \u00eentr-o masina multifunctionala folosind un kit special de mulcire.<\/p>\n<h2>Specificatii tehnice &#8211; <strong>Masina de tuns iarba STIHL RM 545.0 VE:<\/strong><\/h2>\n<ul>\n<li><strong>Marca motor:\u00a0<\/strong>Stihl<\/li>\n<li><strong>Model motor:\u00a0<\/strong>Stihl EVC 300 E<\/li>\n<li><strong>Putere motor:\u00a0<\/strong>2.6 kW<\/li>\n<li><strong>Autotractare:\u00a0<\/strong>Da<\/li>\n<li><strong>Latime de lucru:\u00a0<\/strong>43 cm<\/li>\n<li><strong>Suprafata de gazon recomandata:\u00a0<\/strong>1200 m\u00b2<\/li>\n<li><strong>Inaltime min. de lucru:\u00a0<\/strong>25 mm<\/li>\n<li><strong>Inaltime max. de lucru:\u00a0<\/strong>75 mm<\/li>\n<li><strong>Trepte reglaj inaltime (taiere\/scarificare):\u00a0<\/strong>7<\/li>\n<li><strong>Volum colector iarba:\u00a0<\/strong>60 l<\/li>\n<li><strong>Turatie cutit:\u00a0<\/strong>2800 rpm<\/li>\n<li><strong>Putere sonora LwA:\u00a0<\/strong>96 dB<\/li>\n<li><strong>Nivel vibratii:\u00a0<\/strong>4.85 m\/s\u00b2<\/li>\n<li><strong>Greutate:\u00a0<\/strong>31 kg<\/li>\n<\/ul>\n<p><strong><em>Descarca Instructiuni Generale privind siguranta de utilizare de aici:<\/em><\/strong><br \/>\n<a href=\"https:\/\/eurotech-iasi.ro\/magazinonline\/wp-content\/uploads\/2020\/04\/Utilizarea-\u00een-condi\u0163ii-de-siguran\u0163\u0103-a-motocoasei-\u015fi-aparatelor-de-forfecare.pdf\">Utilizarea \u00een condi\u0163ii de siguran\u0163\u0103 a motocoasei \u015fi aparatelor de forfecare<\/a><\/p>\n","protected":false},"excerpt":{"rendered":"<p><strong>Masina de tuns iarba STIHL RM 545.0 VE<\/strong> ideala pentru ingrijirea gazonului de dimensiuni medii.<\/p>\n<p><em><strong>Cod produs: 63400113429<\/strong><\/em><\/p>\n<p><span style=\"color: #ff0000;\"><em><a href=\"https:\/\/www.stihl.ro\/ro\"><img loading=\"lazy\" decoding=\"async\" class=\" wp-image-108363 alignleft\" src=\"https:\/\/eurotech-iasi.ro\/magazinonline\/wp-content\/uploads\/2019\/03\/150-x-75-stihl.png\" alt=\"\" width=\"70\" height=\"35\" \/><\/a><a href=\"https:\/\/eurotech-iasi.ro\/magazinonline\/?attachment_id=87685\" rel=\"attachment wp-att-87685\"><img loading=\"lazy\" decoding=\"async\" class=\"wp-image-87685 aligncenter\" src=\"https:\/\/eurotech-iasi.ro\/magazinonline\/wp-content\/uploads\/2019\/06\/2-1-150x150.png\" alt=\"\" width=\"72\" height=\"72\" srcset=\"https:\/\/eurotech-iasi.ro\/magazinonline\/wp-content\/uploads\/2019\/06\/2-1-150x150.png 150w, https:\/\/eurotech-iasi.ro\/magazinonline\/wp-content\/uploads\/2019\/06\/2-1-100x100.png 100w, https:\/\/eurotech-iasi.ro\/magazinonline\/wp-content\/uploads\/2019\/06\/2-1.png 200w\" sizes=\"auto, (max-width: 72px) 100vw, 72px\" \/><\/a><\/em><\/span><\/p>\n<h5><span style=\"color: #eb782b;\"><em><strong>\u00a0<a href=\"https:\/\/eurotech-iasi.ro\/magazinonline\/termeni-si-conditii\/\">*Garan\u021bie 2 ani<\/a> + 6 luni Extra Garan\u021bie. <\/strong><\/em><\/span><\/h5>\n<h5><span style=\"color: #eb782b;\"><em><strong>\u00cenregistreaz\u0103\u00a0 produsul achizi\u021bionat de la noi, \u00een termen de <\/strong><\/em><\/span><span style=\"color: #003366;\"><em><strong>30 de zile de la cump\u0103rare<\/strong><\/em><\/span><span style=\"color: #eb782b;\"><em><strong>, pe site-ul oficial STIHL la adresa<a href=\"https:\/\/preg.stihl.com\/?lang=RO_ro&amp;country=RO\">\u00a0preg.stihl.com<\/a> \u0219i profit\u0103 de prelungirea gratuit\u0103 a garan\u021biei cu 6 luni !<\/strong><\/em><\/span><\/h5>\n","protected":false},"featured_media":58973,"comment_status":"open","ping_status":"closed","template":"","meta":{"_acf_changed":false},"product_cat":[4337,4368],"product_tag":[],"woo-feed-brand":[],"class_list":{"0":"post-58966","1":"product","2":"type-product","3":"status-publish","4":"has-post-thumbnail","6":"product_brand-stihl","7":"product_cat-gradinarit-agricultura","8":"product_cat-masini-de-tuns-gazonul","9":"pa_brand-stihl","10":"pa_greutate-31-kg-2","11":"pa_inaltime-de-taiere-25-80-mm-2","12":"pa_latime-taiere-43-cm","14":"first","15":"outofstock","16":"purchasable","17":"product-type-simple"},"acf":[],"yoast_head":"<!-- This site is optimized with the Yoast SEO plugin v27.3 - https:\/\/yoast.com\/product\/yoast-seo-wordpress\/ -->\n<title>Masina de tuns iarba STIHL RM 545.0 VE - Eurotech Iasi<\/title>\n<meta name=\"description\" content=\"Masina de tuns iarba STIHL RM 545 VE, cu o latime de taiere de 43 cm este recomandata pentru ingrijirea gazonului de dimensiuni medii.\" \/>\n<meta name=\"robots\" content=\"index, follow, max-snippet:-1, max-image-preview:large, max-video-preview:-1\" \/>\n<link rel=\"canonical\" href=\"https:\/\/eurotech-iasi.ro\/magazinonline\/produs\/masina-de-tuns-iarba-stihl-rm-545-0-ve\/\" \/>\n<meta property=\"og:locale\" content=\"ro_RO\" \/>\n<meta property=\"og:type\" content=\"article\" \/>\n<meta property=\"og:title\" content=\"Masina de tuns iarba STIHL RM 545.0 VE - Eurotech Iasi\" \/>\n<meta property=\"og:description\" content=\"Masina de tuns iarba STIHL RM 545 VE, cu o latime de taiere de 43 cm este recomandata pentru ingrijirea gazonului de dimensiuni medii.\" \/>\n<meta property=\"og:url\" content=\"https:\/\/eurotech-iasi.ro\/magazinonline\/produs\/masina-de-tuns-iarba-stihl-rm-545-0-ve\/\" \/>\n<meta property=\"og:site_name\" content=\"Eurotech Iasi\" \/>\n<meta property=\"article:publisher\" content=\"https:\/\/www.facebook.com\/EurotechIasi\/\" \/>\n<meta property=\"article:modified_time\" content=\"2025-02-04T14:14:45+00:00\" \/>\n<meta property=\"og:image\" content=\"https:\/\/eurotech-iasi.ro\/magazinonline\/wp-content\/uploads\/2020\/04\/masina-de-tuns-iarba-stihl-rm545ve-eurotech-iasi.jpg\" \/>\n\t<meta property=\"og:image:width\" content=\"710\" \/>\n\t<meta property=\"og:image:height\" content=\"710\" \/>\n\t<meta property=\"og:image:type\" content=\"image\/jpeg\" \/>\n<meta name=\"twitter:label1\" content=\"Timp estimat pentru citire\" \/>\n\t<meta name=\"twitter:data1\" content=\"1 minut\" \/>\n<script type=\"application\/ld+json\" class=\"yoast-schema-graph\">{\"@context\":\"https:\\\/\\\/schema.org\",\"@graph\":[{\"@type\":\"WebPage\",\"@id\":\"https:\\\/\\\/eurotech-iasi.ro\\\/magazinonline\\\/produs\\\/masina-de-tuns-iarba-stihl-rm-545-0-ve\\\/\",\"url\":\"https:\\\/\\\/eurotech-iasi.ro\\\/magazinonline\\\/produs\\\/masina-de-tuns-iarba-stihl-rm-545-0-ve\\\/\",\"name\":\"Masina de tuns iarba STIHL RM 545.0 VE - Eurotech Iasi\",\"isPartOf\":{\"@id\":\"https:\\\/\\\/eurotech-iasi.ro\\\/magazinonline\\\/#website\"},\"primaryImageOfPage\":{\"@id\":\"https:\\\/\\\/eurotech-iasi.ro\\\/magazinonline\\\/produs\\\/masina-de-tuns-iarba-stihl-rm-545-0-ve\\\/#primaryimage\"},\"image\":{\"@id\":\"https:\\\/\\\/eurotech-iasi.ro\\\/magazinonline\\\/produs\\\/masina-de-tuns-iarba-stihl-rm-545-0-ve\\\/#primaryimage\"},\"thumbnailUrl\":\"https:\\\/\\\/eurotech-iasi.ro\\\/magazinonline\\\/wp-content\\\/uploads\\\/2020\\\/04\\\/masina-de-tuns-iarba-stihl-rm545ve-eurotech-iasi.jpg\",\"datePublished\":\"2020-04-22T12:37:52+00:00\",\"dateModified\":\"2025-02-04T14:14:45+00:00\",\"description\":\"Masina de tuns iarba STIHL RM 545 VE, cu o latime de taiere de 43 cm este recomandata pentru ingrijirea gazonului de dimensiuni medii.\",\"breadcrumb\":{\"@id\":\"https:\\\/\\\/eurotech-iasi.ro\\\/magazinonline\\\/produs\\\/masina-de-tuns-iarba-stihl-rm-545-0-ve\\\/#breadcrumb\"},\"inLanguage\":\"ro-RO\",\"potentialAction\":[{\"@type\":\"ReadAction\",\"target\":[\"https:\\\/\\\/eurotech-iasi.ro\\\/magazinonline\\\/produs\\\/masina-de-tuns-iarba-stihl-rm-545-0-ve\\\/\"]}]},{\"@type\":\"ImageObject\",\"inLanguage\":\"ro-RO\",\"@id\":\"https:\\\/\\\/eurotech-iasi.ro\\\/magazinonline\\\/produs\\\/masina-de-tuns-iarba-stihl-rm-545-0-ve\\\/#primaryimage\",\"url\":\"https:\\\/\\\/eurotech-iasi.ro\\\/magazinonline\\\/wp-content\\\/uploads\\\/2020\\\/04\\\/masina-de-tuns-iarba-stihl-rm545ve-eurotech-iasi.jpg\",\"contentUrl\":\"https:\\\/\\\/eurotech-iasi.ro\\\/magazinonline\\\/wp-content\\\/uploads\\\/2020\\\/04\\\/masina-de-tuns-iarba-stihl-rm545ve-eurotech-iasi.jpg\",\"width\":710,\"height\":710,\"caption\":\"Masina de tuns iarba STIHL RM 545.0 VE\"},{\"@type\":\"BreadcrumbList\",\"@id\":\"https:\\\/\\\/eurotech-iasi.ro\\\/magazinonline\\\/produs\\\/masina-de-tuns-iarba-stihl-rm-545-0-ve\\\/#breadcrumb\",\"itemListElement\":[{\"@type\":\"ListItem\",\"position\":1,\"name\":\"Prima pagin\u0103\",\"item\":\"https:\\\/\\\/eurotech-iasi.ro\\\/magazinonline\\\/\"},{\"@type\":\"ListItem\",\"position\":2,\"name\":\"Shop\",\"item\":\"https:\\\/\\\/eurotech-iasi.ro\\\/magazinonline\\\/shop\\\/\"},{\"@type\":\"ListItem\",\"position\":3,\"name\":\"Masina de tuns iarba STIHL RM 545.0 VE\"}]},{\"@type\":\"WebSite\",\"@id\":\"https:\\\/\\\/eurotech-iasi.ro\\\/magazinonline\\\/#website\",\"url\":\"https:\\\/\\\/eurotech-iasi.ro\\\/magazinonline\\\/\",\"name\":\"Eurotech Iasi\",\"description\":\"Cu oameni seriosi\",\"publisher\":{\"@id\":\"https:\\\/\\\/eurotech-iasi.ro\\\/magazinonline\\\/#organization\"},\"potentialAction\":[{\"@type\":\"SearchAction\",\"target\":{\"@type\":\"EntryPoint\",\"urlTemplate\":\"https:\\\/\\\/eurotech-iasi.ro\\\/magazinonline\\\/?s={search_term_string}\"},\"query-input\":{\"@type\":\"PropertyValueSpecification\",\"valueRequired\":true,\"valueName\":\"search_term_string\"}}],\"inLanguage\":\"ro-RO\"},{\"@type\":\"Organization\",\"@id\":\"https:\\\/\\\/eurotech-iasi.ro\\\/magazinonline\\\/#organization\",\"name\":\"Eurotech Iasi\",\"url\":\"https:\\\/\\\/eurotech-iasi.ro\\\/magazinonline\\\/\",\"logo\":{\"@type\":\"ImageObject\",\"inLanguage\":\"ro-RO\",\"@id\":\"https:\\\/\\\/eurotech-iasi.ro\\\/magazinonline\\\/#\\\/schema\\\/logo\\\/image\\\/\",\"url\":\"https:\\\/\\\/eurotech-iasi.ro\\\/magazinonline\\\/wp-content\\\/uploads\\\/2020\\\/08\\\/logo-eurotech.png\",\"contentUrl\":\"https:\\\/\\\/eurotech-iasi.ro\\\/magazinonline\\\/wp-content\\\/uploads\\\/2020\\\/08\\\/logo-eurotech.png\",\"width\":290,\"height\":70,\"caption\":\"Eurotech Iasi\"},\"image\":{\"@id\":\"https:\\\/\\\/eurotech-iasi.ro\\\/magazinonline\\\/#\\\/schema\\\/logo\\\/image\\\/\"},\"sameAs\":[\"https:\\\/\\\/www.facebook.com\\\/EurotechIasi\\\/\"]}]}<\/script>\n<!-- \/ Yoast SEO plugin. -->","yoast_head_json":{"title":"Masina de tuns iarba STIHL RM 545.0 VE - Eurotech Iasi","description":"Masina de tuns iarba STIHL RM 545 VE, cu o latime de taiere de 43 cm este recomandata pentru ingrijirea gazonului de dimensiuni medii.","robots":{"index":"index","follow":"follow","max-snippet":"max-snippet:-1","max-image-preview":"max-image-preview:large","max-video-preview":"max-video-preview:-1"},"canonical":"https:\/\/eurotech-iasi.ro\/magazinonline\/produs\/masina-de-tuns-iarba-stihl-rm-545-0-ve\/","og_locale":"ro_RO","og_type":"article","og_title":"Masina de tuns iarba STIHL RM 545.0 VE - Eurotech Iasi","og_description":"Masina de tuns iarba STIHL RM 545 VE, cu o latime de taiere de 43 cm este recomandata pentru ingrijirea gazonului de dimensiuni medii.","og_url":"https:\/\/eurotech-iasi.ro\/magazinonline\/produs\/masina-de-tuns-iarba-stihl-rm-545-0-ve\/","og_site_name":"Eurotech Iasi","article_publisher":"https:\/\/www.facebook.com\/EurotechIasi\/","article_modified_time":"2025-02-04T14:14:45+00:00","og_image":[{"width":710,"height":710,"url":"https:\/\/eurotech-iasi.ro\/magazinonline\/wp-content\/uploads\/2020\/04\/masina-de-tuns-iarba-stihl-rm545ve-eurotech-iasi.jpg","type":"image\/jpeg"}],"twitter_misc":{"Timp estimat pentru citire":"1 minut"},"schema":{"@context":"https:\/\/schema.org","@graph":[{"@type":"WebPage","@id":"https:\/\/eurotech-iasi.ro\/magazinonline\/produs\/masina-de-tuns-iarba-stihl-rm-545-0-ve\/","url":"https:\/\/eurotech-iasi.ro\/magazinonline\/produs\/masina-de-tuns-iarba-stihl-rm-545-0-ve\/","name":"Masina de tuns iarba STIHL RM 545.0 VE - Eurotech Iasi","isPartOf":{"@id":"https:\/\/eurotech-iasi.ro\/magazinonline\/#website"},"primaryImageOfPage":{"@id":"https:\/\/eurotech-iasi.ro\/magazinonline\/produs\/masina-de-tuns-iarba-stihl-rm-545-0-ve\/#primaryimage"},"image":{"@id":"https:\/\/eurotech-iasi.ro\/magazinonline\/produs\/masina-de-tuns-iarba-stihl-rm-545-0-ve\/#primaryimage"},"thumbnailUrl":"https:\/\/eurotech-iasi.ro\/magazinonline\/wp-content\/uploads\/2020\/04\/masina-de-tuns-iarba-stihl-rm545ve-eurotech-iasi.jpg","datePublished":"2020-04-22T12:37:52+00:00","dateModified":"2025-02-04T14:14:45+00:00","description":"Masina de tuns iarba STIHL RM 545 VE, cu o latime de taiere de 43 cm este recomandata pentru ingrijirea gazonului de dimensiuni medii.","breadcrumb":{"@id":"https:\/\/eurotech-iasi.ro\/magazinonline\/produs\/masina-de-tuns-iarba-stihl-rm-545-0-ve\/#breadcrumb"},"inLanguage":"ro-RO","potentialAction":[{"@type":"ReadAction","target":["https:\/\/eurotech-iasi.ro\/magazinonline\/produs\/masina-de-tuns-iarba-stihl-rm-545-0-ve\/"]}]},{"@type":"ImageObject","inLanguage":"ro-RO","@id":"https:\/\/eurotech-iasi.ro\/magazinonline\/produs\/masina-de-tuns-iarba-stihl-rm-545-0-ve\/#primaryimage","url":"https:\/\/eurotech-iasi.ro\/magazinonline\/wp-content\/uploads\/2020\/04\/masina-de-tuns-iarba-stihl-rm545ve-eurotech-iasi.jpg","contentUrl":"https:\/\/eurotech-iasi.ro\/magazinonline\/wp-content\/uploads\/2020\/04\/masina-de-tuns-iarba-stihl-rm545ve-eurotech-iasi.jpg","width":710,"height":710,"caption":"Masina de tuns iarba STIHL RM 545.0 VE"},{"@type":"BreadcrumbList","@id":"https:\/\/eurotech-iasi.ro\/magazinonline\/produs\/masina-de-tuns-iarba-stihl-rm-545-0-ve\/#breadcrumb","itemListElement":[{"@type":"ListItem","position":1,"name":"Prima pagin\u0103","item":"https:\/\/eurotech-iasi.ro\/magazinonline\/"},{"@type":"ListItem","position":2,"name":"Shop","item":"https:\/\/eurotech-iasi.ro\/magazinonline\/shop\/"},{"@type":"ListItem","position":3,"name":"Masina de tuns iarba STIHL RM 545.0 VE"}]},{"@type":"WebSite","@id":"https:\/\/eurotech-iasi.ro\/magazinonline\/#website","url":"https:\/\/eurotech-iasi.ro\/magazinonline\/","name":"Eurotech Iasi","description":"Cu oameni seriosi","publisher":{"@id":"https:\/\/eurotech-iasi.ro\/magazinonline\/#organization"},"potentialAction":[{"@type":"SearchAction","target":{"@type":"EntryPoint","urlTemplate":"https:\/\/eurotech-iasi.ro\/magazinonline\/?s={search_term_string}"},"query-input":{"@type":"PropertyValueSpecification","valueRequired":true,"valueName":"search_term_string"}}],"inLanguage":"ro-RO"},{"@type":"Organization","@id":"https:\/\/eurotech-iasi.ro\/magazinonline\/#organization","name":"Eurotech Iasi","url":"https:\/\/eurotech-iasi.ro\/magazinonline\/","logo":{"@type":"ImageObject","inLanguage":"ro-RO","@id":"https:\/\/eurotech-iasi.ro\/magazinonline\/#\/schema\/logo\/image\/","url":"https:\/\/eurotech-iasi.ro\/magazinonline\/wp-content\/uploads\/2020\/08\/logo-eurotech.png","contentUrl":"https:\/\/eurotech-iasi.ro\/magazinonline\/wp-content\/uploads\/2020\/08\/logo-eurotech.png","width":290,"height":70,"caption":"Eurotech Iasi"},"image":{"@id":"https:\/\/eurotech-iasi.ro\/magazinonline\/#\/schema\/logo\/image\/"},"sameAs":["https:\/\/www.facebook.com\/EurotechIasi\/"]}]}},"_links":{"self":[{"href":"https:\/\/eurotech-iasi.ro\/magazinonline\/wp-json\/wp\/v2\/product\/58966","targetHints":{"allow":["GET"]}}],"collection":[{"href":"https:\/\/eurotech-iasi.ro\/magazinonline\/wp-json\/wp\/v2\/product"}],"about":[{"href":"https:\/\/eurotech-iasi.ro\/magazinonline\/wp-json\/wp\/v2\/types\/product"}],"replies":[{"embeddable":true,"href":"https:\/\/eurotech-iasi.ro\/magazinonline\/wp-json\/wp\/v2\/comments?post=58966"}],"wp:featuredmedia":[{"embeddable":true,"href":"https:\/\/eurotech-iasi.ro\/magazinonline\/wp-json\/wp\/v2\/media\/58973"}],"wp:attachment":[{"href":"https:\/\/eurotech-iasi.ro\/magazinonline\/wp-json\/wp\/v2\/media?parent=58966"}],"wp:term":[{"taxonomy":"product_cat","embeddable":true,"href":"https:\/\/eurotech-iasi.ro\/magazinonline\/wp-json\/wp\/v2\/product_cat?post=58966"},{"taxonomy":"product_tag","embeddable":true,"href":"https:\/\/eurotech-iasi.ro\/magazinonline\/wp-json\/wp\/v2\/product_tag?post=58966"},{"taxonomy":"woo-feed-brand","embeddable":true,"href":"https:\/\/eurotech-iasi.ro\/magazinonline\/wp-json\/wp\/v2\/woo-feed-brand?post=58966"}],"curies":[{"name":"wp","href":"https:\/\/api.w.org\/{rel}","templated":true}]}}