{"id":65602,"date":"2020-06-18T15:17:25","date_gmt":"2020-06-18T12:17:25","guid":{"rendered":"https:\/\/eurotech-iasi.ro\/magazinonline\/?post_type=product&#038;p=65602"},"modified":"2026-01-05T10:00:31","modified_gmt":"2026-01-05T08:00:31","slug":"disc-de-taiere-x-lock-expert-for-metal-115x16x2223-pentru-taieturi-drepte","status":"publish","type":"product","link":"https:\/\/eurotech-iasi.ro\/magazinonline\/produs\/disc-de-taiere-x-lock-expert-for-metal-115x16x2223-pentru-taieturi-drepte\/","title":{"rendered":"Disc de taiere BOSCH X-LOCK Expert for Metal 115&#215;1,6&#215;22,23 pentru taieturi drepte"},"content":{"rendered":"<div>\n<p><strong>Disc de taiere BOSCH X-LOCK Expert for Metal 115&#215;1,6&#215;22,23 pentru taieturi drepte<\/strong> ce ofera <em><strong>performante inalte de taiere a metalului<\/strong><\/em>, cu siguranta maxima. Discul este realizat din oxid de aluminiu de inalta calitate. R<em><strong>asina avansata cu fenoli<\/strong><\/em>, care face fata aplicatiilor dificile, ofera rezultate foarte bune.<\/p>\n<p>In plus, plasa din fibra de sticla, de mare precizie a discului asigura un nivel inalt de stabilitate si siguranta la taiere.<\/p>\n<p>Discurile de taiere <em><strong>Bosch<\/strong><\/em> respecta cerintele maxime de siguranta, cum ar fi EN 12413, FEPA \u0219i oSa. Discurile de taiere <em><strong>X-LOCK Expert for Metal 115&#215;1,6&#215;22,23 pentru taieturi drepte<\/strong><\/em>\u00a0 sunt compatibile \u0219i cu polizoarele unghiulare standard.<\/p>\n<\/div>\n<div>\n<p>Discurile de t\u0103iere pot fi schimbate rapid \u0219i convenabil datorit\u0103 sistemului X-LOCK f\u0103r\u0103 cheie.<\/p>\n<p><strong>Specificatie:<\/strong> AS 46 S BF<\/p>\n<\/div>\n","protected":false},"excerpt":{"rendered":"<p><strong>Disc de taiere BOSCH X-LOCK Expert for Metal 115&#215;1,6&#215;22,23 pentru taieturi drepte<\/strong> &#8211; ce ofera <em><strong>performante inalte de taiere a metalului<\/strong><\/em>, cu siguranta maxima. Discul este realizat din oxid de aluminiu de inalta calitate, cu <em><strong>rasina avansata cu fenoli<\/strong><\/em>, care face fata aplicatiilor dificile, oferind rezultate bune.<\/p>\n<p><em><strong>Cod produs: 2608619252<\/strong><\/em><\/p>\n","protected":false},"featured_media":65607,"comment_status":"open","ping_status":"closed","template":"","meta":{"_acf_changed":false},"product_cat":[10054,4306],"product_tag":[],"woo-feed-brand":[],"class_list":{"0":"post-65602","1":"product","2":"type-product","3":"status-publish","4":"has-post-thumbnail","6":"product_brand-bosch","7":"product_cat-accesorii-scule-electrice-scule-electrice","8":"product_cat-scule-electrice","9":"pa_cantitate-25-buc","10":"pa_diametru-115-mm","11":"pa_diametrul-gaurii-2223-mm","12":"pa_grosime-1-6-mm","14":"first","15":"instock","16":"shipping-taxable","17":"purchasable","18":"product-type-simple"},"acf":[],"yoast_head":"<!-- This site is optimized with the Yoast SEO plugin v27.3 - https:\/\/yoast.com\/product\/yoast-seo-wordpress\/ -->\n<title>Disc de taiere BOSCH X-LOCK Expert for Metal 115x1,6x22,23 pentru taieturi drepte - Eurotech Iasi<\/title>\n<meta name=\"description\" content=\"Disc de taiere X-LOCK Expert for Metal 115x1,6x22,23 pentru taieturi drepte, ofera performante inalte de taiere a metalului, cu siguranta maxima.\" \/>\n<meta name=\"robots\" content=\"index, follow, max-snippet:-1, max-image-preview:large, max-video-preview:-1\" \/>\n<link rel=\"canonical\" href=\"https:\/\/eurotech-iasi.ro\/magazinonline\/produs\/disc-de-taiere-x-lock-expert-for-metal-115x16x2223-pentru-taieturi-drepte\/\" \/>\n<meta property=\"og:locale\" content=\"ro_RO\" \/>\n<meta property=\"og:type\" content=\"article\" \/>\n<meta property=\"og:title\" content=\"Disc de taiere BOSCH X-LOCK Expert for Metal 115x1,6x22,23 pentru taieturi drepte - Eurotech Iasi\" \/>\n<meta property=\"og:description\" content=\"Disc de taiere X-LOCK Expert for Metal 115x1,6x22,23 pentru taieturi drepte, ofera performante inalte de taiere a metalului, cu siguranta maxima.\" \/>\n<meta property=\"og:url\" content=\"https:\/\/eurotech-iasi.ro\/magazinonline\/produs\/disc-de-taiere-x-lock-expert-for-metal-115x16x2223-pentru-taieturi-drepte\/\" \/>\n<meta property=\"og:site_name\" content=\"Eurotech Iasi\" \/>\n<meta property=\"article:publisher\" content=\"https:\/\/www.facebook.com\/EurotechIasi\/\" \/>\n<meta property=\"article:modified_time\" content=\"2026-01-05T08:00:31+00:00\" \/>\n<meta property=\"og:image\" content=\"https:\/\/eurotech-iasi.ro\/magazinonline\/wp-content\/uploads\/2020\/06\/2608619252-2.jpg\" \/>\n\t<meta property=\"og:image:width\" content=\"697\" \/>\n\t<meta property=\"og:image:height\" content=\"701\" \/>\n\t<meta property=\"og:image:type\" content=\"image\/jpeg\" \/>\n<meta name=\"twitter:label1\" content=\"Timp estimat pentru citire\" \/>\n\t<meta name=\"twitter:data1\" content=\"1 minut\" \/>\n<script type=\"application\/ld+json\" class=\"yoast-schema-graph\">{\"@context\":\"https:\\\/\\\/schema.org\",\"@graph\":[{\"@type\":\"WebPage\",\"@id\":\"https:\\\/\\\/eurotech-iasi.ro\\\/magazinonline\\\/produs\\\/disc-de-taiere-x-lock-expert-for-metal-115x16x2223-pentru-taieturi-drepte\\\/\",\"url\":\"https:\\\/\\\/eurotech-iasi.ro\\\/magazinonline\\\/produs\\\/disc-de-taiere-x-lock-expert-for-metal-115x16x2223-pentru-taieturi-drepte\\\/\",\"name\":\"Disc de taiere BOSCH X-LOCK Expert for Metal 115x1,6x22,23 pentru taieturi drepte - Eurotech Iasi\",\"isPartOf\":{\"@id\":\"https:\\\/\\\/eurotech-iasi.ro\\\/magazinonline\\\/#website\"},\"primaryImageOfPage\":{\"@id\":\"https:\\\/\\\/eurotech-iasi.ro\\\/magazinonline\\\/produs\\\/disc-de-taiere-x-lock-expert-for-metal-115x16x2223-pentru-taieturi-drepte\\\/#primaryimage\"},\"image\":{\"@id\":\"https:\\\/\\\/eurotech-iasi.ro\\\/magazinonline\\\/produs\\\/disc-de-taiere-x-lock-expert-for-metal-115x16x2223-pentru-taieturi-drepte\\\/#primaryimage\"},\"thumbnailUrl\":\"https:\\\/\\\/eurotech-iasi.ro\\\/magazinonline\\\/wp-content\\\/uploads\\\/2020\\\/06\\\/2608619252-2.jpg\",\"datePublished\":\"2020-06-18T12:17:25+00:00\",\"dateModified\":\"2026-01-05T08:00:31+00:00\",\"description\":\"Disc de taiere X-LOCK Expert for Metal 115x1,6x22,23 pentru taieturi drepte, ofera performante inalte de taiere a metalului, cu siguranta maxima.\",\"breadcrumb\":{\"@id\":\"https:\\\/\\\/eurotech-iasi.ro\\\/magazinonline\\\/produs\\\/disc-de-taiere-x-lock-expert-for-metal-115x16x2223-pentru-taieturi-drepte\\\/#breadcrumb\"},\"inLanguage\":\"ro-RO\",\"potentialAction\":[{\"@type\":\"ReadAction\",\"target\":[\"https:\\\/\\\/eurotech-iasi.ro\\\/magazinonline\\\/produs\\\/disc-de-taiere-x-lock-expert-for-metal-115x16x2223-pentru-taieturi-drepte\\\/\"]}]},{\"@type\":\"ImageObject\",\"inLanguage\":\"ro-RO\",\"@id\":\"https:\\\/\\\/eurotech-iasi.ro\\\/magazinonline\\\/produs\\\/disc-de-taiere-x-lock-expert-for-metal-115x16x2223-pentru-taieturi-drepte\\\/#primaryimage\",\"url\":\"https:\\\/\\\/eurotech-iasi.ro\\\/magazinonline\\\/wp-content\\\/uploads\\\/2020\\\/06\\\/2608619252-2.jpg\",\"contentUrl\":\"https:\\\/\\\/eurotech-iasi.ro\\\/magazinonline\\\/wp-content\\\/uploads\\\/2020\\\/06\\\/2608619252-2.jpg\",\"width\":697,\"height\":701},{\"@type\":\"BreadcrumbList\",\"@id\":\"https:\\\/\\\/eurotech-iasi.ro\\\/magazinonline\\\/produs\\\/disc-de-taiere-x-lock-expert-for-metal-115x16x2223-pentru-taieturi-drepte\\\/#breadcrumb\",\"itemListElement\":[{\"@type\":\"ListItem\",\"position\":1,\"name\":\"Prima pagin\u0103\",\"item\":\"https:\\\/\\\/eurotech-iasi.ro\\\/magazinonline\\\/\"},{\"@type\":\"ListItem\",\"position\":2,\"name\":\"Shop\",\"item\":\"https:\\\/\\\/eurotech-iasi.ro\\\/magazinonline\\\/shop\\\/\"},{\"@type\":\"ListItem\",\"position\":3,\"name\":\"Disc de taiere BOSCH X-LOCK Expert for Metal 115&#215;1,6&#215;22,23 pentru taieturi drepte\"}]},{\"@type\":\"WebSite\",\"@id\":\"https:\\\/\\\/eurotech-iasi.ro\\\/magazinonline\\\/#website\",\"url\":\"https:\\\/\\\/eurotech-iasi.ro\\\/magazinonline\\\/\",\"name\":\"Eurotech Iasi\",\"description\":\"Cu oameni seriosi\",\"publisher\":{\"@id\":\"https:\\\/\\\/eurotech-iasi.ro\\\/magazinonline\\\/#organization\"},\"potentialAction\":[{\"@type\":\"SearchAction\",\"target\":{\"@type\":\"EntryPoint\",\"urlTemplate\":\"https:\\\/\\\/eurotech-iasi.ro\\\/magazinonline\\\/?s={search_term_string}\"},\"query-input\":{\"@type\":\"PropertyValueSpecification\",\"valueRequired\":true,\"valueName\":\"search_term_string\"}}],\"inLanguage\":\"ro-RO\"},{\"@type\":\"Organization\",\"@id\":\"https:\\\/\\\/eurotech-iasi.ro\\\/magazinonline\\\/#organization\",\"name\":\"Eurotech Iasi\",\"url\":\"https:\\\/\\\/eurotech-iasi.ro\\\/magazinonline\\\/\",\"logo\":{\"@type\":\"ImageObject\",\"inLanguage\":\"ro-RO\",\"@id\":\"https:\\\/\\\/eurotech-iasi.ro\\\/magazinonline\\\/#\\\/schema\\\/logo\\\/image\\\/\",\"url\":\"https:\\\/\\\/eurotech-iasi.ro\\\/magazinonline\\\/wp-content\\\/uploads\\\/2020\\\/08\\\/logo-eurotech.png\",\"contentUrl\":\"https:\\\/\\\/eurotech-iasi.ro\\\/magazinonline\\\/wp-content\\\/uploads\\\/2020\\\/08\\\/logo-eurotech.png\",\"width\":290,\"height\":70,\"caption\":\"Eurotech Iasi\"},\"image\":{\"@id\":\"https:\\\/\\\/eurotech-iasi.ro\\\/magazinonline\\\/#\\\/schema\\\/logo\\\/image\\\/\"},\"sameAs\":[\"https:\\\/\\\/www.facebook.com\\\/EurotechIasi\\\/\"]}]}<\/script>\n<!-- \/ Yoast SEO plugin. -->","yoast_head_json":{"title":"Disc de taiere BOSCH X-LOCK Expert for Metal 115x1,6x22,23 pentru taieturi drepte - Eurotech Iasi","description":"Disc de taiere X-LOCK Expert for Metal 115x1,6x22,23 pentru taieturi drepte, ofera performante inalte de taiere a metalului, cu siguranta maxima.","robots":{"index":"index","follow":"follow","max-snippet":"max-snippet:-1","max-image-preview":"max-image-preview:large","max-video-preview":"max-video-preview:-1"},"canonical":"https:\/\/eurotech-iasi.ro\/magazinonline\/produs\/disc-de-taiere-x-lock-expert-for-metal-115x16x2223-pentru-taieturi-drepte\/","og_locale":"ro_RO","og_type":"article","og_title":"Disc de taiere BOSCH X-LOCK Expert for Metal 115x1,6x22,23 pentru taieturi drepte - Eurotech Iasi","og_description":"Disc de taiere X-LOCK Expert for Metal 115x1,6x22,23 pentru taieturi drepte, ofera performante inalte de taiere a metalului, cu siguranta maxima.","og_url":"https:\/\/eurotech-iasi.ro\/magazinonline\/produs\/disc-de-taiere-x-lock-expert-for-metal-115x16x2223-pentru-taieturi-drepte\/","og_site_name":"Eurotech Iasi","article_publisher":"https:\/\/www.facebook.com\/EurotechIasi\/","article_modified_time":"2026-01-05T08:00:31+00:00","og_image":[{"width":697,"height":701,"url":"https:\/\/eurotech-iasi.ro\/magazinonline\/wp-content\/uploads\/2020\/06\/2608619252-2.jpg","type":"image\/jpeg"}],"twitter_misc":{"Timp estimat pentru citire":"1 minut"},"schema":{"@context":"https:\/\/schema.org","@graph":[{"@type":"WebPage","@id":"https:\/\/eurotech-iasi.ro\/magazinonline\/produs\/disc-de-taiere-x-lock-expert-for-metal-115x16x2223-pentru-taieturi-drepte\/","url":"https:\/\/eurotech-iasi.ro\/magazinonline\/produs\/disc-de-taiere-x-lock-expert-for-metal-115x16x2223-pentru-taieturi-drepte\/","name":"Disc de taiere BOSCH X-LOCK Expert for Metal 115x1,6x22,23 pentru taieturi drepte - Eurotech Iasi","isPartOf":{"@id":"https:\/\/eurotech-iasi.ro\/magazinonline\/#website"},"primaryImageOfPage":{"@id":"https:\/\/eurotech-iasi.ro\/magazinonline\/produs\/disc-de-taiere-x-lock-expert-for-metal-115x16x2223-pentru-taieturi-drepte\/#primaryimage"},"image":{"@id":"https:\/\/eurotech-iasi.ro\/magazinonline\/produs\/disc-de-taiere-x-lock-expert-for-metal-115x16x2223-pentru-taieturi-drepte\/#primaryimage"},"thumbnailUrl":"https:\/\/eurotech-iasi.ro\/magazinonline\/wp-content\/uploads\/2020\/06\/2608619252-2.jpg","datePublished":"2020-06-18T12:17:25+00:00","dateModified":"2026-01-05T08:00:31+00:00","description":"Disc de taiere X-LOCK Expert for Metal 115x1,6x22,23 pentru taieturi drepte, ofera performante inalte de taiere a metalului, cu siguranta maxima.","breadcrumb":{"@id":"https:\/\/eurotech-iasi.ro\/magazinonline\/produs\/disc-de-taiere-x-lock-expert-for-metal-115x16x2223-pentru-taieturi-drepte\/#breadcrumb"},"inLanguage":"ro-RO","potentialAction":[{"@type":"ReadAction","target":["https:\/\/eurotech-iasi.ro\/magazinonline\/produs\/disc-de-taiere-x-lock-expert-for-metal-115x16x2223-pentru-taieturi-drepte\/"]}]},{"@type":"ImageObject","inLanguage":"ro-RO","@id":"https:\/\/eurotech-iasi.ro\/magazinonline\/produs\/disc-de-taiere-x-lock-expert-for-metal-115x16x2223-pentru-taieturi-drepte\/#primaryimage","url":"https:\/\/eurotech-iasi.ro\/magazinonline\/wp-content\/uploads\/2020\/06\/2608619252-2.jpg","contentUrl":"https:\/\/eurotech-iasi.ro\/magazinonline\/wp-content\/uploads\/2020\/06\/2608619252-2.jpg","width":697,"height":701},{"@type":"BreadcrumbList","@id":"https:\/\/eurotech-iasi.ro\/magazinonline\/produs\/disc-de-taiere-x-lock-expert-for-metal-115x16x2223-pentru-taieturi-drepte\/#breadcrumb","itemListElement":[{"@type":"ListItem","position":1,"name":"Prima pagin\u0103","item":"https:\/\/eurotech-iasi.ro\/magazinonline\/"},{"@type":"ListItem","position":2,"name":"Shop","item":"https:\/\/eurotech-iasi.ro\/magazinonline\/shop\/"},{"@type":"ListItem","position":3,"name":"Disc de taiere BOSCH X-LOCK Expert for Metal 115&#215;1,6&#215;22,23 pentru taieturi drepte"}]},{"@type":"WebSite","@id":"https:\/\/eurotech-iasi.ro\/magazinonline\/#website","url":"https:\/\/eurotech-iasi.ro\/magazinonline\/","name":"Eurotech Iasi","description":"Cu oameni seriosi","publisher":{"@id":"https:\/\/eurotech-iasi.ro\/magazinonline\/#organization"},"potentialAction":[{"@type":"SearchAction","target":{"@type":"EntryPoint","urlTemplate":"https:\/\/eurotech-iasi.ro\/magazinonline\/?s={search_term_string}"},"query-input":{"@type":"PropertyValueSpecification","valueRequired":true,"valueName":"search_term_string"}}],"inLanguage":"ro-RO"},{"@type":"Organization","@id":"https:\/\/eurotech-iasi.ro\/magazinonline\/#organization","name":"Eurotech Iasi","url":"https:\/\/eurotech-iasi.ro\/magazinonline\/","logo":{"@type":"ImageObject","inLanguage":"ro-RO","@id":"https:\/\/eurotech-iasi.ro\/magazinonline\/#\/schema\/logo\/image\/","url":"https:\/\/eurotech-iasi.ro\/magazinonline\/wp-content\/uploads\/2020\/08\/logo-eurotech.png","contentUrl":"https:\/\/eurotech-iasi.ro\/magazinonline\/wp-content\/uploads\/2020\/08\/logo-eurotech.png","width":290,"height":70,"caption":"Eurotech Iasi"},"image":{"@id":"https:\/\/eurotech-iasi.ro\/magazinonline\/#\/schema\/logo\/image\/"},"sameAs":["https:\/\/www.facebook.com\/EurotechIasi\/"]}]}},"_links":{"self":[{"href":"https:\/\/eurotech-iasi.ro\/magazinonline\/wp-json\/wp\/v2\/product\/65602","targetHints":{"allow":["GET"]}}],"collection":[{"href":"https:\/\/eurotech-iasi.ro\/magazinonline\/wp-json\/wp\/v2\/product"}],"about":[{"href":"https:\/\/eurotech-iasi.ro\/magazinonline\/wp-json\/wp\/v2\/types\/product"}],"replies":[{"embeddable":true,"href":"https:\/\/eurotech-iasi.ro\/magazinonline\/wp-json\/wp\/v2\/comments?post=65602"}],"wp:featuredmedia":[{"embeddable":true,"href":"https:\/\/eurotech-iasi.ro\/magazinonline\/wp-json\/wp\/v2\/media\/65607"}],"wp:attachment":[{"href":"https:\/\/eurotech-iasi.ro\/magazinonline\/wp-json\/wp\/v2\/media?parent=65602"}],"wp:term":[{"taxonomy":"product_cat","embeddable":true,"href":"https:\/\/eurotech-iasi.ro\/magazinonline\/wp-json\/wp\/v2\/product_cat?post=65602"},{"taxonomy":"product_tag","embeddable":true,"href":"https:\/\/eurotech-iasi.ro\/magazinonline\/wp-json\/wp\/v2\/product_tag?post=65602"},{"taxonomy":"woo-feed-brand","embeddable":true,"href":"https:\/\/eurotech-iasi.ro\/magazinonline\/wp-json\/wp\/v2\/woo-feed-brand?post=65602"}],"curies":[{"name":"wp","href":"https:\/\/api.w.org\/{rel}","templated":true}]}}