{"id":68714,"date":"2020-09-10T09:22:34","date_gmt":"2020-09-10T06:22:34","guid":{"rendered":"https:\/\/eurotech-iasi.ro\/magazinonline\/?post_type=product&#038;p=68714"},"modified":"2026-03-09T16:31:51","modified_gmt":"2026-03-09T14:31:51","slug":"aparat-de-spalat-cu-presiune-stihl-re-100-plus-control","status":"publish","type":"product","link":"https:\/\/eurotech-iasi.ro\/magazinonline\/produs\/aparat-de-spalat-cu-presiune-stihl-re-100-plus-control\/","title":{"rendered":"Aparat de spalat cu presiune STIHL RE 100 Plus Control"},"content":{"rendered":"<p class=\"rounded\"><strong>Aparat de spalat cu presiune STIHL RE 100 Plus Control<\/strong> este un turbojet extrem de confortabil si usor. Functie CONTROL cu buton de reglare a presiunii si indicator LED de presiune direct pe pistol. Tambur optimizat (PLUS) pentru manipularea si depozitarea usoara a furtunului de inalta presiune. Duza 3 in 1 cu duza rotativa integrata, duza plata si duza de pulverizare cu agent de curatare. Depozitare ergonomica si sigura a accesoriilor direct pe masina de spalat.<\/p>\n<p>Poate fi folosit in jurul casei, cat si in gradina, pentru curatarea vehiculelor, precum si curatarea mobilierului de gradina, aleilor sau teraselor.<\/p>\n<p><strong>Echipare standard:<\/strong><\/p>\n<table border=\"1\">\n<tbody>\n<tr>\n<td><a id=\"aImageFeature\" class=\"image_link\" href=\"https:\/\/www.magazialucostica.ro\/media\/wysiwyg\/Produse\/51cf4973f8854efab51a77a7154b4388.jpg\"><img decoding=\"async\" id=\"imgfeature\" class=\"image\" title=\"Rotary nozzle\" src=\"https:\/\/www.magazialucostica.ro\/media\/wysiwyg\/Produse\/51cf4973f8854efab51a77a7154b4388.jpg\" alt=\"Rotary nozzle\" width=\"138\" \/><\/a><\/td>\n<td>\n<div>\n<p><strong>Duza rotativa<\/strong><\/p>\n<p><span class=\"tlid-translation translation\" lang=\"ro\"><span title=\"\">O duza rotativa puternica pentru combaterea murdariei incapatanate pe suprafetele rezistente. <\/span><span title=\"\">Miscarea rotativa combina puterea de curatare a unui jet de creion concentrat cu capacitatea de a curata suprafete mari.<\/span><\/span><\/p>\n<\/div>\n<\/td>\n<\/tr>\n<tr>\n<td><a id=\"aImageFeature\" class=\"image_link\" href=\"https:\/\/www.magazialucostica.ro\/media\/wysiwyg\/Produse\/5eb38417a8ac4a9cafc3e00748153c83.jpg\"><img decoding=\"async\" id=\"imgfeature\" class=\"image\" title=\"Fan jet nozzle, adjustable pressure\" src=\"https:\/\/www.magazialucostica.ro\/media\/wysiwyg\/Produse\/5eb38417a8ac4a9cafc3e00748153c83.jpg\" alt=\"Fan jet nozzle, adjustable pressure\" width=\"138\" \/><\/a><\/td>\n<td><span class=\"tlid-translation translation\" lang=\"ro\"><strong><span title=\"\">Duza cu jet de ventilator, presiune reglabila<\/span><\/strong><\/span><\/p>\n<p><span title=\"\">Duza cu jet de ventilator cu reglare a presiunii pentru curatarea rapida si eficienta a diferitelor tipuri de suprafete.<\/span><\/td>\n<\/tr>\n<tr>\n<td><a id=\"aImageFeature\" class=\"image_link\" href=\"https:\/\/www.magazialucostica.ro\/media\/wysiwyg\/Produse\/54217455ed0a494f9e8a9f8fd791550a.jpg\"><img decoding=\"async\" id=\"imgfeature\" class=\"image\" title=\"Park position\" src=\"https:\/\/www.magazialucostica.ro\/media\/wysiwyg\/Produse\/54217455ed0a494f9e8a9f8fd791550a.jpg\" alt=\"Park position\" width=\"138\" \/><\/a><\/td>\n<td><span class=\"tlid-translation translation\" lang=\"ro\"><strong><span title=\"\">Pozitia de parcare<\/span><\/strong><\/span><\/p>\n<p><span title=\"\">Lancea asamblata poate fi montata pe unealta atunci cand faceti pauze de la functionare si cand depozitati pistolul pentru o perioada mai lunga. <\/span><span title=\"\">Toate instrumentele dispun de asemenea de un suport pentru stocarea declansatorului de inalta presiune.<\/span><\/td>\n<\/tr>\n<tr>\n<td><a id=\"aImageFeature\" class=\"image_link\" href=\"https:\/\/www.magazialucostica.ro\/media\/wysiwyg\/Produse\/ecccdd6306204d7a9698eb0acbd777cd.jpg\"><img decoding=\"async\" id=\"imgfeature\" class=\"image\" title=\"Cable hook\" src=\"https:\/\/www.magazialucostica.ro\/media\/wysiwyg\/Produse\/ecccdd6306204d7a9698eb0acbd777cd.jpg\" alt=\"Cable hook\" width=\"138\" \/><\/a><\/td>\n<td><span class=\"tlid-translation translation\" lang=\"ro\"><strong><span title=\"\">Carlig pentru cablu<\/span><\/strong><\/span><\/p>\n<p><span title=\"\">Cele doua carlige de cablu permit incarcarea si depozitarea cablului corect si sigur pe unealta. <\/span><span title=\"\">Carligul de cablu portocaliu rotativ permite eliberarea intregului cablu dintr-o singura data &#8211; du-se sunt zilele de dezlegare obositoare.<\/span><\/td>\n<\/tr>\n<tr>\n<td><a id=\"aImageFeature\" class=\"image_link\" href=\"https:\/\/www.magazialucostica.ro\/media\/wysiwyg\/Produse\/30dcf0a72d7f4fd9a08d488dac2b42c1.jpg\"><img decoding=\"async\" id=\"imgfeature\" class=\"image\" title=\"Cleaning agent spray set \" src=\"https:\/\/www.magazialucostica.ro\/media\/wysiwyg\/Produse\/30dcf0a72d7f4fd9a08d488dac2b42c1.jpg\" alt=\"Cleaning agent spray set \" width=\"138\" \/><\/a><\/td>\n<td><span class=\"tlid-translation translation\" lang=\"ro\"><strong><span title=\"\">Set de pulverizare a agentului de curatare<\/span><\/strong><\/span><\/p>\n<p><span title=\"\">Setul de pulverizare livrat impreuna cu aparatul, face posibila adaugarea agentului de curatare la jetul de pulverizare, pentru a face fata murdariei incapatanate. <\/span><span title=\"\">Setul de pulverizare este usor de atasat pe lancea de pulverizare.<\/span><\/td>\n<\/tr>\n<tr>\n<td><a id=\"aImageFeature\" class=\"image_link\" href=\"https:\/\/www.magazialucostica.ro\/media\/wysiwyg\/Produse\/efb105019561422ba3e2f5a13c024da0.jpg\"><img decoding=\"async\" id=\"imgfeature\" class=\"image\" title=\"Induction motor\" src=\"https:\/\/www.magazialucostica.ro\/media\/wysiwyg\/Produse\/efb105019561422ba3e2f5a13c024da0.jpg\" alt=\"Induction motor\" width=\"138\" \/><\/a><\/td>\n<td><span class=\"tlid-translation translation\" lang=\"ro\"><strong><span title=\"\">Motor cu inductie<\/span><\/strong><\/span><\/p>\n<p><span title=\"\">Motorul robust cu inductie fara perii ofera performante superbe si durata de viata lunga.<\/span><\/td>\n<\/tr>\n<tr>\n<td><a id=\"aImageFeature\" class=\"image_link\" href=\"https:\/\/www.magazialucostica.ro\/media\/wysiwyg\/Produse\/3d52b2ca03bf481d8845376773593586.jpg\"><img decoding=\"async\" id=\"imgfeature\" class=\"image\" title=\"Aluminium high-pressure pump\" src=\"https:\/\/www.magazialucostica.ro\/media\/wysiwyg\/Produse\/3d52b2ca03bf481d8845376773593586.jpg\" alt=\"Aluminium high-pressure pump\" width=\"138\" \/><\/a><\/td>\n<td><span class=\"tlid-translation translation\" lang=\"ro\"><strong><span title=\"\">Pompa de inalta presiune din aluminiu<\/span><\/strong><\/span><\/p>\n<p><span title=\"\">Pompa de inalta presiune din aluminiu robust si durabil, de o calitate superioara.<\/span><\/td>\n<\/tr>\n<tr>\n<td><a id=\"aImageFeature\" class=\"image_link\" href=\"https:\/\/www.magazialucostica.ro\/media\/wysiwyg\/Produse\/0a6425db030a47f5b67aa85f784ababb.jpg\"><img decoding=\"async\" id=\"imgfeature\" class=\"image\" title=\"Quick-release coupling\" src=\"https:\/\/www.magazialucostica.ro\/media\/wysiwyg\/Produse\/0a6425db030a47f5b67aa85f784ababb.jpg\" alt=\"Quick-release coupling\" width=\"138\" \/><\/a><\/td>\n<td><span class=\"tlid-translation translation\" lang=\"ro\"><strong><span title=\"\">Cuplaj cu eliberare rapida<\/span><\/strong><\/span><\/p>\n<p><span title=\"\">Cuplarea cu eliberare rapida, folosita pentru conectarea furtunului de inalta presiune la aparat, usureaza asamblarea si reduce timpul de configurare.<\/span><\/td>\n<\/tr>\n<tr>\n<td><a id=\"aImageFeature\" class=\"image_link\" href=\"https:\/\/www.magazialucostica.ro\/media\/wysiwyg\/Produse\/00142554d28940b1b3aa0597781820e3.jpg\"><img decoding=\"async\" id=\"imgfeature\" class=\"image\" title=\"Anti-drill and quick-release coupling\" src=\"https:\/\/www.magazialucostica.ro\/media\/wysiwyg\/Produse\/00142554d28940b1b3aa0597781820e3.jpg\" alt=\"Anti-drill and quick-release coupling\" width=\"138\" \/><\/a><\/td>\n<td><span class=\"tlid-translation translation\" lang=\"ro\"><strong><span title=\"\">Cuplaj anti-gaurire si cu eliberare rapida<\/span><\/strong><\/span><\/p>\n<p><span title=\"\">Cuplarea anti-gaurire si cu eliberare rapida face mai usoara instalarea curatitorului de inalta presiune si impiedica sa se incurce furtunul de inalta presiune in timpul lucrului, permitand utilizarea intregii lungimi a furtunului.<\/span><\/td>\n<\/tr>\n<tr>\n<td><a id=\"aImageFeature\" class=\"image_link\" href=\"https:\/\/www.magazialucostica.ro\/media\/wysiwyg\/Produse\/d53982195e684a20a37474f4df9db479.jpg\"><img decoding=\"async\" id=\"imgfeature\" class=\"image\" title=\"Transport handle\" src=\"https:\/\/www.magazialucostica.ro\/media\/wysiwyg\/Produse\/d53982195e684a20a37474f4df9db479.jpg\" alt=\"Transport handle\" width=\"138\" \/><\/a><\/td>\n<td><span class=\"tlid-translation translation\" lang=\"ro\"><strong><span title=\"\">Maner de transport<\/span><\/strong><\/span><\/p>\n<p><span title=\"\">La fel ca si manerul superior, produsul de curatare are si un al doilea maner de transport pe partea inferioara a aparatului.<\/span><\/td>\n<\/tr>\n<tr>\n<td><a id=\"aImageFeature\" class=\"image_link\" href=\"https:\/\/www.magazialucostica.ro\/media\/wysiwyg\/Produse\/1a4383df0655471d8e39e5f674d45d02.jpg\"><img decoding=\"async\" id=\"imgfeature\" class=\"image\" title=\"Rotating spray lance\" src=\"https:\/\/www.magazialucostica.ro\/media\/wysiwyg\/Produse\/1a4383df0655471d8e39e5f674d45d02.jpg\" alt=\"Rotating spray lance\" width=\"138\" \/><\/a><\/td>\n<td><span class=\"tlid-translation translation\" lang=\"ro\"><strong><span title=\"\">Lance de pulverizare rotativa<\/span><\/strong><\/span><\/p>\n<p><span title=\"\">Lancea rotativa de pulverizare permite reglarea spray-ului de mare putere pentru a se potrivi perfect oricaror conditii de lucru.<\/span><\/td>\n<\/tr>\n<tr>\n<td><a id=\"aImageFeature\" class=\"image_link\" href=\"https:\/\/www.magazialucostica.ro\/media\/wysiwyg\/Produse\/a5909c13893248d69a78760459397199.jpg\"><img decoding=\"async\" id=\"imgfeature\" class=\"image\" title=\"Integrated wheel kit \" src=\"https:\/\/www.magazialucostica.ro\/media\/wysiwyg\/Produse\/a5909c13893248d69a78760459397199.jpg\" alt=\"Integrated wheel kit \" width=\"138\" \/><\/a><\/td>\n<td><span class=\"tlid-translation translation\" lang=\"ro\"><strong><span title=\"\">Kit integrat de roti<\/span><\/strong><\/span><\/p>\n<p><span title=\"\">Setul integrat de roti permite manevrabilitatea confortabila a curatitorului de inalta presiune.<\/span><\/td>\n<\/tr>\n<\/tbody>\n<\/table>\n<div class=\"table_legend\">\n<p><strong>Date tehnice:\u00a0<\/strong><br \/>\nTensiunea de re\u021bea V &#8211; 220-230<br \/>\nRota\u021bii (1\/min) U\/min &#8211; 20.000<br \/>\nPresiune de lucru bar &#8211; 110<br \/>\nPresiune de lucru maxima bar 1) &#8211; 150<br \/>\nDebit apa minim l\/h &#8211; 350<br \/>\nDebit apa maxim l\/h &#8211; 450<br \/>\nTemperatura apei de alimentare \u00b0C &#8211; 40<br \/>\nGreutate kg 2) &#8211; 9<br \/>\nPutere kW &#8211; 2.1<br \/>\nNivel de putere sonor\u0103 dB(A) 3) &#8211; 89<br \/>\nLungime furtun de \u00eenalt\u0103 presiune m &#8211; 7<br \/>\n1) Presiunea maxim\u0103 admis\u0103 \u00een sistem<br \/>\n2) \u00cen modul standby<br \/>\n3) Valoarea K conform RL 2006\/42\/CE = 2,0 dB(A)<\/p>\n<p>&nbsp;<\/p>\n<\/div>\n","protected":false},"excerpt":{"rendered":"<p><strong><em>Aparat de spalat cu presiune STIHL RE 100 Plus Control <\/em><\/strong>este ideal pentru curatarea vehiculelor, precum si curatarea mobilierului de gradina, aleilor sau teraselor.<\/p>\n<p><em><strong>Cod produs: RE020114546<\/strong><\/em><br \/>\n<span style=\"color: #ff0000;\"><em><a href=\"https:\/\/eurotech-iasi.ro\/magazinonline\/?attachment_id=87685\" rel=\"attachment wp-att-87685\"><img loading=\"lazy\" decoding=\"async\" class=\"wp-image-87685 aligncenter\" src=\"https:\/\/eurotech-iasi.ro\/magazinonline\/wp-content\/uploads\/2019\/06\/2-1-150x150.png\" alt=\"\" width=\"72\" height=\"72\" srcset=\"https:\/\/eurotech-iasi.ro\/magazinonline\/wp-content\/uploads\/2019\/06\/2-1-150x150.png 150w, https:\/\/eurotech-iasi.ro\/magazinonline\/wp-content\/uploads\/2019\/06\/2-1-100x100.png 100w, https:\/\/eurotech-iasi.ro\/magazinonline\/wp-content\/uploads\/2019\/06\/2-1.png 200w\" sizes=\"auto, (max-width: 72px) 100vw, 72px\" \/><\/a><\/em><\/span><\/p>\n<h5><span style=\"color: #eb782b;\"><em><strong>\u00a0<a href=\"https:\/\/eurotech-iasi.ro\/magazinonline\/termeni-si-conditii\/\">*Garan\u021bie 2 ani<\/a> + 6 luni Extra Garan\u021bie. <\/strong><\/em><\/span><\/h5>\n<h5><span style=\"color: #eb782b;\"><em><strong>\u00cenregistreaz\u0103\u00a0 produsul achizi\u021bionat de la noi, \u00een termen de <\/strong><\/em><\/span><span style=\"color: #003366;\"><em><strong>30 de zile de la cump\u0103rare<\/strong><\/em><\/span><span style=\"color: #eb782b;\"><em><strong>, pe site-ul oficial STIHL la adresa<a href=\"https:\/\/preg.stihl.com\/product?lang=RO_ro&amp;country=RO\">\u00a0preg.stihl.com<\/a> \u0219i profit\u0103 de prelungirea gratuit\u0103 a garan\u021biei cu 6 luni !<\/strong><\/em><\/span><\/h5>\n","protected":false},"featured_media":68724,"comment_status":"open","ping_status":"closed","template":"","meta":{"_acf_changed":false},"product_cat":[4387,4339,6413,6412],"product_tag":[],"woo-feed-brand":[],"class_list":{"0":"post-68714","1":"product","2":"type-product","3":"status-publish","4":"has-post-thumbnail","6":"product_brand-stihl","7":"product_cat-aparate-de-spalat-cu-presiune-turbojet","8":"product_cat-echipamente-pentru-curatenie","9":"product_cat-extra-reduceri","10":"product_cat-promotie-stihl","11":"pa_brand-stihl","12":"pa_debit-maxim-450-l-h","13":"pa_greutate-9-0-kg","14":"pa_presiune-de-lucru-110-bar","15":"pa_putere-21-kw","16":"pa_temperatura-apei-40oc","17":"pa_tensiune-230-v","19":"first","20":"instock","21":"sale","22":"shipping-taxable","23":"purchasable","24":"product-type-simple"},"acf":[],"yoast_head":"<!-- This site is optimized with the Yoast SEO plugin v27.5 - https:\/\/yoast.com\/product\/yoast-seo-wordpress\/ -->\n<title>Aparat de spalat cu presiune STIHL RE 100 Plus Control - Eurotech Iasi<\/title>\n<meta name=\"description\" content=\"Aparat de spalat cu presiune STIHL RE 100 este un turbojet cu fiabilitate inalta si un design atractiv si modern.\" \/>\n<meta name=\"robots\" content=\"index, follow, max-snippet:-1, max-image-preview:large, max-video-preview:-1\" \/>\n<link rel=\"canonical\" href=\"https:\/\/eurotech-iasi.ro\/magazinonline\/produs\/aparat-de-spalat-cu-presiune-stihl-re-100-plus-control\/\" \/>\n<meta property=\"og:locale\" content=\"ro_RO\" \/>\n<meta property=\"og:type\" content=\"article\" \/>\n<meta property=\"og:title\" content=\"Aparat de spalat cu presiune STIHL RE 100 Plus Control - Eurotech Iasi\" \/>\n<meta property=\"og:description\" content=\"Aparat de spalat cu presiune STIHL RE 100 este un turbojet cu fiabilitate inalta si un design atractiv si modern.\" \/>\n<meta property=\"og:url\" content=\"https:\/\/eurotech-iasi.ro\/magazinonline\/produs\/aparat-de-spalat-cu-presiune-stihl-re-100-plus-control\/\" \/>\n<meta property=\"og:site_name\" content=\"Eurotech Iasi\" \/>\n<meta property=\"article:publisher\" content=\"https:\/\/www.facebook.com\/EurotechIasi\/\" \/>\n<meta property=\"article:modified_time\" content=\"2026-03-09T14:31:51+00:00\" \/>\n<meta property=\"og:image\" content=\"https:\/\/eurotech-iasi.ro\/magazinonline\/wp-content\/uploads\/2020\/09\/28226-aparat-de-spalat-cu-presiune-stihl-re-100.jpg\" \/>\n\t<meta property=\"og:image:width\" content=\"710\" \/>\n\t<meta property=\"og:image:height\" content=\"710\" \/>\n\t<meta property=\"og:image:type\" content=\"image\/jpeg\" \/>\n<meta name=\"twitter:label1\" content=\"Timp estimat pentru citire\" \/>\n\t<meta name=\"twitter:data1\" content=\"3 minute\" \/>\n<script type=\"application\/ld+json\" class=\"yoast-schema-graph\">{\"@context\":\"https:\\\/\\\/schema.org\",\"@graph\":[{\"@type\":\"WebPage\",\"@id\":\"https:\\\/\\\/eurotech-iasi.ro\\\/magazinonline\\\/produs\\\/aparat-de-spalat-cu-presiune-stihl-re-100-plus-control\\\/\",\"url\":\"https:\\\/\\\/eurotech-iasi.ro\\\/magazinonline\\\/produs\\\/aparat-de-spalat-cu-presiune-stihl-re-100-plus-control\\\/\",\"name\":\"Aparat de spalat cu presiune STIHL RE 100 Plus Control - Eurotech Iasi\",\"isPartOf\":{\"@id\":\"https:\\\/\\\/eurotech-iasi.ro\\\/magazinonline\\\/#website\"},\"primaryImageOfPage\":{\"@id\":\"https:\\\/\\\/eurotech-iasi.ro\\\/magazinonline\\\/produs\\\/aparat-de-spalat-cu-presiune-stihl-re-100-plus-control\\\/#primaryimage\"},\"image\":{\"@id\":\"https:\\\/\\\/eurotech-iasi.ro\\\/magazinonline\\\/produs\\\/aparat-de-spalat-cu-presiune-stihl-re-100-plus-control\\\/#primaryimage\"},\"thumbnailUrl\":\"https:\\\/\\\/eurotech-iasi.ro\\\/magazinonline\\\/wp-content\\\/uploads\\\/2020\\\/09\\\/28226-aparat-de-spalat-cu-presiune-stihl-re-100.jpg\",\"datePublished\":\"2020-09-10T06:22:34+00:00\",\"dateModified\":\"2026-03-09T14:31:51+00:00\",\"description\":\"Aparat de spalat cu presiune STIHL RE 100 este un turbojet cu fiabilitate inalta si un design atractiv si modern.\",\"breadcrumb\":{\"@id\":\"https:\\\/\\\/eurotech-iasi.ro\\\/magazinonline\\\/produs\\\/aparat-de-spalat-cu-presiune-stihl-re-100-plus-control\\\/#breadcrumb\"},\"inLanguage\":\"ro-RO\",\"potentialAction\":[{\"@type\":\"ReadAction\",\"target\":[\"https:\\\/\\\/eurotech-iasi.ro\\\/magazinonline\\\/produs\\\/aparat-de-spalat-cu-presiune-stihl-re-100-plus-control\\\/\"]}]},{\"@type\":\"ImageObject\",\"inLanguage\":\"ro-RO\",\"@id\":\"https:\\\/\\\/eurotech-iasi.ro\\\/magazinonline\\\/produs\\\/aparat-de-spalat-cu-presiune-stihl-re-100-plus-control\\\/#primaryimage\",\"url\":\"https:\\\/\\\/eurotech-iasi.ro\\\/magazinonline\\\/wp-content\\\/uploads\\\/2020\\\/09\\\/28226-aparat-de-spalat-cu-presiune-stihl-re-100.jpg\",\"contentUrl\":\"https:\\\/\\\/eurotech-iasi.ro\\\/magazinonline\\\/wp-content\\\/uploads\\\/2020\\\/09\\\/28226-aparat-de-spalat-cu-presiune-stihl-re-100.jpg\",\"width\":710,\"height\":710},{\"@type\":\"BreadcrumbList\",\"@id\":\"https:\\\/\\\/eurotech-iasi.ro\\\/magazinonline\\\/produs\\\/aparat-de-spalat-cu-presiune-stihl-re-100-plus-control\\\/#breadcrumb\",\"itemListElement\":[{\"@type\":\"ListItem\",\"position\":1,\"name\":\"Prima pagin\u0103\",\"item\":\"https:\\\/\\\/eurotech-iasi.ro\\\/magazinonline\\\/\"},{\"@type\":\"ListItem\",\"position\":2,\"name\":\"Shop\",\"item\":\"https:\\\/\\\/eurotech-iasi.ro\\\/magazinonline\\\/shop\\\/\"},{\"@type\":\"ListItem\",\"position\":3,\"name\":\"Aparat de spalat cu presiune STIHL RE 100 Plus Control\"}]},{\"@type\":\"WebSite\",\"@id\":\"https:\\\/\\\/eurotech-iasi.ro\\\/magazinonline\\\/#website\",\"url\":\"https:\\\/\\\/eurotech-iasi.ro\\\/magazinonline\\\/\",\"name\":\"Eurotech Iasi\",\"description\":\"Cu oameni seriosi\",\"publisher\":{\"@id\":\"https:\\\/\\\/eurotech-iasi.ro\\\/magazinonline\\\/#organization\"},\"potentialAction\":[{\"@type\":\"SearchAction\",\"target\":{\"@type\":\"EntryPoint\",\"urlTemplate\":\"https:\\\/\\\/eurotech-iasi.ro\\\/magazinonline\\\/?s={search_term_string}\"},\"query-input\":{\"@type\":\"PropertyValueSpecification\",\"valueRequired\":true,\"valueName\":\"search_term_string\"}}],\"inLanguage\":\"ro-RO\"},{\"@type\":\"Organization\",\"@id\":\"https:\\\/\\\/eurotech-iasi.ro\\\/magazinonline\\\/#organization\",\"name\":\"Eurotech Iasi\",\"url\":\"https:\\\/\\\/eurotech-iasi.ro\\\/magazinonline\\\/\",\"logo\":{\"@type\":\"ImageObject\",\"inLanguage\":\"ro-RO\",\"@id\":\"https:\\\/\\\/eurotech-iasi.ro\\\/magazinonline\\\/#\\\/schema\\\/logo\\\/image\\\/\",\"url\":\"https:\\\/\\\/eurotech-iasi.ro\\\/magazinonline\\\/wp-content\\\/uploads\\\/2020\\\/08\\\/logo-eurotech.png\",\"contentUrl\":\"https:\\\/\\\/eurotech-iasi.ro\\\/magazinonline\\\/wp-content\\\/uploads\\\/2020\\\/08\\\/logo-eurotech.png\",\"width\":290,\"height\":70,\"caption\":\"Eurotech Iasi\"},\"image\":{\"@id\":\"https:\\\/\\\/eurotech-iasi.ro\\\/magazinonline\\\/#\\\/schema\\\/logo\\\/image\\\/\"},\"sameAs\":[\"https:\\\/\\\/www.facebook.com\\\/EurotechIasi\\\/\"]}]}<\/script>\n<!-- \/ Yoast SEO plugin. -->","yoast_head_json":{"title":"Aparat de spalat cu presiune STIHL RE 100 Plus Control - Eurotech Iasi","description":"Aparat de spalat cu presiune STIHL RE 100 este un turbojet cu fiabilitate inalta si un design atractiv si modern.","robots":{"index":"index","follow":"follow","max-snippet":"max-snippet:-1","max-image-preview":"max-image-preview:large","max-video-preview":"max-video-preview:-1"},"canonical":"https:\/\/eurotech-iasi.ro\/magazinonline\/produs\/aparat-de-spalat-cu-presiune-stihl-re-100-plus-control\/","og_locale":"ro_RO","og_type":"article","og_title":"Aparat de spalat cu presiune STIHL RE 100 Plus Control - Eurotech Iasi","og_description":"Aparat de spalat cu presiune STIHL RE 100 este un turbojet cu fiabilitate inalta si un design atractiv si modern.","og_url":"https:\/\/eurotech-iasi.ro\/magazinonline\/produs\/aparat-de-spalat-cu-presiune-stihl-re-100-plus-control\/","og_site_name":"Eurotech Iasi","article_publisher":"https:\/\/www.facebook.com\/EurotechIasi\/","article_modified_time":"2026-03-09T14:31:51+00:00","og_image":[{"width":710,"height":710,"url":"https:\/\/eurotech-iasi.ro\/magazinonline\/wp-content\/uploads\/2020\/09\/28226-aparat-de-spalat-cu-presiune-stihl-re-100.jpg","type":"image\/jpeg"}],"twitter_misc":{"Timp estimat pentru citire":"3 minute"},"schema":{"@context":"https:\/\/schema.org","@graph":[{"@type":"WebPage","@id":"https:\/\/eurotech-iasi.ro\/magazinonline\/produs\/aparat-de-spalat-cu-presiune-stihl-re-100-plus-control\/","url":"https:\/\/eurotech-iasi.ro\/magazinonline\/produs\/aparat-de-spalat-cu-presiune-stihl-re-100-plus-control\/","name":"Aparat de spalat cu presiune STIHL RE 100 Plus Control - Eurotech Iasi","isPartOf":{"@id":"https:\/\/eurotech-iasi.ro\/magazinonline\/#website"},"primaryImageOfPage":{"@id":"https:\/\/eurotech-iasi.ro\/magazinonline\/produs\/aparat-de-spalat-cu-presiune-stihl-re-100-plus-control\/#primaryimage"},"image":{"@id":"https:\/\/eurotech-iasi.ro\/magazinonline\/produs\/aparat-de-spalat-cu-presiune-stihl-re-100-plus-control\/#primaryimage"},"thumbnailUrl":"https:\/\/eurotech-iasi.ro\/magazinonline\/wp-content\/uploads\/2020\/09\/28226-aparat-de-spalat-cu-presiune-stihl-re-100.jpg","datePublished":"2020-09-10T06:22:34+00:00","dateModified":"2026-03-09T14:31:51+00:00","description":"Aparat de spalat cu presiune STIHL RE 100 este un turbojet cu fiabilitate inalta si un design atractiv si modern.","breadcrumb":{"@id":"https:\/\/eurotech-iasi.ro\/magazinonline\/produs\/aparat-de-spalat-cu-presiune-stihl-re-100-plus-control\/#breadcrumb"},"inLanguage":"ro-RO","potentialAction":[{"@type":"ReadAction","target":["https:\/\/eurotech-iasi.ro\/magazinonline\/produs\/aparat-de-spalat-cu-presiune-stihl-re-100-plus-control\/"]}]},{"@type":"ImageObject","inLanguage":"ro-RO","@id":"https:\/\/eurotech-iasi.ro\/magazinonline\/produs\/aparat-de-spalat-cu-presiune-stihl-re-100-plus-control\/#primaryimage","url":"https:\/\/eurotech-iasi.ro\/magazinonline\/wp-content\/uploads\/2020\/09\/28226-aparat-de-spalat-cu-presiune-stihl-re-100.jpg","contentUrl":"https:\/\/eurotech-iasi.ro\/magazinonline\/wp-content\/uploads\/2020\/09\/28226-aparat-de-spalat-cu-presiune-stihl-re-100.jpg","width":710,"height":710},{"@type":"BreadcrumbList","@id":"https:\/\/eurotech-iasi.ro\/magazinonline\/produs\/aparat-de-spalat-cu-presiune-stihl-re-100-plus-control\/#breadcrumb","itemListElement":[{"@type":"ListItem","position":1,"name":"Prima pagin\u0103","item":"https:\/\/eurotech-iasi.ro\/magazinonline\/"},{"@type":"ListItem","position":2,"name":"Shop","item":"https:\/\/eurotech-iasi.ro\/magazinonline\/shop\/"},{"@type":"ListItem","position":3,"name":"Aparat de spalat cu presiune STIHL RE 100 Plus Control"}]},{"@type":"WebSite","@id":"https:\/\/eurotech-iasi.ro\/magazinonline\/#website","url":"https:\/\/eurotech-iasi.ro\/magazinonline\/","name":"Eurotech Iasi","description":"Cu oameni seriosi","publisher":{"@id":"https:\/\/eurotech-iasi.ro\/magazinonline\/#organization"},"potentialAction":[{"@type":"SearchAction","target":{"@type":"EntryPoint","urlTemplate":"https:\/\/eurotech-iasi.ro\/magazinonline\/?s={search_term_string}"},"query-input":{"@type":"PropertyValueSpecification","valueRequired":true,"valueName":"search_term_string"}}],"inLanguage":"ro-RO"},{"@type":"Organization","@id":"https:\/\/eurotech-iasi.ro\/magazinonline\/#organization","name":"Eurotech Iasi","url":"https:\/\/eurotech-iasi.ro\/magazinonline\/","logo":{"@type":"ImageObject","inLanguage":"ro-RO","@id":"https:\/\/eurotech-iasi.ro\/magazinonline\/#\/schema\/logo\/image\/","url":"https:\/\/eurotech-iasi.ro\/magazinonline\/wp-content\/uploads\/2020\/08\/logo-eurotech.png","contentUrl":"https:\/\/eurotech-iasi.ro\/magazinonline\/wp-content\/uploads\/2020\/08\/logo-eurotech.png","width":290,"height":70,"caption":"Eurotech Iasi"},"image":{"@id":"https:\/\/eurotech-iasi.ro\/magazinonline\/#\/schema\/logo\/image\/"},"sameAs":["https:\/\/www.facebook.com\/EurotechIasi\/"]}]}},"_links":{"self":[{"href":"https:\/\/eurotech-iasi.ro\/magazinonline\/wp-json\/wp\/v2\/product\/68714","targetHints":{"allow":["GET"]}}],"collection":[{"href":"https:\/\/eurotech-iasi.ro\/magazinonline\/wp-json\/wp\/v2\/product"}],"about":[{"href":"https:\/\/eurotech-iasi.ro\/magazinonline\/wp-json\/wp\/v2\/types\/product"}],"replies":[{"embeddable":true,"href":"https:\/\/eurotech-iasi.ro\/magazinonline\/wp-json\/wp\/v2\/comments?post=68714"}],"wp:featuredmedia":[{"embeddable":true,"href":"https:\/\/eurotech-iasi.ro\/magazinonline\/wp-json\/wp\/v2\/media\/68724"}],"wp:attachment":[{"href":"https:\/\/eurotech-iasi.ro\/magazinonline\/wp-json\/wp\/v2\/media?parent=68714"}],"wp:term":[{"taxonomy":"product_cat","embeddable":true,"href":"https:\/\/eurotech-iasi.ro\/magazinonline\/wp-json\/wp\/v2\/product_cat?post=68714"},{"taxonomy":"product_tag","embeddable":true,"href":"https:\/\/eurotech-iasi.ro\/magazinonline\/wp-json\/wp\/v2\/product_tag?post=68714"},{"taxonomy":"woo-feed-brand","embeddable":true,"href":"https:\/\/eurotech-iasi.ro\/magazinonline\/wp-json\/wp\/v2\/woo-feed-brand?post=68714"}],"curies":[{"name":"wp","href":"https:\/\/api.w.org\/{rel}","templated":true}]}}