{"id":69489,"date":"2020-11-23T16:56:18","date_gmt":"2020-11-23T14:56:18","guid":{"rendered":"https:\/\/eurotech-iasi.ro\/magazinonline\/?post_type=product&#038;p=69489"},"modified":"2025-12-31T11:22:09","modified_gmt":"2025-12-31T09:22:09","slug":"masina-de-gaurit-cu-percutie-bosch-gsb-18v-50","status":"publish","type":"product","link":"https:\/\/eurotech-iasi.ro\/magazinonline\/produs\/masina-de-gaurit-cu-percutie-bosch-gsb-18v-50\/","title":{"rendered":"Masina de gaurit cu percutie BOSCH GSB 18V-50"},"content":{"rendered":"<p><a title=\"Masina de gaurit cu percutie BOSCH GSB 18V-50\" href=\"https:\/\/eurotech-iasi.ro\/magazinonline\/produs\/masina-de-gaurit-cu-percutie-bosch-gsb-18v-50\/\" rel=\"nofollow\"><strong>Masina de gaurit cu percutie BOSCH GSB 18V-50 <\/strong><\/a> cu acumulator este puternica, asigura durabilitate si flexibilitate in cazul lucrarilor dificile, de exemplu in cazul gauririi, gauririi cu percutie si infiletarii in lemn, metal si zidarie. Motorul sau fara perii inteligent comunica in mod direct cu componentele electronice ale sculei, asigurand productivitate optimizata si o durata lunga de utilizare. Mandrina din metal si designul ergonomic al masinii de gaurit cu percutie ii ofera un aspect compact si robust pentru utilizare cu usurinta in cazul lucrarilor dificile. Este compatibila cu toti acumulatorii Bosch Professional 18 V (Flexible Power System), asigurand confort chiar si in cazul celor mai solicitante proiecte, de la inceput pana la sfarsit.<\/p>\n<h2><strong>Specificatii tehnice &#8211; Masina de gaurit cu percutie BOSCH GSB 18V-50:<\/strong><\/h2>\n<p><strong>Tensiune acumulator:\u00a0<\/strong>18.0 V<br \/>\n<strong>Capacitate acumulator:\u00a0<\/strong>2.0 Ah<br \/>\n<strong>Tip acumulator:\u00a0<\/strong>Li &#8211; Ion<br \/>\n<strong>Numar acumulatori:\u00a0<\/strong>2<br \/>\n<strong>Turatie:\u00a0<\/strong>Reglabila<br \/>\n<strong>Trepte de viteza:\u00a0<\/strong>2<br \/>\n<strong>Turatie:\u00a0<\/strong>Treapta I: 0 &#8211; 460 rpm \/ Treapta II: 0 &#8211; 1800 rpm<br \/>\n<strong>Diametru maxim suruburi:\u00a0<\/strong>10 mm<br \/>\n<strong>Diametru max. gaurire otel:\u00a0<\/strong>13 mm<br \/>\n<strong>Diametru max. gaurire lemn:\u00a0<\/strong>35 mm<br \/>\n<strong>Diametru max. gaurire zidarie:\u00a0<\/strong>13 mm<br \/>\n<strong>Moment max. strangere:\u00a0<\/strong>50 Nm<br \/>\n<strong>Domeniu de prindere mandrina:\u00a0<\/strong>1.5 &#8211; 13 mm<br \/>\n<strong>Greutate:\u00a0<\/strong>1.10 kg<br \/>\n<strong>Numar maxim de percutii:\u00a0<\/strong>27000 bpm<\/p>\n<p><strong>Set de livrare:<\/strong><\/p>\n<ul>\n<li>2 x acumulatori GBA 18V 2.0 Ah<\/li>\n<li>Incarcator GAL 18V-20 Professional<\/li>\n<li>Valiza de transport L-CASE<\/li>\n<\/ul>\n<p><iframe loading=\"lazy\" title=\"YouTube video player\" src=\"https:\/\/www.youtube.com\/embed\/ycRwRyBEGdY\" width=\"560\" height=\"315\" frameborder=\"0\" allowfullscreen=\"allowfullscreen\"><\/iframe><\/p>\n","protected":false},"excerpt":{"rendered":"<p><em><strong>Masina de gaurit cu percutie BOSCH GSB 18V-50\u00a0<\/strong><\/em>ideala pentru lucrari in regim greu de lucru. Motorul f\u0103r\u0103 perii este robust si ii confera durabilitate \u015fi flexibilitate.<\/p>\n<p><em><strong>Cod produs: 06019H5100<\/strong><\/em><\/p>\n","protected":false},"featured_media":76680,"comment_status":"open","ping_status":"closed","template":"","meta":{"_acf_changed":false},"product_cat":[4320,4335],"product_tag":[],"woo-feed-brand":[],"class_list":{"0":"post-69489","1":"product","2":"type-product","3":"status-publish","4":"has-post-thumbnail","6":"product_brand-bosch","7":"product_cat-masini-de-gaurit-cu-percutie","8":"product_cat-scule-electrice-cu-acumulatori","9":"pa_brand-bosch","11":"first","12":"instock","13":"shipping-taxable","14":"purchasable","15":"product-type-simple"},"acf":[],"yoast_head":"<!-- This site is optimized with the Yoast SEO plugin v27.3 - https:\/\/yoast.com\/product\/yoast-seo-wordpress\/ -->\n<title>Masina de gaurit cu percutie BOSCH GSB 18V-50 - Eurotech Iasi<\/title>\n<meta name=\"robots\" content=\"index, follow, max-snippet:-1, max-image-preview:large, max-video-preview:-1\" \/>\n<link rel=\"canonical\" href=\"https:\/\/eurotech-iasi.ro\/magazinonline\/produs\/masina-de-gaurit-cu-percutie-bosch-gsb-18v-50\/\" \/>\n<meta property=\"og:locale\" content=\"ro_RO\" \/>\n<meta property=\"og:type\" content=\"article\" \/>\n<meta property=\"og:title\" content=\"Masina de gaurit cu percutie BOSCH GSB 18V-50 - Eurotech Iasi\" \/>\n<meta property=\"og:description\" content=\"Masina de gaurit cu percutie BOSCH GSB 18V-50\u00a0ideala pentru lucrari in regim greu de lucru. Motorul f\u0103r\u0103 perii este robust si ii confera durabilitate \u015fi flexibilitate.  Cod produs: 06019H5100\" \/>\n<meta property=\"og:url\" content=\"https:\/\/eurotech-iasi.ro\/magazinonline\/produs\/masina-de-gaurit-cu-percutie-bosch-gsb-18v-50\/\" \/>\n<meta property=\"og:site_name\" content=\"Eurotech Iasi\" \/>\n<meta property=\"article:publisher\" content=\"https:\/\/www.facebook.com\/EurotechIasi\/\" \/>\n<meta property=\"article:modified_time\" content=\"2025-12-31T09:22:09+00:00\" \/>\n<meta property=\"og:image\" content=\"https:\/\/eurotech-iasi.ro\/magazinonline\/wp-content\/uploads\/2022\/10\/Masina-de-gaurit-cu-percutie-BOSCH-GSB-18V-50-2.png\" \/>\n\t<meta property=\"og:image:width\" content=\"750\" \/>\n\t<meta property=\"og:image:height\" content=\"750\" \/>\n\t<meta property=\"og:image:type\" content=\"image\/png\" \/>\n<meta name=\"twitter:label1\" content=\"Timp estimat pentru citire\" \/>\n\t<meta name=\"twitter:data1\" content=\"1 minut\" \/>\n<script type=\"application\/ld+json\" class=\"yoast-schema-graph\">{\"@context\":\"https:\\\/\\\/schema.org\",\"@graph\":[{\"@type\":\"WebPage\",\"@id\":\"https:\\\/\\\/eurotech-iasi.ro\\\/magazinonline\\\/produs\\\/masina-de-gaurit-cu-percutie-bosch-gsb-18v-50\\\/\",\"url\":\"https:\\\/\\\/eurotech-iasi.ro\\\/magazinonline\\\/produs\\\/masina-de-gaurit-cu-percutie-bosch-gsb-18v-50\\\/\",\"name\":\"Masina de gaurit cu percutie BOSCH GSB 18V-50 - Eurotech Iasi\",\"isPartOf\":{\"@id\":\"https:\\\/\\\/eurotech-iasi.ro\\\/magazinonline\\\/#website\"},\"primaryImageOfPage\":{\"@id\":\"https:\\\/\\\/eurotech-iasi.ro\\\/magazinonline\\\/produs\\\/masina-de-gaurit-cu-percutie-bosch-gsb-18v-50\\\/#primaryimage\"},\"image\":{\"@id\":\"https:\\\/\\\/eurotech-iasi.ro\\\/magazinonline\\\/produs\\\/masina-de-gaurit-cu-percutie-bosch-gsb-18v-50\\\/#primaryimage\"},\"thumbnailUrl\":\"https:\\\/\\\/eurotech-iasi.ro\\\/magazinonline\\\/wp-content\\\/uploads\\\/2022\\\/10\\\/Masina-de-gaurit-cu-percutie-BOSCH-GSB-18V-50-2.png\",\"datePublished\":\"2020-11-23T14:56:18+00:00\",\"dateModified\":\"2025-12-31T09:22:09+00:00\",\"breadcrumb\":{\"@id\":\"https:\\\/\\\/eurotech-iasi.ro\\\/magazinonline\\\/produs\\\/masina-de-gaurit-cu-percutie-bosch-gsb-18v-50\\\/#breadcrumb\"},\"inLanguage\":\"ro-RO\",\"potentialAction\":[{\"@type\":\"ReadAction\",\"target\":[\"https:\\\/\\\/eurotech-iasi.ro\\\/magazinonline\\\/produs\\\/masina-de-gaurit-cu-percutie-bosch-gsb-18v-50\\\/\"]}]},{\"@type\":\"ImageObject\",\"inLanguage\":\"ro-RO\",\"@id\":\"https:\\\/\\\/eurotech-iasi.ro\\\/magazinonline\\\/produs\\\/masina-de-gaurit-cu-percutie-bosch-gsb-18v-50\\\/#primaryimage\",\"url\":\"https:\\\/\\\/eurotech-iasi.ro\\\/magazinonline\\\/wp-content\\\/uploads\\\/2022\\\/10\\\/Masina-de-gaurit-cu-percutie-BOSCH-GSB-18V-50-2.png\",\"contentUrl\":\"https:\\\/\\\/eurotech-iasi.ro\\\/magazinonline\\\/wp-content\\\/uploads\\\/2022\\\/10\\\/Masina-de-gaurit-cu-percutie-BOSCH-GSB-18V-50-2.png\",\"width\":750,\"height\":750,\"caption\":\"Masina de gaurit cu percutie BOSCH GSB 18V-50\"},{\"@type\":\"BreadcrumbList\",\"@id\":\"https:\\\/\\\/eurotech-iasi.ro\\\/magazinonline\\\/produs\\\/masina-de-gaurit-cu-percutie-bosch-gsb-18v-50\\\/#breadcrumb\",\"itemListElement\":[{\"@type\":\"ListItem\",\"position\":1,\"name\":\"Prima pagin\u0103\",\"item\":\"https:\\\/\\\/eurotech-iasi.ro\\\/magazinonline\\\/\"},{\"@type\":\"ListItem\",\"position\":2,\"name\":\"Shop\",\"item\":\"https:\\\/\\\/eurotech-iasi.ro\\\/magazinonline\\\/shop\\\/\"},{\"@type\":\"ListItem\",\"position\":3,\"name\":\"Masina de gaurit cu percutie BOSCH GSB 18V-50\"}]},{\"@type\":\"WebSite\",\"@id\":\"https:\\\/\\\/eurotech-iasi.ro\\\/magazinonline\\\/#website\",\"url\":\"https:\\\/\\\/eurotech-iasi.ro\\\/magazinonline\\\/\",\"name\":\"Eurotech Iasi\",\"description\":\"Cu oameni seriosi\",\"publisher\":{\"@id\":\"https:\\\/\\\/eurotech-iasi.ro\\\/magazinonline\\\/#organization\"},\"potentialAction\":[{\"@type\":\"SearchAction\",\"target\":{\"@type\":\"EntryPoint\",\"urlTemplate\":\"https:\\\/\\\/eurotech-iasi.ro\\\/magazinonline\\\/?s={search_term_string}\"},\"query-input\":{\"@type\":\"PropertyValueSpecification\",\"valueRequired\":true,\"valueName\":\"search_term_string\"}}],\"inLanguage\":\"ro-RO\"},{\"@type\":\"Organization\",\"@id\":\"https:\\\/\\\/eurotech-iasi.ro\\\/magazinonline\\\/#organization\",\"name\":\"Eurotech Iasi\",\"url\":\"https:\\\/\\\/eurotech-iasi.ro\\\/magazinonline\\\/\",\"logo\":{\"@type\":\"ImageObject\",\"inLanguage\":\"ro-RO\",\"@id\":\"https:\\\/\\\/eurotech-iasi.ro\\\/magazinonline\\\/#\\\/schema\\\/logo\\\/image\\\/\",\"url\":\"https:\\\/\\\/eurotech-iasi.ro\\\/magazinonline\\\/wp-content\\\/uploads\\\/2020\\\/08\\\/logo-eurotech.png\",\"contentUrl\":\"https:\\\/\\\/eurotech-iasi.ro\\\/magazinonline\\\/wp-content\\\/uploads\\\/2020\\\/08\\\/logo-eurotech.png\",\"width\":290,\"height\":70,\"caption\":\"Eurotech Iasi\"},\"image\":{\"@id\":\"https:\\\/\\\/eurotech-iasi.ro\\\/magazinonline\\\/#\\\/schema\\\/logo\\\/image\\\/\"},\"sameAs\":[\"https:\\\/\\\/www.facebook.com\\\/EurotechIasi\\\/\"]}]}<\/script>\n<!-- \/ Yoast SEO plugin. -->","yoast_head_json":{"title":"Masina de gaurit cu percutie BOSCH GSB 18V-50 - Eurotech Iasi","robots":{"index":"index","follow":"follow","max-snippet":"max-snippet:-1","max-image-preview":"max-image-preview:large","max-video-preview":"max-video-preview:-1"},"canonical":"https:\/\/eurotech-iasi.ro\/magazinonline\/produs\/masina-de-gaurit-cu-percutie-bosch-gsb-18v-50\/","og_locale":"ro_RO","og_type":"article","og_title":"Masina de gaurit cu percutie BOSCH GSB 18V-50 - Eurotech Iasi","og_description":"Masina de gaurit cu percutie BOSCH GSB 18V-50\u00a0ideala pentru lucrari in regim greu de lucru. Motorul f\u0103r\u0103 perii este robust si ii confera durabilitate \u015fi flexibilitate.  Cod produs: 06019H5100","og_url":"https:\/\/eurotech-iasi.ro\/magazinonline\/produs\/masina-de-gaurit-cu-percutie-bosch-gsb-18v-50\/","og_site_name":"Eurotech Iasi","article_publisher":"https:\/\/www.facebook.com\/EurotechIasi\/","article_modified_time":"2025-12-31T09:22:09+00:00","og_image":[{"width":750,"height":750,"url":"https:\/\/eurotech-iasi.ro\/magazinonline\/wp-content\/uploads\/2022\/10\/Masina-de-gaurit-cu-percutie-BOSCH-GSB-18V-50-2.png","type":"image\/png"}],"twitter_misc":{"Timp estimat pentru citire":"1 minut"},"schema":{"@context":"https:\/\/schema.org","@graph":[{"@type":"WebPage","@id":"https:\/\/eurotech-iasi.ro\/magazinonline\/produs\/masina-de-gaurit-cu-percutie-bosch-gsb-18v-50\/","url":"https:\/\/eurotech-iasi.ro\/magazinonline\/produs\/masina-de-gaurit-cu-percutie-bosch-gsb-18v-50\/","name":"Masina de gaurit cu percutie BOSCH GSB 18V-50 - Eurotech Iasi","isPartOf":{"@id":"https:\/\/eurotech-iasi.ro\/magazinonline\/#website"},"primaryImageOfPage":{"@id":"https:\/\/eurotech-iasi.ro\/magazinonline\/produs\/masina-de-gaurit-cu-percutie-bosch-gsb-18v-50\/#primaryimage"},"image":{"@id":"https:\/\/eurotech-iasi.ro\/magazinonline\/produs\/masina-de-gaurit-cu-percutie-bosch-gsb-18v-50\/#primaryimage"},"thumbnailUrl":"https:\/\/eurotech-iasi.ro\/magazinonline\/wp-content\/uploads\/2022\/10\/Masina-de-gaurit-cu-percutie-BOSCH-GSB-18V-50-2.png","datePublished":"2020-11-23T14:56:18+00:00","dateModified":"2025-12-31T09:22:09+00:00","breadcrumb":{"@id":"https:\/\/eurotech-iasi.ro\/magazinonline\/produs\/masina-de-gaurit-cu-percutie-bosch-gsb-18v-50\/#breadcrumb"},"inLanguage":"ro-RO","potentialAction":[{"@type":"ReadAction","target":["https:\/\/eurotech-iasi.ro\/magazinonline\/produs\/masina-de-gaurit-cu-percutie-bosch-gsb-18v-50\/"]}]},{"@type":"ImageObject","inLanguage":"ro-RO","@id":"https:\/\/eurotech-iasi.ro\/magazinonline\/produs\/masina-de-gaurit-cu-percutie-bosch-gsb-18v-50\/#primaryimage","url":"https:\/\/eurotech-iasi.ro\/magazinonline\/wp-content\/uploads\/2022\/10\/Masina-de-gaurit-cu-percutie-BOSCH-GSB-18V-50-2.png","contentUrl":"https:\/\/eurotech-iasi.ro\/magazinonline\/wp-content\/uploads\/2022\/10\/Masina-de-gaurit-cu-percutie-BOSCH-GSB-18V-50-2.png","width":750,"height":750,"caption":"Masina de gaurit cu percutie BOSCH GSB 18V-50"},{"@type":"BreadcrumbList","@id":"https:\/\/eurotech-iasi.ro\/magazinonline\/produs\/masina-de-gaurit-cu-percutie-bosch-gsb-18v-50\/#breadcrumb","itemListElement":[{"@type":"ListItem","position":1,"name":"Prima pagin\u0103","item":"https:\/\/eurotech-iasi.ro\/magazinonline\/"},{"@type":"ListItem","position":2,"name":"Shop","item":"https:\/\/eurotech-iasi.ro\/magazinonline\/shop\/"},{"@type":"ListItem","position":3,"name":"Masina de gaurit cu percutie BOSCH GSB 18V-50"}]},{"@type":"WebSite","@id":"https:\/\/eurotech-iasi.ro\/magazinonline\/#website","url":"https:\/\/eurotech-iasi.ro\/magazinonline\/","name":"Eurotech Iasi","description":"Cu oameni seriosi","publisher":{"@id":"https:\/\/eurotech-iasi.ro\/magazinonline\/#organization"},"potentialAction":[{"@type":"SearchAction","target":{"@type":"EntryPoint","urlTemplate":"https:\/\/eurotech-iasi.ro\/magazinonline\/?s={search_term_string}"},"query-input":{"@type":"PropertyValueSpecification","valueRequired":true,"valueName":"search_term_string"}}],"inLanguage":"ro-RO"},{"@type":"Organization","@id":"https:\/\/eurotech-iasi.ro\/magazinonline\/#organization","name":"Eurotech Iasi","url":"https:\/\/eurotech-iasi.ro\/magazinonline\/","logo":{"@type":"ImageObject","inLanguage":"ro-RO","@id":"https:\/\/eurotech-iasi.ro\/magazinonline\/#\/schema\/logo\/image\/","url":"https:\/\/eurotech-iasi.ro\/magazinonline\/wp-content\/uploads\/2020\/08\/logo-eurotech.png","contentUrl":"https:\/\/eurotech-iasi.ro\/magazinonline\/wp-content\/uploads\/2020\/08\/logo-eurotech.png","width":290,"height":70,"caption":"Eurotech Iasi"},"image":{"@id":"https:\/\/eurotech-iasi.ro\/magazinonline\/#\/schema\/logo\/image\/"},"sameAs":["https:\/\/www.facebook.com\/EurotechIasi\/"]}]}},"_links":{"self":[{"href":"https:\/\/eurotech-iasi.ro\/magazinonline\/wp-json\/wp\/v2\/product\/69489","targetHints":{"allow":["GET"]}}],"collection":[{"href":"https:\/\/eurotech-iasi.ro\/magazinonline\/wp-json\/wp\/v2\/product"}],"about":[{"href":"https:\/\/eurotech-iasi.ro\/magazinonline\/wp-json\/wp\/v2\/types\/product"}],"replies":[{"embeddable":true,"href":"https:\/\/eurotech-iasi.ro\/magazinonline\/wp-json\/wp\/v2\/comments?post=69489"}],"wp:featuredmedia":[{"embeddable":true,"href":"https:\/\/eurotech-iasi.ro\/magazinonline\/wp-json\/wp\/v2\/media\/76680"}],"wp:attachment":[{"href":"https:\/\/eurotech-iasi.ro\/magazinonline\/wp-json\/wp\/v2\/media?parent=69489"}],"wp:term":[{"taxonomy":"product_cat","embeddable":true,"href":"https:\/\/eurotech-iasi.ro\/magazinonline\/wp-json\/wp\/v2\/product_cat?post=69489"},{"taxonomy":"product_tag","embeddable":true,"href":"https:\/\/eurotech-iasi.ro\/magazinonline\/wp-json\/wp\/v2\/product_tag?post=69489"},{"taxonomy":"woo-feed-brand","embeddable":true,"href":"https:\/\/eurotech-iasi.ro\/magazinonline\/wp-json\/wp\/v2\/woo-feed-brand?post=69489"}],"curies":[{"name":"wp","href":"https:\/\/api.w.org\/{rel}","templated":true}]}}