{"id":69933,"date":"2021-01-14T13:02:15","date_gmt":"2021-01-14T11:02:15","guid":{"rendered":"https:\/\/eurotech-iasi.ro\/magazinonline\/?post_type=product&#038;p=69933"},"modified":"2025-08-06T14:24:54","modified_gmt":"2025-08-06T11:24:54","slug":"pompa-submersibila-apa-murdara-makita-pf1010","status":"publish","type":"product","link":"https:\/\/eurotech-iasi.ro\/magazinonline\/produs\/pompa-submersibila-apa-murdara-makita-pf1010\/","title":{"rendered":"Pompa submersibila apa murdara MAKITA PF1010"},"content":{"rendered":"<p><strong>Pompa submersibila apa murdara MAKITA PF1010<\/strong> cu o putere de 1.100 W\u00a0ideala pentru golirea apei murdare din iazuri de gradina si bazine mari. Aceasta are dimensiunea maxima a particulelor admise de 35mm.<\/p>\n<h2>Beneficii utilizator &#8211; Pompa submersibila apa murdara MAKITA PF1010:<\/h2>\n<div class=\"usp-container\">\n<ul>\n<li class=\"usp\">Recomandat\u0103 pentru ap\u0103 murdar\u0103 din beciuri inundate \u0219i iazuri de gr\u0103din\u0103.<\/li>\n<li class=\"usp\">Flotor ajustabil pe ad\u00e2ncime.<\/li>\n<li class=\"usp\">Garintur\u0103 dubl\u0103 asigur\u0103 o perioad\u0103 lung\u0103 de utilizare a motorului.<\/li>\n<\/ul>\n<h3>Specificatii tehnice &#8211; Pompa submersibila apa murdara MAKITA PF1010:<\/h3>\n<ul>\n<li>Putere &#8211; 1100 W<\/li>\n<li>Diametru particule absorbite &#8211; 35 mm<\/li>\n<li>Diametru descarcare &#8211; 30 mm (1-3\/16&#8243;) &#8220;<\/li>\n<li>Debit maxim (L\/h) &#8211; 240 L\/min ; 14,400 l\/h<\/li>\n<li>Tip carcasa &#8211; Plastic<\/li>\n<li>Adancimea de imersie &#8211; 5 m<\/li>\n<li>Inal\u0163ime de refulare &#8211; 10 m<\/li>\n<li>Tip apa &#8211; Murdara<\/li>\n<li>Dimensiuni (L x l x H) &#8211; 160 x 168 x 380 mm<\/li>\n<li>Lungime cablu de alimentare &#8211; 10 m<\/li>\n<li>Greutate (EPTA) &#8211; 6.6 kg<\/li>\n<\/ul>\n<\/div>\n","protected":false},"excerpt":{"rendered":"<p><strong>Pompa submersibila apa murdara MAKITA PF1010<\/strong> cu o putere de 1.100 W\u00a0ideala pentru golirea apei murdare din iazuri de gradina si bazine mari. Aceasta are dimensiunea maxima a particulelor admise de 35mm.<\/p>\n<p><strong>Cod produs: PF1010<\/strong><\/p>\n","protected":false},"featured_media":97484,"comment_status":"open","ping_status":"closed","template":"","meta":{"_acf_changed":false},"product_cat":[4408,4341],"product_tag":[],"woo-feed-brand":[],"class_list":{"0":"post-69933","1":"product","2":"type-product","3":"status-publish","4":"has-post-thumbnail","6":"product_brand-makita","7":"product_cat-pompe-submersibila","8":"product_cat-pompe-motopompe-hidrofoare","9":"pa_adancime-max-de-imersie-5-m","10":"pa_brand-makita","11":"pa_debit-maxim-14-400-l-h","12":"pa_dimensiune-160x168x380-mm","13":"pa_greutate-66-kg","14":"pa_inaltime-maxima-refulare-10-m","15":"pa_lungime-cablu-10-m","16":"pa_putere-absorbita-1-100-w","18":"first","19":"instock","20":"shipping-taxable","21":"purchasable","22":"product-type-simple"},"acf":[],"yoast_head":"<!-- This site is optimized with the Yoast SEO plugin v27.3 - https:\/\/yoast.com\/product\/yoast-seo-wordpress\/ -->\n<title>Pompa submersibila apa murdara MAKITA PF1010 - Eurotech Iasi<\/title>\n<meta name=\"robots\" content=\"index, follow, max-snippet:-1, max-image-preview:large, max-video-preview:-1\" \/>\n<link rel=\"canonical\" href=\"https:\/\/eurotech-iasi.ro\/magazinonline\/produs\/pompa-submersibila-apa-murdara-makita-pf1010\/\" \/>\n<meta property=\"og:locale\" content=\"ro_RO\" \/>\n<meta property=\"og:type\" content=\"article\" \/>\n<meta property=\"og:title\" content=\"Pompa submersibila apa murdara MAKITA PF1010 - Eurotech Iasi\" \/>\n<meta property=\"og:description\" content=\"Pompa submersibila apa murdara MAKITA PF1010 cu o putere de 1.100 W\u00a0ideala pentru golirea apei murdare din iazuri de gradina si bazine mari. Aceasta are dimensiunea maxima a particulelor admise de 35mm.  Cod produs: PF1010\" \/>\n<meta property=\"og:url\" content=\"https:\/\/eurotech-iasi.ro\/magazinonline\/produs\/pompa-submersibila-apa-murdara-makita-pf1010\/\" \/>\n<meta property=\"og:site_name\" content=\"Eurotech Iasi\" \/>\n<meta property=\"article:publisher\" content=\"https:\/\/www.facebook.com\/EurotechIasi\/\" \/>\n<meta property=\"article:modified_time\" content=\"2025-08-06T11:24:54+00:00\" \/>\n<meta property=\"og:image\" content=\"https:\/\/eurotech-iasi.ro\/magazinonline\/wp-content\/uploads\/2021\/01\/pompa_submersibila_makita_pf1010_1.jpg\" \/>\n\t<meta property=\"og:image:width\" content=\"560\" \/>\n\t<meta property=\"og:image:height\" content=\"560\" \/>\n\t<meta property=\"og:image:type\" content=\"image\/jpeg\" \/>\n<meta name=\"twitter:label1\" content=\"Timp estimat pentru citire\" \/>\n\t<meta name=\"twitter:data1\" content=\"1 minut\" \/>\n<script type=\"application\/ld+json\" class=\"yoast-schema-graph\">{\"@context\":\"https:\\\/\\\/schema.org\",\"@graph\":[{\"@type\":\"WebPage\",\"@id\":\"https:\\\/\\\/eurotech-iasi.ro\\\/magazinonline\\\/produs\\\/pompa-submersibila-apa-murdara-makita-pf1010\\\/\",\"url\":\"https:\\\/\\\/eurotech-iasi.ro\\\/magazinonline\\\/produs\\\/pompa-submersibila-apa-murdara-makita-pf1010\\\/\",\"name\":\"Pompa submersibila apa murdara MAKITA PF1010 - Eurotech Iasi\",\"isPartOf\":{\"@id\":\"https:\\\/\\\/eurotech-iasi.ro\\\/magazinonline\\\/#website\"},\"primaryImageOfPage\":{\"@id\":\"https:\\\/\\\/eurotech-iasi.ro\\\/magazinonline\\\/produs\\\/pompa-submersibila-apa-murdara-makita-pf1010\\\/#primaryimage\"},\"image\":{\"@id\":\"https:\\\/\\\/eurotech-iasi.ro\\\/magazinonline\\\/produs\\\/pompa-submersibila-apa-murdara-makita-pf1010\\\/#primaryimage\"},\"thumbnailUrl\":\"https:\\\/\\\/eurotech-iasi.ro\\\/magazinonline\\\/wp-content\\\/uploads\\\/2021\\\/01\\\/pompa_submersibila_makita_pf1010_1.jpg\",\"datePublished\":\"2021-01-14T11:02:15+00:00\",\"dateModified\":\"2025-08-06T11:24:54+00:00\",\"breadcrumb\":{\"@id\":\"https:\\\/\\\/eurotech-iasi.ro\\\/magazinonline\\\/produs\\\/pompa-submersibila-apa-murdara-makita-pf1010\\\/#breadcrumb\"},\"inLanguage\":\"ro-RO\",\"potentialAction\":[{\"@type\":\"ReadAction\",\"target\":[\"https:\\\/\\\/eurotech-iasi.ro\\\/magazinonline\\\/produs\\\/pompa-submersibila-apa-murdara-makita-pf1010\\\/\"]}]},{\"@type\":\"ImageObject\",\"inLanguage\":\"ro-RO\",\"@id\":\"https:\\\/\\\/eurotech-iasi.ro\\\/magazinonline\\\/produs\\\/pompa-submersibila-apa-murdara-makita-pf1010\\\/#primaryimage\",\"url\":\"https:\\\/\\\/eurotech-iasi.ro\\\/magazinonline\\\/wp-content\\\/uploads\\\/2021\\\/01\\\/pompa_submersibila_makita_pf1010_1.jpg\",\"contentUrl\":\"https:\\\/\\\/eurotech-iasi.ro\\\/magazinonline\\\/wp-content\\\/uploads\\\/2021\\\/01\\\/pompa_submersibila_makita_pf1010_1.jpg\",\"width\":560,\"height\":560,\"caption\":\"Pompa submersibila apa murdara MAKITA PF1010\"},{\"@type\":\"BreadcrumbList\",\"@id\":\"https:\\\/\\\/eurotech-iasi.ro\\\/magazinonline\\\/produs\\\/pompa-submersibila-apa-murdara-makita-pf1010\\\/#breadcrumb\",\"itemListElement\":[{\"@type\":\"ListItem\",\"position\":1,\"name\":\"Prima pagin\u0103\",\"item\":\"https:\\\/\\\/eurotech-iasi.ro\\\/magazinonline\\\/\"},{\"@type\":\"ListItem\",\"position\":2,\"name\":\"Shop\",\"item\":\"https:\\\/\\\/eurotech-iasi.ro\\\/magazinonline\\\/shop\\\/\"},{\"@type\":\"ListItem\",\"position\":3,\"name\":\"Pompa submersibila apa murdara MAKITA PF1010\"}]},{\"@type\":\"WebSite\",\"@id\":\"https:\\\/\\\/eurotech-iasi.ro\\\/magazinonline\\\/#website\",\"url\":\"https:\\\/\\\/eurotech-iasi.ro\\\/magazinonline\\\/\",\"name\":\"Eurotech Iasi\",\"description\":\"Cu oameni seriosi\",\"publisher\":{\"@id\":\"https:\\\/\\\/eurotech-iasi.ro\\\/magazinonline\\\/#organization\"},\"potentialAction\":[{\"@type\":\"SearchAction\",\"target\":{\"@type\":\"EntryPoint\",\"urlTemplate\":\"https:\\\/\\\/eurotech-iasi.ro\\\/magazinonline\\\/?s={search_term_string}\"},\"query-input\":{\"@type\":\"PropertyValueSpecification\",\"valueRequired\":true,\"valueName\":\"search_term_string\"}}],\"inLanguage\":\"ro-RO\"},{\"@type\":\"Organization\",\"@id\":\"https:\\\/\\\/eurotech-iasi.ro\\\/magazinonline\\\/#organization\",\"name\":\"Eurotech Iasi\",\"url\":\"https:\\\/\\\/eurotech-iasi.ro\\\/magazinonline\\\/\",\"logo\":{\"@type\":\"ImageObject\",\"inLanguage\":\"ro-RO\",\"@id\":\"https:\\\/\\\/eurotech-iasi.ro\\\/magazinonline\\\/#\\\/schema\\\/logo\\\/image\\\/\",\"url\":\"https:\\\/\\\/eurotech-iasi.ro\\\/magazinonline\\\/wp-content\\\/uploads\\\/2020\\\/08\\\/logo-eurotech.png\",\"contentUrl\":\"https:\\\/\\\/eurotech-iasi.ro\\\/magazinonline\\\/wp-content\\\/uploads\\\/2020\\\/08\\\/logo-eurotech.png\",\"width\":290,\"height\":70,\"caption\":\"Eurotech Iasi\"},\"image\":{\"@id\":\"https:\\\/\\\/eurotech-iasi.ro\\\/magazinonline\\\/#\\\/schema\\\/logo\\\/image\\\/\"},\"sameAs\":[\"https:\\\/\\\/www.facebook.com\\\/EurotechIasi\\\/\"]}]}<\/script>\n<!-- \/ Yoast SEO plugin. -->","yoast_head_json":{"title":"Pompa submersibila apa murdara MAKITA PF1010 - Eurotech Iasi","robots":{"index":"index","follow":"follow","max-snippet":"max-snippet:-1","max-image-preview":"max-image-preview:large","max-video-preview":"max-video-preview:-1"},"canonical":"https:\/\/eurotech-iasi.ro\/magazinonline\/produs\/pompa-submersibila-apa-murdara-makita-pf1010\/","og_locale":"ro_RO","og_type":"article","og_title":"Pompa submersibila apa murdara MAKITA PF1010 - Eurotech Iasi","og_description":"Pompa submersibila apa murdara MAKITA PF1010 cu o putere de 1.100 W\u00a0ideala pentru golirea apei murdare din iazuri de gradina si bazine mari. Aceasta are dimensiunea maxima a particulelor admise de 35mm.  Cod produs: PF1010","og_url":"https:\/\/eurotech-iasi.ro\/magazinonline\/produs\/pompa-submersibila-apa-murdara-makita-pf1010\/","og_site_name":"Eurotech Iasi","article_publisher":"https:\/\/www.facebook.com\/EurotechIasi\/","article_modified_time":"2025-08-06T11:24:54+00:00","og_image":[{"width":560,"height":560,"url":"https:\/\/eurotech-iasi.ro\/magazinonline\/wp-content\/uploads\/2021\/01\/pompa_submersibila_makita_pf1010_1.jpg","type":"image\/jpeg"}],"twitter_misc":{"Timp estimat pentru citire":"1 minut"},"schema":{"@context":"https:\/\/schema.org","@graph":[{"@type":"WebPage","@id":"https:\/\/eurotech-iasi.ro\/magazinonline\/produs\/pompa-submersibila-apa-murdara-makita-pf1010\/","url":"https:\/\/eurotech-iasi.ro\/magazinonline\/produs\/pompa-submersibila-apa-murdara-makita-pf1010\/","name":"Pompa submersibila apa murdara MAKITA PF1010 - Eurotech Iasi","isPartOf":{"@id":"https:\/\/eurotech-iasi.ro\/magazinonline\/#website"},"primaryImageOfPage":{"@id":"https:\/\/eurotech-iasi.ro\/magazinonline\/produs\/pompa-submersibila-apa-murdara-makita-pf1010\/#primaryimage"},"image":{"@id":"https:\/\/eurotech-iasi.ro\/magazinonline\/produs\/pompa-submersibila-apa-murdara-makita-pf1010\/#primaryimage"},"thumbnailUrl":"https:\/\/eurotech-iasi.ro\/magazinonline\/wp-content\/uploads\/2021\/01\/pompa_submersibila_makita_pf1010_1.jpg","datePublished":"2021-01-14T11:02:15+00:00","dateModified":"2025-08-06T11:24:54+00:00","breadcrumb":{"@id":"https:\/\/eurotech-iasi.ro\/magazinonline\/produs\/pompa-submersibila-apa-murdara-makita-pf1010\/#breadcrumb"},"inLanguage":"ro-RO","potentialAction":[{"@type":"ReadAction","target":["https:\/\/eurotech-iasi.ro\/magazinonline\/produs\/pompa-submersibila-apa-murdara-makita-pf1010\/"]}]},{"@type":"ImageObject","inLanguage":"ro-RO","@id":"https:\/\/eurotech-iasi.ro\/magazinonline\/produs\/pompa-submersibila-apa-murdara-makita-pf1010\/#primaryimage","url":"https:\/\/eurotech-iasi.ro\/magazinonline\/wp-content\/uploads\/2021\/01\/pompa_submersibila_makita_pf1010_1.jpg","contentUrl":"https:\/\/eurotech-iasi.ro\/magazinonline\/wp-content\/uploads\/2021\/01\/pompa_submersibila_makita_pf1010_1.jpg","width":560,"height":560,"caption":"Pompa submersibila apa murdara MAKITA PF1010"},{"@type":"BreadcrumbList","@id":"https:\/\/eurotech-iasi.ro\/magazinonline\/produs\/pompa-submersibila-apa-murdara-makita-pf1010\/#breadcrumb","itemListElement":[{"@type":"ListItem","position":1,"name":"Prima pagin\u0103","item":"https:\/\/eurotech-iasi.ro\/magazinonline\/"},{"@type":"ListItem","position":2,"name":"Shop","item":"https:\/\/eurotech-iasi.ro\/magazinonline\/shop\/"},{"@type":"ListItem","position":3,"name":"Pompa submersibila apa murdara MAKITA PF1010"}]},{"@type":"WebSite","@id":"https:\/\/eurotech-iasi.ro\/magazinonline\/#website","url":"https:\/\/eurotech-iasi.ro\/magazinonline\/","name":"Eurotech Iasi","description":"Cu oameni seriosi","publisher":{"@id":"https:\/\/eurotech-iasi.ro\/magazinonline\/#organization"},"potentialAction":[{"@type":"SearchAction","target":{"@type":"EntryPoint","urlTemplate":"https:\/\/eurotech-iasi.ro\/magazinonline\/?s={search_term_string}"},"query-input":{"@type":"PropertyValueSpecification","valueRequired":true,"valueName":"search_term_string"}}],"inLanguage":"ro-RO"},{"@type":"Organization","@id":"https:\/\/eurotech-iasi.ro\/magazinonline\/#organization","name":"Eurotech Iasi","url":"https:\/\/eurotech-iasi.ro\/magazinonline\/","logo":{"@type":"ImageObject","inLanguage":"ro-RO","@id":"https:\/\/eurotech-iasi.ro\/magazinonline\/#\/schema\/logo\/image\/","url":"https:\/\/eurotech-iasi.ro\/magazinonline\/wp-content\/uploads\/2020\/08\/logo-eurotech.png","contentUrl":"https:\/\/eurotech-iasi.ro\/magazinonline\/wp-content\/uploads\/2020\/08\/logo-eurotech.png","width":290,"height":70,"caption":"Eurotech Iasi"},"image":{"@id":"https:\/\/eurotech-iasi.ro\/magazinonline\/#\/schema\/logo\/image\/"},"sameAs":["https:\/\/www.facebook.com\/EurotechIasi\/"]}]}},"_links":{"self":[{"href":"https:\/\/eurotech-iasi.ro\/magazinonline\/wp-json\/wp\/v2\/product\/69933","targetHints":{"allow":["GET"]}}],"collection":[{"href":"https:\/\/eurotech-iasi.ro\/magazinonline\/wp-json\/wp\/v2\/product"}],"about":[{"href":"https:\/\/eurotech-iasi.ro\/magazinonline\/wp-json\/wp\/v2\/types\/product"}],"replies":[{"embeddable":true,"href":"https:\/\/eurotech-iasi.ro\/magazinonline\/wp-json\/wp\/v2\/comments?post=69933"}],"wp:featuredmedia":[{"embeddable":true,"href":"https:\/\/eurotech-iasi.ro\/magazinonline\/wp-json\/wp\/v2\/media\/97484"}],"wp:attachment":[{"href":"https:\/\/eurotech-iasi.ro\/magazinonline\/wp-json\/wp\/v2\/media?parent=69933"}],"wp:term":[{"taxonomy":"product_cat","embeddable":true,"href":"https:\/\/eurotech-iasi.ro\/magazinonline\/wp-json\/wp\/v2\/product_cat?post=69933"},{"taxonomy":"product_tag","embeddable":true,"href":"https:\/\/eurotech-iasi.ro\/magazinonline\/wp-json\/wp\/v2\/product_tag?post=69933"},{"taxonomy":"woo-feed-brand","embeddable":true,"href":"https:\/\/eurotech-iasi.ro\/magazinonline\/wp-json\/wp\/v2\/woo-feed-brand?post=69933"}],"curies":[{"name":"wp","href":"https:\/\/api.w.org\/{rel}","templated":true}]}}