{"id":72530,"date":"2021-09-03T15:47:26","date_gmt":"2021-09-03T12:47:26","guid":{"rendered":"https:\/\/eurotech-iasi.ro\/magazinonline\/?post_type=product&#038;p=72530"},"modified":"2024-03-15T16:27:57","modified_gmt":"2024-03-15T14:27:57","slug":"cleste-papagal-cobra-4-1-2-560-mm-knipex-ze","status":"publish","type":"product","link":"https:\/\/eurotech-iasi.ro\/magazinonline\/produs\/cleste-papagal-cobra-4-1-2-560-mm-knipex-ze\/","title":{"rendered":"CLESTE PAPAGAL COBRA 4.1\/2&#8221; 560 MM KNIPEX ZE"},"content":{"rendered":"<p><strong>CLESTE PAPAGAL COBRA 4.1\/2&#8221; 560 MM KNIPEX ZE <\/strong>fabricat in totalitate in Germania fiind produse de calitate foarte buna, ergonomice, pentru uz profesional. Clestele pentru tevi si pompe de apa Cobra pentru tevi cu diametru de 115 mm este fabricat din\u00a0 o\u021bel crom-vanadiu pentru lucr\u0103ri la instala\u021bii electrice, forjat, c\u0103lit \u00een ulei \u00een mai multe etape si este ideal pentru service, \u00eentre\u0163inere \u015fi reparare echipamente, \u00een industria auto in industrie.<br \/>\nOfer\u0103 randamentul \u015fi confortul unui cle\u015fte pentru pomp\u0103 de ap\u0103 \u00een condi\u0163iile unei greut\u0103\u0163i mai reduse \u015fi unei capacit\u0103\u0163i de prindere superioare dec\u00e2t cele ale cle\u015ftilor de \u0163evi similari.<br \/>\nReglare fina,la o ap\u0103sare de buton direct pe pies\u0103, pentru adaptare optim\u0103 pentru diferite dimensiuni de piese \u015fi un m\u00e2ner confortabil\u00a0acoperit cu material plastic aderent.<br \/>\nSuprafe\u021be de apucare cu din\u021bi c\u0103li\u021bi printr-un procedeu special, duritatea din\u021bilor de cca. 61 HRC: apucare sigur\u0103 de durat\u0103 datorit\u0103 rezisten\u021bei mari la uzur\u0103.<br \/>\nAuto-blocare pe conducte \u015fi piuli\u0163e: nu alunec\u0103 pe pies\u0103 \u015fi necesita efort minim.<br \/>\nArticula\u0163ie perforat\u0103 pentru o stabilitate ridicat\u0103 gra\u0163ie ghidajului dublu.<br \/>\nInclichetare sigur\u0103 a bol\u021bului articula\u021biei: f\u0103r\u0103 deplasare accidental\u0103.<br \/>\nProtec\u0163ia \u00eempotriva prinderii previne r\u0103nirile provocate prin strivire.<\/p>\n<h2>Specificatii tehbnice &#8211; <strong>CLESTE PAPAGAL COBRA 4.1\/2&#8221; 560 MM KNIPEX ZE:<\/strong><\/h2>\n<p><strong>Tip cleste:\u00a0<\/strong>Papagal (pompa de apa)<br \/>\n<strong>Lungime:\u00a0<\/strong>560 mm<br \/>\n<strong>Diametru max. teava, mm:\u00a0<\/strong>115 mm<br \/>\n<strong>Diametru max. teava, toli:\u00a0<\/strong>4.1\/2&#8243;<br \/>\n<strong>Nr. pozitii fixare:\u00a0<\/strong>20<br \/>\n<strong>Greutate:\u00a0<\/strong>2750 g<\/p>\n","protected":false},"excerpt":{"rendered":"<p><strong>CLESTE PAPAGAL COBRA 4.1\/2&#8221; 560 MM KNIPEX ZE<\/strong><\/p>\n<p><em><strong><span class=\"code-label\">Cod produs:<\/span><span class=\"product-code-label\"> 8701560<\/span><\/strong><\/em><\/p>\n","protected":false},"featured_media":72529,"comment_status":"open","ping_status":"closed","template":"","meta":{"_acf_changed":false},"product_cat":[4999,4997],"product_tag":[],"woo-feed-brand":[],"class_list":{"0":"post-72530","1":"product","2":"type-product","3":"status-publish","4":"has-post-thumbnail","6":"product_brand-knipex","7":"product_cat-clesti-si-patenti","8":"product_cat-instalatii","9":"pa_brand-knipex","11":"first","12":"instock","13":"shipping-taxable","14":"purchasable","15":"product-type-simple"},"acf":[],"yoast_head":"<!-- This site is optimized with the Yoast SEO plugin v27.3 - https:\/\/yoast.com\/product\/yoast-seo-wordpress\/ -->\n<title>CLESTE PAPAGAL COBRA 4.1\/2&#039;&#039; 560 MM KNIPEX ZE - Eurotech Iasi<\/title>\n<meta name=\"robots\" content=\"index, follow, max-snippet:-1, max-image-preview:large, max-video-preview:-1\" \/>\n<link rel=\"canonical\" href=\"https:\/\/eurotech-iasi.ro\/magazinonline\/produs\/cleste-papagal-cobra-4-1-2-560-mm-knipex-ze\/\" \/>\n<meta property=\"og:locale\" content=\"ro_RO\" \/>\n<meta property=\"og:type\" content=\"article\" \/>\n<meta property=\"og:title\" content=\"CLESTE PAPAGAL COBRA 4.1\/2&#039;&#039; 560 MM KNIPEX ZE - Eurotech Iasi\" \/>\n<meta property=\"og:description\" content=\"CLESTE PAPAGAL COBRA 4.1\/2&#039;&#039; 560 MM KNIPEX ZE  Cod produs: 8701560\" \/>\n<meta property=\"og:url\" content=\"https:\/\/eurotech-iasi.ro\/magazinonline\/produs\/cleste-papagal-cobra-4-1-2-560-mm-knipex-ze\/\" \/>\n<meta property=\"og:site_name\" content=\"Eurotech Iasi\" \/>\n<meta property=\"article:publisher\" content=\"https:\/\/www.facebook.com\/EurotechIasi\/\" \/>\n<meta property=\"article:modified_time\" content=\"2024-03-15T14:27:57+00:00\" \/>\n<meta property=\"og:image\" content=\"https:\/\/eurotech-iasi.ro\/magazinonline\/wp-content\/uploads\/2021\/09\/CLESTE-PAPAGAL-COBRA-3.1-2-400-MM-KNIPEX-ZE.png\" \/>\n\t<meta property=\"og:image:width\" content=\"710\" \/>\n\t<meta property=\"og:image:height\" content=\"710\" \/>\n\t<meta property=\"og:image:type\" content=\"image\/png\" \/>\n<meta name=\"twitter:label1\" content=\"Timp estimat pentru citire\" \/>\n\t<meta name=\"twitter:data1\" content=\"1 minut\" \/>\n<script type=\"application\/ld+json\" class=\"yoast-schema-graph\">{\"@context\":\"https:\\\/\\\/schema.org\",\"@graph\":[{\"@type\":\"WebPage\",\"@id\":\"https:\\\/\\\/eurotech-iasi.ro\\\/magazinonline\\\/produs\\\/cleste-papagal-cobra-4-1-2-560-mm-knipex-ze\\\/\",\"url\":\"https:\\\/\\\/eurotech-iasi.ro\\\/magazinonline\\\/produs\\\/cleste-papagal-cobra-4-1-2-560-mm-knipex-ze\\\/\",\"name\":\"CLESTE PAPAGAL COBRA 4.1\\\/2'' 560 MM KNIPEX ZE - Eurotech Iasi\",\"isPartOf\":{\"@id\":\"https:\\\/\\\/eurotech-iasi.ro\\\/magazinonline\\\/#website\"},\"primaryImageOfPage\":{\"@id\":\"https:\\\/\\\/eurotech-iasi.ro\\\/magazinonline\\\/produs\\\/cleste-papagal-cobra-4-1-2-560-mm-knipex-ze\\\/#primaryimage\"},\"image\":{\"@id\":\"https:\\\/\\\/eurotech-iasi.ro\\\/magazinonline\\\/produs\\\/cleste-papagal-cobra-4-1-2-560-mm-knipex-ze\\\/#primaryimage\"},\"thumbnailUrl\":\"https:\\\/\\\/eurotech-iasi.ro\\\/magazinonline\\\/wp-content\\\/uploads\\\/2021\\\/09\\\/CLESTE-PAPAGAL-COBRA-3.1-2-400-MM-KNIPEX-ZE.png\",\"datePublished\":\"2021-09-03T12:47:26+00:00\",\"dateModified\":\"2024-03-15T14:27:57+00:00\",\"breadcrumb\":{\"@id\":\"https:\\\/\\\/eurotech-iasi.ro\\\/magazinonline\\\/produs\\\/cleste-papagal-cobra-4-1-2-560-mm-knipex-ze\\\/#breadcrumb\"},\"inLanguage\":\"ro-RO\",\"potentialAction\":[{\"@type\":\"ReadAction\",\"target\":[\"https:\\\/\\\/eurotech-iasi.ro\\\/magazinonline\\\/produs\\\/cleste-papagal-cobra-4-1-2-560-mm-knipex-ze\\\/\"]}]},{\"@type\":\"ImageObject\",\"inLanguage\":\"ro-RO\",\"@id\":\"https:\\\/\\\/eurotech-iasi.ro\\\/magazinonline\\\/produs\\\/cleste-papagal-cobra-4-1-2-560-mm-knipex-ze\\\/#primaryimage\",\"url\":\"https:\\\/\\\/eurotech-iasi.ro\\\/magazinonline\\\/wp-content\\\/uploads\\\/2021\\\/09\\\/CLESTE-PAPAGAL-COBRA-3.1-2-400-MM-KNIPEX-ZE.png\",\"contentUrl\":\"https:\\\/\\\/eurotech-iasi.ro\\\/magazinonline\\\/wp-content\\\/uploads\\\/2021\\\/09\\\/CLESTE-PAPAGAL-COBRA-3.1-2-400-MM-KNIPEX-ZE.png\",\"width\":710,\"height\":710},{\"@type\":\"BreadcrumbList\",\"@id\":\"https:\\\/\\\/eurotech-iasi.ro\\\/magazinonline\\\/produs\\\/cleste-papagal-cobra-4-1-2-560-mm-knipex-ze\\\/#breadcrumb\",\"itemListElement\":[{\"@type\":\"ListItem\",\"position\":1,\"name\":\"Prima pagin\u0103\",\"item\":\"https:\\\/\\\/eurotech-iasi.ro\\\/magazinonline\\\/\"},{\"@type\":\"ListItem\",\"position\":2,\"name\":\"Shop\",\"item\":\"https:\\\/\\\/eurotech-iasi.ro\\\/magazinonline\\\/shop\\\/\"},{\"@type\":\"ListItem\",\"position\":3,\"name\":\"CLESTE PAPAGAL COBRA 4.1\\\/2&#8221; 560 MM KNIPEX ZE\"}]},{\"@type\":\"WebSite\",\"@id\":\"https:\\\/\\\/eurotech-iasi.ro\\\/magazinonline\\\/#website\",\"url\":\"https:\\\/\\\/eurotech-iasi.ro\\\/magazinonline\\\/\",\"name\":\"Eurotech Iasi\",\"description\":\"Cu oameni seriosi\",\"publisher\":{\"@id\":\"https:\\\/\\\/eurotech-iasi.ro\\\/magazinonline\\\/#organization\"},\"potentialAction\":[{\"@type\":\"SearchAction\",\"target\":{\"@type\":\"EntryPoint\",\"urlTemplate\":\"https:\\\/\\\/eurotech-iasi.ro\\\/magazinonline\\\/?s={search_term_string}\"},\"query-input\":{\"@type\":\"PropertyValueSpecification\",\"valueRequired\":true,\"valueName\":\"search_term_string\"}}],\"inLanguage\":\"ro-RO\"},{\"@type\":\"Organization\",\"@id\":\"https:\\\/\\\/eurotech-iasi.ro\\\/magazinonline\\\/#organization\",\"name\":\"Eurotech Iasi\",\"url\":\"https:\\\/\\\/eurotech-iasi.ro\\\/magazinonline\\\/\",\"logo\":{\"@type\":\"ImageObject\",\"inLanguage\":\"ro-RO\",\"@id\":\"https:\\\/\\\/eurotech-iasi.ro\\\/magazinonline\\\/#\\\/schema\\\/logo\\\/image\\\/\",\"url\":\"https:\\\/\\\/eurotech-iasi.ro\\\/magazinonline\\\/wp-content\\\/uploads\\\/2020\\\/08\\\/logo-eurotech.png\",\"contentUrl\":\"https:\\\/\\\/eurotech-iasi.ro\\\/magazinonline\\\/wp-content\\\/uploads\\\/2020\\\/08\\\/logo-eurotech.png\",\"width\":290,\"height\":70,\"caption\":\"Eurotech Iasi\"},\"image\":{\"@id\":\"https:\\\/\\\/eurotech-iasi.ro\\\/magazinonline\\\/#\\\/schema\\\/logo\\\/image\\\/\"},\"sameAs\":[\"https:\\\/\\\/www.facebook.com\\\/EurotechIasi\\\/\"]}]}<\/script>\n<!-- \/ Yoast SEO plugin. -->","yoast_head_json":{"title":"CLESTE PAPAGAL COBRA 4.1\/2'' 560 MM KNIPEX ZE - Eurotech Iasi","robots":{"index":"index","follow":"follow","max-snippet":"max-snippet:-1","max-image-preview":"max-image-preview:large","max-video-preview":"max-video-preview:-1"},"canonical":"https:\/\/eurotech-iasi.ro\/magazinonline\/produs\/cleste-papagal-cobra-4-1-2-560-mm-knipex-ze\/","og_locale":"ro_RO","og_type":"article","og_title":"CLESTE PAPAGAL COBRA 4.1\/2'' 560 MM KNIPEX ZE - Eurotech Iasi","og_description":"CLESTE PAPAGAL COBRA 4.1\/2'' 560 MM KNIPEX ZE  Cod produs: 8701560","og_url":"https:\/\/eurotech-iasi.ro\/magazinonline\/produs\/cleste-papagal-cobra-4-1-2-560-mm-knipex-ze\/","og_site_name":"Eurotech Iasi","article_publisher":"https:\/\/www.facebook.com\/EurotechIasi\/","article_modified_time":"2024-03-15T14:27:57+00:00","og_image":[{"width":710,"height":710,"url":"https:\/\/eurotech-iasi.ro\/magazinonline\/wp-content\/uploads\/2021\/09\/CLESTE-PAPAGAL-COBRA-3.1-2-400-MM-KNIPEX-ZE.png","type":"image\/png"}],"twitter_misc":{"Timp estimat pentru citire":"1 minut"},"schema":{"@context":"https:\/\/schema.org","@graph":[{"@type":"WebPage","@id":"https:\/\/eurotech-iasi.ro\/magazinonline\/produs\/cleste-papagal-cobra-4-1-2-560-mm-knipex-ze\/","url":"https:\/\/eurotech-iasi.ro\/magazinonline\/produs\/cleste-papagal-cobra-4-1-2-560-mm-knipex-ze\/","name":"CLESTE PAPAGAL COBRA 4.1\/2'' 560 MM KNIPEX ZE - Eurotech Iasi","isPartOf":{"@id":"https:\/\/eurotech-iasi.ro\/magazinonline\/#website"},"primaryImageOfPage":{"@id":"https:\/\/eurotech-iasi.ro\/magazinonline\/produs\/cleste-papagal-cobra-4-1-2-560-mm-knipex-ze\/#primaryimage"},"image":{"@id":"https:\/\/eurotech-iasi.ro\/magazinonline\/produs\/cleste-papagal-cobra-4-1-2-560-mm-knipex-ze\/#primaryimage"},"thumbnailUrl":"https:\/\/eurotech-iasi.ro\/magazinonline\/wp-content\/uploads\/2021\/09\/CLESTE-PAPAGAL-COBRA-3.1-2-400-MM-KNIPEX-ZE.png","datePublished":"2021-09-03T12:47:26+00:00","dateModified":"2024-03-15T14:27:57+00:00","breadcrumb":{"@id":"https:\/\/eurotech-iasi.ro\/magazinonline\/produs\/cleste-papagal-cobra-4-1-2-560-mm-knipex-ze\/#breadcrumb"},"inLanguage":"ro-RO","potentialAction":[{"@type":"ReadAction","target":["https:\/\/eurotech-iasi.ro\/magazinonline\/produs\/cleste-papagal-cobra-4-1-2-560-mm-knipex-ze\/"]}]},{"@type":"ImageObject","inLanguage":"ro-RO","@id":"https:\/\/eurotech-iasi.ro\/magazinonline\/produs\/cleste-papagal-cobra-4-1-2-560-mm-knipex-ze\/#primaryimage","url":"https:\/\/eurotech-iasi.ro\/magazinonline\/wp-content\/uploads\/2021\/09\/CLESTE-PAPAGAL-COBRA-3.1-2-400-MM-KNIPEX-ZE.png","contentUrl":"https:\/\/eurotech-iasi.ro\/magazinonline\/wp-content\/uploads\/2021\/09\/CLESTE-PAPAGAL-COBRA-3.1-2-400-MM-KNIPEX-ZE.png","width":710,"height":710},{"@type":"BreadcrumbList","@id":"https:\/\/eurotech-iasi.ro\/magazinonline\/produs\/cleste-papagal-cobra-4-1-2-560-mm-knipex-ze\/#breadcrumb","itemListElement":[{"@type":"ListItem","position":1,"name":"Prima pagin\u0103","item":"https:\/\/eurotech-iasi.ro\/magazinonline\/"},{"@type":"ListItem","position":2,"name":"Shop","item":"https:\/\/eurotech-iasi.ro\/magazinonline\/shop\/"},{"@type":"ListItem","position":3,"name":"CLESTE PAPAGAL COBRA 4.1\/2&#8221; 560 MM KNIPEX ZE"}]},{"@type":"WebSite","@id":"https:\/\/eurotech-iasi.ro\/magazinonline\/#website","url":"https:\/\/eurotech-iasi.ro\/magazinonline\/","name":"Eurotech Iasi","description":"Cu oameni seriosi","publisher":{"@id":"https:\/\/eurotech-iasi.ro\/magazinonline\/#organization"},"potentialAction":[{"@type":"SearchAction","target":{"@type":"EntryPoint","urlTemplate":"https:\/\/eurotech-iasi.ro\/magazinonline\/?s={search_term_string}"},"query-input":{"@type":"PropertyValueSpecification","valueRequired":true,"valueName":"search_term_string"}}],"inLanguage":"ro-RO"},{"@type":"Organization","@id":"https:\/\/eurotech-iasi.ro\/magazinonline\/#organization","name":"Eurotech Iasi","url":"https:\/\/eurotech-iasi.ro\/magazinonline\/","logo":{"@type":"ImageObject","inLanguage":"ro-RO","@id":"https:\/\/eurotech-iasi.ro\/magazinonline\/#\/schema\/logo\/image\/","url":"https:\/\/eurotech-iasi.ro\/magazinonline\/wp-content\/uploads\/2020\/08\/logo-eurotech.png","contentUrl":"https:\/\/eurotech-iasi.ro\/magazinonline\/wp-content\/uploads\/2020\/08\/logo-eurotech.png","width":290,"height":70,"caption":"Eurotech Iasi"},"image":{"@id":"https:\/\/eurotech-iasi.ro\/magazinonline\/#\/schema\/logo\/image\/"},"sameAs":["https:\/\/www.facebook.com\/EurotechIasi\/"]}]}},"_links":{"self":[{"href":"https:\/\/eurotech-iasi.ro\/magazinonline\/wp-json\/wp\/v2\/product\/72530","targetHints":{"allow":["GET"]}}],"collection":[{"href":"https:\/\/eurotech-iasi.ro\/magazinonline\/wp-json\/wp\/v2\/product"}],"about":[{"href":"https:\/\/eurotech-iasi.ro\/magazinonline\/wp-json\/wp\/v2\/types\/product"}],"replies":[{"embeddable":true,"href":"https:\/\/eurotech-iasi.ro\/magazinonline\/wp-json\/wp\/v2\/comments?post=72530"}],"wp:featuredmedia":[{"embeddable":true,"href":"https:\/\/eurotech-iasi.ro\/magazinonline\/wp-json\/wp\/v2\/media\/72529"}],"wp:attachment":[{"href":"https:\/\/eurotech-iasi.ro\/magazinonline\/wp-json\/wp\/v2\/media?parent=72530"}],"wp:term":[{"taxonomy":"product_cat","embeddable":true,"href":"https:\/\/eurotech-iasi.ro\/magazinonline\/wp-json\/wp\/v2\/product_cat?post=72530"},{"taxonomy":"product_tag","embeddable":true,"href":"https:\/\/eurotech-iasi.ro\/magazinonline\/wp-json\/wp\/v2\/product_tag?post=72530"},{"taxonomy":"woo-feed-brand","embeddable":true,"href":"https:\/\/eurotech-iasi.ro\/magazinonline\/wp-json\/wp\/v2\/woo-feed-brand?post=72530"}],"curies":[{"name":"wp","href":"https:\/\/api.w.org\/{rel}","templated":true}]}}