{"id":72590,"date":"2021-09-10T14:33:32","date_gmt":"2021-09-10T11:33:32","guid":{"rendered":"https:\/\/eurotech-iasi.ro\/magazinonline\/?post_type=product&#038;p=72590"},"modified":"2026-03-20T14:58:03","modified_gmt":"2026-03-20T12:58:03","slug":"taiator-de-tevi-pipecut-mini-rothenberger-cu-acumulator-li-ion-18v-4ah","status":"publish","type":"product","link":"https:\/\/eurotech-iasi.ro\/magazinonline\/produs\/taiator-de-tevi-pipecut-mini-rothenberger-cu-acumulator-li-ion-18v-4ah\/","title":{"rendered":"Mini fierastrau pentru taiat tevi PIPECUT MINI ROTHENBERGER cu acumulator LI-ION 18V 4AH CAS"},"content":{"rendered":"<p><strong>Mini fierastrau pentru taiat tevi PIPECUT MINI ROTHENBERGER cu acumulator LI-ION 18V 4AH CAS <\/strong>este echipat cu sina de ghidaj convertibila, pentru utilizarea ca ferastrau circular, ferastrau clasic sau ferastrau transversal. Taietorul de tevi PIPECUT MINI de la ROTHENBERGER poate fi folosit stationar in atelier si mobil, utilizat pe santier.<\/p>\n<p>Materiale precum cuprul, plasticul, otelul, fonta sau otelul inoxidabil pot fi taiate pana la un diametru al tevii de \u2300110 mm.<\/p>\n<p><strong>Specificatii tehnice:<\/strong><\/p>\n<ul>\n<li>\u0218in\u0103 de ghidaj convertibil\u0103, pentru utilizarea ca fer\u0103strau circular, fer\u0103strau clasic sau fer\u0103strau transversal<\/li>\n<li>Acumulator: 18V, 4.0 Ah CAS<\/li>\n<li>Viteza \u00een gol: 4150 rpm\/28-30 m\/s<\/li>\n<li>Dimensiune: 330 x 246 x 258 mm<\/li>\n<li>Greutate: 4.3 kg (f\u0103r\u0103 baterie)<\/li>\n<\/ul>\n<p><iframe loading=\"lazy\" title=\"YouTube video player\" src=\"https:\/\/www.youtube.com\/embed\/eA55m_6a_po\" width=\"560\" height=\"315\" frameborder=\"0\" allowfullscreen=\"allowfullscreen\"><\/iframe><\/p>\n","protected":false},"excerpt":{"rendered":"<p><strong>Mini fierastrau pentru taiat tevi PIPECUT MINI ROTHENBERGER cu acumulator LI-ION 18V 4AH CAS <\/strong>destinat uzului profesional poate taia cuprul, plasticul, otelul, fonta sau otelul inoxidabil cu un diametru al tevii de pana la \u2300110 mm.<\/p>\n<p><em><strong>Cod produs: 1000003398<\/strong><\/em><\/p>\n<p>&nbsp;<\/p>\n","protected":false},"featured_media":77241,"comment_status":"open","ping_status":"closed","template":"","meta":{"_acf_changed":false},"product_cat":[4997,4998],"product_tag":[],"woo-feed-brand":[],"class_list":{"0":"post-72590","1":"product","2":"type-product","3":"status-publish","4":"has-post-thumbnail","6":"product_brand-rothenberger","7":"product_cat-instalatii","8":"product_cat-tehnica-de-filetare","9":"pa_brand-rothenberger","11":"first","12":"instock","13":"shipping-taxable","14":"purchasable","15":"product-type-simple"},"acf":[],"yoast_head":"<!-- This site is optimized with the Yoast SEO plugin v27.3 - https:\/\/yoast.com\/product\/yoast-seo-wordpress\/ -->\n<title>Mini fierastrau pentru taiat tevi PIPECUT MINI ROTHENBERGER cu acumulator LI-ION 18V 4AH CAS - Eurotech Iasi<\/title>\n<meta name=\"robots\" content=\"index, follow, max-snippet:-1, max-image-preview:large, max-video-preview:-1\" \/>\n<link rel=\"canonical\" href=\"https:\/\/eurotech-iasi.ro\/magazinonline\/produs\/taiator-de-tevi-pipecut-mini-rothenberger-cu-acumulator-li-ion-18v-4ah\/\" \/>\n<meta property=\"og:locale\" content=\"ro_RO\" \/>\n<meta property=\"og:type\" content=\"article\" \/>\n<meta property=\"og:title\" content=\"Mini fierastrau pentru taiat tevi PIPECUT MINI ROTHENBERGER cu acumulator LI-ION 18V 4AH CAS - Eurotech Iasi\" \/>\n<meta property=\"og:description\" content=\"Mini fierastrau pentru taiat tevi PIPECUT MINI ROTHENBERGER cu acumulator LI-ION 18V 4AH CAS destinat uzului profesional poate taia cuprul, plasticul, otelul, fonta sau otelul inoxidabil cu un diametru al tevii de pana la \u2300110 mm.  Cod produs: 1000003398  &nbsp;\" \/>\n<meta property=\"og:url\" content=\"https:\/\/eurotech-iasi.ro\/magazinonline\/produs\/taiator-de-tevi-pipecut-mini-rothenberger-cu-acumulator-li-ion-18v-4ah\/\" \/>\n<meta property=\"og:site_name\" content=\"Eurotech Iasi\" \/>\n<meta property=\"article:publisher\" content=\"https:\/\/www.facebook.com\/EurotechIasi\/\" \/>\n<meta property=\"article:modified_time\" content=\"2026-03-20T12:58:03+00:00\" \/>\n<meta property=\"og:image\" content=\"https:\/\/eurotech-iasi.ro\/magazinonline\/wp-content\/uploads\/2021\/09\/Mini-fierastrau-pentru-taiat-tevi-PIPECUT-MINI-ROTHENBERGER-cu-acumulator-LI-ION-18V-4AH-CAS-2.png\" \/>\n\t<meta property=\"og:image:width\" content=\"750\" \/>\n\t<meta property=\"og:image:height\" content=\"750\" \/>\n\t<meta property=\"og:image:type\" content=\"image\/png\" \/>\n<meta name=\"twitter:label1\" content=\"Timp estimat pentru citire\" \/>\n\t<meta name=\"twitter:data1\" content=\"1 minut\" \/>\n<script type=\"application\/ld+json\" class=\"yoast-schema-graph\">{\"@context\":\"https:\\\/\\\/schema.org\",\"@graph\":[{\"@type\":\"WebPage\",\"@id\":\"https:\\\/\\\/eurotech-iasi.ro\\\/magazinonline\\\/produs\\\/taiator-de-tevi-pipecut-mini-rothenberger-cu-acumulator-li-ion-18v-4ah\\\/\",\"url\":\"https:\\\/\\\/eurotech-iasi.ro\\\/magazinonline\\\/produs\\\/taiator-de-tevi-pipecut-mini-rothenberger-cu-acumulator-li-ion-18v-4ah\\\/\",\"name\":\"Mini fierastrau pentru taiat tevi PIPECUT MINI ROTHENBERGER cu acumulator LI-ION 18V 4AH CAS - Eurotech Iasi\",\"isPartOf\":{\"@id\":\"https:\\\/\\\/eurotech-iasi.ro\\\/magazinonline\\\/#website\"},\"primaryImageOfPage\":{\"@id\":\"https:\\\/\\\/eurotech-iasi.ro\\\/magazinonline\\\/produs\\\/taiator-de-tevi-pipecut-mini-rothenberger-cu-acumulator-li-ion-18v-4ah\\\/#primaryimage\"},\"image\":{\"@id\":\"https:\\\/\\\/eurotech-iasi.ro\\\/magazinonline\\\/produs\\\/taiator-de-tevi-pipecut-mini-rothenberger-cu-acumulator-li-ion-18v-4ah\\\/#primaryimage\"},\"thumbnailUrl\":\"https:\\\/\\\/eurotech-iasi.ro\\\/magazinonline\\\/wp-content\\\/uploads\\\/2021\\\/09\\\/Mini-fierastrau-pentru-taiat-tevi-PIPECUT-MINI-ROTHENBERGER-cu-acumulator-LI-ION-18V-4AH-CAS-2.png\",\"datePublished\":\"2021-09-10T11:33:32+00:00\",\"dateModified\":\"2026-03-20T12:58:03+00:00\",\"breadcrumb\":{\"@id\":\"https:\\\/\\\/eurotech-iasi.ro\\\/magazinonline\\\/produs\\\/taiator-de-tevi-pipecut-mini-rothenberger-cu-acumulator-li-ion-18v-4ah\\\/#breadcrumb\"},\"inLanguage\":\"ro-RO\",\"potentialAction\":[{\"@type\":\"ReadAction\",\"target\":[\"https:\\\/\\\/eurotech-iasi.ro\\\/magazinonline\\\/produs\\\/taiator-de-tevi-pipecut-mini-rothenberger-cu-acumulator-li-ion-18v-4ah\\\/\"]}]},{\"@type\":\"ImageObject\",\"inLanguage\":\"ro-RO\",\"@id\":\"https:\\\/\\\/eurotech-iasi.ro\\\/magazinonline\\\/produs\\\/taiator-de-tevi-pipecut-mini-rothenberger-cu-acumulator-li-ion-18v-4ah\\\/#primaryimage\",\"url\":\"https:\\\/\\\/eurotech-iasi.ro\\\/magazinonline\\\/wp-content\\\/uploads\\\/2021\\\/09\\\/Mini-fierastrau-pentru-taiat-tevi-PIPECUT-MINI-ROTHENBERGER-cu-acumulator-LI-ION-18V-4AH-CAS-2.png\",\"contentUrl\":\"https:\\\/\\\/eurotech-iasi.ro\\\/magazinonline\\\/wp-content\\\/uploads\\\/2021\\\/09\\\/Mini-fierastrau-pentru-taiat-tevi-PIPECUT-MINI-ROTHENBERGER-cu-acumulator-LI-ION-18V-4AH-CAS-2.png\",\"width\":750,\"height\":750},{\"@type\":\"BreadcrumbList\",\"@id\":\"https:\\\/\\\/eurotech-iasi.ro\\\/magazinonline\\\/produs\\\/taiator-de-tevi-pipecut-mini-rothenberger-cu-acumulator-li-ion-18v-4ah\\\/#breadcrumb\",\"itemListElement\":[{\"@type\":\"ListItem\",\"position\":1,\"name\":\"Prima pagin\u0103\",\"item\":\"https:\\\/\\\/eurotech-iasi.ro\\\/magazinonline\\\/\"},{\"@type\":\"ListItem\",\"position\":2,\"name\":\"Shop\",\"item\":\"https:\\\/\\\/eurotech-iasi.ro\\\/magazinonline\\\/shop\\\/\"},{\"@type\":\"ListItem\",\"position\":3,\"name\":\"Mini fierastrau pentru taiat tevi PIPECUT MINI ROTHENBERGER cu acumulator LI-ION 18V 4AH CAS\"}]},{\"@type\":\"WebSite\",\"@id\":\"https:\\\/\\\/eurotech-iasi.ro\\\/magazinonline\\\/#website\",\"url\":\"https:\\\/\\\/eurotech-iasi.ro\\\/magazinonline\\\/\",\"name\":\"Eurotech Iasi\",\"description\":\"Cu oameni seriosi\",\"publisher\":{\"@id\":\"https:\\\/\\\/eurotech-iasi.ro\\\/magazinonline\\\/#organization\"},\"potentialAction\":[{\"@type\":\"SearchAction\",\"target\":{\"@type\":\"EntryPoint\",\"urlTemplate\":\"https:\\\/\\\/eurotech-iasi.ro\\\/magazinonline\\\/?s={search_term_string}\"},\"query-input\":{\"@type\":\"PropertyValueSpecification\",\"valueRequired\":true,\"valueName\":\"search_term_string\"}}],\"inLanguage\":\"ro-RO\"},{\"@type\":\"Organization\",\"@id\":\"https:\\\/\\\/eurotech-iasi.ro\\\/magazinonline\\\/#organization\",\"name\":\"Eurotech Iasi\",\"url\":\"https:\\\/\\\/eurotech-iasi.ro\\\/magazinonline\\\/\",\"logo\":{\"@type\":\"ImageObject\",\"inLanguage\":\"ro-RO\",\"@id\":\"https:\\\/\\\/eurotech-iasi.ro\\\/magazinonline\\\/#\\\/schema\\\/logo\\\/image\\\/\",\"url\":\"https:\\\/\\\/eurotech-iasi.ro\\\/magazinonline\\\/wp-content\\\/uploads\\\/2020\\\/08\\\/logo-eurotech.png\",\"contentUrl\":\"https:\\\/\\\/eurotech-iasi.ro\\\/magazinonline\\\/wp-content\\\/uploads\\\/2020\\\/08\\\/logo-eurotech.png\",\"width\":290,\"height\":70,\"caption\":\"Eurotech Iasi\"},\"image\":{\"@id\":\"https:\\\/\\\/eurotech-iasi.ro\\\/magazinonline\\\/#\\\/schema\\\/logo\\\/image\\\/\"},\"sameAs\":[\"https:\\\/\\\/www.facebook.com\\\/EurotechIasi\\\/\"]}]}<\/script>\n<!-- \/ Yoast SEO plugin. -->","yoast_head_json":{"title":"Mini fierastrau pentru taiat tevi PIPECUT MINI ROTHENBERGER cu acumulator LI-ION 18V 4AH CAS - Eurotech Iasi","robots":{"index":"index","follow":"follow","max-snippet":"max-snippet:-1","max-image-preview":"max-image-preview:large","max-video-preview":"max-video-preview:-1"},"canonical":"https:\/\/eurotech-iasi.ro\/magazinonline\/produs\/taiator-de-tevi-pipecut-mini-rothenberger-cu-acumulator-li-ion-18v-4ah\/","og_locale":"ro_RO","og_type":"article","og_title":"Mini fierastrau pentru taiat tevi PIPECUT MINI ROTHENBERGER cu acumulator LI-ION 18V 4AH CAS - Eurotech Iasi","og_description":"Mini fierastrau pentru taiat tevi PIPECUT MINI ROTHENBERGER cu acumulator LI-ION 18V 4AH CAS destinat uzului profesional poate taia cuprul, plasticul, otelul, fonta sau otelul inoxidabil cu un diametru al tevii de pana la \u2300110 mm.  Cod produs: 1000003398  &nbsp;","og_url":"https:\/\/eurotech-iasi.ro\/magazinonline\/produs\/taiator-de-tevi-pipecut-mini-rothenberger-cu-acumulator-li-ion-18v-4ah\/","og_site_name":"Eurotech Iasi","article_publisher":"https:\/\/www.facebook.com\/EurotechIasi\/","article_modified_time":"2026-03-20T12:58:03+00:00","og_image":[{"width":750,"height":750,"url":"https:\/\/eurotech-iasi.ro\/magazinonline\/wp-content\/uploads\/2021\/09\/Mini-fierastrau-pentru-taiat-tevi-PIPECUT-MINI-ROTHENBERGER-cu-acumulator-LI-ION-18V-4AH-CAS-2.png","type":"image\/png"}],"twitter_misc":{"Timp estimat pentru citire":"1 minut"},"schema":{"@context":"https:\/\/schema.org","@graph":[{"@type":"WebPage","@id":"https:\/\/eurotech-iasi.ro\/magazinonline\/produs\/taiator-de-tevi-pipecut-mini-rothenberger-cu-acumulator-li-ion-18v-4ah\/","url":"https:\/\/eurotech-iasi.ro\/magazinonline\/produs\/taiator-de-tevi-pipecut-mini-rothenberger-cu-acumulator-li-ion-18v-4ah\/","name":"Mini fierastrau pentru taiat tevi PIPECUT MINI ROTHENBERGER cu acumulator LI-ION 18V 4AH CAS - Eurotech Iasi","isPartOf":{"@id":"https:\/\/eurotech-iasi.ro\/magazinonline\/#website"},"primaryImageOfPage":{"@id":"https:\/\/eurotech-iasi.ro\/magazinonline\/produs\/taiator-de-tevi-pipecut-mini-rothenberger-cu-acumulator-li-ion-18v-4ah\/#primaryimage"},"image":{"@id":"https:\/\/eurotech-iasi.ro\/magazinonline\/produs\/taiator-de-tevi-pipecut-mini-rothenberger-cu-acumulator-li-ion-18v-4ah\/#primaryimage"},"thumbnailUrl":"https:\/\/eurotech-iasi.ro\/magazinonline\/wp-content\/uploads\/2021\/09\/Mini-fierastrau-pentru-taiat-tevi-PIPECUT-MINI-ROTHENBERGER-cu-acumulator-LI-ION-18V-4AH-CAS-2.png","datePublished":"2021-09-10T11:33:32+00:00","dateModified":"2026-03-20T12:58:03+00:00","breadcrumb":{"@id":"https:\/\/eurotech-iasi.ro\/magazinonline\/produs\/taiator-de-tevi-pipecut-mini-rothenberger-cu-acumulator-li-ion-18v-4ah\/#breadcrumb"},"inLanguage":"ro-RO","potentialAction":[{"@type":"ReadAction","target":["https:\/\/eurotech-iasi.ro\/magazinonline\/produs\/taiator-de-tevi-pipecut-mini-rothenberger-cu-acumulator-li-ion-18v-4ah\/"]}]},{"@type":"ImageObject","inLanguage":"ro-RO","@id":"https:\/\/eurotech-iasi.ro\/magazinonline\/produs\/taiator-de-tevi-pipecut-mini-rothenberger-cu-acumulator-li-ion-18v-4ah\/#primaryimage","url":"https:\/\/eurotech-iasi.ro\/magazinonline\/wp-content\/uploads\/2021\/09\/Mini-fierastrau-pentru-taiat-tevi-PIPECUT-MINI-ROTHENBERGER-cu-acumulator-LI-ION-18V-4AH-CAS-2.png","contentUrl":"https:\/\/eurotech-iasi.ro\/magazinonline\/wp-content\/uploads\/2021\/09\/Mini-fierastrau-pentru-taiat-tevi-PIPECUT-MINI-ROTHENBERGER-cu-acumulator-LI-ION-18V-4AH-CAS-2.png","width":750,"height":750},{"@type":"BreadcrumbList","@id":"https:\/\/eurotech-iasi.ro\/magazinonline\/produs\/taiator-de-tevi-pipecut-mini-rothenberger-cu-acumulator-li-ion-18v-4ah\/#breadcrumb","itemListElement":[{"@type":"ListItem","position":1,"name":"Prima pagin\u0103","item":"https:\/\/eurotech-iasi.ro\/magazinonline\/"},{"@type":"ListItem","position":2,"name":"Shop","item":"https:\/\/eurotech-iasi.ro\/magazinonline\/shop\/"},{"@type":"ListItem","position":3,"name":"Mini fierastrau pentru taiat tevi PIPECUT MINI ROTHENBERGER cu acumulator LI-ION 18V 4AH CAS"}]},{"@type":"WebSite","@id":"https:\/\/eurotech-iasi.ro\/magazinonline\/#website","url":"https:\/\/eurotech-iasi.ro\/magazinonline\/","name":"Eurotech Iasi","description":"Cu oameni seriosi","publisher":{"@id":"https:\/\/eurotech-iasi.ro\/magazinonline\/#organization"},"potentialAction":[{"@type":"SearchAction","target":{"@type":"EntryPoint","urlTemplate":"https:\/\/eurotech-iasi.ro\/magazinonline\/?s={search_term_string}"},"query-input":{"@type":"PropertyValueSpecification","valueRequired":true,"valueName":"search_term_string"}}],"inLanguage":"ro-RO"},{"@type":"Organization","@id":"https:\/\/eurotech-iasi.ro\/magazinonline\/#organization","name":"Eurotech Iasi","url":"https:\/\/eurotech-iasi.ro\/magazinonline\/","logo":{"@type":"ImageObject","inLanguage":"ro-RO","@id":"https:\/\/eurotech-iasi.ro\/magazinonline\/#\/schema\/logo\/image\/","url":"https:\/\/eurotech-iasi.ro\/magazinonline\/wp-content\/uploads\/2020\/08\/logo-eurotech.png","contentUrl":"https:\/\/eurotech-iasi.ro\/magazinonline\/wp-content\/uploads\/2020\/08\/logo-eurotech.png","width":290,"height":70,"caption":"Eurotech Iasi"},"image":{"@id":"https:\/\/eurotech-iasi.ro\/magazinonline\/#\/schema\/logo\/image\/"},"sameAs":["https:\/\/www.facebook.com\/EurotechIasi\/"]}]}},"_links":{"self":[{"href":"https:\/\/eurotech-iasi.ro\/magazinonline\/wp-json\/wp\/v2\/product\/72590","targetHints":{"allow":["GET"]}}],"collection":[{"href":"https:\/\/eurotech-iasi.ro\/magazinonline\/wp-json\/wp\/v2\/product"}],"about":[{"href":"https:\/\/eurotech-iasi.ro\/magazinonline\/wp-json\/wp\/v2\/types\/product"}],"replies":[{"embeddable":true,"href":"https:\/\/eurotech-iasi.ro\/magazinonline\/wp-json\/wp\/v2\/comments?post=72590"}],"wp:featuredmedia":[{"embeddable":true,"href":"https:\/\/eurotech-iasi.ro\/magazinonline\/wp-json\/wp\/v2\/media\/77241"}],"wp:attachment":[{"href":"https:\/\/eurotech-iasi.ro\/magazinonline\/wp-json\/wp\/v2\/media?parent=72590"}],"wp:term":[{"taxonomy":"product_cat","embeddable":true,"href":"https:\/\/eurotech-iasi.ro\/magazinonline\/wp-json\/wp\/v2\/product_cat?post=72590"},{"taxonomy":"product_tag","embeddable":true,"href":"https:\/\/eurotech-iasi.ro\/magazinonline\/wp-json\/wp\/v2\/product_tag?post=72590"},{"taxonomy":"woo-feed-brand","embeddable":true,"href":"https:\/\/eurotech-iasi.ro\/magazinonline\/wp-json\/wp\/v2\/woo-feed-brand?post=72590"}],"curies":[{"name":"wp","href":"https:\/\/api.w.org\/{rel}","templated":true}]}}