{"id":72595,"date":"2021-09-10T15:11:29","date_gmt":"2021-09-10T12:11:29","guid":{"rendered":"https:\/\/eurotech-iasi.ro\/magazinonline\/?post_type=product&#038;p=72595"},"modified":"2026-03-20T14:57:02","modified_gmt":"2026-03-20T12:57:02","slug":"set-r600-varioclean-rothenberger","status":"publish","type":"product","link":"https:\/\/eurotech-iasi.ro\/magazinonline\/produs\/set-r600-varioclean-rothenberger\/","title":{"rendered":"SET DESFUNDAT TEVI CU ACUMULATORI R600 VARIOCLEAN ROTHENBERGER"},"content":{"rendered":"<p id=\"tw-target-text\" class=\"tw-data-text tw-text-large XcVN5d tw-ta\" dir=\"ltr\" data-placeholder=\"Traducere\"><span class=\"Y2IQFc\" lang=\"ro\"><strong>SET DESFUNDAT TEVI CU ACUMULATORI R600 VARIOCLEAN ROTHENBERGER<\/strong> este ideal pentru instalatori, servicii de curatenie si curatatoare de tevi pentru indepartarea eficienta si flexibila a blocajelor din conductele de canalizare ,cu un diametru de pana la 150 mm. <\/span><\/p>\n<p class=\"tw-data-text tw-text-large XcVN5d tw-ta\" dir=\"ltr\" data-placeholder=\"Traducere\"><span class=\"Y2IQFc\" lang=\"ro\"><em><strong>R600 VARIOCLEAN<\/strong><\/em> de la <strong>ROTHENBERGER<\/strong> este deosebit de potrivit pentru utilizarea in zonele fara sursa de alimentare, avand un design compact si o greutate redusa. <\/span><span class=\"Y2IQFc\" lang=\"ro\">Spiralele DuraFlex\u00a0 sunt deosebit de flexibile cu galvanizare. Lungimea maxima de curatare este de <strong>50 m cu spirala de 16 mm si de 60 m cu spirala de 22 mm<\/strong> si este recomandat pentru <strong>utilizarea intre diametre de la 20 pana la 150 mm.<\/strong>\u00a0<\/span><\/p>\n<p dir=\"ltr\" data-placeholder=\"Traducere\"><strong>Specificatii tehnice:<\/strong><\/p>\n<ul>\n<li>Utilizare universal\u0103, at\u00e2t \u00een interior c\u00e2t \u0219i la exterior<\/li>\n<li>Func\u021bionare puternic\u0103 \u0219i silen\u0163ioas\u0103 a motorului<\/li>\n<li>Potrivit\u0103 pentru t\u0103ierea r\u0103d\u0103cinilor \u0219i la s\u0103parea \u00een dopuri formate din materiale de construc\u021bii.<\/li>\n<li>Gam\u0103 larg\u0103 de accesorii<\/li>\n<li>Antrenare direct\u0103 a spiralelor de 16 mm \u0219i 22 mm<\/li>\n<li>Acumulator: 18V, 8.0 Ah CAS<\/li>\n<li>Utilizare recomandat\u0103: diametre \u00eentre \u00d8 20\u2013150 mm<\/li>\n<li>Lungimea maxim\u0103: 50 m cu spiral\u0103 16 mm 60 m cu spiral\u0103 22 mm<\/li>\n<li>Vitez\u0103: 427 \/ 527 \/ 614 rpm<\/li>\n<\/ul>\n<p dir=\"ltr\" data-placeholder=\"Traducere\"><iframe loading=\"lazy\" title=\"YouTube video player\" src=\"https:\/\/www.youtube.com\/embed\/x6K20WtjFqA\" width=\"560\" height=\"315\" frameborder=\"0\" allowfullscreen=\"allowfullscreen\"><\/iframe><\/p>\n","protected":false},"excerpt":{"rendered":"<p><span class=\"Y2IQFc\" lang=\"ro\"><strong>SET DESFUNDAT TEVI CU ACUMULATORI R600 VARIOCLEAN ROTHENBERGER <\/strong>pentru indepartarea eficienta si flexibila a blocajelor din conductele de canalizare ,cu un diametru de pana la 150 mm.<\/span><\/p>\n<p><strong><em>Cod produs: 1000003346<\/em><\/strong><\/p>\n","protected":false},"featured_media":77239,"comment_status":"open","ping_status":"closed","template":"","meta":{"_acf_changed":false},"product_cat":[4997],"product_tag":[],"woo-feed-brand":[],"class_list":{"0":"post-72595","1":"product","2":"type-product","3":"status-publish","4":"has-post-thumbnail","6":"product_brand-rothenberger","7":"product_cat-instalatii","8":"pa_brand-rothenberger","10":"first","11":"outofstock","12":"shipping-taxable","13":"purchasable","14":"product-type-simple"},"acf":[],"yoast_head":"<!-- This site is optimized with the Yoast SEO plugin v27.5 - https:\/\/yoast.com\/product\/yoast-seo-wordpress\/ -->\n<title>SET DESFUNDAT TEVI CU ACUMULATORI R600 VARIOCLEAN ROTHENBERGER - Eurotech Iasi<\/title>\n<meta name=\"robots\" content=\"index, follow, max-snippet:-1, max-image-preview:large, max-video-preview:-1\" \/>\n<link rel=\"canonical\" href=\"https:\/\/eurotech-iasi.ro\/magazinonline\/produs\/set-r600-varioclean-rothenberger\/\" \/>\n<meta property=\"og:locale\" content=\"ro_RO\" \/>\n<meta property=\"og:type\" content=\"article\" \/>\n<meta property=\"og:title\" content=\"SET DESFUNDAT TEVI CU ACUMULATORI R600 VARIOCLEAN ROTHENBERGER - Eurotech Iasi\" \/>\n<meta property=\"og:description\" content=\"SET DESFUNDAT TEVI CU ACUMULATORI R600 VARIOCLEAN ROTHENBERGER pentru indepartarea eficienta si flexibila a blocajelor din conductele de canalizare ,cu un diametru de pana la 150 mm.  Cod produs: 1000003346\" \/>\n<meta property=\"og:url\" content=\"https:\/\/eurotech-iasi.ro\/magazinonline\/produs\/set-r600-varioclean-rothenberger\/\" \/>\n<meta property=\"og:site_name\" content=\"Eurotech Iasi\" \/>\n<meta property=\"article:publisher\" content=\"https:\/\/www.facebook.com\/EurotechIasi\/\" \/>\n<meta property=\"article:modified_time\" content=\"2026-03-20T12:57:02+00:00\" \/>\n<meta property=\"og:image\" content=\"https:\/\/eurotech-iasi.ro\/magazinonline\/wp-content\/uploads\/2021\/09\/SET-DESFUNDAT-TEVI-CU-ACUMULATORI-R600-VARIOCLEAN-ROTHENBERGER-2.png\" \/>\n\t<meta property=\"og:image:width\" content=\"750\" \/>\n\t<meta property=\"og:image:height\" content=\"750\" \/>\n\t<meta property=\"og:image:type\" content=\"image\/png\" \/>\n<meta name=\"twitter:label1\" content=\"Timp estimat pentru citire\" \/>\n\t<meta name=\"twitter:data1\" content=\"1 minut\" \/>\n<script type=\"application\/ld+json\" class=\"yoast-schema-graph\">{\"@context\":\"https:\\\/\\\/schema.org\",\"@graph\":[{\"@type\":\"WebPage\",\"@id\":\"https:\\\/\\\/eurotech-iasi.ro\\\/magazinonline\\\/produs\\\/set-r600-varioclean-rothenberger\\\/\",\"url\":\"https:\\\/\\\/eurotech-iasi.ro\\\/magazinonline\\\/produs\\\/set-r600-varioclean-rothenberger\\\/\",\"name\":\"SET DESFUNDAT TEVI CU ACUMULATORI R600 VARIOCLEAN ROTHENBERGER - Eurotech Iasi\",\"isPartOf\":{\"@id\":\"https:\\\/\\\/eurotech-iasi.ro\\\/magazinonline\\\/#website\"},\"primaryImageOfPage\":{\"@id\":\"https:\\\/\\\/eurotech-iasi.ro\\\/magazinonline\\\/produs\\\/set-r600-varioclean-rothenberger\\\/#primaryimage\"},\"image\":{\"@id\":\"https:\\\/\\\/eurotech-iasi.ro\\\/magazinonline\\\/produs\\\/set-r600-varioclean-rothenberger\\\/#primaryimage\"},\"thumbnailUrl\":\"https:\\\/\\\/eurotech-iasi.ro\\\/magazinonline\\\/wp-content\\\/uploads\\\/2021\\\/09\\\/SET-DESFUNDAT-TEVI-CU-ACUMULATORI-R600-VARIOCLEAN-ROTHENBERGER-2.png\",\"datePublished\":\"2021-09-10T12:11:29+00:00\",\"dateModified\":\"2026-03-20T12:57:02+00:00\",\"breadcrumb\":{\"@id\":\"https:\\\/\\\/eurotech-iasi.ro\\\/magazinonline\\\/produs\\\/set-r600-varioclean-rothenberger\\\/#breadcrumb\"},\"inLanguage\":\"ro-RO\",\"potentialAction\":[{\"@type\":\"ReadAction\",\"target\":[\"https:\\\/\\\/eurotech-iasi.ro\\\/magazinonline\\\/produs\\\/set-r600-varioclean-rothenberger\\\/\"]}]},{\"@type\":\"ImageObject\",\"inLanguage\":\"ro-RO\",\"@id\":\"https:\\\/\\\/eurotech-iasi.ro\\\/magazinonline\\\/produs\\\/set-r600-varioclean-rothenberger\\\/#primaryimage\",\"url\":\"https:\\\/\\\/eurotech-iasi.ro\\\/magazinonline\\\/wp-content\\\/uploads\\\/2021\\\/09\\\/SET-DESFUNDAT-TEVI-CU-ACUMULATORI-R600-VARIOCLEAN-ROTHENBERGER-2.png\",\"contentUrl\":\"https:\\\/\\\/eurotech-iasi.ro\\\/magazinonline\\\/wp-content\\\/uploads\\\/2021\\\/09\\\/SET-DESFUNDAT-TEVI-CU-ACUMULATORI-R600-VARIOCLEAN-ROTHENBERGER-2.png\",\"width\":750,\"height\":750},{\"@type\":\"BreadcrumbList\",\"@id\":\"https:\\\/\\\/eurotech-iasi.ro\\\/magazinonline\\\/produs\\\/set-r600-varioclean-rothenberger\\\/#breadcrumb\",\"itemListElement\":[{\"@type\":\"ListItem\",\"position\":1,\"name\":\"Prima pagin\u0103\",\"item\":\"https:\\\/\\\/eurotech-iasi.ro\\\/magazinonline\\\/\"},{\"@type\":\"ListItem\",\"position\":2,\"name\":\"Shop\",\"item\":\"https:\\\/\\\/eurotech-iasi.ro\\\/magazinonline\\\/shop\\\/\"},{\"@type\":\"ListItem\",\"position\":3,\"name\":\"SET DESFUNDAT TEVI CU ACUMULATORI R600 VARIOCLEAN ROTHENBERGER\"}]},{\"@type\":\"WebSite\",\"@id\":\"https:\\\/\\\/eurotech-iasi.ro\\\/magazinonline\\\/#website\",\"url\":\"https:\\\/\\\/eurotech-iasi.ro\\\/magazinonline\\\/\",\"name\":\"Eurotech Iasi\",\"description\":\"Cu oameni seriosi\",\"publisher\":{\"@id\":\"https:\\\/\\\/eurotech-iasi.ro\\\/magazinonline\\\/#organization\"},\"potentialAction\":[{\"@type\":\"SearchAction\",\"target\":{\"@type\":\"EntryPoint\",\"urlTemplate\":\"https:\\\/\\\/eurotech-iasi.ro\\\/magazinonline\\\/?s={search_term_string}\"},\"query-input\":{\"@type\":\"PropertyValueSpecification\",\"valueRequired\":true,\"valueName\":\"search_term_string\"}}],\"inLanguage\":\"ro-RO\"},{\"@type\":\"Organization\",\"@id\":\"https:\\\/\\\/eurotech-iasi.ro\\\/magazinonline\\\/#organization\",\"name\":\"Eurotech Iasi\",\"url\":\"https:\\\/\\\/eurotech-iasi.ro\\\/magazinonline\\\/\",\"logo\":{\"@type\":\"ImageObject\",\"inLanguage\":\"ro-RO\",\"@id\":\"https:\\\/\\\/eurotech-iasi.ro\\\/magazinonline\\\/#\\\/schema\\\/logo\\\/image\\\/\",\"url\":\"https:\\\/\\\/eurotech-iasi.ro\\\/magazinonline\\\/wp-content\\\/uploads\\\/2020\\\/08\\\/logo-eurotech.png\",\"contentUrl\":\"https:\\\/\\\/eurotech-iasi.ro\\\/magazinonline\\\/wp-content\\\/uploads\\\/2020\\\/08\\\/logo-eurotech.png\",\"width\":290,\"height\":70,\"caption\":\"Eurotech Iasi\"},\"image\":{\"@id\":\"https:\\\/\\\/eurotech-iasi.ro\\\/magazinonline\\\/#\\\/schema\\\/logo\\\/image\\\/\"},\"sameAs\":[\"https:\\\/\\\/www.facebook.com\\\/EurotechIasi\\\/\"]}]}<\/script>\n<!-- \/ Yoast SEO plugin. -->","yoast_head_json":{"title":"SET DESFUNDAT TEVI CU ACUMULATORI R600 VARIOCLEAN ROTHENBERGER - Eurotech Iasi","robots":{"index":"index","follow":"follow","max-snippet":"max-snippet:-1","max-image-preview":"max-image-preview:large","max-video-preview":"max-video-preview:-1"},"canonical":"https:\/\/eurotech-iasi.ro\/magazinonline\/produs\/set-r600-varioclean-rothenberger\/","og_locale":"ro_RO","og_type":"article","og_title":"SET DESFUNDAT TEVI CU ACUMULATORI R600 VARIOCLEAN ROTHENBERGER - Eurotech Iasi","og_description":"SET DESFUNDAT TEVI CU ACUMULATORI R600 VARIOCLEAN ROTHENBERGER pentru indepartarea eficienta si flexibila a blocajelor din conductele de canalizare ,cu un diametru de pana la 150 mm.  Cod produs: 1000003346","og_url":"https:\/\/eurotech-iasi.ro\/magazinonline\/produs\/set-r600-varioclean-rothenberger\/","og_site_name":"Eurotech Iasi","article_publisher":"https:\/\/www.facebook.com\/EurotechIasi\/","article_modified_time":"2026-03-20T12:57:02+00:00","og_image":[{"width":750,"height":750,"url":"https:\/\/eurotech-iasi.ro\/magazinonline\/wp-content\/uploads\/2021\/09\/SET-DESFUNDAT-TEVI-CU-ACUMULATORI-R600-VARIOCLEAN-ROTHENBERGER-2.png","type":"image\/png"}],"twitter_misc":{"Timp estimat pentru citire":"1 minut"},"schema":{"@context":"https:\/\/schema.org","@graph":[{"@type":"WebPage","@id":"https:\/\/eurotech-iasi.ro\/magazinonline\/produs\/set-r600-varioclean-rothenberger\/","url":"https:\/\/eurotech-iasi.ro\/magazinonline\/produs\/set-r600-varioclean-rothenberger\/","name":"SET DESFUNDAT TEVI CU ACUMULATORI R600 VARIOCLEAN ROTHENBERGER - Eurotech Iasi","isPartOf":{"@id":"https:\/\/eurotech-iasi.ro\/magazinonline\/#website"},"primaryImageOfPage":{"@id":"https:\/\/eurotech-iasi.ro\/magazinonline\/produs\/set-r600-varioclean-rothenberger\/#primaryimage"},"image":{"@id":"https:\/\/eurotech-iasi.ro\/magazinonline\/produs\/set-r600-varioclean-rothenberger\/#primaryimage"},"thumbnailUrl":"https:\/\/eurotech-iasi.ro\/magazinonline\/wp-content\/uploads\/2021\/09\/SET-DESFUNDAT-TEVI-CU-ACUMULATORI-R600-VARIOCLEAN-ROTHENBERGER-2.png","datePublished":"2021-09-10T12:11:29+00:00","dateModified":"2026-03-20T12:57:02+00:00","breadcrumb":{"@id":"https:\/\/eurotech-iasi.ro\/magazinonline\/produs\/set-r600-varioclean-rothenberger\/#breadcrumb"},"inLanguage":"ro-RO","potentialAction":[{"@type":"ReadAction","target":["https:\/\/eurotech-iasi.ro\/magazinonline\/produs\/set-r600-varioclean-rothenberger\/"]}]},{"@type":"ImageObject","inLanguage":"ro-RO","@id":"https:\/\/eurotech-iasi.ro\/magazinonline\/produs\/set-r600-varioclean-rothenberger\/#primaryimage","url":"https:\/\/eurotech-iasi.ro\/magazinonline\/wp-content\/uploads\/2021\/09\/SET-DESFUNDAT-TEVI-CU-ACUMULATORI-R600-VARIOCLEAN-ROTHENBERGER-2.png","contentUrl":"https:\/\/eurotech-iasi.ro\/magazinonline\/wp-content\/uploads\/2021\/09\/SET-DESFUNDAT-TEVI-CU-ACUMULATORI-R600-VARIOCLEAN-ROTHENBERGER-2.png","width":750,"height":750},{"@type":"BreadcrumbList","@id":"https:\/\/eurotech-iasi.ro\/magazinonline\/produs\/set-r600-varioclean-rothenberger\/#breadcrumb","itemListElement":[{"@type":"ListItem","position":1,"name":"Prima pagin\u0103","item":"https:\/\/eurotech-iasi.ro\/magazinonline\/"},{"@type":"ListItem","position":2,"name":"Shop","item":"https:\/\/eurotech-iasi.ro\/magazinonline\/shop\/"},{"@type":"ListItem","position":3,"name":"SET DESFUNDAT TEVI CU ACUMULATORI R600 VARIOCLEAN ROTHENBERGER"}]},{"@type":"WebSite","@id":"https:\/\/eurotech-iasi.ro\/magazinonline\/#website","url":"https:\/\/eurotech-iasi.ro\/magazinonline\/","name":"Eurotech Iasi","description":"Cu oameni seriosi","publisher":{"@id":"https:\/\/eurotech-iasi.ro\/magazinonline\/#organization"},"potentialAction":[{"@type":"SearchAction","target":{"@type":"EntryPoint","urlTemplate":"https:\/\/eurotech-iasi.ro\/magazinonline\/?s={search_term_string}"},"query-input":{"@type":"PropertyValueSpecification","valueRequired":true,"valueName":"search_term_string"}}],"inLanguage":"ro-RO"},{"@type":"Organization","@id":"https:\/\/eurotech-iasi.ro\/magazinonline\/#organization","name":"Eurotech Iasi","url":"https:\/\/eurotech-iasi.ro\/magazinonline\/","logo":{"@type":"ImageObject","inLanguage":"ro-RO","@id":"https:\/\/eurotech-iasi.ro\/magazinonline\/#\/schema\/logo\/image\/","url":"https:\/\/eurotech-iasi.ro\/magazinonline\/wp-content\/uploads\/2020\/08\/logo-eurotech.png","contentUrl":"https:\/\/eurotech-iasi.ro\/magazinonline\/wp-content\/uploads\/2020\/08\/logo-eurotech.png","width":290,"height":70,"caption":"Eurotech Iasi"},"image":{"@id":"https:\/\/eurotech-iasi.ro\/magazinonline\/#\/schema\/logo\/image\/"},"sameAs":["https:\/\/www.facebook.com\/EurotechIasi\/"]}]}},"_links":{"self":[{"href":"https:\/\/eurotech-iasi.ro\/magazinonline\/wp-json\/wp\/v2\/product\/72595","targetHints":{"allow":["GET"]}}],"collection":[{"href":"https:\/\/eurotech-iasi.ro\/magazinonline\/wp-json\/wp\/v2\/product"}],"about":[{"href":"https:\/\/eurotech-iasi.ro\/magazinonline\/wp-json\/wp\/v2\/types\/product"}],"replies":[{"embeddable":true,"href":"https:\/\/eurotech-iasi.ro\/magazinonline\/wp-json\/wp\/v2\/comments?post=72595"}],"wp:featuredmedia":[{"embeddable":true,"href":"https:\/\/eurotech-iasi.ro\/magazinonline\/wp-json\/wp\/v2\/media\/77239"}],"wp:attachment":[{"href":"https:\/\/eurotech-iasi.ro\/magazinonline\/wp-json\/wp\/v2\/media?parent=72595"}],"wp:term":[{"taxonomy":"product_cat","embeddable":true,"href":"https:\/\/eurotech-iasi.ro\/magazinonline\/wp-json\/wp\/v2\/product_cat?post=72595"},{"taxonomy":"product_tag","embeddable":true,"href":"https:\/\/eurotech-iasi.ro\/magazinonline\/wp-json\/wp\/v2\/product_tag?post=72595"},{"taxonomy":"woo-feed-brand","embeddable":true,"href":"https:\/\/eurotech-iasi.ro\/magazinonline\/wp-json\/wp\/v2\/woo-feed-brand?post=72595"}],"curies":[{"name":"wp","href":"https:\/\/api.w.org\/{rel}","templated":true}]}}