{"id":72619,"date":"2021-09-13T11:22:59","date_gmt":"2021-09-13T08:22:59","guid":{"rendered":"https:\/\/eurotech-iasi.ro\/magazinonline\/?post_type=product&#038;p=72619"},"modified":"2026-03-20T14:53:39","modified_gmt":"2026-03-20T12:53:39","slug":"dispozitiv-hidraulic-pentru-indoit-tevi-din-otel-rothenberger-robull-2-tip-e-rama-inchisa","status":"publish","type":"product","link":"https:\/\/eurotech-iasi.ro\/magazinonline\/produs\/dispozitiv-hidraulic-pentru-indoit-tevi-din-otel-rothenberger-robull-2-tip-e-rama-inchisa\/","title":{"rendered":"Dispozitiv hidraulic pentru indoit tevi din otel ROTHENBERGER ROBULL 2&#8243;, TIP E &#8211; rama inchisa"},"content":{"rendered":"<p><strong><a title=\"Dispozitiv hidraulic pentru indoit tevi din otel\" href=\"https:\/\/eurotech-iasi.ro\/magazinonline\/produs\/dispozitiv-hidraulic-pentru-indoit-tevi-din-otel-rothenberger-robull-2-tip-e-rama-inchisa\/\" rel=\"nofollow\">Dispozitiv hidraulic pentru indoit tevi din otel ROTHENBERGER ROBULL 2&#8243;, TIP E<\/a> &#8211; rama inchisa, <\/strong>pentru indoirea tevilor de instalatii cu diametre de\u00a0 3\/8 &#8211; 2 toli.\u00a0 Acest dispozitiv este potrivit pentru indoirea precisa a tevilor, in instalatii de gaz, sanitare si de incalzire, constructia de cazane sau in industrie.<\/p>\n<p><strong>Caracteristici:<\/strong><\/p>\n<ul>\n<li>Utilizare: Pentru indoirea tevilor de instalatii intre 3\/8\u201d \u2013 2\u201d<\/li>\n<li>Forte: Pana la 150 KN<\/li>\n<li>Revenire piston: Automata<\/li>\n<li>Actionare: Manuala<\/li>\n<li>Echipament hidraulic de indoit, utilizabil in multiple aplicatii: instalatii de gaz,<\/li>\n<li>sanitare si de incalzire, constructia de radiatoare si cazane, industrie<\/li>\n<li>Indicat si pentru indreptarea tevilor. Tipul ME este ideal si pentru executia de serie<\/li>\n<li>Sistem hidraulic inchis, care nu necesita intretinere<\/li>\n<li>Constructie monobloc cu retragere automata a pistonului<\/li>\n<li>Este eliminata necesitatea fitingurilor<\/li>\n<li>Reducerea numarului locurilor de sudura<\/li>\n<\/ul>\n<p><strong>Specificatii tehnice &#8211;<\/strong> <strong>Dispozitiv hidraulic pentru indoit tevi din otel ROTHENBERGER ROBULL 2&#8243;, TIP E &#8211; rama inchisa:<\/strong><\/p>\n<p><strong>Material<\/strong> &#8211; otel<br \/>\n<strong>Greutate neta (kg)<\/strong> &#8211; 72<br \/>\n<strong>Greutate bruta (kg)<\/strong> &#8211; 73<br \/>\n<strong>Categorii<\/strong> &#8211; Dispozitive indoire, expandare si presare<\/p>\n<p><strong>Set de livrare:<\/strong><\/p>\n<ul>\n<li>ROBULL Tip E<\/li>\n<li>2 stifturi (cod 57979)<\/li>\n<li>2 forme laterale (cod 58004)<\/li>\n<li>forme de indoit Standard 90\u00b0 in 3\/8&#8243; (cod 57985), 1\/2&#8243; (cod 57986), 3\/4&#8243;(cod 57987), 1&#8243; (cod 57988), 1.1\/4&#8243; (cod 57989), 1.1\/2&#8243; (cod 57990), 2&#8243; (cod 57991)<\/li>\n<\/ul>\n<p><strong>Seturile Robull se livreaz\u0103 cu formele de \u00eendoire \u00eentre 3\/8&#8243; \u0219i 2&#8243;<\/strong><\/p>\n<p><strong>Trepiedul nu este inclus in setul de livrare!\u00a0<\/strong><\/p>\n<p>&nbsp;<\/p>\n","protected":false},"excerpt":{"rendered":"<p><strong>Dispozitiv hidraulic pentru indoit tevi din otel ROTHENBERGER ROBULL 2&#8243;, TIP E &#8211; rama inchisa<\/strong><em><strong>, <\/strong><\/em>pentru indoirea tevilor de instalatii intre 3\/8 &#8211; 2 toli.<\/p>\n<p><em><strong>Cod produs: 057961x<\/strong><\/em><\/p>\n<p><strong>Seturile Robull se livreaz\u0103 cu formele de \u00eendoire \u00eentre 3\/8&#8243; \u0219i 2&#8243;<\/strong><\/p>\n<p><a href=\"https:\/\/eurotech-iasi.ro\/magazinonline\/wp-content\/uploads\/2021\/09\/CADOU-1-LITRU-ULEI-MOTOR.png\"><img loading=\"lazy\" decoding=\"async\" class=\"size-full wp-image-107745 alignleft\" src=\"https:\/\/eurotech-iasi.ro\/magazinonline\/wp-content\/uploads\/2021\/09\/CADOU-1-LITRU-ULEI-MOTOR.png\" alt=\"\" width=\"350\" height=\"350\" srcset=\"https:\/\/eurotech-iasi.ro\/magazinonline\/wp-content\/uploads\/2021\/09\/CADOU-1-LITRU-ULEI-MOTOR.png 350w, https:\/\/eurotech-iasi.ro\/magazinonline\/wp-content\/uploads\/2021\/09\/CADOU-1-LITRU-ULEI-MOTOR-300x300.png 300w, https:\/\/eurotech-iasi.ro\/magazinonline\/wp-content\/uploads\/2021\/09\/CADOU-1-LITRU-ULEI-MOTOR-150x150.png 150w, https:\/\/eurotech-iasi.ro\/magazinonline\/wp-content\/uploads\/2021\/09\/CADOU-1-LITRU-ULEI-MOTOR-100x100.png 100w\" sizes=\"auto, (max-width: 350px) 100vw, 350px\" \/><\/a><\/p>\n<p>&nbsp;<\/p>\n<p>&nbsp;<\/p>\n<p>&nbsp;<\/p>\n","protected":false},"featured_media":72620,"comment_status":"open","ping_status":"closed","template":"","meta":{"_acf_changed":false},"product_cat":[4997],"product_tag":[],"woo-feed-brand":[],"class_list":{"0":"post-72619","1":"product","2":"type-product","3":"status-publish","4":"has-post-thumbnail","6":"product_brand-rothenberger","7":"product_cat-instalatii","8":"pa_brand-rothenberger","9":"pa_greutate-72-6-kg","11":"first","12":"instock","13":"shipping-taxable","14":"purchasable","15":"product-type-simple"},"acf":[],"yoast_head":"<!-- This site is optimized with the Yoast SEO plugin v27.5 - https:\/\/yoast.com\/product\/yoast-seo-wordpress\/ -->\n<title>Dispozitiv hidraulic pentru indoit tevi din otel ROTHENBERGER ROBULL 2&quot;, TIP E - rama inchisa - Eurotech Iasi<\/title>\n<meta name=\"robots\" content=\"index, follow, max-snippet:-1, max-image-preview:large, max-video-preview:-1\" \/>\n<link rel=\"canonical\" href=\"https:\/\/eurotech-iasi.ro\/magazinonline\/produs\/dispozitiv-hidraulic-pentru-indoit-tevi-din-otel-rothenberger-robull-2-tip-e-rama-inchisa\/\" \/>\n<meta property=\"og:locale\" content=\"ro_RO\" \/>\n<meta property=\"og:type\" content=\"article\" \/>\n<meta property=\"og:title\" content=\"Dispozitiv hidraulic pentru indoit tevi din otel ROTHENBERGER ROBULL 2&quot;, TIP E - rama inchisa - Eurotech Iasi\" \/>\n<meta property=\"og:description\" content=\"Dispozitiv hidraulic pentru indoit tevi din otel ROTHENBERGER ROBULL 2&quot;, TIP E - rama inchisa, pentru indoirea tevilor de instalatii intre 3\/8 - 2 toli.  Cod produs: 057961x  Seturile Robull se livreaz\u0103 cu formele de \u00eendoire \u00eentre 3\/8&quot; \u0219i 2&quot;    &nbsp;  &nbsp;  &nbsp;\" \/>\n<meta property=\"og:url\" content=\"https:\/\/eurotech-iasi.ro\/magazinonline\/produs\/dispozitiv-hidraulic-pentru-indoit-tevi-din-otel-rothenberger-robull-2-tip-e-rama-inchisa\/\" \/>\n<meta property=\"og:site_name\" content=\"Eurotech Iasi\" \/>\n<meta property=\"article:publisher\" content=\"https:\/\/www.facebook.com\/EurotechIasi\/\" \/>\n<meta property=\"article:modified_time\" content=\"2026-03-20T12:53:39+00:00\" \/>\n<meta property=\"og:image\" content=\"https:\/\/eurotech-iasi.ro\/magazinonline\/wp-content\/uploads\/2021\/09\/robull-2.png\" \/>\n\t<meta property=\"og:image:width\" content=\"710\" \/>\n\t<meta property=\"og:image:height\" content=\"710\" \/>\n\t<meta property=\"og:image:type\" content=\"image\/png\" \/>\n<meta name=\"twitter:label1\" content=\"Timp estimat pentru citire\" \/>\n\t<meta name=\"twitter:data1\" content=\"1 minut\" \/>\n<script type=\"application\/ld+json\" class=\"yoast-schema-graph\">{\"@context\":\"https:\\\/\\\/schema.org\",\"@graph\":[{\"@type\":\"WebPage\",\"@id\":\"https:\\\/\\\/eurotech-iasi.ro\\\/magazinonline\\\/produs\\\/dispozitiv-hidraulic-pentru-indoit-tevi-din-otel-rothenberger-robull-2-tip-e-rama-inchisa\\\/\",\"url\":\"https:\\\/\\\/eurotech-iasi.ro\\\/magazinonline\\\/produs\\\/dispozitiv-hidraulic-pentru-indoit-tevi-din-otel-rothenberger-robull-2-tip-e-rama-inchisa\\\/\",\"name\":\"Dispozitiv hidraulic pentru indoit tevi din otel ROTHENBERGER ROBULL 2\\\", TIP E - rama inchisa - Eurotech Iasi\",\"isPartOf\":{\"@id\":\"https:\\\/\\\/eurotech-iasi.ro\\\/magazinonline\\\/#website\"},\"primaryImageOfPage\":{\"@id\":\"https:\\\/\\\/eurotech-iasi.ro\\\/magazinonline\\\/produs\\\/dispozitiv-hidraulic-pentru-indoit-tevi-din-otel-rothenberger-robull-2-tip-e-rama-inchisa\\\/#primaryimage\"},\"image\":{\"@id\":\"https:\\\/\\\/eurotech-iasi.ro\\\/magazinonline\\\/produs\\\/dispozitiv-hidraulic-pentru-indoit-tevi-din-otel-rothenberger-robull-2-tip-e-rama-inchisa\\\/#primaryimage\"},\"thumbnailUrl\":\"https:\\\/\\\/eurotech-iasi.ro\\\/magazinonline\\\/wp-content\\\/uploads\\\/2021\\\/09\\\/robull-2.png\",\"datePublished\":\"2021-09-13T08:22:59+00:00\",\"dateModified\":\"2026-03-20T12:53:39+00:00\",\"breadcrumb\":{\"@id\":\"https:\\\/\\\/eurotech-iasi.ro\\\/magazinonline\\\/produs\\\/dispozitiv-hidraulic-pentru-indoit-tevi-din-otel-rothenberger-robull-2-tip-e-rama-inchisa\\\/#breadcrumb\"},\"inLanguage\":\"ro-RO\",\"potentialAction\":[{\"@type\":\"ReadAction\",\"target\":[\"https:\\\/\\\/eurotech-iasi.ro\\\/magazinonline\\\/produs\\\/dispozitiv-hidraulic-pentru-indoit-tevi-din-otel-rothenberger-robull-2-tip-e-rama-inchisa\\\/\"]}]},{\"@type\":\"ImageObject\",\"inLanguage\":\"ro-RO\",\"@id\":\"https:\\\/\\\/eurotech-iasi.ro\\\/magazinonline\\\/produs\\\/dispozitiv-hidraulic-pentru-indoit-tevi-din-otel-rothenberger-robull-2-tip-e-rama-inchisa\\\/#primaryimage\",\"url\":\"https:\\\/\\\/eurotech-iasi.ro\\\/magazinonline\\\/wp-content\\\/uploads\\\/2021\\\/09\\\/robull-2.png\",\"contentUrl\":\"https:\\\/\\\/eurotech-iasi.ro\\\/magazinonline\\\/wp-content\\\/uploads\\\/2021\\\/09\\\/robull-2.png\",\"width\":710,\"height\":710,\"caption\":\"Dispozitiv hidraulic pentru indoit tevi din otel ROTHENBERGER ROBULL 2\\\", TIP E - rama inchisa\"},{\"@type\":\"BreadcrumbList\",\"@id\":\"https:\\\/\\\/eurotech-iasi.ro\\\/magazinonline\\\/produs\\\/dispozitiv-hidraulic-pentru-indoit-tevi-din-otel-rothenberger-robull-2-tip-e-rama-inchisa\\\/#breadcrumb\",\"itemListElement\":[{\"@type\":\"ListItem\",\"position\":1,\"name\":\"Prima pagin\u0103\",\"item\":\"https:\\\/\\\/eurotech-iasi.ro\\\/magazinonline\\\/\"},{\"@type\":\"ListItem\",\"position\":2,\"name\":\"Shop\",\"item\":\"https:\\\/\\\/eurotech-iasi.ro\\\/magazinonline\\\/shop\\\/\"},{\"@type\":\"ListItem\",\"position\":3,\"name\":\"Dispozitiv hidraulic pentru indoit tevi din otel ROTHENBERGER ROBULL 2&#8243;, TIP E &#8211; rama inchisa\"}]},{\"@type\":\"WebSite\",\"@id\":\"https:\\\/\\\/eurotech-iasi.ro\\\/magazinonline\\\/#website\",\"url\":\"https:\\\/\\\/eurotech-iasi.ro\\\/magazinonline\\\/\",\"name\":\"Eurotech Iasi\",\"description\":\"Cu oameni seriosi\",\"publisher\":{\"@id\":\"https:\\\/\\\/eurotech-iasi.ro\\\/magazinonline\\\/#organization\"},\"potentialAction\":[{\"@type\":\"SearchAction\",\"target\":{\"@type\":\"EntryPoint\",\"urlTemplate\":\"https:\\\/\\\/eurotech-iasi.ro\\\/magazinonline\\\/?s={search_term_string}\"},\"query-input\":{\"@type\":\"PropertyValueSpecification\",\"valueRequired\":true,\"valueName\":\"search_term_string\"}}],\"inLanguage\":\"ro-RO\"},{\"@type\":\"Organization\",\"@id\":\"https:\\\/\\\/eurotech-iasi.ro\\\/magazinonline\\\/#organization\",\"name\":\"Eurotech Iasi\",\"url\":\"https:\\\/\\\/eurotech-iasi.ro\\\/magazinonline\\\/\",\"logo\":{\"@type\":\"ImageObject\",\"inLanguage\":\"ro-RO\",\"@id\":\"https:\\\/\\\/eurotech-iasi.ro\\\/magazinonline\\\/#\\\/schema\\\/logo\\\/image\\\/\",\"url\":\"https:\\\/\\\/eurotech-iasi.ro\\\/magazinonline\\\/wp-content\\\/uploads\\\/2020\\\/08\\\/logo-eurotech.png\",\"contentUrl\":\"https:\\\/\\\/eurotech-iasi.ro\\\/magazinonline\\\/wp-content\\\/uploads\\\/2020\\\/08\\\/logo-eurotech.png\",\"width\":290,\"height\":70,\"caption\":\"Eurotech Iasi\"},\"image\":{\"@id\":\"https:\\\/\\\/eurotech-iasi.ro\\\/magazinonline\\\/#\\\/schema\\\/logo\\\/image\\\/\"},\"sameAs\":[\"https:\\\/\\\/www.facebook.com\\\/EurotechIasi\\\/\"]}]}<\/script>\n<!-- \/ Yoast SEO plugin. -->","yoast_head_json":{"title":"Dispozitiv hidraulic pentru indoit tevi din otel ROTHENBERGER ROBULL 2\", TIP E - rama inchisa - Eurotech Iasi","robots":{"index":"index","follow":"follow","max-snippet":"max-snippet:-1","max-image-preview":"max-image-preview:large","max-video-preview":"max-video-preview:-1"},"canonical":"https:\/\/eurotech-iasi.ro\/magazinonline\/produs\/dispozitiv-hidraulic-pentru-indoit-tevi-din-otel-rothenberger-robull-2-tip-e-rama-inchisa\/","og_locale":"ro_RO","og_type":"article","og_title":"Dispozitiv hidraulic pentru indoit tevi din otel ROTHENBERGER ROBULL 2\", TIP E - rama inchisa - Eurotech Iasi","og_description":"Dispozitiv hidraulic pentru indoit tevi din otel ROTHENBERGER ROBULL 2\", TIP E - rama inchisa, pentru indoirea tevilor de instalatii intre 3\/8 - 2 toli.  Cod produs: 057961x  Seturile Robull se livreaz\u0103 cu formele de \u00eendoire \u00eentre 3\/8\" \u0219i 2\"    &nbsp;  &nbsp;  &nbsp;","og_url":"https:\/\/eurotech-iasi.ro\/magazinonline\/produs\/dispozitiv-hidraulic-pentru-indoit-tevi-din-otel-rothenberger-robull-2-tip-e-rama-inchisa\/","og_site_name":"Eurotech Iasi","article_publisher":"https:\/\/www.facebook.com\/EurotechIasi\/","article_modified_time":"2026-03-20T12:53:39+00:00","og_image":[{"width":710,"height":710,"url":"https:\/\/eurotech-iasi.ro\/magazinonline\/wp-content\/uploads\/2021\/09\/robull-2.png","type":"image\/png"}],"twitter_misc":{"Timp estimat pentru citire":"1 minut"},"schema":{"@context":"https:\/\/schema.org","@graph":[{"@type":"WebPage","@id":"https:\/\/eurotech-iasi.ro\/magazinonline\/produs\/dispozitiv-hidraulic-pentru-indoit-tevi-din-otel-rothenberger-robull-2-tip-e-rama-inchisa\/","url":"https:\/\/eurotech-iasi.ro\/magazinonline\/produs\/dispozitiv-hidraulic-pentru-indoit-tevi-din-otel-rothenberger-robull-2-tip-e-rama-inchisa\/","name":"Dispozitiv hidraulic pentru indoit tevi din otel ROTHENBERGER ROBULL 2\", TIP E - rama inchisa - Eurotech Iasi","isPartOf":{"@id":"https:\/\/eurotech-iasi.ro\/magazinonline\/#website"},"primaryImageOfPage":{"@id":"https:\/\/eurotech-iasi.ro\/magazinonline\/produs\/dispozitiv-hidraulic-pentru-indoit-tevi-din-otel-rothenberger-robull-2-tip-e-rama-inchisa\/#primaryimage"},"image":{"@id":"https:\/\/eurotech-iasi.ro\/magazinonline\/produs\/dispozitiv-hidraulic-pentru-indoit-tevi-din-otel-rothenberger-robull-2-tip-e-rama-inchisa\/#primaryimage"},"thumbnailUrl":"https:\/\/eurotech-iasi.ro\/magazinonline\/wp-content\/uploads\/2021\/09\/robull-2.png","datePublished":"2021-09-13T08:22:59+00:00","dateModified":"2026-03-20T12:53:39+00:00","breadcrumb":{"@id":"https:\/\/eurotech-iasi.ro\/magazinonline\/produs\/dispozitiv-hidraulic-pentru-indoit-tevi-din-otel-rothenberger-robull-2-tip-e-rama-inchisa\/#breadcrumb"},"inLanguage":"ro-RO","potentialAction":[{"@type":"ReadAction","target":["https:\/\/eurotech-iasi.ro\/magazinonline\/produs\/dispozitiv-hidraulic-pentru-indoit-tevi-din-otel-rothenberger-robull-2-tip-e-rama-inchisa\/"]}]},{"@type":"ImageObject","inLanguage":"ro-RO","@id":"https:\/\/eurotech-iasi.ro\/magazinonline\/produs\/dispozitiv-hidraulic-pentru-indoit-tevi-din-otel-rothenberger-robull-2-tip-e-rama-inchisa\/#primaryimage","url":"https:\/\/eurotech-iasi.ro\/magazinonline\/wp-content\/uploads\/2021\/09\/robull-2.png","contentUrl":"https:\/\/eurotech-iasi.ro\/magazinonline\/wp-content\/uploads\/2021\/09\/robull-2.png","width":710,"height":710,"caption":"Dispozitiv hidraulic pentru indoit tevi din otel ROTHENBERGER ROBULL 2\", TIP E - rama inchisa"},{"@type":"BreadcrumbList","@id":"https:\/\/eurotech-iasi.ro\/magazinonline\/produs\/dispozitiv-hidraulic-pentru-indoit-tevi-din-otel-rothenberger-robull-2-tip-e-rama-inchisa\/#breadcrumb","itemListElement":[{"@type":"ListItem","position":1,"name":"Prima pagin\u0103","item":"https:\/\/eurotech-iasi.ro\/magazinonline\/"},{"@type":"ListItem","position":2,"name":"Shop","item":"https:\/\/eurotech-iasi.ro\/magazinonline\/shop\/"},{"@type":"ListItem","position":3,"name":"Dispozitiv hidraulic pentru indoit tevi din otel ROTHENBERGER ROBULL 2&#8243;, TIP E &#8211; rama inchisa"}]},{"@type":"WebSite","@id":"https:\/\/eurotech-iasi.ro\/magazinonline\/#website","url":"https:\/\/eurotech-iasi.ro\/magazinonline\/","name":"Eurotech Iasi","description":"Cu oameni seriosi","publisher":{"@id":"https:\/\/eurotech-iasi.ro\/magazinonline\/#organization"},"potentialAction":[{"@type":"SearchAction","target":{"@type":"EntryPoint","urlTemplate":"https:\/\/eurotech-iasi.ro\/magazinonline\/?s={search_term_string}"},"query-input":{"@type":"PropertyValueSpecification","valueRequired":true,"valueName":"search_term_string"}}],"inLanguage":"ro-RO"},{"@type":"Organization","@id":"https:\/\/eurotech-iasi.ro\/magazinonline\/#organization","name":"Eurotech Iasi","url":"https:\/\/eurotech-iasi.ro\/magazinonline\/","logo":{"@type":"ImageObject","inLanguage":"ro-RO","@id":"https:\/\/eurotech-iasi.ro\/magazinonline\/#\/schema\/logo\/image\/","url":"https:\/\/eurotech-iasi.ro\/magazinonline\/wp-content\/uploads\/2020\/08\/logo-eurotech.png","contentUrl":"https:\/\/eurotech-iasi.ro\/magazinonline\/wp-content\/uploads\/2020\/08\/logo-eurotech.png","width":290,"height":70,"caption":"Eurotech Iasi"},"image":{"@id":"https:\/\/eurotech-iasi.ro\/magazinonline\/#\/schema\/logo\/image\/"},"sameAs":["https:\/\/www.facebook.com\/EurotechIasi\/"]}]}},"_links":{"self":[{"href":"https:\/\/eurotech-iasi.ro\/magazinonline\/wp-json\/wp\/v2\/product\/72619","targetHints":{"allow":["GET"]}}],"collection":[{"href":"https:\/\/eurotech-iasi.ro\/magazinonline\/wp-json\/wp\/v2\/product"}],"about":[{"href":"https:\/\/eurotech-iasi.ro\/magazinonline\/wp-json\/wp\/v2\/types\/product"}],"replies":[{"embeddable":true,"href":"https:\/\/eurotech-iasi.ro\/magazinonline\/wp-json\/wp\/v2\/comments?post=72619"}],"wp:featuredmedia":[{"embeddable":true,"href":"https:\/\/eurotech-iasi.ro\/magazinonline\/wp-json\/wp\/v2\/media\/72620"}],"wp:attachment":[{"href":"https:\/\/eurotech-iasi.ro\/magazinonline\/wp-json\/wp\/v2\/media?parent=72619"}],"wp:term":[{"taxonomy":"product_cat","embeddable":true,"href":"https:\/\/eurotech-iasi.ro\/magazinonline\/wp-json\/wp\/v2\/product_cat?post=72619"},{"taxonomy":"product_tag","embeddable":true,"href":"https:\/\/eurotech-iasi.ro\/magazinonline\/wp-json\/wp\/v2\/product_tag?post=72619"},{"taxonomy":"woo-feed-brand","embeddable":true,"href":"https:\/\/eurotech-iasi.ro\/magazinonline\/wp-json\/wp\/v2\/woo-feed-brand?post=72619"}],"curies":[{"name":"wp","href":"https:\/\/api.w.org\/{rel}","templated":true}]}}