{"id":74559,"date":"2022-06-16T15:39:50","date_gmt":"2022-06-16T12:39:50","guid":{"rendered":"https:\/\/eurotech-iasi.ro\/magazinonline\/?post_type=product&#038;p=74559"},"modified":"2026-02-13T09:19:37","modified_gmt":"2026-02-13T07:19:37","slug":"masina-de-tuns-iarba-pe-benzina-stihl-rm-248","status":"publish","type":"product","link":"https:\/\/eurotech-iasi.ro\/magazinonline\/produs\/masina-de-tuns-iarba-pe-benzina-stihl-rm-248\/","title":{"rendered":"Masina de tuns iarba pe benzina STIHL RM 248"},"content":{"rendered":"<p>Tunde eficient gazonul de dimensiuni medii, cu <strong>masina de tuns iarba pe benzina STIHL RM 248. <\/strong>Pentru a avea un gazon taiat uniform, lamele de vant indrepta iarba inainte de taiere si o transporta cat mai eficient in <strong>cosul special de colectare a ierbii cu o capacitate de 55 l<\/strong> dupa taiere. Un <strong>indicator de nivel<\/strong> ofera informatii despre momentul potrivit pentru golire.<strong> Ghidonul pliabil<\/strong> cu prindere super moale asigura o <strong>manevrare confortabila si ergonomica.<\/strong> <strong>Reglarea inaltimii de taiere in sapte trepte<\/strong>, situata central, este <strong>usor de utilizat si permite inaltimi de taiere de la 25 mm la 75 mm<\/strong>.<\/p>\n<p><strong>Masina de tuns iarba STIHL RM 248<\/strong>\u00a0este <strong>COMPACTA SI RAPIDA<\/strong><\/p>\n<p>Cu masina de tuns iarba pe benzina<strong> STIHL RM 248\u00a0<\/strong> pana si gradinarii amatori isi pot ingriji gradina cu usurinta. Modelul entry-level cu un raport bun pret-performanta este usor de folosit si puncteaza cu o latime de taiere de 46 cm pentru lucrul eficient in gradinile de dimensiuni medii. Cu functia de pornire usoara, este rapid gata de utilizare si este deosebit de potrivit pentru gazon de pana la 1.200 m 2 .<\/p>\n<ul>\n<li>Lucrati confortabil datorita cutiei de colectare a iarba de 55 de litri<\/li>\n<li>Ghidare ergonomica prin ghidon pliabil cu prindere super moale<\/li>\n<li>Masina de tuns gazon pe benzina manevrabila cu o latime de taiere de 46 cm<\/li>\n<li>Reglare usoara a inaltimii de taiere de la 25 mm la 75 mm<\/li>\n<li>Pentru prelucrarea eficienta a gazonului de dimensiuni medii<\/li>\n<\/ul>\n<h2><strong>Specificatii tehnice &#8211; Masina de tuns iarba pe benzina STIHL RM 248:<\/strong><\/h2>\n<p><strong>Marca motor:\u00a0<\/strong>Stihl<br \/>\n<strong>Model motor:\u00a0<\/strong>Stihl EVC 200<br \/>\n<strong>Putere motor:\u00a0<\/strong>2.1 kW \/ 2.8 CP<br \/>\n<strong>Latime de lucru:\u00a0<\/strong>46 cm<br \/>\n<strong>Suprafata de gazon recomandata:\u00a0<\/strong>1200 m\u00b2<br \/>\n<strong>Inaltime min. de lucru:\u00a0<\/strong>25 mm<br \/>\n<strong>Inaltime max. de lucru:\u00a0<\/strong>75 mm<br \/>\n<strong>Trepte reglaj inaltime (taiere\/scarificare):\u00a0<\/strong>7<br \/>\n<strong>Volum colector iarba:\u00a0<\/strong>55 l<br \/>\n<strong>Turatie cutit:\u00a0<\/strong>2900 rpm<br \/>\n<strong>Putere sonora LwA:\u00a0<\/strong>83 dB<br \/>\n<strong>Nivel vibratii:\u00a0<\/strong>4 m\/s\u00b2<br \/>\n<strong>Greutate:\u00a0<\/strong>26 kg<\/p>\n","protected":false},"excerpt":{"rendered":"<p>Cu <strong>masina de tuns iarba pe benzina STIHL RM 248<\/strong>\u00a0pana si gradinarii amatori isi pot ingriji gradina cu usurinta. Lucrati confortabil datorita cutiei de colectare a ierbii de 55 de litri. Masina de tuns gazon pe benzina manevrabila cu o latime de taiere de 46 cm.<\/p>\n<p><em><strong>Cod produs: 63500113456T<\/strong><\/em><\/p>\n<p><span style=\"color: #ff0000;\"><em><a href=\"https:\/\/eurotech-iasi.ro\/magazinonline\/?attachment_id=87685\" rel=\"attachment wp-att-87685\"><img loading=\"lazy\" decoding=\"async\" class=\"wp-image-87685 aligncenter\" src=\"https:\/\/eurotech-iasi.ro\/magazinonline\/wp-content\/uploads\/2019\/06\/2-1-150x150.png\" alt=\"\" width=\"72\" height=\"72\" srcset=\"https:\/\/eurotech-iasi.ro\/magazinonline\/wp-content\/uploads\/2019\/06\/2-1-150x150.png 150w, https:\/\/eurotech-iasi.ro\/magazinonline\/wp-content\/uploads\/2019\/06\/2-1-100x100.png 100w, https:\/\/eurotech-iasi.ro\/magazinonline\/wp-content\/uploads\/2019\/06\/2-1.png 200w\" sizes=\"auto, (max-width: 72px) 100vw, 72px\" \/><\/a><\/em><\/span><\/p>\n<h5><span style=\"color: #eb782b;\"><em><strong>\u00a0<a href=\"https:\/\/eurotech-iasi.ro\/magazinonline\/termeni-si-conditii\/\">*Garan\u021bie 2 ani<\/a> + 6 luni Extra Garan\u021bie. <\/strong><\/em><\/span><\/h5>\n<h5><span style=\"color: #eb782b;\"><em><strong>\u00cenregistreaz\u0103\u00a0 produsul achizi\u021bionat de la noi, \u00een termen de <\/strong><\/em><\/span><span style=\"color: #003366;\"><em><strong>30 de zile de la cump\u0103rare<\/strong><\/em><\/span><span style=\"color: #eb782b;\"><em><strong>, pe site-ul oficial STIHL la adresa<a href=\"https:\/\/preg.stihl.com\/product?lang=RO_ro&amp;country=RO\">\u00a0preg.stihl.com<\/a> \u0219i profit\u0103 de prelungirea gratuit\u0103 a garan\u021biei cu 6 luni !<\/strong><\/em><\/span><\/h5>\n","protected":false},"featured_media":113955,"comment_status":"open","ping_status":"closed","template":"","meta":{"_acf_changed":false},"product_cat":[4337,4368],"product_tag":[],"woo-feed-brand":[],"class_list":{"0":"post-74559","1":"product","2":"type-product","3":"status-publish","4":"has-post-thumbnail","6":"product_brand-stihl","7":"product_cat-gradinarit-agricultura","8":"product_cat-masini-de-tuns-gazonul","9":"pa_brand-stihl","10":"pa_capacitate-incarcare-55l","11":"pa_greutate-26-kg-2","12":"pa_inaltime-de-taiere-25-75-mm","13":"pa_latime-taiere-46-cm","15":"first","16":"instock","17":"shipping-taxable","18":"purchasable","19":"product-type-simple"},"acf":[],"yoast_head":"<!-- This site is optimized with the Yoast SEO plugin v27.5 - https:\/\/yoast.com\/product\/yoast-seo-wordpress\/ -->\n<title>Masina de tuns iarba pe benzina STIHL RM 248 - Eurotech Iasi<\/title>\n<meta name=\"robots\" content=\"index, follow, max-snippet:-1, max-image-preview:large, max-video-preview:-1\" \/>\n<link rel=\"canonical\" href=\"https:\/\/eurotech-iasi.ro\/magazinonline\/produs\/masina-de-tuns-iarba-pe-benzina-stihl-rm-248\/\" \/>\n<meta property=\"og:locale\" content=\"ro_RO\" \/>\n<meta property=\"og:type\" content=\"article\" \/>\n<meta property=\"og:title\" content=\"Masina de tuns iarba pe benzina STIHL RM 248 - Eurotech Iasi\" \/>\n<meta property=\"og:description\" content=\"Cu masina de tuns iarba pe benzina STIHL RM 248\u00a0pana si gradinarii amatori isi pot ingriji gradina cu usurinta. Lucrati confortabil datorita cutiei de colectare a ierbii de 55 de litri. Masina de tuns gazon pe benzina manevrabila cu o latime de taiere de 46 cm.  Cod produs: 63500113456T   \u00a0*Garan\u021bie 2 ani + 6 luni Extra Garan\u021bie.  \u00cenregistreaz\u0103\u00a0 produsul achizi\u021bionat de la noi, \u00een termen de 30 de zile de la cump\u0103rare, pe site-ul oficial STIHL la adresa\u00a0preg.stihl.com \u0219i profit\u0103 de prelungirea gratuit\u0103 a garan\u021biei cu 6 luni !\" \/>\n<meta property=\"og:url\" content=\"https:\/\/eurotech-iasi.ro\/magazinonline\/produs\/masina-de-tuns-iarba-pe-benzina-stihl-rm-248\/\" \/>\n<meta property=\"og:site_name\" content=\"Eurotech Iasi\" \/>\n<meta property=\"article:publisher\" content=\"https:\/\/www.facebook.com\/EurotechIasi\/\" \/>\n<meta property=\"article:modified_time\" content=\"2026-02-13T07:19:37+00:00\" \/>\n<meta property=\"og:image\" content=\"https:\/\/eurotech-iasi.ro\/magazinonline\/wp-content\/uploads\/2022\/06\/RM-248-Masina-de-tuns-iarba-pe-benzina.png\" \/>\n\t<meta property=\"og:image:width\" content=\"750\" \/>\n\t<meta property=\"og:image:height\" content=\"750\" \/>\n\t<meta property=\"og:image:type\" content=\"image\/png\" \/>\n<meta name=\"twitter:label1\" content=\"Timp estimat pentru citire\" \/>\n\t<meta name=\"twitter:data1\" content=\"2 minute\" \/>\n<script type=\"application\/ld+json\" class=\"yoast-schema-graph\">{\"@context\":\"https:\\\/\\\/schema.org\",\"@graph\":[{\"@type\":\"WebPage\",\"@id\":\"https:\\\/\\\/eurotech-iasi.ro\\\/magazinonline\\\/produs\\\/masina-de-tuns-iarba-pe-benzina-stihl-rm-248\\\/\",\"url\":\"https:\\\/\\\/eurotech-iasi.ro\\\/magazinonline\\\/produs\\\/masina-de-tuns-iarba-pe-benzina-stihl-rm-248\\\/\",\"name\":\"Masina de tuns iarba pe benzina STIHL RM 248 - Eurotech Iasi\",\"isPartOf\":{\"@id\":\"https:\\\/\\\/eurotech-iasi.ro\\\/magazinonline\\\/#website\"},\"primaryImageOfPage\":{\"@id\":\"https:\\\/\\\/eurotech-iasi.ro\\\/magazinonline\\\/produs\\\/masina-de-tuns-iarba-pe-benzina-stihl-rm-248\\\/#primaryimage\"},\"image\":{\"@id\":\"https:\\\/\\\/eurotech-iasi.ro\\\/magazinonline\\\/produs\\\/masina-de-tuns-iarba-pe-benzina-stihl-rm-248\\\/#primaryimage\"},\"thumbnailUrl\":\"https:\\\/\\\/eurotech-iasi.ro\\\/magazinonline\\\/wp-content\\\/uploads\\\/2022\\\/06\\\/RM-248-Masina-de-tuns-iarba-pe-benzina.png\",\"datePublished\":\"2022-06-16T12:39:50+00:00\",\"dateModified\":\"2026-02-13T07:19:37+00:00\",\"breadcrumb\":{\"@id\":\"https:\\\/\\\/eurotech-iasi.ro\\\/magazinonline\\\/produs\\\/masina-de-tuns-iarba-pe-benzina-stihl-rm-248\\\/#breadcrumb\"},\"inLanguage\":\"ro-RO\",\"potentialAction\":[{\"@type\":\"ReadAction\",\"target\":[\"https:\\\/\\\/eurotech-iasi.ro\\\/magazinonline\\\/produs\\\/masina-de-tuns-iarba-pe-benzina-stihl-rm-248\\\/\"]}]},{\"@type\":\"ImageObject\",\"inLanguage\":\"ro-RO\",\"@id\":\"https:\\\/\\\/eurotech-iasi.ro\\\/magazinonline\\\/produs\\\/masina-de-tuns-iarba-pe-benzina-stihl-rm-248\\\/#primaryimage\",\"url\":\"https:\\\/\\\/eurotech-iasi.ro\\\/magazinonline\\\/wp-content\\\/uploads\\\/2022\\\/06\\\/RM-248-Masina-de-tuns-iarba-pe-benzina.png\",\"contentUrl\":\"https:\\\/\\\/eurotech-iasi.ro\\\/magazinonline\\\/wp-content\\\/uploads\\\/2022\\\/06\\\/RM-248-Masina-de-tuns-iarba-pe-benzina.png\",\"width\":750,\"height\":750,\"caption\":\"RM 248 Ma\u015fin\u0103 de tuns iarba pe benzin\u0103\"},{\"@type\":\"BreadcrumbList\",\"@id\":\"https:\\\/\\\/eurotech-iasi.ro\\\/magazinonline\\\/produs\\\/masina-de-tuns-iarba-pe-benzina-stihl-rm-248\\\/#breadcrumb\",\"itemListElement\":[{\"@type\":\"ListItem\",\"position\":1,\"name\":\"Prima pagin\u0103\",\"item\":\"https:\\\/\\\/eurotech-iasi.ro\\\/magazinonline\\\/\"},{\"@type\":\"ListItem\",\"position\":2,\"name\":\"Shop\",\"item\":\"https:\\\/\\\/eurotech-iasi.ro\\\/magazinonline\\\/shop\\\/\"},{\"@type\":\"ListItem\",\"position\":3,\"name\":\"Masina de tuns iarba pe benzina STIHL RM 248\"}]},{\"@type\":\"WebSite\",\"@id\":\"https:\\\/\\\/eurotech-iasi.ro\\\/magazinonline\\\/#website\",\"url\":\"https:\\\/\\\/eurotech-iasi.ro\\\/magazinonline\\\/\",\"name\":\"Eurotech Iasi\",\"description\":\"Cu oameni seriosi\",\"publisher\":{\"@id\":\"https:\\\/\\\/eurotech-iasi.ro\\\/magazinonline\\\/#organization\"},\"potentialAction\":[{\"@type\":\"SearchAction\",\"target\":{\"@type\":\"EntryPoint\",\"urlTemplate\":\"https:\\\/\\\/eurotech-iasi.ro\\\/magazinonline\\\/?s={search_term_string}\"},\"query-input\":{\"@type\":\"PropertyValueSpecification\",\"valueRequired\":true,\"valueName\":\"search_term_string\"}}],\"inLanguage\":\"ro-RO\"},{\"@type\":\"Organization\",\"@id\":\"https:\\\/\\\/eurotech-iasi.ro\\\/magazinonline\\\/#organization\",\"name\":\"Eurotech Iasi\",\"url\":\"https:\\\/\\\/eurotech-iasi.ro\\\/magazinonline\\\/\",\"logo\":{\"@type\":\"ImageObject\",\"inLanguage\":\"ro-RO\",\"@id\":\"https:\\\/\\\/eurotech-iasi.ro\\\/magazinonline\\\/#\\\/schema\\\/logo\\\/image\\\/\",\"url\":\"https:\\\/\\\/eurotech-iasi.ro\\\/magazinonline\\\/wp-content\\\/uploads\\\/2020\\\/08\\\/logo-eurotech.png\",\"contentUrl\":\"https:\\\/\\\/eurotech-iasi.ro\\\/magazinonline\\\/wp-content\\\/uploads\\\/2020\\\/08\\\/logo-eurotech.png\",\"width\":290,\"height\":70,\"caption\":\"Eurotech Iasi\"},\"image\":{\"@id\":\"https:\\\/\\\/eurotech-iasi.ro\\\/magazinonline\\\/#\\\/schema\\\/logo\\\/image\\\/\"},\"sameAs\":[\"https:\\\/\\\/www.facebook.com\\\/EurotechIasi\\\/\"]}]}<\/script>\n<!-- \/ Yoast SEO plugin. -->","yoast_head_json":{"title":"Masina de tuns iarba pe benzina STIHL RM 248 - Eurotech Iasi","robots":{"index":"index","follow":"follow","max-snippet":"max-snippet:-1","max-image-preview":"max-image-preview:large","max-video-preview":"max-video-preview:-1"},"canonical":"https:\/\/eurotech-iasi.ro\/magazinonline\/produs\/masina-de-tuns-iarba-pe-benzina-stihl-rm-248\/","og_locale":"ro_RO","og_type":"article","og_title":"Masina de tuns iarba pe benzina STIHL RM 248 - Eurotech Iasi","og_description":"Cu masina de tuns iarba pe benzina STIHL RM 248\u00a0pana si gradinarii amatori isi pot ingriji gradina cu usurinta. Lucrati confortabil datorita cutiei de colectare a ierbii de 55 de litri. Masina de tuns gazon pe benzina manevrabila cu o latime de taiere de 46 cm.  Cod produs: 63500113456T   \u00a0*Garan\u021bie 2 ani + 6 luni Extra Garan\u021bie.  \u00cenregistreaz\u0103\u00a0 produsul achizi\u021bionat de la noi, \u00een termen de 30 de zile de la cump\u0103rare, pe site-ul oficial STIHL la adresa\u00a0preg.stihl.com \u0219i profit\u0103 de prelungirea gratuit\u0103 a garan\u021biei cu 6 luni !","og_url":"https:\/\/eurotech-iasi.ro\/magazinonline\/produs\/masina-de-tuns-iarba-pe-benzina-stihl-rm-248\/","og_site_name":"Eurotech Iasi","article_publisher":"https:\/\/www.facebook.com\/EurotechIasi\/","article_modified_time":"2026-02-13T07:19:37+00:00","og_image":[{"width":750,"height":750,"url":"https:\/\/eurotech-iasi.ro\/magazinonline\/wp-content\/uploads\/2022\/06\/RM-248-Masina-de-tuns-iarba-pe-benzina.png","type":"image\/png"}],"twitter_misc":{"Timp estimat pentru citire":"2 minute"},"schema":{"@context":"https:\/\/schema.org","@graph":[{"@type":"WebPage","@id":"https:\/\/eurotech-iasi.ro\/magazinonline\/produs\/masina-de-tuns-iarba-pe-benzina-stihl-rm-248\/","url":"https:\/\/eurotech-iasi.ro\/magazinonline\/produs\/masina-de-tuns-iarba-pe-benzina-stihl-rm-248\/","name":"Masina de tuns iarba pe benzina STIHL RM 248 - Eurotech Iasi","isPartOf":{"@id":"https:\/\/eurotech-iasi.ro\/magazinonline\/#website"},"primaryImageOfPage":{"@id":"https:\/\/eurotech-iasi.ro\/magazinonline\/produs\/masina-de-tuns-iarba-pe-benzina-stihl-rm-248\/#primaryimage"},"image":{"@id":"https:\/\/eurotech-iasi.ro\/magazinonline\/produs\/masina-de-tuns-iarba-pe-benzina-stihl-rm-248\/#primaryimage"},"thumbnailUrl":"https:\/\/eurotech-iasi.ro\/magazinonline\/wp-content\/uploads\/2022\/06\/RM-248-Masina-de-tuns-iarba-pe-benzina.png","datePublished":"2022-06-16T12:39:50+00:00","dateModified":"2026-02-13T07:19:37+00:00","breadcrumb":{"@id":"https:\/\/eurotech-iasi.ro\/magazinonline\/produs\/masina-de-tuns-iarba-pe-benzina-stihl-rm-248\/#breadcrumb"},"inLanguage":"ro-RO","potentialAction":[{"@type":"ReadAction","target":["https:\/\/eurotech-iasi.ro\/magazinonline\/produs\/masina-de-tuns-iarba-pe-benzina-stihl-rm-248\/"]}]},{"@type":"ImageObject","inLanguage":"ro-RO","@id":"https:\/\/eurotech-iasi.ro\/magazinonline\/produs\/masina-de-tuns-iarba-pe-benzina-stihl-rm-248\/#primaryimage","url":"https:\/\/eurotech-iasi.ro\/magazinonline\/wp-content\/uploads\/2022\/06\/RM-248-Masina-de-tuns-iarba-pe-benzina.png","contentUrl":"https:\/\/eurotech-iasi.ro\/magazinonline\/wp-content\/uploads\/2022\/06\/RM-248-Masina-de-tuns-iarba-pe-benzina.png","width":750,"height":750,"caption":"RM 248 Ma\u015fin\u0103 de tuns iarba pe benzin\u0103"},{"@type":"BreadcrumbList","@id":"https:\/\/eurotech-iasi.ro\/magazinonline\/produs\/masina-de-tuns-iarba-pe-benzina-stihl-rm-248\/#breadcrumb","itemListElement":[{"@type":"ListItem","position":1,"name":"Prima pagin\u0103","item":"https:\/\/eurotech-iasi.ro\/magazinonline\/"},{"@type":"ListItem","position":2,"name":"Shop","item":"https:\/\/eurotech-iasi.ro\/magazinonline\/shop\/"},{"@type":"ListItem","position":3,"name":"Masina de tuns iarba pe benzina STIHL RM 248"}]},{"@type":"WebSite","@id":"https:\/\/eurotech-iasi.ro\/magazinonline\/#website","url":"https:\/\/eurotech-iasi.ro\/magazinonline\/","name":"Eurotech Iasi","description":"Cu oameni seriosi","publisher":{"@id":"https:\/\/eurotech-iasi.ro\/magazinonline\/#organization"},"potentialAction":[{"@type":"SearchAction","target":{"@type":"EntryPoint","urlTemplate":"https:\/\/eurotech-iasi.ro\/magazinonline\/?s={search_term_string}"},"query-input":{"@type":"PropertyValueSpecification","valueRequired":true,"valueName":"search_term_string"}}],"inLanguage":"ro-RO"},{"@type":"Organization","@id":"https:\/\/eurotech-iasi.ro\/magazinonline\/#organization","name":"Eurotech Iasi","url":"https:\/\/eurotech-iasi.ro\/magazinonline\/","logo":{"@type":"ImageObject","inLanguage":"ro-RO","@id":"https:\/\/eurotech-iasi.ro\/magazinonline\/#\/schema\/logo\/image\/","url":"https:\/\/eurotech-iasi.ro\/magazinonline\/wp-content\/uploads\/2020\/08\/logo-eurotech.png","contentUrl":"https:\/\/eurotech-iasi.ro\/magazinonline\/wp-content\/uploads\/2020\/08\/logo-eurotech.png","width":290,"height":70,"caption":"Eurotech Iasi"},"image":{"@id":"https:\/\/eurotech-iasi.ro\/magazinonline\/#\/schema\/logo\/image\/"},"sameAs":["https:\/\/www.facebook.com\/EurotechIasi\/"]}]}},"_links":{"self":[{"href":"https:\/\/eurotech-iasi.ro\/magazinonline\/wp-json\/wp\/v2\/product\/74559","targetHints":{"allow":["GET"]}}],"collection":[{"href":"https:\/\/eurotech-iasi.ro\/magazinonline\/wp-json\/wp\/v2\/product"}],"about":[{"href":"https:\/\/eurotech-iasi.ro\/magazinonline\/wp-json\/wp\/v2\/types\/product"}],"replies":[{"embeddable":true,"href":"https:\/\/eurotech-iasi.ro\/magazinonline\/wp-json\/wp\/v2\/comments?post=74559"}],"wp:featuredmedia":[{"embeddable":true,"href":"https:\/\/eurotech-iasi.ro\/magazinonline\/wp-json\/wp\/v2\/media\/113955"}],"wp:attachment":[{"href":"https:\/\/eurotech-iasi.ro\/magazinonline\/wp-json\/wp\/v2\/media?parent=74559"}],"wp:term":[{"taxonomy":"product_cat","embeddable":true,"href":"https:\/\/eurotech-iasi.ro\/magazinonline\/wp-json\/wp\/v2\/product_cat?post=74559"},{"taxonomy":"product_tag","embeddable":true,"href":"https:\/\/eurotech-iasi.ro\/magazinonline\/wp-json\/wp\/v2\/product_tag?post=74559"},{"taxonomy":"woo-feed-brand","embeddable":true,"href":"https:\/\/eurotech-iasi.ro\/magazinonline\/wp-json\/wp\/v2\/woo-feed-brand?post=74559"}],"curies":[{"name":"wp","href":"https:\/\/api.w.org\/{rel}","templated":true}]}}