{"id":75340,"date":"2022-08-18T14:51:36","date_gmt":"2022-08-18T11:51:36","guid":{"rendered":"https:\/\/eurotech-iasi.ro\/magazinonline\/?post_type=product&#038;p=75340"},"modified":"2024-04-19T15:34:30","modified_gmt":"2024-04-19T12:34:30","slug":"masina-de-tencuit-imer-koine-4-debit-material-22-l-min-motor-400v-7-75-kw","status":"publish","type":"product","link":"https:\/\/eurotech-iasi.ro\/magazinonline\/produs\/masina-de-tencuit-imer-koine-4-debit-material-22-l-min-motor-400v-7-75-kw\/","title":{"rendered":"Masina de tencuit IMER Koine 4, debit material 22 l\/min., motor 400V, 7.75 kW"},"content":{"rendered":"<p class=\"t-font-heading t-heading-color left\"><strong>Masina de tencuit IMER Koine 4, debit material 22 l\/min., motor 400V, 7.75 kW, distanta maxima de pompare 25 m,<\/strong> se livreaza echipata de serie gata de functionare si este ideala pentru aplicare de materiale pre-amestecate (exclusiv la sac sau siloz) pe baza de: gleturi, var-ciment, ipsos, izolatii.\u00a0 Acestea beneficiaza de motoare de clasa S1 pentru uz profesional in mod continuu.<\/p>\n<p><b>Echipare de serie:<\/b><\/p>\n<ul>\n<li>Compresor electric cu membrana<\/li>\n<li>Cos tronconic cu camera de amestecare<\/li>\n<li>Motoreductor malaxor si pompa apa<\/li>\n<li>Gratar detasabil cu rupere a sacului<\/li>\n<li>Manometru la iesire material<\/li>\n<li>Pompa apa autoamorsanta<\/li>\n<li>Instalatie de apa cu fluxometru<\/li>\n<li>4 roti (2 rotative din care 1 cu frana)<\/li>\n<li>Stator si rotor 6-3 orange<\/li>\n<li>40m cablu cu stecher 16A<\/li>\n<li>40m furtun apa<\/li>\n<li>16m furtun aer<\/li>\n<li>15m furtun mat<\/li>\n<li>Comenzi ergonomice si display cu leduri<\/li>\n<li>Comanda pneumatica la distanta<\/li>\n<li>Lance sprituire<\/li>\n<li>Deflectoare<\/li>\n<li>Burete spalare<\/li>\n<li>Rascheta<\/li>\n<li>Caseta accesorii<\/li>\n<\/ul>\n<p><strong>Specificatii tehnice:<\/strong><\/p>\n<p><strong>Debit material<\/strong> &#8211; 22 l\/min.<br \/>\n<strong>Distanta maxima de pompare<\/strong> &#8211; 25 m<br \/>\n<strong>Inaltime max. pompare<\/strong> &#8211; 50 m (furtun diam. 35mm)<br \/>\n<strong>Inaltime de incarcare<\/strong> &#8211; 900 mm<br \/>\n<strong>Tip motor<\/strong> &#8211; Electric<br \/>\n<strong>Putere motor electric<\/strong> &#8211; 7.75 kW<br \/>\n<strong>Voltaj<\/strong> &#8211; 400V \/ 50 Hz<br \/>\n<strong>Putere malaxor<\/strong> &#8211; 5.50 kW<br \/>\n<strong>Debit compresor aer<\/strong> &#8211; 250 l\/min.<br \/>\n<strong>Putere compresor<\/strong> &#8211; 75 kW, 0<br \/>\n<strong>Capacitate rezervor material<\/strong> &#8211; 110 l<br \/>\n<strong>Nivel zgomot<\/strong> &#8211; &lt;80 dB (A)<br \/>\n<strong>Greutate echipament<\/strong> &#8211; 263 kg<br \/>\n<strong>Dimensiuni utilaj Lxlxh (mm)<\/strong> &#8211; 1190x730x1560<\/p>\n<h3><span style=\"text-decoration: underline;\"><em><strong>Documentatie tehnica:<\/strong><\/em><\/span><\/h3>\n<p><a href=\"https:\/\/eurotech-iasi.ro\/magazinonline\/wp-content\/uploads\/2022\/08\/Manual-de-utilizare-IMER-KOINE-4-si-5-ro-9075-1606381946.pdf\"><strong><em><u>\ud83d\udce5 Manual de utilizare<\/u><\/em><\/strong><\/a><br \/>\n<a href=\"https:\/\/eurotech-iasi.ro\/magazinonline\/wp-content\/uploads\/2022\/08\/Fisa_tehnica_IM1106005_Imer_2022-08-18_14-26.pdf\"><strong><em><u>\ud83d\udce5 Fisa tehnica<\/u><\/em><\/strong><\/a><br \/>\n<a href=\"https:\/\/eurotech-iasi.ro\/magazinonline\/wp-content\/uploads\/2022\/08\/Koine-4-5-CE-9075-1606381946.pdf\"><strong><em><u>\ud83d\udce5 Certificat CE<\/u><\/em><\/strong><\/a><br \/>\n<a href=\"https:\/\/eurotech-iasi.ro\/magazinonline\/wp-content\/uploads\/2022\/08\/Schema-Elettrico-Koine-4-5-9075-1606381947.Pdf-9075-.pdf\"><em><strong><u>\ud83d\udce5<\/u><\/strong><\/em><strong><em><u> Schema Electrica\u00a0<\/u><\/em><\/strong><\/a><br \/>\n<a href=\"https:\/\/eurotech-iasi.ro\/magazinonline\/wp-content\/uploads\/2022\/08\/Schema-Explodata-Koine-4.Pdf-9075-.pdf\"><em><strong><u>\ud83d\udce5<\/u><\/strong><\/em><strong><em><u> Explozie piese de schimb<\/u><\/em><\/strong><\/a><\/p>\n<p><em><strong><span style=\"color: #ff0000;\">*Punere in functiune GRATUITA direct in santier!<br \/>\nOperatiunea este asigurata de personal calificat si se efectueaza in santier sau in locatia aleasa de catre client cu utilajele si materialele acestuia. Clientul poate desemna maxim 2 persoane ce vor fi instruite sa utilizeze echipamentul.<\/span><\/strong><\/em><\/p>\n<p><iframe loading=\"lazy\" title=\"Koine 4 Masina de tencuit fabricata de IMER Group\" src=\"https:\/\/www.youtube.com\/embed\/2e2h4ttJtLw\" width=\"565\" height=\"315\" frameborder=\"0\" allowfullscreen=\"allowfullscreen\"><\/iframe> <iframe loading=\"lazy\" title=\"Niciodat\u0103 f\u0103r\u0103 pomp\u0103! - FACE\u021aI CUNO\u0218TIN\u021a\u0102 CU MA\u0218INILE DE TENCUIT IMER - KOINE 4 !\" src=\"https:\/\/www.youtube.com\/embed\/kA12uOMtYJQ\" width=\"565\" height=\"315\" frameborder=\"0\" allowfullscreen=\"allowfullscreen\"><\/iframe><\/p>\n","protected":false},"excerpt":{"rendered":"<p><strong>Masina de tencuit IMER Koine 4, debit material 22 l\/min., motor 400V, 7.75 kW, distanta maxima de pompare 25 m<\/strong> se livreaza echipata de serie gata de functionare si este ideala pentru aplicare de materiale pre-amestecate (exclusiv la sac sau siloz) pe baza de: gleturi, var-ciment, ipsos, izolatii.<\/p>\n<p><strong><em>Cod produs: 8033679004330<\/em><\/strong><\/p>\n<p>&nbsp;<\/p>\n","protected":false},"featured_media":75357,"comment_status":"open","ping_status":"closed","template":"","meta":{"_acf_changed":false},"product_cat":[12067,12066],"product_tag":[],"woo-feed-brand":[],"class_list":{"0":"post-75340","1":"product","2":"type-product","3":"status-publish","4":"has-post-thumbnail","6":"product_brand-imer","7":"product_cat-masini-de-tencuit","8":"product_cat-sisteme-de-pompare-si-finisaje-interioare","9":"pa_brand-imer","10":"pa_debit-material-22-l-min","11":"pa_distanta-max-pompare-25-m","12":"pa_greutate-263-kg","13":"pa_putere-motor-7-75-kw","14":"pa_tip-motor-electric","16":"first","17":"outofstock","18":"shipping-taxable","19":"purchasable","20":"product-type-simple"},"acf":[],"yoast_head":"<!-- This site is optimized with the Yoast SEO plugin v27.3 - https:\/\/yoast.com\/product\/yoast-seo-wordpress\/ -->\n<title>Masina de tencuit IMER Koine 4, debit material 22 l\/min., motor 400V, 7.75 kW - Eurotech Iasi<\/title>\n<meta name=\"robots\" content=\"index, follow, max-snippet:-1, max-image-preview:large, max-video-preview:-1\" \/>\n<link rel=\"canonical\" href=\"https:\/\/eurotech-iasi.ro\/magazinonline\/produs\/masina-de-tencuit-imer-koine-4-debit-material-22-l-min-motor-400v-7-75-kw\/\" \/>\n<meta property=\"og:locale\" content=\"ro_RO\" \/>\n<meta property=\"og:type\" content=\"article\" \/>\n<meta property=\"og:title\" content=\"Masina de tencuit IMER Koine 4, debit material 22 l\/min., motor 400V, 7.75 kW - Eurotech Iasi\" \/>\n<meta property=\"og:description\" content=\"Masina de tencuit IMER Koine 4, debit material 22 l\/min., motor 400V, 7.75 kW, distanta maxima de pompare 25 m se livreaza echipata de serie gata de functionare si este ideala pentru aplicare de materiale pre-amestecate (exclusiv la sac sau siloz) pe baza de: gleturi, var-ciment, ipsos, izolatii.  Cod produs: 8033679004330  &nbsp;\" \/>\n<meta property=\"og:url\" content=\"https:\/\/eurotech-iasi.ro\/magazinonline\/produs\/masina-de-tencuit-imer-koine-4-debit-material-22-l-min-motor-400v-7-75-kw\/\" \/>\n<meta property=\"og:site_name\" content=\"Eurotech Iasi\" \/>\n<meta property=\"article:publisher\" content=\"https:\/\/www.facebook.com\/EurotechIasi\/\" \/>\n<meta property=\"article:modified_time\" content=\"2024-04-19T12:34:30+00:00\" \/>\n<meta property=\"og:image\" content=\"https:\/\/eurotech-iasi.ro\/magazinonline\/wp-content\/uploads\/2022\/08\/Masina-de-tencuit-IMER-Koine-4-debit-material-22-lmin.-motor-400V-7.75-kW-3.png\" \/>\n\t<meta property=\"og:image:width\" content=\"750\" \/>\n\t<meta property=\"og:image:height\" content=\"750\" \/>\n\t<meta property=\"og:image:type\" content=\"image\/png\" \/>\n<meta name=\"twitter:label1\" content=\"Timp estimat pentru citire\" \/>\n\t<meta name=\"twitter:data1\" content=\"1 minut\" \/>\n<script type=\"application\/ld+json\" class=\"yoast-schema-graph\">{\"@context\":\"https:\\\/\\\/schema.org\",\"@graph\":[{\"@type\":\"WebPage\",\"@id\":\"https:\\\/\\\/eurotech-iasi.ro\\\/magazinonline\\\/produs\\\/masina-de-tencuit-imer-koine-4-debit-material-22-l-min-motor-400v-7-75-kw\\\/\",\"url\":\"https:\\\/\\\/eurotech-iasi.ro\\\/magazinonline\\\/produs\\\/masina-de-tencuit-imer-koine-4-debit-material-22-l-min-motor-400v-7-75-kw\\\/\",\"name\":\"Masina de tencuit IMER Koine 4, debit material 22 l\\\/min., motor 400V, 7.75 kW - Eurotech Iasi\",\"isPartOf\":{\"@id\":\"https:\\\/\\\/eurotech-iasi.ro\\\/magazinonline\\\/#website\"},\"primaryImageOfPage\":{\"@id\":\"https:\\\/\\\/eurotech-iasi.ro\\\/magazinonline\\\/produs\\\/masina-de-tencuit-imer-koine-4-debit-material-22-l-min-motor-400v-7-75-kw\\\/#primaryimage\"},\"image\":{\"@id\":\"https:\\\/\\\/eurotech-iasi.ro\\\/magazinonline\\\/produs\\\/masina-de-tencuit-imer-koine-4-debit-material-22-l-min-motor-400v-7-75-kw\\\/#primaryimage\"},\"thumbnailUrl\":\"https:\\\/\\\/eurotech-iasi.ro\\\/magazinonline\\\/wp-content\\\/uploads\\\/2022\\\/08\\\/Masina-de-tencuit-IMER-Koine-4-debit-material-22-lmin.-motor-400V-7.75-kW-3.png\",\"datePublished\":\"2022-08-18T11:51:36+00:00\",\"dateModified\":\"2024-04-19T12:34:30+00:00\",\"breadcrumb\":{\"@id\":\"https:\\\/\\\/eurotech-iasi.ro\\\/magazinonline\\\/produs\\\/masina-de-tencuit-imer-koine-4-debit-material-22-l-min-motor-400v-7-75-kw\\\/#breadcrumb\"},\"inLanguage\":\"ro-RO\",\"potentialAction\":[{\"@type\":\"ReadAction\",\"target\":[\"https:\\\/\\\/eurotech-iasi.ro\\\/magazinonline\\\/produs\\\/masina-de-tencuit-imer-koine-4-debit-material-22-l-min-motor-400v-7-75-kw\\\/\"]}]},{\"@type\":\"ImageObject\",\"inLanguage\":\"ro-RO\",\"@id\":\"https:\\\/\\\/eurotech-iasi.ro\\\/magazinonline\\\/produs\\\/masina-de-tencuit-imer-koine-4-debit-material-22-l-min-motor-400v-7-75-kw\\\/#primaryimage\",\"url\":\"https:\\\/\\\/eurotech-iasi.ro\\\/magazinonline\\\/wp-content\\\/uploads\\\/2022\\\/08\\\/Masina-de-tencuit-IMER-Koine-4-debit-material-22-lmin.-motor-400V-7.75-kW-3.png\",\"contentUrl\":\"https:\\\/\\\/eurotech-iasi.ro\\\/magazinonline\\\/wp-content\\\/uploads\\\/2022\\\/08\\\/Masina-de-tencuit-IMER-Koine-4-debit-material-22-lmin.-motor-400V-7.75-kW-3.png\",\"width\":750,\"height\":750},{\"@type\":\"BreadcrumbList\",\"@id\":\"https:\\\/\\\/eurotech-iasi.ro\\\/magazinonline\\\/produs\\\/masina-de-tencuit-imer-koine-4-debit-material-22-l-min-motor-400v-7-75-kw\\\/#breadcrumb\",\"itemListElement\":[{\"@type\":\"ListItem\",\"position\":1,\"name\":\"Prima pagin\u0103\",\"item\":\"https:\\\/\\\/eurotech-iasi.ro\\\/magazinonline\\\/\"},{\"@type\":\"ListItem\",\"position\":2,\"name\":\"Shop\",\"item\":\"https:\\\/\\\/eurotech-iasi.ro\\\/magazinonline\\\/shop\\\/\"},{\"@type\":\"ListItem\",\"position\":3,\"name\":\"Masina de tencuit IMER Koine 4, debit material 22 l\\\/min., motor 400V, 7.75 kW\"}]},{\"@type\":\"WebSite\",\"@id\":\"https:\\\/\\\/eurotech-iasi.ro\\\/magazinonline\\\/#website\",\"url\":\"https:\\\/\\\/eurotech-iasi.ro\\\/magazinonline\\\/\",\"name\":\"Eurotech Iasi\",\"description\":\"Cu oameni seriosi\",\"publisher\":{\"@id\":\"https:\\\/\\\/eurotech-iasi.ro\\\/magazinonline\\\/#organization\"},\"potentialAction\":[{\"@type\":\"SearchAction\",\"target\":{\"@type\":\"EntryPoint\",\"urlTemplate\":\"https:\\\/\\\/eurotech-iasi.ro\\\/magazinonline\\\/?s={search_term_string}\"},\"query-input\":{\"@type\":\"PropertyValueSpecification\",\"valueRequired\":true,\"valueName\":\"search_term_string\"}}],\"inLanguage\":\"ro-RO\"},{\"@type\":\"Organization\",\"@id\":\"https:\\\/\\\/eurotech-iasi.ro\\\/magazinonline\\\/#organization\",\"name\":\"Eurotech Iasi\",\"url\":\"https:\\\/\\\/eurotech-iasi.ro\\\/magazinonline\\\/\",\"logo\":{\"@type\":\"ImageObject\",\"inLanguage\":\"ro-RO\",\"@id\":\"https:\\\/\\\/eurotech-iasi.ro\\\/magazinonline\\\/#\\\/schema\\\/logo\\\/image\\\/\",\"url\":\"https:\\\/\\\/eurotech-iasi.ro\\\/magazinonline\\\/wp-content\\\/uploads\\\/2020\\\/08\\\/logo-eurotech.png\",\"contentUrl\":\"https:\\\/\\\/eurotech-iasi.ro\\\/magazinonline\\\/wp-content\\\/uploads\\\/2020\\\/08\\\/logo-eurotech.png\",\"width\":290,\"height\":70,\"caption\":\"Eurotech Iasi\"},\"image\":{\"@id\":\"https:\\\/\\\/eurotech-iasi.ro\\\/magazinonline\\\/#\\\/schema\\\/logo\\\/image\\\/\"},\"sameAs\":[\"https:\\\/\\\/www.facebook.com\\\/EurotechIasi\\\/\"]}]}<\/script>\n<!-- \/ Yoast SEO plugin. -->","yoast_head_json":{"title":"Masina de tencuit IMER Koine 4, debit material 22 l\/min., motor 400V, 7.75 kW - Eurotech Iasi","robots":{"index":"index","follow":"follow","max-snippet":"max-snippet:-1","max-image-preview":"max-image-preview:large","max-video-preview":"max-video-preview:-1"},"canonical":"https:\/\/eurotech-iasi.ro\/magazinonline\/produs\/masina-de-tencuit-imer-koine-4-debit-material-22-l-min-motor-400v-7-75-kw\/","og_locale":"ro_RO","og_type":"article","og_title":"Masina de tencuit IMER Koine 4, debit material 22 l\/min., motor 400V, 7.75 kW - Eurotech Iasi","og_description":"Masina de tencuit IMER Koine 4, debit material 22 l\/min., motor 400V, 7.75 kW, distanta maxima de pompare 25 m se livreaza echipata de serie gata de functionare si este ideala pentru aplicare de materiale pre-amestecate (exclusiv la sac sau siloz) pe baza de: gleturi, var-ciment, ipsos, izolatii.  Cod produs: 8033679004330  &nbsp;","og_url":"https:\/\/eurotech-iasi.ro\/magazinonline\/produs\/masina-de-tencuit-imer-koine-4-debit-material-22-l-min-motor-400v-7-75-kw\/","og_site_name":"Eurotech Iasi","article_publisher":"https:\/\/www.facebook.com\/EurotechIasi\/","article_modified_time":"2024-04-19T12:34:30+00:00","og_image":[{"width":750,"height":750,"url":"https:\/\/eurotech-iasi.ro\/magazinonline\/wp-content\/uploads\/2022\/08\/Masina-de-tencuit-IMER-Koine-4-debit-material-22-lmin.-motor-400V-7.75-kW-3.png","type":"image\/png"}],"twitter_misc":{"Timp estimat pentru citire":"1 minut"},"schema":{"@context":"https:\/\/schema.org","@graph":[{"@type":"WebPage","@id":"https:\/\/eurotech-iasi.ro\/magazinonline\/produs\/masina-de-tencuit-imer-koine-4-debit-material-22-l-min-motor-400v-7-75-kw\/","url":"https:\/\/eurotech-iasi.ro\/magazinonline\/produs\/masina-de-tencuit-imer-koine-4-debit-material-22-l-min-motor-400v-7-75-kw\/","name":"Masina de tencuit IMER Koine 4, debit material 22 l\/min., motor 400V, 7.75 kW - Eurotech Iasi","isPartOf":{"@id":"https:\/\/eurotech-iasi.ro\/magazinonline\/#website"},"primaryImageOfPage":{"@id":"https:\/\/eurotech-iasi.ro\/magazinonline\/produs\/masina-de-tencuit-imer-koine-4-debit-material-22-l-min-motor-400v-7-75-kw\/#primaryimage"},"image":{"@id":"https:\/\/eurotech-iasi.ro\/magazinonline\/produs\/masina-de-tencuit-imer-koine-4-debit-material-22-l-min-motor-400v-7-75-kw\/#primaryimage"},"thumbnailUrl":"https:\/\/eurotech-iasi.ro\/magazinonline\/wp-content\/uploads\/2022\/08\/Masina-de-tencuit-IMER-Koine-4-debit-material-22-lmin.-motor-400V-7.75-kW-3.png","datePublished":"2022-08-18T11:51:36+00:00","dateModified":"2024-04-19T12:34:30+00:00","breadcrumb":{"@id":"https:\/\/eurotech-iasi.ro\/magazinonline\/produs\/masina-de-tencuit-imer-koine-4-debit-material-22-l-min-motor-400v-7-75-kw\/#breadcrumb"},"inLanguage":"ro-RO","potentialAction":[{"@type":"ReadAction","target":["https:\/\/eurotech-iasi.ro\/magazinonline\/produs\/masina-de-tencuit-imer-koine-4-debit-material-22-l-min-motor-400v-7-75-kw\/"]}]},{"@type":"ImageObject","inLanguage":"ro-RO","@id":"https:\/\/eurotech-iasi.ro\/magazinonline\/produs\/masina-de-tencuit-imer-koine-4-debit-material-22-l-min-motor-400v-7-75-kw\/#primaryimage","url":"https:\/\/eurotech-iasi.ro\/magazinonline\/wp-content\/uploads\/2022\/08\/Masina-de-tencuit-IMER-Koine-4-debit-material-22-lmin.-motor-400V-7.75-kW-3.png","contentUrl":"https:\/\/eurotech-iasi.ro\/magazinonline\/wp-content\/uploads\/2022\/08\/Masina-de-tencuit-IMER-Koine-4-debit-material-22-lmin.-motor-400V-7.75-kW-3.png","width":750,"height":750},{"@type":"BreadcrumbList","@id":"https:\/\/eurotech-iasi.ro\/magazinonline\/produs\/masina-de-tencuit-imer-koine-4-debit-material-22-l-min-motor-400v-7-75-kw\/#breadcrumb","itemListElement":[{"@type":"ListItem","position":1,"name":"Prima pagin\u0103","item":"https:\/\/eurotech-iasi.ro\/magazinonline\/"},{"@type":"ListItem","position":2,"name":"Shop","item":"https:\/\/eurotech-iasi.ro\/magazinonline\/shop\/"},{"@type":"ListItem","position":3,"name":"Masina de tencuit IMER Koine 4, debit material 22 l\/min., motor 400V, 7.75 kW"}]},{"@type":"WebSite","@id":"https:\/\/eurotech-iasi.ro\/magazinonline\/#website","url":"https:\/\/eurotech-iasi.ro\/magazinonline\/","name":"Eurotech Iasi","description":"Cu oameni seriosi","publisher":{"@id":"https:\/\/eurotech-iasi.ro\/magazinonline\/#organization"},"potentialAction":[{"@type":"SearchAction","target":{"@type":"EntryPoint","urlTemplate":"https:\/\/eurotech-iasi.ro\/magazinonline\/?s={search_term_string}"},"query-input":{"@type":"PropertyValueSpecification","valueRequired":true,"valueName":"search_term_string"}}],"inLanguage":"ro-RO"},{"@type":"Organization","@id":"https:\/\/eurotech-iasi.ro\/magazinonline\/#organization","name":"Eurotech Iasi","url":"https:\/\/eurotech-iasi.ro\/magazinonline\/","logo":{"@type":"ImageObject","inLanguage":"ro-RO","@id":"https:\/\/eurotech-iasi.ro\/magazinonline\/#\/schema\/logo\/image\/","url":"https:\/\/eurotech-iasi.ro\/magazinonline\/wp-content\/uploads\/2020\/08\/logo-eurotech.png","contentUrl":"https:\/\/eurotech-iasi.ro\/magazinonline\/wp-content\/uploads\/2020\/08\/logo-eurotech.png","width":290,"height":70,"caption":"Eurotech Iasi"},"image":{"@id":"https:\/\/eurotech-iasi.ro\/magazinonline\/#\/schema\/logo\/image\/"},"sameAs":["https:\/\/www.facebook.com\/EurotechIasi\/"]}]}},"_links":{"self":[{"href":"https:\/\/eurotech-iasi.ro\/magazinonline\/wp-json\/wp\/v2\/product\/75340","targetHints":{"allow":["GET"]}}],"collection":[{"href":"https:\/\/eurotech-iasi.ro\/magazinonline\/wp-json\/wp\/v2\/product"}],"about":[{"href":"https:\/\/eurotech-iasi.ro\/magazinonline\/wp-json\/wp\/v2\/types\/product"}],"replies":[{"embeddable":true,"href":"https:\/\/eurotech-iasi.ro\/magazinonline\/wp-json\/wp\/v2\/comments?post=75340"}],"wp:featuredmedia":[{"embeddable":true,"href":"https:\/\/eurotech-iasi.ro\/magazinonline\/wp-json\/wp\/v2\/media\/75357"}],"wp:attachment":[{"href":"https:\/\/eurotech-iasi.ro\/magazinonline\/wp-json\/wp\/v2\/media?parent=75340"}],"wp:term":[{"taxonomy":"product_cat","embeddable":true,"href":"https:\/\/eurotech-iasi.ro\/magazinonline\/wp-json\/wp\/v2\/product_cat?post=75340"},{"taxonomy":"product_tag","embeddable":true,"href":"https:\/\/eurotech-iasi.ro\/magazinonline\/wp-json\/wp\/v2\/product_tag?post=75340"},{"taxonomy":"woo-feed-brand","embeddable":true,"href":"https:\/\/eurotech-iasi.ro\/magazinonline\/wp-json\/wp\/v2\/woo-feed-brand?post=75340"}],"curies":[{"name":"wp","href":"https:\/\/api.w.org\/{rel}","templated":true}]}}