{"id":75613,"date":"2022-08-31T13:04:41","date_gmt":"2022-08-31T10:04:41","guid":{"rendered":"https:\/\/eurotech-iasi.ro\/magazinonline\/?post_type=product&#038;p=75613"},"modified":"2026-02-20T11:18:48","modified_gmt":"2026-02-20T09:18:48","slug":"pompa-sapa-autonivelanta-imer-koine-4-hi-flow","status":"publish","type":"product","link":"https:\/\/eurotech-iasi.ro\/magazinonline\/produs\/pompa-sapa-autonivelanta-imer-koine-4-hi-flow\/","title":{"rendered":"Pompa sapa autonivelanta IMER Koine 4 Hi-FLOW"},"content":{"rendered":"<p><strong>Pompa sapa autonivelanta IMER Koine 4 Hi-FLOW<\/strong>, <strong>debit material 80 l\/min., motor 400V, 6.8 kW, distanta maxima de pompare 30\/*60 m<\/strong> este ideala pentru\u00a0amestecarea si pomparea substraturilor si mortarului autonivelant la distante medii si lungi.<\/p>\n<p>Randament ridicat datorita sistemului dublu de amestecare. Motor de clasa S1 pentru uz profesional in mod continuu.<\/p>\n<p><b>Echipare standard:<\/b><\/p>\n<ul>\n<li>Stator si rotor R8-1.5<\/li>\n<li>Contor de presiune pentru distribuirea materialelor<\/li>\n<li>Malaxor material<\/li>\n<li>Alimentare electrica si panou comanda<\/li>\n<li>Pompa de apa autoamorsanta din inox Instalatie de alama cu debitmetru si supapa de golire instalatie &#8211; anti inghet<\/li>\n<li>Cablu electric 40 m<\/li>\n<li>Furtun apa 40 m<\/li>\n<li>Furtun material 10 m, \u00d8 35 cu cuplaje rapide<\/li>\n<li>Cutie accesorii incorporata<\/li>\n<li>Accesorii curatare (racleta si burete)<\/li>\n<li>Mixer turbo de mare eficienta<\/li>\n<li>Comanda cablu on-off, 16 m lungime<\/li>\n<\/ul>\n<h2>Specificatii tehnice:<\/h2>\n<p><strong>Capacitate rezervor material<\/strong> &#8211;\u00a0 110 l<br \/>\n<strong>Dimensiuni utilaj Lxlxh (mm)<\/strong> &#8211; 1190x730x1560<br \/>\n<strong>Distanta max. de pompare<\/strong> &#8211; 30 \/ *60 m &#8211; lungime de pompare pentru furtun cu diam. 35 mm<br \/>\n<strong>Putere motor camera malaxare<\/strong> &#8211; 5.50 kW<br \/>\n<strong>Motor electric<\/strong> &#8211; 400V &#8211; 50Hz<br \/>\n<strong>Putere motor pompa apa<\/strong> &#8211; 0.55 kW<br \/>\n<strong>Inaltime de incarcare<\/strong> &#8211; 900 mm<br \/>\n<strong>Debit material &#8211;<\/strong> 80 l\/min.<br \/>\n<strong>Putere max. instalata<\/strong> &#8211; 6.80 kW<br \/>\n<strong>Putere motor roata amestec<\/strong> &#8211; 0.75 kW<br \/>\n<strong>Greutate totala utilaj<\/strong> &#8211; 263 kg<\/p>\n<h3><span style=\"text-decoration: underline;\"><em><strong>Documentatie tehnica:<\/strong><\/em><\/span><\/h3>\n<p><a href=\"https:\/\/eurotech-iasi.ro\/magazinonline\/wp-content\/uploads\/2022\/08\/Koine-4-Hi-FLOW-Pompa-sapa-autonivelanta_chituiri-Distribuitor-9095-1606381956.pdf\"><strong><em><u>\ud83d\udce5\u00a0Fisa tehnica<\/u><\/em><\/strong><\/a><br \/>\n<a href=\"https:\/\/eurotech-iasi.ro\/magazinonline\/wp-content\/uploads\/2022\/08\/Koine-4-Ce.Pdf-9095-.pdf\"><strong><em><u>\ud83d\udce5 Certificat CE<\/u><\/em><\/strong><\/a><br \/>\n<a href=\"https:\/\/eurotech-iasi.ro\/magazinonline\/wp-content\/uploads\/2022\/08\/Koine4_2-Schema.Pdf-9095-.pdf\"><em><strong><u>\ud83d\udce5<\/u><\/strong><\/em><strong><em><u> Schema Electrica \/ Explodata<\/u><\/em><\/strong><\/a><\/p>\n<p><em><strong><span style=\"color: #ff0000;\">*Punere in functiune GRATUITA direct in santier!<br \/>\nOperatiunea este asigurata de personal calificat si se efectueaza in santier sau in locatia aleasa de catre client cu utilajele si materialele acestuia. Clientul poate desemna maxim 2 persoane ce vor fi instruite sa utilizeze echipamentul.<\/span><\/strong><\/em><\/p>\n<p><iframe loading=\"lazy\" title=\"IMER Group | USA - IMER Koine 4 High-Flow Mixer &amp; Pump Demo Day with L&amp;L Stone and Tile\" src=\"https:\/\/www.youtube.com\/embed\/NQKcEIVnXdo\" width=\"445\" height=\"315\" frameborder=\"0\" allowfullscreen=\"allowfullscreen\"><span data-mce-type=\"bookmark\" style=\"display: inline-block; width: 0px; overflow: hidden; line-height: 0;\" class=\"mce_SELRES_start\">\ufeff<\/span><\/iframe> <iframe loading=\"lazy\" title=\"Niciodat\u0103 f\u0103r\u0103 pomp\u0103! - FACE\u021aI CUNO\u0218TIN\u021a\u0102 CU MA\u0218INILE DE TENCUIT IMER - KOINE 4 !\" src=\"https:\/\/www.youtube.com\/embed\/kA12uOMtYJQ\" width=\"445\" height=\"315\" frameborder=\"0\" allowfullscreen=\"allowfullscreen\"><\/iframe><\/p>\n","protected":false},"excerpt":{"rendered":"<p><strong>Pompa sapa autonivelanta IMER Koine 4 Hi-FLOW<\/strong>, <strong>debit material 80 l\/min., motor 400V, 6.8 kW, distanta maxima de pompare 30\/*60 m<\/strong> este ideala pentru\u00a0amestecarea si pomparea substraturilor si mortarului autonivelant la distante medii si lungi.<\/p>\n<p><em><strong>Cod produs:8033679030506<\/strong><\/em><\/p>\n<p>&nbsp;<\/p>\n","protected":false},"featured_media":75615,"comment_status":"open","ping_status":"closed","template":"","meta":{"_acf_changed":false},"product_cat":[12069,12066],"product_tag":[],"woo-feed-brand":[],"class_list":{"0":"post-75613","1":"product","2":"type-product","3":"status-publish","4":"has-post-thumbnail","6":"product_brand-imer","7":"product_cat-pompe-de-sapa","8":"product_cat-sisteme-de-pompare-si-finisaje-interioare","9":"pa_brand-imer","10":"pa_capacitate-rezervor-110-l","11":"pa_debit-material-80-l-min","12":"pa_greutate-263-kg","13":"pa_tip-motor-electric","15":"first","16":"outofstock","17":"shipping-taxable","18":"purchasable","19":"product-type-simple"},"acf":[],"yoast_head":"<!-- This site is optimized with the Yoast SEO plugin v27.3 - https:\/\/yoast.com\/product\/yoast-seo-wordpress\/ -->\n<title>Pompa sapa autonivelanta IMER Koine 4 Hi-FLOW - Eurotech Iasi<\/title>\n<meta name=\"robots\" content=\"index, follow, max-snippet:-1, max-image-preview:large, max-video-preview:-1\" \/>\n<link rel=\"canonical\" href=\"https:\/\/eurotech-iasi.ro\/magazinonline\/produs\/pompa-sapa-autonivelanta-imer-koine-4-hi-flow\/\" \/>\n<meta property=\"og:locale\" content=\"ro_RO\" \/>\n<meta property=\"og:type\" content=\"article\" \/>\n<meta property=\"og:title\" content=\"Pompa sapa autonivelanta IMER Koine 4 Hi-FLOW - Eurotech Iasi\" \/>\n<meta property=\"og:description\" content=\"Pompa sapa autonivelanta IMER Koine 4 Hi-FLOW, debit material 80 l\/min., motor 400V, 6.8 kW, distanta maxima de pompare 30\/*60 m este ideala pentru\u00a0amestecarea si pomparea substraturilor si mortarului autonivelant la distante medii si lungi.  Cod produs:8033679030506  &nbsp;\" \/>\n<meta property=\"og:url\" content=\"https:\/\/eurotech-iasi.ro\/magazinonline\/produs\/pompa-sapa-autonivelanta-imer-koine-4-hi-flow\/\" \/>\n<meta property=\"og:site_name\" content=\"Eurotech Iasi\" \/>\n<meta property=\"article:publisher\" content=\"https:\/\/www.facebook.com\/EurotechIasi\/\" \/>\n<meta property=\"article:modified_time\" content=\"2026-02-20T09:18:48+00:00\" \/>\n<meta property=\"og:image\" content=\"https:\/\/eurotech-iasi.ro\/magazinonline\/wp-content\/uploads\/2022\/08\/Pompa-sapa-autonivelanta-IMER-Koine-4-Hi-FLOW-2.png\" \/>\n\t<meta property=\"og:image:width\" content=\"750\" \/>\n\t<meta property=\"og:image:height\" content=\"750\" \/>\n\t<meta property=\"og:image:type\" content=\"image\/png\" \/>\n<meta name=\"twitter:label1\" content=\"Timp estimat pentru citire\" \/>\n\t<meta name=\"twitter:data1\" content=\"1 minut\" \/>\n<script type=\"application\/ld+json\" class=\"yoast-schema-graph\">{\"@context\":\"https:\\\/\\\/schema.org\",\"@graph\":[{\"@type\":\"WebPage\",\"@id\":\"https:\\\/\\\/eurotech-iasi.ro\\\/magazinonline\\\/produs\\\/pompa-sapa-autonivelanta-imer-koine-4-hi-flow\\\/\",\"url\":\"https:\\\/\\\/eurotech-iasi.ro\\\/magazinonline\\\/produs\\\/pompa-sapa-autonivelanta-imer-koine-4-hi-flow\\\/\",\"name\":\"Pompa sapa autonivelanta IMER Koine 4 Hi-FLOW - Eurotech Iasi\",\"isPartOf\":{\"@id\":\"https:\\\/\\\/eurotech-iasi.ro\\\/magazinonline\\\/#website\"},\"primaryImageOfPage\":{\"@id\":\"https:\\\/\\\/eurotech-iasi.ro\\\/magazinonline\\\/produs\\\/pompa-sapa-autonivelanta-imer-koine-4-hi-flow\\\/#primaryimage\"},\"image\":{\"@id\":\"https:\\\/\\\/eurotech-iasi.ro\\\/magazinonline\\\/produs\\\/pompa-sapa-autonivelanta-imer-koine-4-hi-flow\\\/#primaryimage\"},\"thumbnailUrl\":\"https:\\\/\\\/eurotech-iasi.ro\\\/magazinonline\\\/wp-content\\\/uploads\\\/2022\\\/08\\\/Pompa-sapa-autonivelanta-IMER-Koine-4-Hi-FLOW-2.png\",\"datePublished\":\"2022-08-31T10:04:41+00:00\",\"dateModified\":\"2026-02-20T09:18:48+00:00\",\"breadcrumb\":{\"@id\":\"https:\\\/\\\/eurotech-iasi.ro\\\/magazinonline\\\/produs\\\/pompa-sapa-autonivelanta-imer-koine-4-hi-flow\\\/#breadcrumb\"},\"inLanguage\":\"ro-RO\",\"potentialAction\":[{\"@type\":\"ReadAction\",\"target\":[\"https:\\\/\\\/eurotech-iasi.ro\\\/magazinonline\\\/produs\\\/pompa-sapa-autonivelanta-imer-koine-4-hi-flow\\\/\"]}]},{\"@type\":\"ImageObject\",\"inLanguage\":\"ro-RO\",\"@id\":\"https:\\\/\\\/eurotech-iasi.ro\\\/magazinonline\\\/produs\\\/pompa-sapa-autonivelanta-imer-koine-4-hi-flow\\\/#primaryimage\",\"url\":\"https:\\\/\\\/eurotech-iasi.ro\\\/magazinonline\\\/wp-content\\\/uploads\\\/2022\\\/08\\\/Pompa-sapa-autonivelanta-IMER-Koine-4-Hi-FLOW-2.png\",\"contentUrl\":\"https:\\\/\\\/eurotech-iasi.ro\\\/magazinonline\\\/wp-content\\\/uploads\\\/2022\\\/08\\\/Pompa-sapa-autonivelanta-IMER-Koine-4-Hi-FLOW-2.png\",\"width\":750,\"height\":750},{\"@type\":\"BreadcrumbList\",\"@id\":\"https:\\\/\\\/eurotech-iasi.ro\\\/magazinonline\\\/produs\\\/pompa-sapa-autonivelanta-imer-koine-4-hi-flow\\\/#breadcrumb\",\"itemListElement\":[{\"@type\":\"ListItem\",\"position\":1,\"name\":\"Prima pagin\u0103\",\"item\":\"https:\\\/\\\/eurotech-iasi.ro\\\/magazinonline\\\/\"},{\"@type\":\"ListItem\",\"position\":2,\"name\":\"Shop\",\"item\":\"https:\\\/\\\/eurotech-iasi.ro\\\/magazinonline\\\/shop\\\/\"},{\"@type\":\"ListItem\",\"position\":3,\"name\":\"Pompa sapa autonivelanta IMER Koine 4 Hi-FLOW\"}]},{\"@type\":\"WebSite\",\"@id\":\"https:\\\/\\\/eurotech-iasi.ro\\\/magazinonline\\\/#website\",\"url\":\"https:\\\/\\\/eurotech-iasi.ro\\\/magazinonline\\\/\",\"name\":\"Eurotech Iasi\",\"description\":\"Cu oameni seriosi\",\"publisher\":{\"@id\":\"https:\\\/\\\/eurotech-iasi.ro\\\/magazinonline\\\/#organization\"},\"potentialAction\":[{\"@type\":\"SearchAction\",\"target\":{\"@type\":\"EntryPoint\",\"urlTemplate\":\"https:\\\/\\\/eurotech-iasi.ro\\\/magazinonline\\\/?s={search_term_string}\"},\"query-input\":{\"@type\":\"PropertyValueSpecification\",\"valueRequired\":true,\"valueName\":\"search_term_string\"}}],\"inLanguage\":\"ro-RO\"},{\"@type\":\"Organization\",\"@id\":\"https:\\\/\\\/eurotech-iasi.ro\\\/magazinonline\\\/#organization\",\"name\":\"Eurotech Iasi\",\"url\":\"https:\\\/\\\/eurotech-iasi.ro\\\/magazinonline\\\/\",\"logo\":{\"@type\":\"ImageObject\",\"inLanguage\":\"ro-RO\",\"@id\":\"https:\\\/\\\/eurotech-iasi.ro\\\/magazinonline\\\/#\\\/schema\\\/logo\\\/image\\\/\",\"url\":\"https:\\\/\\\/eurotech-iasi.ro\\\/magazinonline\\\/wp-content\\\/uploads\\\/2020\\\/08\\\/logo-eurotech.png\",\"contentUrl\":\"https:\\\/\\\/eurotech-iasi.ro\\\/magazinonline\\\/wp-content\\\/uploads\\\/2020\\\/08\\\/logo-eurotech.png\",\"width\":290,\"height\":70,\"caption\":\"Eurotech Iasi\"},\"image\":{\"@id\":\"https:\\\/\\\/eurotech-iasi.ro\\\/magazinonline\\\/#\\\/schema\\\/logo\\\/image\\\/\"},\"sameAs\":[\"https:\\\/\\\/www.facebook.com\\\/EurotechIasi\\\/\"]}]}<\/script>\n<!-- \/ Yoast SEO plugin. -->","yoast_head_json":{"title":"Pompa sapa autonivelanta IMER Koine 4 Hi-FLOW - Eurotech Iasi","robots":{"index":"index","follow":"follow","max-snippet":"max-snippet:-1","max-image-preview":"max-image-preview:large","max-video-preview":"max-video-preview:-1"},"canonical":"https:\/\/eurotech-iasi.ro\/magazinonline\/produs\/pompa-sapa-autonivelanta-imer-koine-4-hi-flow\/","og_locale":"ro_RO","og_type":"article","og_title":"Pompa sapa autonivelanta IMER Koine 4 Hi-FLOW - Eurotech Iasi","og_description":"Pompa sapa autonivelanta IMER Koine 4 Hi-FLOW, debit material 80 l\/min., motor 400V, 6.8 kW, distanta maxima de pompare 30\/*60 m este ideala pentru\u00a0amestecarea si pomparea substraturilor si mortarului autonivelant la distante medii si lungi.  Cod produs:8033679030506  &nbsp;","og_url":"https:\/\/eurotech-iasi.ro\/magazinonline\/produs\/pompa-sapa-autonivelanta-imer-koine-4-hi-flow\/","og_site_name":"Eurotech Iasi","article_publisher":"https:\/\/www.facebook.com\/EurotechIasi\/","article_modified_time":"2026-02-20T09:18:48+00:00","og_image":[{"width":750,"height":750,"url":"https:\/\/eurotech-iasi.ro\/magazinonline\/wp-content\/uploads\/2022\/08\/Pompa-sapa-autonivelanta-IMER-Koine-4-Hi-FLOW-2.png","type":"image\/png"}],"twitter_misc":{"Timp estimat pentru citire":"1 minut"},"schema":{"@context":"https:\/\/schema.org","@graph":[{"@type":"WebPage","@id":"https:\/\/eurotech-iasi.ro\/magazinonline\/produs\/pompa-sapa-autonivelanta-imer-koine-4-hi-flow\/","url":"https:\/\/eurotech-iasi.ro\/magazinonline\/produs\/pompa-sapa-autonivelanta-imer-koine-4-hi-flow\/","name":"Pompa sapa autonivelanta IMER Koine 4 Hi-FLOW - Eurotech Iasi","isPartOf":{"@id":"https:\/\/eurotech-iasi.ro\/magazinonline\/#website"},"primaryImageOfPage":{"@id":"https:\/\/eurotech-iasi.ro\/magazinonline\/produs\/pompa-sapa-autonivelanta-imer-koine-4-hi-flow\/#primaryimage"},"image":{"@id":"https:\/\/eurotech-iasi.ro\/magazinonline\/produs\/pompa-sapa-autonivelanta-imer-koine-4-hi-flow\/#primaryimage"},"thumbnailUrl":"https:\/\/eurotech-iasi.ro\/magazinonline\/wp-content\/uploads\/2022\/08\/Pompa-sapa-autonivelanta-IMER-Koine-4-Hi-FLOW-2.png","datePublished":"2022-08-31T10:04:41+00:00","dateModified":"2026-02-20T09:18:48+00:00","breadcrumb":{"@id":"https:\/\/eurotech-iasi.ro\/magazinonline\/produs\/pompa-sapa-autonivelanta-imer-koine-4-hi-flow\/#breadcrumb"},"inLanguage":"ro-RO","potentialAction":[{"@type":"ReadAction","target":["https:\/\/eurotech-iasi.ro\/magazinonline\/produs\/pompa-sapa-autonivelanta-imer-koine-4-hi-flow\/"]}]},{"@type":"ImageObject","inLanguage":"ro-RO","@id":"https:\/\/eurotech-iasi.ro\/magazinonline\/produs\/pompa-sapa-autonivelanta-imer-koine-4-hi-flow\/#primaryimage","url":"https:\/\/eurotech-iasi.ro\/magazinonline\/wp-content\/uploads\/2022\/08\/Pompa-sapa-autonivelanta-IMER-Koine-4-Hi-FLOW-2.png","contentUrl":"https:\/\/eurotech-iasi.ro\/magazinonline\/wp-content\/uploads\/2022\/08\/Pompa-sapa-autonivelanta-IMER-Koine-4-Hi-FLOW-2.png","width":750,"height":750},{"@type":"BreadcrumbList","@id":"https:\/\/eurotech-iasi.ro\/magazinonline\/produs\/pompa-sapa-autonivelanta-imer-koine-4-hi-flow\/#breadcrumb","itemListElement":[{"@type":"ListItem","position":1,"name":"Prima pagin\u0103","item":"https:\/\/eurotech-iasi.ro\/magazinonline\/"},{"@type":"ListItem","position":2,"name":"Shop","item":"https:\/\/eurotech-iasi.ro\/magazinonline\/shop\/"},{"@type":"ListItem","position":3,"name":"Pompa sapa autonivelanta IMER Koine 4 Hi-FLOW"}]},{"@type":"WebSite","@id":"https:\/\/eurotech-iasi.ro\/magazinonline\/#website","url":"https:\/\/eurotech-iasi.ro\/magazinonline\/","name":"Eurotech Iasi","description":"Cu oameni seriosi","publisher":{"@id":"https:\/\/eurotech-iasi.ro\/magazinonline\/#organization"},"potentialAction":[{"@type":"SearchAction","target":{"@type":"EntryPoint","urlTemplate":"https:\/\/eurotech-iasi.ro\/magazinonline\/?s={search_term_string}"},"query-input":{"@type":"PropertyValueSpecification","valueRequired":true,"valueName":"search_term_string"}}],"inLanguage":"ro-RO"},{"@type":"Organization","@id":"https:\/\/eurotech-iasi.ro\/magazinonline\/#organization","name":"Eurotech Iasi","url":"https:\/\/eurotech-iasi.ro\/magazinonline\/","logo":{"@type":"ImageObject","inLanguage":"ro-RO","@id":"https:\/\/eurotech-iasi.ro\/magazinonline\/#\/schema\/logo\/image\/","url":"https:\/\/eurotech-iasi.ro\/magazinonline\/wp-content\/uploads\/2020\/08\/logo-eurotech.png","contentUrl":"https:\/\/eurotech-iasi.ro\/magazinonline\/wp-content\/uploads\/2020\/08\/logo-eurotech.png","width":290,"height":70,"caption":"Eurotech Iasi"},"image":{"@id":"https:\/\/eurotech-iasi.ro\/magazinonline\/#\/schema\/logo\/image\/"},"sameAs":["https:\/\/www.facebook.com\/EurotechIasi\/"]}]}},"_links":{"self":[{"href":"https:\/\/eurotech-iasi.ro\/magazinonline\/wp-json\/wp\/v2\/product\/75613","targetHints":{"allow":["GET"]}}],"collection":[{"href":"https:\/\/eurotech-iasi.ro\/magazinonline\/wp-json\/wp\/v2\/product"}],"about":[{"href":"https:\/\/eurotech-iasi.ro\/magazinonline\/wp-json\/wp\/v2\/types\/product"}],"replies":[{"embeddable":true,"href":"https:\/\/eurotech-iasi.ro\/magazinonline\/wp-json\/wp\/v2\/comments?post=75613"}],"wp:featuredmedia":[{"embeddable":true,"href":"https:\/\/eurotech-iasi.ro\/magazinonline\/wp-json\/wp\/v2\/media\/75615"}],"wp:attachment":[{"href":"https:\/\/eurotech-iasi.ro\/magazinonline\/wp-json\/wp\/v2\/media?parent=75613"}],"wp:term":[{"taxonomy":"product_cat","embeddable":true,"href":"https:\/\/eurotech-iasi.ro\/magazinonline\/wp-json\/wp\/v2\/product_cat?post=75613"},{"taxonomy":"product_tag","embeddable":true,"href":"https:\/\/eurotech-iasi.ro\/magazinonline\/wp-json\/wp\/v2\/product_tag?post=75613"},{"taxonomy":"woo-feed-brand","embeddable":true,"href":"https:\/\/eurotech-iasi.ro\/magazinonline\/wp-json\/wp\/v2\/woo-feed-brand?post=75613"}],"curies":[{"name":"wp","href":"https:\/\/api.w.org\/{rel}","templated":true}]}}