{"id":75660,"date":"2022-09-02T10:38:47","date_gmt":"2022-09-02T07:38:47","guid":{"rendered":"https:\/\/eurotech-iasi.ro\/magazinonline\/?post_type=product&#038;p=75660"},"modified":"2025-04-10T10:23:54","modified_gmt":"2025-04-10T07:23:54","slug":"pistol-de-batut-cuie-cu-acumulator-bosch-professional-gnh-18v-64m","status":"publish","type":"product","link":"https:\/\/eurotech-iasi.ro\/magazinonline\/produs\/pistol-de-batut-cuie-cu-acumulator-bosch-professional-gnh-18v-64m\/","title":{"rendered":"Pistol de batut cuie cu acumulator BOSCH PROFESSIONAL GNH 18V-64M"},"content":{"rendered":"<p><strong>Pistol de batut cuie cu acumulator BOSCH PROFESSIONAL GNH 18V-64M <\/strong>\u00a0este destinat executarii imbinarilor in cazul lucrarilor de montare de acoperisuri, cofraje si sipci, precum si in cazul realizarii elementelor de perete\/plafon, fatadelor din lemn, paletilor, gardurilor din lemn, peretilor cu izolatie nfonica si cutiilor. Pot fi utilizate numai elementele de fixare (cuie, capse etc.<\/p>\n<p><strong>Observatie:<\/strong> P<strong>istol de impuscat cuie cu acumulator BOSCH PROFESSIONAL GNH 18V-64 <\/strong>\u00a0 nu este destinat introducerii de cuie in metal sau beton.<\/p>\n<h2>Avantaje:<\/h2>\n<ul>\n<li>Fixare rapida si precisa: pistol cu cuie de finisare cu un singur mod de declansare<\/li>\n<li>Nu este necesar un compresor, un furtun de aer sau un cartilaj de gaz suplimentar &#8211; pentru libertate maxima<\/li>\n<li>Declansarea in gol cu magazia de cuie goala este prevenita de functia de blocare a declansarii cu magazia goala<\/li>\n<li>Rezultate de maxima precizie datorita modificarii precise a adancimii ingropate<\/li>\n<\/ul>\n<h2>Specificatii tehnice:<\/h2>\n<p><strong>Date suplimentare:<\/strong><br \/>\n\u00d8 cuie &#8211; 1,6 mm<br \/>\nLungime cuie &#8211; 32 \u2013 64 mm<br \/>\nGreutate excl. acumulator* &#8211; 2,9 kg<br \/>\nSistem de declan\u015fare &#8211; Declansare unics<br \/>\nUnghi inclinare &#8211; 20 \u00b0<br \/>\nTip cuie &#8211; Cuie fara cap<br \/>\nCapacitate magazie &#8211; 105 Buc.<\/p>\n<p><strong>Valorile totale ale vibratiilor (Fixare in lemn):<\/strong><br \/>\nValoarea vibratiilor emise ah &#8211; 2,5 m\/s\u00b2<br \/>\nIncertitudine K- 1,5 m\/s\u00b2<\/p>\n<p><strong>Informatii privind zgomotele\/vibratiile:<\/strong><br \/>\nNivel presiune sonora &#8211; 85 dB(A)<br \/>\nNivel putere sonora &#8211; 96 dB(A)<br \/>\nIncertitudine K &#8211; 3 dB<\/p>\n<p><strong>Fixare &#8211; in lemn:<\/strong><br \/>\nValoarea vibratiilor emise ah- 2,5 m\/s\u00b2<br \/>\nIncertitudine K &#8211; 1,5 m\/s\u00b2<\/p>\n","protected":false},"excerpt":{"rendered":"<p><strong>Pistol de batut cuie cu acumulator BOSCH PROFESSIONAL GNH 18V-64M <\/strong>\u00a0este destinata executarii imbinarilor in cazul lucrarilor de montare de acoperisuri, cofraje si sipci, precum si in cazul realizarii elementelor de perete\/plafon, fatadelor din lemn, paletilor, gardurilor din lemn, peretilor cu izolatie nfonica si cutiilor. Pot fi utilizate numai elementele de fixare (cuie, capse etc.)<\/p>\n<p><em><strong>In L-BOXX 136 cu 2 acumulatori litiu-ion de 4,0 Ah ProCORE18V si\u00a0 \u00eenc\u0103rc\u0103tor rapid.<\/strong><\/em><\/p>\n<p><strong>Cod produs: <\/strong>0 601 481 003<\/p>\n","protected":false},"featured_media":110544,"comment_status":"open","ping_status":"closed","template":"","meta":{"_acf_changed":false},"product_cat":[10922,4335],"product_tag":[],"woo-feed-brand":[],"class_list":{"0":"post-75660","1":"product","2":"type-product","3":"status-publish","4":"has-post-thumbnail","6":"product_brand-bosch","7":"product_cat-pistoale-de-batut-cuie","8":"product_cat-scule-electrice-cu-acumulatori","9":"pa_brand-bosch","10":"pa_capacitate-magazie-105-buc","11":"pa_diametru-cui-1-6-mm","12":"pa_greutate-2-9-kg","13":"pa_lungime-cui-32-64-mm","15":"first","16":"instock","17":"sale","18":"shipping-taxable","19":"purchasable","20":"product-type-simple"},"acf":[],"yoast_head":"<!-- This site is optimized with the Yoast SEO plugin v27.3 - https:\/\/yoast.com\/product\/yoast-seo-wordpress\/ -->\n<title>Pistol de batut cuie cu acumulator BOSCH PROFESSIONAL GNH 18V-64M - Eurotech Iasi<\/title>\n<meta name=\"robots\" content=\"index, follow, max-snippet:-1, max-image-preview:large, max-video-preview:-1\" \/>\n<link rel=\"canonical\" href=\"https:\/\/eurotech-iasi.ro\/magazinonline\/produs\/pistol-de-batut-cuie-cu-acumulator-bosch-professional-gnh-18v-64m\/\" \/>\n<meta property=\"og:locale\" content=\"ro_RO\" \/>\n<meta property=\"og:type\" content=\"article\" \/>\n<meta property=\"og:title\" content=\"Pistol de batut cuie cu acumulator BOSCH PROFESSIONAL GNH 18V-64M - Eurotech Iasi\" \/>\n<meta property=\"og:description\" content=\"Pistol de batut cuie cu acumulator BOSCH PROFESSIONAL GNH 18V-64M \u00a0este destinata executarii imbinarilor in cazul lucrarilor de montare de acoperisuri, cofraje si sipci, precum si in cazul realizarii elementelor de perete\/plafon, fatadelor din lemn, paletilor, gardurilor din lemn, peretilor cu izolatie nfonica si cutiilor. Pot fi utilizate numai elementele de fixare (cuie, capse etc.)  In L-BOXX 136 cu 2 acumulatori litiu-ion de 4,0 Ah ProCORE18V si\u00a0 \u00eenc\u0103rc\u0103tor rapid.  Cod produs: 0 601 481 003\" \/>\n<meta property=\"og:url\" content=\"https:\/\/eurotech-iasi.ro\/magazinonline\/produs\/pistol-de-batut-cuie-cu-acumulator-bosch-professional-gnh-18v-64m\/\" \/>\n<meta property=\"og:site_name\" content=\"Eurotech Iasi\" \/>\n<meta property=\"article:publisher\" content=\"https:\/\/www.facebook.com\/EurotechIasi\/\" \/>\n<meta property=\"article:modified_time\" content=\"2025-04-10T07:23:54+00:00\" \/>\n<meta property=\"og:image\" content=\"https:\/\/eurotech-iasi.ro\/magazinonline\/wp-content\/uploads\/2022\/09\/Pistol-de-batut-cuie-cu-acumulator-BOSCH-PROFESSIONAL-GNH-18V-64M-1.png\" \/>\n\t<meta property=\"og:image:width\" content=\"750\" \/>\n\t<meta property=\"og:image:height\" content=\"750\" \/>\n\t<meta property=\"og:image:type\" content=\"image\/png\" \/>\n<meta name=\"twitter:label1\" content=\"Timp estimat pentru citire\" \/>\n\t<meta name=\"twitter:data1\" content=\"1 minut\" \/>\n<script type=\"application\/ld+json\" class=\"yoast-schema-graph\">{\"@context\":\"https:\\\/\\\/schema.org\",\"@graph\":[{\"@type\":\"WebPage\",\"@id\":\"https:\\\/\\\/eurotech-iasi.ro\\\/magazinonline\\\/produs\\\/pistol-de-batut-cuie-cu-acumulator-bosch-professional-gnh-18v-64m\\\/\",\"url\":\"https:\\\/\\\/eurotech-iasi.ro\\\/magazinonline\\\/produs\\\/pistol-de-batut-cuie-cu-acumulator-bosch-professional-gnh-18v-64m\\\/\",\"name\":\"Pistol de batut cuie cu acumulator BOSCH PROFESSIONAL GNH 18V-64M - Eurotech Iasi\",\"isPartOf\":{\"@id\":\"https:\\\/\\\/eurotech-iasi.ro\\\/magazinonline\\\/#website\"},\"primaryImageOfPage\":{\"@id\":\"https:\\\/\\\/eurotech-iasi.ro\\\/magazinonline\\\/produs\\\/pistol-de-batut-cuie-cu-acumulator-bosch-professional-gnh-18v-64m\\\/#primaryimage\"},\"image\":{\"@id\":\"https:\\\/\\\/eurotech-iasi.ro\\\/magazinonline\\\/produs\\\/pistol-de-batut-cuie-cu-acumulator-bosch-professional-gnh-18v-64m\\\/#primaryimage\"},\"thumbnailUrl\":\"https:\\\/\\\/eurotech-iasi.ro\\\/magazinonline\\\/wp-content\\\/uploads\\\/2022\\\/09\\\/Pistol-de-batut-cuie-cu-acumulator-BOSCH-PROFESSIONAL-GNH-18V-64M-1.png\",\"datePublished\":\"2022-09-02T07:38:47+00:00\",\"dateModified\":\"2025-04-10T07:23:54+00:00\",\"breadcrumb\":{\"@id\":\"https:\\\/\\\/eurotech-iasi.ro\\\/magazinonline\\\/produs\\\/pistol-de-batut-cuie-cu-acumulator-bosch-professional-gnh-18v-64m\\\/#breadcrumb\"},\"inLanguage\":\"ro-RO\",\"potentialAction\":[{\"@type\":\"ReadAction\",\"target\":[\"https:\\\/\\\/eurotech-iasi.ro\\\/magazinonline\\\/produs\\\/pistol-de-batut-cuie-cu-acumulator-bosch-professional-gnh-18v-64m\\\/\"]}]},{\"@type\":\"ImageObject\",\"inLanguage\":\"ro-RO\",\"@id\":\"https:\\\/\\\/eurotech-iasi.ro\\\/magazinonline\\\/produs\\\/pistol-de-batut-cuie-cu-acumulator-bosch-professional-gnh-18v-64m\\\/#primaryimage\",\"url\":\"https:\\\/\\\/eurotech-iasi.ro\\\/magazinonline\\\/wp-content\\\/uploads\\\/2022\\\/09\\\/Pistol-de-batut-cuie-cu-acumulator-BOSCH-PROFESSIONAL-GNH-18V-64M-1.png\",\"contentUrl\":\"https:\\\/\\\/eurotech-iasi.ro\\\/magazinonline\\\/wp-content\\\/uploads\\\/2022\\\/09\\\/Pistol-de-batut-cuie-cu-acumulator-BOSCH-PROFESSIONAL-GNH-18V-64M-1.png\",\"width\":750,\"height\":750,\"caption\":\"Pistol de batut cuie cu acumulator BOSCH PROFESSIONAL GNH 18V-64M\"},{\"@type\":\"BreadcrumbList\",\"@id\":\"https:\\\/\\\/eurotech-iasi.ro\\\/magazinonline\\\/produs\\\/pistol-de-batut-cuie-cu-acumulator-bosch-professional-gnh-18v-64m\\\/#breadcrumb\",\"itemListElement\":[{\"@type\":\"ListItem\",\"position\":1,\"name\":\"Prima pagin\u0103\",\"item\":\"https:\\\/\\\/eurotech-iasi.ro\\\/magazinonline\\\/\"},{\"@type\":\"ListItem\",\"position\":2,\"name\":\"Shop\",\"item\":\"https:\\\/\\\/eurotech-iasi.ro\\\/magazinonline\\\/shop\\\/\"},{\"@type\":\"ListItem\",\"position\":3,\"name\":\"Pistol de batut cuie cu acumulator BOSCH PROFESSIONAL GNH 18V-64M\"}]},{\"@type\":\"WebSite\",\"@id\":\"https:\\\/\\\/eurotech-iasi.ro\\\/magazinonline\\\/#website\",\"url\":\"https:\\\/\\\/eurotech-iasi.ro\\\/magazinonline\\\/\",\"name\":\"Eurotech Iasi\",\"description\":\"Cu oameni seriosi\",\"publisher\":{\"@id\":\"https:\\\/\\\/eurotech-iasi.ro\\\/magazinonline\\\/#organization\"},\"potentialAction\":[{\"@type\":\"SearchAction\",\"target\":{\"@type\":\"EntryPoint\",\"urlTemplate\":\"https:\\\/\\\/eurotech-iasi.ro\\\/magazinonline\\\/?s={search_term_string}\"},\"query-input\":{\"@type\":\"PropertyValueSpecification\",\"valueRequired\":true,\"valueName\":\"search_term_string\"}}],\"inLanguage\":\"ro-RO\"},{\"@type\":\"Organization\",\"@id\":\"https:\\\/\\\/eurotech-iasi.ro\\\/magazinonline\\\/#organization\",\"name\":\"Eurotech Iasi\",\"url\":\"https:\\\/\\\/eurotech-iasi.ro\\\/magazinonline\\\/\",\"logo\":{\"@type\":\"ImageObject\",\"inLanguage\":\"ro-RO\",\"@id\":\"https:\\\/\\\/eurotech-iasi.ro\\\/magazinonline\\\/#\\\/schema\\\/logo\\\/image\\\/\",\"url\":\"https:\\\/\\\/eurotech-iasi.ro\\\/magazinonline\\\/wp-content\\\/uploads\\\/2020\\\/08\\\/logo-eurotech.png\",\"contentUrl\":\"https:\\\/\\\/eurotech-iasi.ro\\\/magazinonline\\\/wp-content\\\/uploads\\\/2020\\\/08\\\/logo-eurotech.png\",\"width\":290,\"height\":70,\"caption\":\"Eurotech Iasi\"},\"image\":{\"@id\":\"https:\\\/\\\/eurotech-iasi.ro\\\/magazinonline\\\/#\\\/schema\\\/logo\\\/image\\\/\"},\"sameAs\":[\"https:\\\/\\\/www.facebook.com\\\/EurotechIasi\\\/\"]}]}<\/script>\n<!-- \/ Yoast SEO plugin. -->","yoast_head_json":{"title":"Pistol de batut cuie cu acumulator BOSCH PROFESSIONAL GNH 18V-64M - Eurotech Iasi","robots":{"index":"index","follow":"follow","max-snippet":"max-snippet:-1","max-image-preview":"max-image-preview:large","max-video-preview":"max-video-preview:-1"},"canonical":"https:\/\/eurotech-iasi.ro\/magazinonline\/produs\/pistol-de-batut-cuie-cu-acumulator-bosch-professional-gnh-18v-64m\/","og_locale":"ro_RO","og_type":"article","og_title":"Pistol de batut cuie cu acumulator BOSCH PROFESSIONAL GNH 18V-64M - Eurotech Iasi","og_description":"Pistol de batut cuie cu acumulator BOSCH PROFESSIONAL GNH 18V-64M \u00a0este destinata executarii imbinarilor in cazul lucrarilor de montare de acoperisuri, cofraje si sipci, precum si in cazul realizarii elementelor de perete\/plafon, fatadelor din lemn, paletilor, gardurilor din lemn, peretilor cu izolatie nfonica si cutiilor. Pot fi utilizate numai elementele de fixare (cuie, capse etc.)  In L-BOXX 136 cu 2 acumulatori litiu-ion de 4,0 Ah ProCORE18V si\u00a0 \u00eenc\u0103rc\u0103tor rapid.  Cod produs: 0 601 481 003","og_url":"https:\/\/eurotech-iasi.ro\/magazinonline\/produs\/pistol-de-batut-cuie-cu-acumulator-bosch-professional-gnh-18v-64m\/","og_site_name":"Eurotech Iasi","article_publisher":"https:\/\/www.facebook.com\/EurotechIasi\/","article_modified_time":"2025-04-10T07:23:54+00:00","og_image":[{"width":750,"height":750,"url":"https:\/\/eurotech-iasi.ro\/magazinonline\/wp-content\/uploads\/2022\/09\/Pistol-de-batut-cuie-cu-acumulator-BOSCH-PROFESSIONAL-GNH-18V-64M-1.png","type":"image\/png"}],"twitter_misc":{"Timp estimat pentru citire":"1 minut"},"schema":{"@context":"https:\/\/schema.org","@graph":[{"@type":"WebPage","@id":"https:\/\/eurotech-iasi.ro\/magazinonline\/produs\/pistol-de-batut-cuie-cu-acumulator-bosch-professional-gnh-18v-64m\/","url":"https:\/\/eurotech-iasi.ro\/magazinonline\/produs\/pistol-de-batut-cuie-cu-acumulator-bosch-professional-gnh-18v-64m\/","name":"Pistol de batut cuie cu acumulator BOSCH PROFESSIONAL GNH 18V-64M - Eurotech Iasi","isPartOf":{"@id":"https:\/\/eurotech-iasi.ro\/magazinonline\/#website"},"primaryImageOfPage":{"@id":"https:\/\/eurotech-iasi.ro\/magazinonline\/produs\/pistol-de-batut-cuie-cu-acumulator-bosch-professional-gnh-18v-64m\/#primaryimage"},"image":{"@id":"https:\/\/eurotech-iasi.ro\/magazinonline\/produs\/pistol-de-batut-cuie-cu-acumulator-bosch-professional-gnh-18v-64m\/#primaryimage"},"thumbnailUrl":"https:\/\/eurotech-iasi.ro\/magazinonline\/wp-content\/uploads\/2022\/09\/Pistol-de-batut-cuie-cu-acumulator-BOSCH-PROFESSIONAL-GNH-18V-64M-1.png","datePublished":"2022-09-02T07:38:47+00:00","dateModified":"2025-04-10T07:23:54+00:00","breadcrumb":{"@id":"https:\/\/eurotech-iasi.ro\/magazinonline\/produs\/pistol-de-batut-cuie-cu-acumulator-bosch-professional-gnh-18v-64m\/#breadcrumb"},"inLanguage":"ro-RO","potentialAction":[{"@type":"ReadAction","target":["https:\/\/eurotech-iasi.ro\/magazinonline\/produs\/pistol-de-batut-cuie-cu-acumulator-bosch-professional-gnh-18v-64m\/"]}]},{"@type":"ImageObject","inLanguage":"ro-RO","@id":"https:\/\/eurotech-iasi.ro\/magazinonline\/produs\/pistol-de-batut-cuie-cu-acumulator-bosch-professional-gnh-18v-64m\/#primaryimage","url":"https:\/\/eurotech-iasi.ro\/magazinonline\/wp-content\/uploads\/2022\/09\/Pistol-de-batut-cuie-cu-acumulator-BOSCH-PROFESSIONAL-GNH-18V-64M-1.png","contentUrl":"https:\/\/eurotech-iasi.ro\/magazinonline\/wp-content\/uploads\/2022\/09\/Pistol-de-batut-cuie-cu-acumulator-BOSCH-PROFESSIONAL-GNH-18V-64M-1.png","width":750,"height":750,"caption":"Pistol de batut cuie cu acumulator BOSCH PROFESSIONAL GNH 18V-64M"},{"@type":"BreadcrumbList","@id":"https:\/\/eurotech-iasi.ro\/magazinonline\/produs\/pistol-de-batut-cuie-cu-acumulator-bosch-professional-gnh-18v-64m\/#breadcrumb","itemListElement":[{"@type":"ListItem","position":1,"name":"Prima pagin\u0103","item":"https:\/\/eurotech-iasi.ro\/magazinonline\/"},{"@type":"ListItem","position":2,"name":"Shop","item":"https:\/\/eurotech-iasi.ro\/magazinonline\/shop\/"},{"@type":"ListItem","position":3,"name":"Pistol de batut cuie cu acumulator BOSCH PROFESSIONAL GNH 18V-64M"}]},{"@type":"WebSite","@id":"https:\/\/eurotech-iasi.ro\/magazinonline\/#website","url":"https:\/\/eurotech-iasi.ro\/magazinonline\/","name":"Eurotech Iasi","description":"Cu oameni seriosi","publisher":{"@id":"https:\/\/eurotech-iasi.ro\/magazinonline\/#organization"},"potentialAction":[{"@type":"SearchAction","target":{"@type":"EntryPoint","urlTemplate":"https:\/\/eurotech-iasi.ro\/magazinonline\/?s={search_term_string}"},"query-input":{"@type":"PropertyValueSpecification","valueRequired":true,"valueName":"search_term_string"}}],"inLanguage":"ro-RO"},{"@type":"Organization","@id":"https:\/\/eurotech-iasi.ro\/magazinonline\/#organization","name":"Eurotech Iasi","url":"https:\/\/eurotech-iasi.ro\/magazinonline\/","logo":{"@type":"ImageObject","inLanguage":"ro-RO","@id":"https:\/\/eurotech-iasi.ro\/magazinonline\/#\/schema\/logo\/image\/","url":"https:\/\/eurotech-iasi.ro\/magazinonline\/wp-content\/uploads\/2020\/08\/logo-eurotech.png","contentUrl":"https:\/\/eurotech-iasi.ro\/magazinonline\/wp-content\/uploads\/2020\/08\/logo-eurotech.png","width":290,"height":70,"caption":"Eurotech Iasi"},"image":{"@id":"https:\/\/eurotech-iasi.ro\/magazinonline\/#\/schema\/logo\/image\/"},"sameAs":["https:\/\/www.facebook.com\/EurotechIasi\/"]}]}},"_links":{"self":[{"href":"https:\/\/eurotech-iasi.ro\/magazinonline\/wp-json\/wp\/v2\/product\/75660","targetHints":{"allow":["GET"]}}],"collection":[{"href":"https:\/\/eurotech-iasi.ro\/magazinonline\/wp-json\/wp\/v2\/product"}],"about":[{"href":"https:\/\/eurotech-iasi.ro\/magazinonline\/wp-json\/wp\/v2\/types\/product"}],"replies":[{"embeddable":true,"href":"https:\/\/eurotech-iasi.ro\/magazinonline\/wp-json\/wp\/v2\/comments?post=75660"}],"wp:featuredmedia":[{"embeddable":true,"href":"https:\/\/eurotech-iasi.ro\/magazinonline\/wp-json\/wp\/v2\/media\/110544"}],"wp:attachment":[{"href":"https:\/\/eurotech-iasi.ro\/magazinonline\/wp-json\/wp\/v2\/media?parent=75660"}],"wp:term":[{"taxonomy":"product_cat","embeddable":true,"href":"https:\/\/eurotech-iasi.ro\/magazinonline\/wp-json\/wp\/v2\/product_cat?post=75660"},{"taxonomy":"product_tag","embeddable":true,"href":"https:\/\/eurotech-iasi.ro\/magazinonline\/wp-json\/wp\/v2\/product_tag?post=75660"},{"taxonomy":"woo-feed-brand","embeddable":true,"href":"https:\/\/eurotech-iasi.ro\/magazinonline\/wp-json\/wp\/v2\/woo-feed-brand?post=75660"}],"curies":[{"name":"wp","href":"https:\/\/api.w.org\/{rel}","templated":true}]}}