{"id":81850,"date":"2023-01-20T10:46:27","date_gmt":"2023-01-20T08:46:27","guid":{"rendered":"https:\/\/eurotech-iasi.ro\/magazinonline\/?post_type=product&#038;p=81850"},"modified":"2026-04-08T17:03:19","modified_gmt":"2026-04-08T14:03:19","slug":"camera-pentru-inspectarea-tevilor-rocam-4-plus-rothenberger","status":"publish","type":"product","link":"https:\/\/eurotech-iasi.ro\/magazinonline\/produs\/camera-pentru-inspectarea-tevilor-rocam-4-plus-rothenberger\/","title":{"rendered":"Camera pentru inspectarea tevilor ROCAM 4 PLUS Rothenberger"},"content":{"rendered":"<p><a title=\"Camera pentru inspectarea tevilor ROCAM 4 PLUS Rothenberger\" href=\"https:\/\/eurotech-iasi.ro\/magazinonline\/produs\/camera-pentru-inspectarea-tevilor-rocam-4-plus-rothenberger\/\" rel=\"nofollow\"><strong>Camera pentru inspectarea tevilor ROCAM 4 PLUS Rothenberger <\/strong><\/a>cu diametre intre \u00d8 40 mm &#8211; lungime cablu 30 m utilizat pentru inspectarea tevilor de scurgere, conducte de canalizare, burlane cu o lungime de cablu de pana la 30 m. Cu cap de camera 40 mm autonivelanta si impermeabila cu 36 LED-uri.<\/p>\n<p>Utilizat pentru inspectarea tevilor de scurgere, conducte de canalizare, burlane cu o lungime de cablu de pana la 30 m.<\/p>\n<p><em><strong>Caracteristici:<\/strong><\/em><\/p>\n<ul>\n<li>Imagine si format video: JPG \/ AVI (rezolutie 720 x 600) Camera: \u00d8 40 mm, autonivelant si impermeabil cu 36 LED-uri<\/li>\n<li>Domeniul de lucru: \u00d8 40 &#8211; 100 mm (mini-modul &#8211; optional) \u00d8 100 &#8211; 300 mm (camera \u00d8 40 mm)<\/li>\n<li>Lungime cablu: 30 m, mini-modul de 8 m (optional)<\/li>\n<li>Diametru cablu: 7 mm (la tamburul de 30 m si 65 m) 5.5 mm (la mini-modul)<\/li>\n<li>Frecventa transmitator: 33 kHz<\/li>\n<li>Alimentare: acumulator Li-Ion 18V \/ 4Ah<\/li>\n<li>Adaptor retea: 230V, 50 &#8211; 60 Hz (optional)<\/li>\n<li>Editare imaginilor, modificare setari camera si meniul ghidare prin ecranul color de 10.4&#8243;<\/li>\n<li>Inregistrarea directa a imaginilor (JPG) sau video (AVI, rezolutie 720 x 600), precum si optiuni de editare<\/li>\n<li>Inregistrare rapida a datelor cu tastatura integrata pentru marcare, evidentiere si denumire daune<\/li>\n<li>Transmisie imagine si video prin WiFi, Micro-HDMI, Mini-USB, SD-Card Livestream de imagine si date prin WiFi catre Aplicatia ROCAM 4<\/li>\n<\/ul>\n<h2>Specificatii tehnice &#8211; <strong>Camera pentru inspectarea tevilor ROCAM 4 PLUS Rothenberger:<\/strong><\/h2>\n<p><strong>Lungime cablu flexibil ( m ):<\/strong> 30<br \/>\n<strong>Cap camera ( \u00d8 ): <\/strong>40 mm<br \/>\n<strong>Numar leduri: <\/strong>36<\/p>\n","protected":false},"excerpt":{"rendered":"<p><strong>Camera pentru inspectarea tevilor ROCAM 4 PLUS Rothenberger <\/strong>cu cap de camera 40 mm, autonivelanta si impermeabila cu 36 LED-uri, ideal pentru inspectarea tevilor de scurgere, conducte de canalizare, burlane cu o lungime de cablu de pana la 30 m.<\/p>\n<p><em><strong>Cod produs: 1500002614<\/strong><\/em><\/p>\n","protected":false},"featured_media":81854,"comment_status":"open","ping_status":"closed","template":"","meta":{"_acf_changed":false},"product_cat":[6413,4997,4338,11903],"product_tag":[],"woo-feed-brand":[],"class_list":{"0":"post-81850","1":"product","2":"type-product","3":"status-publish","4":"has-post-thumbnail","6":"product_brand-rothenberger","7":"product_cat-extra-reduceri","8":"product_cat-instalatii","9":"product_cat-instrumente-de-masura-si-control","10":"product_cat-promotie-rothenberger","11":"pa_brand-rothenberger","13":"first","14":"instock","15":"sale","16":"shipping-taxable","17":"purchasable","18":"product-type-simple"},"acf":[],"yoast_head":"<!-- This site is optimized with the Yoast SEO plugin v27.5 - https:\/\/yoast.com\/product\/yoast-seo-wordpress\/ -->\n<title>Camera pentru inspectarea tevilor ROCAM 4 PLUS Rothenberger - Eurotech Iasi<\/title>\n<meta name=\"robots\" content=\"index, follow, max-snippet:-1, max-image-preview:large, max-video-preview:-1\" \/>\n<link rel=\"canonical\" href=\"https:\/\/eurotech-iasi.ro\/magazinonline\/produs\/camera-pentru-inspectarea-tevilor-rocam-4-plus-rothenberger\/\" \/>\n<meta property=\"og:locale\" content=\"ro_RO\" \/>\n<meta property=\"og:type\" content=\"article\" \/>\n<meta property=\"og:title\" content=\"Camera pentru inspectarea tevilor ROCAM 4 PLUS Rothenberger - Eurotech Iasi\" \/>\n<meta property=\"og:description\" content=\"Camera pentru inspectarea tevilor ROCAM 4 PLUS Rothenberger cu cap de camera 40 mm, autonivelanta si impermeabila cu 36 LED-uri, ideal pentru inspectarea tevilor de scurgere, conducte de canalizare, burlane cu o lungime de cablu de pana la 30 m.  Cod produs: 1500002614\" \/>\n<meta property=\"og:url\" content=\"https:\/\/eurotech-iasi.ro\/magazinonline\/produs\/camera-pentru-inspectarea-tevilor-rocam-4-plus-rothenberger\/\" \/>\n<meta property=\"og:site_name\" content=\"Eurotech Iasi\" \/>\n<meta property=\"article:publisher\" content=\"https:\/\/www.facebook.com\/EurotechIasi\/\" \/>\n<meta property=\"article:modified_time\" content=\"2026-04-08T14:03:19+00:00\" \/>\n<meta property=\"og:image\" content=\"https:\/\/eurotech-iasi.ro\/magazinonline\/wp-content\/uploads\/2023\/01\/Camera-pentru-inspectarea-tevilor-ROCAM-4-PLUS-Rothenberger-4.png\" \/>\n\t<meta property=\"og:image:width\" content=\"750\" \/>\n\t<meta property=\"og:image:height\" content=\"750\" \/>\n\t<meta property=\"og:image:type\" content=\"image\/png\" \/>\n<meta name=\"twitter:label1\" content=\"Timp estimat pentru citire\" \/>\n\t<meta name=\"twitter:data1\" content=\"1 minut\" \/>\n<script type=\"application\/ld+json\" class=\"yoast-schema-graph\">{\"@context\":\"https:\\\/\\\/schema.org\",\"@graph\":[{\"@type\":\"WebPage\",\"@id\":\"https:\\\/\\\/eurotech-iasi.ro\\\/magazinonline\\\/produs\\\/camera-pentru-inspectarea-tevilor-rocam-4-plus-rothenberger\\\/\",\"url\":\"https:\\\/\\\/eurotech-iasi.ro\\\/magazinonline\\\/produs\\\/camera-pentru-inspectarea-tevilor-rocam-4-plus-rothenberger\\\/\",\"name\":\"Camera pentru inspectarea tevilor ROCAM 4 PLUS Rothenberger - Eurotech Iasi\",\"isPartOf\":{\"@id\":\"https:\\\/\\\/eurotech-iasi.ro\\\/magazinonline\\\/#website\"},\"primaryImageOfPage\":{\"@id\":\"https:\\\/\\\/eurotech-iasi.ro\\\/magazinonline\\\/produs\\\/camera-pentru-inspectarea-tevilor-rocam-4-plus-rothenberger\\\/#primaryimage\"},\"image\":{\"@id\":\"https:\\\/\\\/eurotech-iasi.ro\\\/magazinonline\\\/produs\\\/camera-pentru-inspectarea-tevilor-rocam-4-plus-rothenberger\\\/#primaryimage\"},\"thumbnailUrl\":\"https:\\\/\\\/eurotech-iasi.ro\\\/magazinonline\\\/wp-content\\\/uploads\\\/2023\\\/01\\\/Camera-pentru-inspectarea-tevilor-ROCAM-4-PLUS-Rothenberger-4.png\",\"datePublished\":\"2023-01-20T08:46:27+00:00\",\"dateModified\":\"2026-04-08T14:03:19+00:00\",\"breadcrumb\":{\"@id\":\"https:\\\/\\\/eurotech-iasi.ro\\\/magazinonline\\\/produs\\\/camera-pentru-inspectarea-tevilor-rocam-4-plus-rothenberger\\\/#breadcrumb\"},\"inLanguage\":\"ro-RO\",\"potentialAction\":[{\"@type\":\"ReadAction\",\"target\":[\"https:\\\/\\\/eurotech-iasi.ro\\\/magazinonline\\\/produs\\\/camera-pentru-inspectarea-tevilor-rocam-4-plus-rothenberger\\\/\"]}]},{\"@type\":\"ImageObject\",\"inLanguage\":\"ro-RO\",\"@id\":\"https:\\\/\\\/eurotech-iasi.ro\\\/magazinonline\\\/produs\\\/camera-pentru-inspectarea-tevilor-rocam-4-plus-rothenberger\\\/#primaryimage\",\"url\":\"https:\\\/\\\/eurotech-iasi.ro\\\/magazinonline\\\/wp-content\\\/uploads\\\/2023\\\/01\\\/Camera-pentru-inspectarea-tevilor-ROCAM-4-PLUS-Rothenberger-4.png\",\"contentUrl\":\"https:\\\/\\\/eurotech-iasi.ro\\\/magazinonline\\\/wp-content\\\/uploads\\\/2023\\\/01\\\/Camera-pentru-inspectarea-tevilor-ROCAM-4-PLUS-Rothenberger-4.png\",\"width\":750,\"height\":750,\"caption\":\"Camera pentru inspectarea tevilor ROCAM 4 PLUS Rothenberger\"},{\"@type\":\"BreadcrumbList\",\"@id\":\"https:\\\/\\\/eurotech-iasi.ro\\\/magazinonline\\\/produs\\\/camera-pentru-inspectarea-tevilor-rocam-4-plus-rothenberger\\\/#breadcrumb\",\"itemListElement\":[{\"@type\":\"ListItem\",\"position\":1,\"name\":\"Prima pagin\u0103\",\"item\":\"https:\\\/\\\/eurotech-iasi.ro\\\/magazinonline\\\/\"},{\"@type\":\"ListItem\",\"position\":2,\"name\":\"Shop\",\"item\":\"https:\\\/\\\/eurotech-iasi.ro\\\/magazinonline\\\/shop\\\/\"},{\"@type\":\"ListItem\",\"position\":3,\"name\":\"Camera pentru inspectarea tevilor ROCAM 4 PLUS Rothenberger\"}]},{\"@type\":\"WebSite\",\"@id\":\"https:\\\/\\\/eurotech-iasi.ro\\\/magazinonline\\\/#website\",\"url\":\"https:\\\/\\\/eurotech-iasi.ro\\\/magazinonline\\\/\",\"name\":\"Eurotech Iasi\",\"description\":\"Cu oameni seriosi\",\"publisher\":{\"@id\":\"https:\\\/\\\/eurotech-iasi.ro\\\/magazinonline\\\/#organization\"},\"potentialAction\":[{\"@type\":\"SearchAction\",\"target\":{\"@type\":\"EntryPoint\",\"urlTemplate\":\"https:\\\/\\\/eurotech-iasi.ro\\\/magazinonline\\\/?s={search_term_string}\"},\"query-input\":{\"@type\":\"PropertyValueSpecification\",\"valueRequired\":true,\"valueName\":\"search_term_string\"}}],\"inLanguage\":\"ro-RO\"},{\"@type\":\"Organization\",\"@id\":\"https:\\\/\\\/eurotech-iasi.ro\\\/magazinonline\\\/#organization\",\"name\":\"Eurotech Iasi\",\"url\":\"https:\\\/\\\/eurotech-iasi.ro\\\/magazinonline\\\/\",\"logo\":{\"@type\":\"ImageObject\",\"inLanguage\":\"ro-RO\",\"@id\":\"https:\\\/\\\/eurotech-iasi.ro\\\/magazinonline\\\/#\\\/schema\\\/logo\\\/image\\\/\",\"url\":\"https:\\\/\\\/eurotech-iasi.ro\\\/magazinonline\\\/wp-content\\\/uploads\\\/2020\\\/08\\\/logo-eurotech.png\",\"contentUrl\":\"https:\\\/\\\/eurotech-iasi.ro\\\/magazinonline\\\/wp-content\\\/uploads\\\/2020\\\/08\\\/logo-eurotech.png\",\"width\":290,\"height\":70,\"caption\":\"Eurotech Iasi\"},\"image\":{\"@id\":\"https:\\\/\\\/eurotech-iasi.ro\\\/magazinonline\\\/#\\\/schema\\\/logo\\\/image\\\/\"},\"sameAs\":[\"https:\\\/\\\/www.facebook.com\\\/EurotechIasi\\\/\"]}]}<\/script>\n<!-- \/ Yoast SEO plugin. -->","yoast_head_json":{"title":"Camera pentru inspectarea tevilor ROCAM 4 PLUS Rothenberger - Eurotech Iasi","robots":{"index":"index","follow":"follow","max-snippet":"max-snippet:-1","max-image-preview":"max-image-preview:large","max-video-preview":"max-video-preview:-1"},"canonical":"https:\/\/eurotech-iasi.ro\/magazinonline\/produs\/camera-pentru-inspectarea-tevilor-rocam-4-plus-rothenberger\/","og_locale":"ro_RO","og_type":"article","og_title":"Camera pentru inspectarea tevilor ROCAM 4 PLUS Rothenberger - Eurotech Iasi","og_description":"Camera pentru inspectarea tevilor ROCAM 4 PLUS Rothenberger cu cap de camera 40 mm, autonivelanta si impermeabila cu 36 LED-uri, ideal pentru inspectarea tevilor de scurgere, conducte de canalizare, burlane cu o lungime de cablu de pana la 30 m.  Cod produs: 1500002614","og_url":"https:\/\/eurotech-iasi.ro\/magazinonline\/produs\/camera-pentru-inspectarea-tevilor-rocam-4-plus-rothenberger\/","og_site_name":"Eurotech Iasi","article_publisher":"https:\/\/www.facebook.com\/EurotechIasi\/","article_modified_time":"2026-04-08T14:03:19+00:00","og_image":[{"width":750,"height":750,"url":"https:\/\/eurotech-iasi.ro\/magazinonline\/wp-content\/uploads\/2023\/01\/Camera-pentru-inspectarea-tevilor-ROCAM-4-PLUS-Rothenberger-4.png","type":"image\/png"}],"twitter_misc":{"Timp estimat pentru citire":"1 minut"},"schema":{"@context":"https:\/\/schema.org","@graph":[{"@type":"WebPage","@id":"https:\/\/eurotech-iasi.ro\/magazinonline\/produs\/camera-pentru-inspectarea-tevilor-rocam-4-plus-rothenberger\/","url":"https:\/\/eurotech-iasi.ro\/magazinonline\/produs\/camera-pentru-inspectarea-tevilor-rocam-4-plus-rothenberger\/","name":"Camera pentru inspectarea tevilor ROCAM 4 PLUS Rothenberger - Eurotech Iasi","isPartOf":{"@id":"https:\/\/eurotech-iasi.ro\/magazinonline\/#website"},"primaryImageOfPage":{"@id":"https:\/\/eurotech-iasi.ro\/magazinonline\/produs\/camera-pentru-inspectarea-tevilor-rocam-4-plus-rothenberger\/#primaryimage"},"image":{"@id":"https:\/\/eurotech-iasi.ro\/magazinonline\/produs\/camera-pentru-inspectarea-tevilor-rocam-4-plus-rothenberger\/#primaryimage"},"thumbnailUrl":"https:\/\/eurotech-iasi.ro\/magazinonline\/wp-content\/uploads\/2023\/01\/Camera-pentru-inspectarea-tevilor-ROCAM-4-PLUS-Rothenberger-4.png","datePublished":"2023-01-20T08:46:27+00:00","dateModified":"2026-04-08T14:03:19+00:00","breadcrumb":{"@id":"https:\/\/eurotech-iasi.ro\/magazinonline\/produs\/camera-pentru-inspectarea-tevilor-rocam-4-plus-rothenberger\/#breadcrumb"},"inLanguage":"ro-RO","potentialAction":[{"@type":"ReadAction","target":["https:\/\/eurotech-iasi.ro\/magazinonline\/produs\/camera-pentru-inspectarea-tevilor-rocam-4-plus-rothenberger\/"]}]},{"@type":"ImageObject","inLanguage":"ro-RO","@id":"https:\/\/eurotech-iasi.ro\/magazinonline\/produs\/camera-pentru-inspectarea-tevilor-rocam-4-plus-rothenberger\/#primaryimage","url":"https:\/\/eurotech-iasi.ro\/magazinonline\/wp-content\/uploads\/2023\/01\/Camera-pentru-inspectarea-tevilor-ROCAM-4-PLUS-Rothenberger-4.png","contentUrl":"https:\/\/eurotech-iasi.ro\/magazinonline\/wp-content\/uploads\/2023\/01\/Camera-pentru-inspectarea-tevilor-ROCAM-4-PLUS-Rothenberger-4.png","width":750,"height":750,"caption":"Camera pentru inspectarea tevilor ROCAM 4 PLUS Rothenberger"},{"@type":"BreadcrumbList","@id":"https:\/\/eurotech-iasi.ro\/magazinonline\/produs\/camera-pentru-inspectarea-tevilor-rocam-4-plus-rothenberger\/#breadcrumb","itemListElement":[{"@type":"ListItem","position":1,"name":"Prima pagin\u0103","item":"https:\/\/eurotech-iasi.ro\/magazinonline\/"},{"@type":"ListItem","position":2,"name":"Shop","item":"https:\/\/eurotech-iasi.ro\/magazinonline\/shop\/"},{"@type":"ListItem","position":3,"name":"Camera pentru inspectarea tevilor ROCAM 4 PLUS Rothenberger"}]},{"@type":"WebSite","@id":"https:\/\/eurotech-iasi.ro\/magazinonline\/#website","url":"https:\/\/eurotech-iasi.ro\/magazinonline\/","name":"Eurotech Iasi","description":"Cu oameni seriosi","publisher":{"@id":"https:\/\/eurotech-iasi.ro\/magazinonline\/#organization"},"potentialAction":[{"@type":"SearchAction","target":{"@type":"EntryPoint","urlTemplate":"https:\/\/eurotech-iasi.ro\/magazinonline\/?s={search_term_string}"},"query-input":{"@type":"PropertyValueSpecification","valueRequired":true,"valueName":"search_term_string"}}],"inLanguage":"ro-RO"},{"@type":"Organization","@id":"https:\/\/eurotech-iasi.ro\/magazinonline\/#organization","name":"Eurotech Iasi","url":"https:\/\/eurotech-iasi.ro\/magazinonline\/","logo":{"@type":"ImageObject","inLanguage":"ro-RO","@id":"https:\/\/eurotech-iasi.ro\/magazinonline\/#\/schema\/logo\/image\/","url":"https:\/\/eurotech-iasi.ro\/magazinonline\/wp-content\/uploads\/2020\/08\/logo-eurotech.png","contentUrl":"https:\/\/eurotech-iasi.ro\/magazinonline\/wp-content\/uploads\/2020\/08\/logo-eurotech.png","width":290,"height":70,"caption":"Eurotech Iasi"},"image":{"@id":"https:\/\/eurotech-iasi.ro\/magazinonline\/#\/schema\/logo\/image\/"},"sameAs":["https:\/\/www.facebook.com\/EurotechIasi\/"]}]}},"_links":{"self":[{"href":"https:\/\/eurotech-iasi.ro\/magazinonline\/wp-json\/wp\/v2\/product\/81850","targetHints":{"allow":["GET"]}}],"collection":[{"href":"https:\/\/eurotech-iasi.ro\/magazinonline\/wp-json\/wp\/v2\/product"}],"about":[{"href":"https:\/\/eurotech-iasi.ro\/magazinonline\/wp-json\/wp\/v2\/types\/product"}],"replies":[{"embeddable":true,"href":"https:\/\/eurotech-iasi.ro\/magazinonline\/wp-json\/wp\/v2\/comments?post=81850"}],"wp:featuredmedia":[{"embeddable":true,"href":"https:\/\/eurotech-iasi.ro\/magazinonline\/wp-json\/wp\/v2\/media\/81854"}],"wp:attachment":[{"href":"https:\/\/eurotech-iasi.ro\/magazinonline\/wp-json\/wp\/v2\/media?parent=81850"}],"wp:term":[{"taxonomy":"product_cat","embeddable":true,"href":"https:\/\/eurotech-iasi.ro\/magazinonline\/wp-json\/wp\/v2\/product_cat?post=81850"},{"taxonomy":"product_tag","embeddable":true,"href":"https:\/\/eurotech-iasi.ro\/magazinonline\/wp-json\/wp\/v2\/product_tag?post=81850"},{"taxonomy":"woo-feed-brand","embeddable":true,"href":"https:\/\/eurotech-iasi.ro\/magazinonline\/wp-json\/wp\/v2\/woo-feed-brand?post=81850"}],"curies":[{"name":"wp","href":"https:\/\/api.w.org\/{rel}","templated":true}]}}