{"id":81901,"date":"2023-01-20T20:37:35","date_gmt":"2023-01-20T18:37:35","guid":{"rendered":"https:\/\/eurotech-iasi.ro\/magazinonline\/?post_type=product&#038;p=81901"},"modified":"2026-03-06T12:08:28","modified_gmt":"2026-03-06T10:08:28","slug":"generator-curent-stationar-cu-automatizare-la-pornire-senci-scde-25i-ys-ats-diesel-cu-ats-si-avr-inclus","status":"publish","type":"product","link":"https:\/\/eurotech-iasi.ro\/magazinonline\/produs\/generator-curent-stationar-cu-automatizare-la-pornire-senci-scde-25i-ys-ats-diesel-cu-ats-si-avr-inclus\/","title":{"rendered":"Generator curent stationar cu automatizare la pornire SENCI SCDE 25i-YS ATS, diesel cu ATS si AVR inclus"},"content":{"rendered":"<p><strong>Generator curent stationar cu automatizare la pornire SENCI SCDE 25i-YS ATS, diesel cu ATS si AVR inclus, <\/strong>este un generator de curent stationar cu automatizare la pornire cu o putere max. 25 kVA, 400V, AVR si\u00a0 motor Diesel<strong>, <\/strong>ce beneficiaza de motor profesional robust, diesel, in 4 timpi pentru utilizare intensiva, cu un consum de combustibil scazut si un regim de tranzitie excelent.<\/p>\n<h2><em><strong>Beneficii &#8211; Generator curent stationar cu automatizare la pornire SENCI SCDE 25i-YS ATS, diesel cu ATS si AVR inclus:<\/strong><\/em><\/h2>\n<ul>\n<li><b>Generatorul este configurat<\/b> standard cu controller DC5x-4G de ultima generatie cu:<\/li>\n<li>Modul de comunicatii la distanta GPRS, inclusiv GPS<\/li>\n<li>Protectie cu parola maxim 40 de caractere<\/li>\n<li>Rata de comunicare CAN pana la 500 Kbps<\/li>\n<li>Configurabil inclusiv pentru pornire de la distanta si plan de lucru orar\/zilnic\/lunar.<\/li>\n<li>Producator: Senci<\/li>\n<li>Model:\u00a0<b>SCDE 25i-YS<\/b><\/li>\n<li>Voltaj: 400V \/ 230V \u2013 50 Hz<\/li>\n<li>Putere maxima: 25 kVA Motor Diesel, alternator cu AVR inclus<\/li>\n<li>ATS Protectie lipsa ulei, indicator nivel combustibil<\/li>\n<li>Multimetru digital cu afisare: tensiune, frecventa, contor ore<\/li>\n<li>*Din cauza greutatii acest tip de echipament nu poate fi expediat prin intermediul serviciului de curierat rapid. Dupa plasarea comenzii va vom confirma pe e-mail costul de transport ce va fi calculat in functie de locatia dvs.<\/li>\n<\/ul>\n<p><strong>Specificatii tehnice &#8211; Generator curent stationar cu automatizare la pornire SENCI SCDE 25i-YS ATS, diesel cu ATS si AVR inclus:\u00a0<\/strong><\/p>\n<ul>\n<li>Putere maxima generator kVA &#8211; 400V 25 kVA<\/li>\n<li>Putere maxima generator kW &#8211; 400V 19.8 kW<\/li>\n<li>Putere in regim continuu kVA &#8211; 400V 22.5 kVA<\/li>\n<li>Putere in regim continuu kW &#8211; 400V 18.0 kW<\/li>\n<li>Putere maxima kW &#8211; 230V 6 kW<\/li>\n<li>Factor de putere 0.8<\/li>\n<li>Putere motor 21 cp<\/li>\n<li>Voltaj 400 \/ 230V<\/li>\n<li>Frecventa 50 Hz<\/li>\n<li>Amperaj LTP \/ PRP 32.4 A<\/li>\n<li>Motor Diesel, alternator cu AVR inclus, ATS<\/li>\n<li>Turatie motor 1500 rpm<\/li>\n<li>Capacitate rezervor 86 l<\/li>\n<li>Capacitate rezervor ulei 12 L<\/li>\n<li>Autonomie 30 ore<\/li>\n<li>Racire motor Lichid racire<\/li>\n<li>Combustibil Motorina<\/li>\n<li>Demaraj Electric (la cheie)<\/li>\n<li>Nivel zgomot la 7 metri 80 dB<\/li>\n<li>Consum maxim de ulei 0.25%<\/li>\n<li>Nr. cilindri motor 4 vertical in linie<\/li>\n<li>Consum combustibil 235 g \/ kW \/ h<\/li>\n<li>Tip ulei 15W40 API-CD<\/li>\n<li>Regulator de tensiune AVR<\/li>\n<li>Numar poli 4<\/li>\n<li>Panou ATS inclus in standard<\/li>\n<li>Preincalzire motor Inclus in standard<\/li>\n<li>Capacitate lichid racire 5.2 l<\/li>\n<li>Greutate echipament 801 kg<\/li>\n<li>Dimensiuni Lxlxh 2250x900x1050 mm<\/li>\n<\/ul>\n<p>&nbsp;<\/p>\n","protected":false},"excerpt":{"rendered":"<p><strong>Generator curent stationar cu automatizare la pornire SENCI SCDE 25i-YS ATS, diesel cu ATS si AVR inclus, <\/strong>este un generator de curent stationar cu automatizare la pornire cu o putere max. 25 kVA, 400V, AVR si\u00a0 motor Diesel<\/p>\n<p><em><strong>Cod produs &#8211; SC1006334<\/strong><\/em><\/p>\n<p><span style=\"color: #ff0000;\"><em><strong>Ai nevoie de ajutor sau vrei o Ofert\u0103 Personalizat\u0103 ? Sun\u0103 la \u00a00740278809<\/strong><\/em><\/span><\/p>\n<p>&nbsp;<\/p>\n","protected":false},"featured_media":81902,"comment_status":"open","ping_status":"closed","template":"","meta":{"_acf_changed":false},"product_cat":[6413,4340,4398,14553,14521],"product_tag":[],"woo-feed-brand":[],"class_list":{"0":"post-81901","1":"product","2":"type-product","3":"status-publish","4":"has-post-thumbnail","6":"product_brand-senci","7":"product_cat-extra-reduceri","8":"product_cat-generatoare-de-curent","9":"product_cat-generatoare-de-curent-insonorizate","10":"product_cat-oferta-lunii-its","11":"product_cat-promotii-generatoare-curent-electric","12":"pa_autonomie-la-70-putere-30-ore","13":"pa_brand-senci","14":"pa_capacitate-rezervor-86-l","15":"pa_capacitate-rezervor-ulei-12-l","16":"pa_combustibil-motorina-2","17":"pa_frecventa-50-hz","18":"pa_greutate-669-kg","19":"pa_motor-ys490d","20":"pa_putere-maxima-25-kva-19-8-kw","21":"pa_putere-motor-21-cp","22":"pa_turatie-motor-1500-rpm","24":"first","25":"instock","26":"sale","27":"shipping-taxable","28":"purchasable","29":"product-type-simple"},"acf":[],"yoast_head":"<!-- This site is optimized with the Yoast SEO plugin v27.3 - https:\/\/yoast.com\/product\/yoast-seo-wordpress\/ -->\n<title>Generator curent stationar cu automatizare la pornire SENCI SCDE 25i-YS ATS, diesel cu ATS si AVR inclus - Eurotech Iasi<\/title>\n<meta name=\"description\" content=\"Generator curent stationar cu automatizare la pornire SENCI SCDE 25i-YS ATS, diesel cu ATS si AVR inclus, este un generator de curent, putere max. 25 kVA.\" \/>\n<meta name=\"robots\" content=\"index, follow, max-snippet:-1, max-image-preview:large, max-video-preview:-1\" \/>\n<link rel=\"canonical\" href=\"https:\/\/eurotech-iasi.ro\/magazinonline\/produs\/generator-curent-stationar-cu-automatizare-la-pornire-senci-scde-25i-ys-ats-diesel-cu-ats-si-avr-inclus\/\" \/>\n<meta property=\"og:locale\" content=\"ro_RO\" \/>\n<meta property=\"og:type\" content=\"article\" \/>\n<meta property=\"og:title\" content=\"Generator curent stationar cu automatizare la pornire SENCI SCDE 25i-YS ATS, diesel cu ATS si AVR inclus - Eurotech Iasi\" \/>\n<meta property=\"og:description\" content=\"Generator curent stationar cu automatizare la pornire SENCI SCDE 25i-YS ATS, diesel cu ATS si AVR inclus, este un generator de curent, putere max. 25 kVA.\" \/>\n<meta property=\"og:url\" content=\"https:\/\/eurotech-iasi.ro\/magazinonline\/produs\/generator-curent-stationar-cu-automatizare-la-pornire-senci-scde-25i-ys-ats-diesel-cu-ats-si-avr-inclus\/\" \/>\n<meta property=\"og:site_name\" content=\"Eurotech Iasi\" \/>\n<meta property=\"article:publisher\" content=\"https:\/\/www.facebook.com\/EurotechIasi\/\" \/>\n<meta property=\"article:modified_time\" content=\"2026-03-06T10:08:28+00:00\" \/>\n<meta property=\"og:image\" content=\"https:\/\/eurotech-iasi.ro\/magazinonline\/wp-content\/uploads\/2023\/01\/Generator-rezidential-de-curent-insonorizat-BISONTE-SKD25YS-diesel-cu-ATS-si-AVR-inclus-4.png\" \/>\n\t<meta property=\"og:image:width\" content=\"750\" \/>\n\t<meta property=\"og:image:height\" content=\"750\" \/>\n\t<meta property=\"og:image:type\" content=\"image\/png\" \/>\n<meta name=\"twitter:label1\" content=\"Timp estimat pentru citire\" \/>\n\t<meta name=\"twitter:data1\" content=\"3 minute\" \/>\n<script type=\"application\/ld+json\" class=\"yoast-schema-graph\">{\"@context\":\"https:\\\/\\\/schema.org\",\"@graph\":[{\"@type\":\"WebPage\",\"@id\":\"https:\\\/\\\/eurotech-iasi.ro\\\/magazinonline\\\/produs\\\/generator-curent-stationar-cu-automatizare-la-pornire-senci-scde-25i-ys-ats-diesel-cu-ats-si-avr-inclus\\\/\",\"url\":\"https:\\\/\\\/eurotech-iasi.ro\\\/magazinonline\\\/produs\\\/generator-curent-stationar-cu-automatizare-la-pornire-senci-scde-25i-ys-ats-diesel-cu-ats-si-avr-inclus\\\/\",\"name\":\"Generator curent stationar cu automatizare la pornire SENCI SCDE 25i-YS ATS, diesel cu ATS si AVR inclus - Eurotech Iasi\",\"isPartOf\":{\"@id\":\"https:\\\/\\\/eurotech-iasi.ro\\\/magazinonline\\\/#website\"},\"primaryImageOfPage\":{\"@id\":\"https:\\\/\\\/eurotech-iasi.ro\\\/magazinonline\\\/produs\\\/generator-curent-stationar-cu-automatizare-la-pornire-senci-scde-25i-ys-ats-diesel-cu-ats-si-avr-inclus\\\/#primaryimage\"},\"image\":{\"@id\":\"https:\\\/\\\/eurotech-iasi.ro\\\/magazinonline\\\/produs\\\/generator-curent-stationar-cu-automatizare-la-pornire-senci-scde-25i-ys-ats-diesel-cu-ats-si-avr-inclus\\\/#primaryimage\"},\"thumbnailUrl\":\"https:\\\/\\\/eurotech-iasi.ro\\\/magazinonline\\\/wp-content\\\/uploads\\\/2023\\\/01\\\/Generator-rezidential-de-curent-insonorizat-BISONTE-SKD25YS-diesel-cu-ATS-si-AVR-inclus-4.png\",\"datePublished\":\"2023-01-20T18:37:35+00:00\",\"dateModified\":\"2026-03-06T10:08:28+00:00\",\"description\":\"Generator curent stationar cu automatizare la pornire SENCI SCDE 25i-YS ATS, diesel cu ATS si AVR inclus, este un generator de curent, putere max. 25 kVA.\",\"breadcrumb\":{\"@id\":\"https:\\\/\\\/eurotech-iasi.ro\\\/magazinonline\\\/produs\\\/generator-curent-stationar-cu-automatizare-la-pornire-senci-scde-25i-ys-ats-diesel-cu-ats-si-avr-inclus\\\/#breadcrumb\"},\"inLanguage\":\"ro-RO\",\"potentialAction\":[{\"@type\":\"ReadAction\",\"target\":[\"https:\\\/\\\/eurotech-iasi.ro\\\/magazinonline\\\/produs\\\/generator-curent-stationar-cu-automatizare-la-pornire-senci-scde-25i-ys-ats-diesel-cu-ats-si-avr-inclus\\\/\"]}]},{\"@type\":\"ImageObject\",\"inLanguage\":\"ro-RO\",\"@id\":\"https:\\\/\\\/eurotech-iasi.ro\\\/magazinonline\\\/produs\\\/generator-curent-stationar-cu-automatizare-la-pornire-senci-scde-25i-ys-ats-diesel-cu-ats-si-avr-inclus\\\/#primaryimage\",\"url\":\"https:\\\/\\\/eurotech-iasi.ro\\\/magazinonline\\\/wp-content\\\/uploads\\\/2023\\\/01\\\/Generator-rezidential-de-curent-insonorizat-BISONTE-SKD25YS-diesel-cu-ATS-si-AVR-inclus-4.png\",\"contentUrl\":\"https:\\\/\\\/eurotech-iasi.ro\\\/magazinonline\\\/wp-content\\\/uploads\\\/2023\\\/01\\\/Generator-rezidential-de-curent-insonorizat-BISONTE-SKD25YS-diesel-cu-ATS-si-AVR-inclus-4.png\",\"width\":750,\"height\":750,\"caption\":\"Generator curent stationar cu automatizare la porniret BISONTE SCDE 25YS-ATS, diesel cu ATS si AVR inclus\"},{\"@type\":\"BreadcrumbList\",\"@id\":\"https:\\\/\\\/eurotech-iasi.ro\\\/magazinonline\\\/produs\\\/generator-curent-stationar-cu-automatizare-la-pornire-senci-scde-25i-ys-ats-diesel-cu-ats-si-avr-inclus\\\/#breadcrumb\",\"itemListElement\":[{\"@type\":\"ListItem\",\"position\":1,\"name\":\"Prima pagin\u0103\",\"item\":\"https:\\\/\\\/eurotech-iasi.ro\\\/magazinonline\\\/\"},{\"@type\":\"ListItem\",\"position\":2,\"name\":\"Shop\",\"item\":\"https:\\\/\\\/eurotech-iasi.ro\\\/magazinonline\\\/shop\\\/\"},{\"@type\":\"ListItem\",\"position\":3,\"name\":\"Generator curent stationar cu automatizare la pornire SENCI SCDE 25i-YS ATS, diesel cu ATS si AVR inclus\"}]},{\"@type\":\"WebSite\",\"@id\":\"https:\\\/\\\/eurotech-iasi.ro\\\/magazinonline\\\/#website\",\"url\":\"https:\\\/\\\/eurotech-iasi.ro\\\/magazinonline\\\/\",\"name\":\"Eurotech Iasi\",\"description\":\"Cu oameni seriosi\",\"publisher\":{\"@id\":\"https:\\\/\\\/eurotech-iasi.ro\\\/magazinonline\\\/#organization\"},\"potentialAction\":[{\"@type\":\"SearchAction\",\"target\":{\"@type\":\"EntryPoint\",\"urlTemplate\":\"https:\\\/\\\/eurotech-iasi.ro\\\/magazinonline\\\/?s={search_term_string}\"},\"query-input\":{\"@type\":\"PropertyValueSpecification\",\"valueRequired\":true,\"valueName\":\"search_term_string\"}}],\"inLanguage\":\"ro-RO\"},{\"@type\":\"Organization\",\"@id\":\"https:\\\/\\\/eurotech-iasi.ro\\\/magazinonline\\\/#organization\",\"name\":\"Eurotech Iasi\",\"url\":\"https:\\\/\\\/eurotech-iasi.ro\\\/magazinonline\\\/\",\"logo\":{\"@type\":\"ImageObject\",\"inLanguage\":\"ro-RO\",\"@id\":\"https:\\\/\\\/eurotech-iasi.ro\\\/magazinonline\\\/#\\\/schema\\\/logo\\\/image\\\/\",\"url\":\"https:\\\/\\\/eurotech-iasi.ro\\\/magazinonline\\\/wp-content\\\/uploads\\\/2020\\\/08\\\/logo-eurotech.png\",\"contentUrl\":\"https:\\\/\\\/eurotech-iasi.ro\\\/magazinonline\\\/wp-content\\\/uploads\\\/2020\\\/08\\\/logo-eurotech.png\",\"width\":290,\"height\":70,\"caption\":\"Eurotech Iasi\"},\"image\":{\"@id\":\"https:\\\/\\\/eurotech-iasi.ro\\\/magazinonline\\\/#\\\/schema\\\/logo\\\/image\\\/\"},\"sameAs\":[\"https:\\\/\\\/www.facebook.com\\\/EurotechIasi\\\/\"]}]}<\/script>\n<!-- \/ Yoast SEO plugin. -->","yoast_head_json":{"title":"Generator curent stationar cu automatizare la pornire SENCI SCDE 25i-YS ATS, diesel cu ATS si AVR inclus - Eurotech Iasi","description":"Generator curent stationar cu automatizare la pornire SENCI SCDE 25i-YS ATS, diesel cu ATS si AVR inclus, este un generator de curent, putere max. 25 kVA.","robots":{"index":"index","follow":"follow","max-snippet":"max-snippet:-1","max-image-preview":"max-image-preview:large","max-video-preview":"max-video-preview:-1"},"canonical":"https:\/\/eurotech-iasi.ro\/magazinonline\/produs\/generator-curent-stationar-cu-automatizare-la-pornire-senci-scde-25i-ys-ats-diesel-cu-ats-si-avr-inclus\/","og_locale":"ro_RO","og_type":"article","og_title":"Generator curent stationar cu automatizare la pornire SENCI SCDE 25i-YS ATS, diesel cu ATS si AVR inclus - Eurotech Iasi","og_description":"Generator curent stationar cu automatizare la pornire SENCI SCDE 25i-YS ATS, diesel cu ATS si AVR inclus, este un generator de curent, putere max. 25 kVA.","og_url":"https:\/\/eurotech-iasi.ro\/magazinonline\/produs\/generator-curent-stationar-cu-automatizare-la-pornire-senci-scde-25i-ys-ats-diesel-cu-ats-si-avr-inclus\/","og_site_name":"Eurotech Iasi","article_publisher":"https:\/\/www.facebook.com\/EurotechIasi\/","article_modified_time":"2026-03-06T10:08:28+00:00","og_image":[{"width":750,"height":750,"url":"https:\/\/eurotech-iasi.ro\/magazinonline\/wp-content\/uploads\/2023\/01\/Generator-rezidential-de-curent-insonorizat-BISONTE-SKD25YS-diesel-cu-ATS-si-AVR-inclus-4.png","type":"image\/png"}],"twitter_misc":{"Timp estimat pentru citire":"3 minute"},"schema":{"@context":"https:\/\/schema.org","@graph":[{"@type":"WebPage","@id":"https:\/\/eurotech-iasi.ro\/magazinonline\/produs\/generator-curent-stationar-cu-automatizare-la-pornire-senci-scde-25i-ys-ats-diesel-cu-ats-si-avr-inclus\/","url":"https:\/\/eurotech-iasi.ro\/magazinonline\/produs\/generator-curent-stationar-cu-automatizare-la-pornire-senci-scde-25i-ys-ats-diesel-cu-ats-si-avr-inclus\/","name":"Generator curent stationar cu automatizare la pornire SENCI SCDE 25i-YS ATS, diesel cu ATS si AVR inclus - Eurotech Iasi","isPartOf":{"@id":"https:\/\/eurotech-iasi.ro\/magazinonline\/#website"},"primaryImageOfPage":{"@id":"https:\/\/eurotech-iasi.ro\/magazinonline\/produs\/generator-curent-stationar-cu-automatizare-la-pornire-senci-scde-25i-ys-ats-diesel-cu-ats-si-avr-inclus\/#primaryimage"},"image":{"@id":"https:\/\/eurotech-iasi.ro\/magazinonline\/produs\/generator-curent-stationar-cu-automatizare-la-pornire-senci-scde-25i-ys-ats-diesel-cu-ats-si-avr-inclus\/#primaryimage"},"thumbnailUrl":"https:\/\/eurotech-iasi.ro\/magazinonline\/wp-content\/uploads\/2023\/01\/Generator-rezidential-de-curent-insonorizat-BISONTE-SKD25YS-diesel-cu-ATS-si-AVR-inclus-4.png","datePublished":"2023-01-20T18:37:35+00:00","dateModified":"2026-03-06T10:08:28+00:00","description":"Generator curent stationar cu automatizare la pornire SENCI SCDE 25i-YS ATS, diesel cu ATS si AVR inclus, este un generator de curent, putere max. 25 kVA.","breadcrumb":{"@id":"https:\/\/eurotech-iasi.ro\/magazinonline\/produs\/generator-curent-stationar-cu-automatizare-la-pornire-senci-scde-25i-ys-ats-diesel-cu-ats-si-avr-inclus\/#breadcrumb"},"inLanguage":"ro-RO","potentialAction":[{"@type":"ReadAction","target":["https:\/\/eurotech-iasi.ro\/magazinonline\/produs\/generator-curent-stationar-cu-automatizare-la-pornire-senci-scde-25i-ys-ats-diesel-cu-ats-si-avr-inclus\/"]}]},{"@type":"ImageObject","inLanguage":"ro-RO","@id":"https:\/\/eurotech-iasi.ro\/magazinonline\/produs\/generator-curent-stationar-cu-automatizare-la-pornire-senci-scde-25i-ys-ats-diesel-cu-ats-si-avr-inclus\/#primaryimage","url":"https:\/\/eurotech-iasi.ro\/magazinonline\/wp-content\/uploads\/2023\/01\/Generator-rezidential-de-curent-insonorizat-BISONTE-SKD25YS-diesel-cu-ATS-si-AVR-inclus-4.png","contentUrl":"https:\/\/eurotech-iasi.ro\/magazinonline\/wp-content\/uploads\/2023\/01\/Generator-rezidential-de-curent-insonorizat-BISONTE-SKD25YS-diesel-cu-ATS-si-AVR-inclus-4.png","width":750,"height":750,"caption":"Generator curent stationar cu automatizare la porniret BISONTE SCDE 25YS-ATS, diesel cu ATS si AVR inclus"},{"@type":"BreadcrumbList","@id":"https:\/\/eurotech-iasi.ro\/magazinonline\/produs\/generator-curent-stationar-cu-automatizare-la-pornire-senci-scde-25i-ys-ats-diesel-cu-ats-si-avr-inclus\/#breadcrumb","itemListElement":[{"@type":"ListItem","position":1,"name":"Prima pagin\u0103","item":"https:\/\/eurotech-iasi.ro\/magazinonline\/"},{"@type":"ListItem","position":2,"name":"Shop","item":"https:\/\/eurotech-iasi.ro\/magazinonline\/shop\/"},{"@type":"ListItem","position":3,"name":"Generator curent stationar cu automatizare la pornire SENCI SCDE 25i-YS ATS, diesel cu ATS si AVR inclus"}]},{"@type":"WebSite","@id":"https:\/\/eurotech-iasi.ro\/magazinonline\/#website","url":"https:\/\/eurotech-iasi.ro\/magazinonline\/","name":"Eurotech Iasi","description":"Cu oameni seriosi","publisher":{"@id":"https:\/\/eurotech-iasi.ro\/magazinonline\/#organization"},"potentialAction":[{"@type":"SearchAction","target":{"@type":"EntryPoint","urlTemplate":"https:\/\/eurotech-iasi.ro\/magazinonline\/?s={search_term_string}"},"query-input":{"@type":"PropertyValueSpecification","valueRequired":true,"valueName":"search_term_string"}}],"inLanguage":"ro-RO"},{"@type":"Organization","@id":"https:\/\/eurotech-iasi.ro\/magazinonline\/#organization","name":"Eurotech Iasi","url":"https:\/\/eurotech-iasi.ro\/magazinonline\/","logo":{"@type":"ImageObject","inLanguage":"ro-RO","@id":"https:\/\/eurotech-iasi.ro\/magazinonline\/#\/schema\/logo\/image\/","url":"https:\/\/eurotech-iasi.ro\/magazinonline\/wp-content\/uploads\/2020\/08\/logo-eurotech.png","contentUrl":"https:\/\/eurotech-iasi.ro\/magazinonline\/wp-content\/uploads\/2020\/08\/logo-eurotech.png","width":290,"height":70,"caption":"Eurotech Iasi"},"image":{"@id":"https:\/\/eurotech-iasi.ro\/magazinonline\/#\/schema\/logo\/image\/"},"sameAs":["https:\/\/www.facebook.com\/EurotechIasi\/"]}]}},"_links":{"self":[{"href":"https:\/\/eurotech-iasi.ro\/magazinonline\/wp-json\/wp\/v2\/product\/81901","targetHints":{"allow":["GET"]}}],"collection":[{"href":"https:\/\/eurotech-iasi.ro\/magazinonline\/wp-json\/wp\/v2\/product"}],"about":[{"href":"https:\/\/eurotech-iasi.ro\/magazinonline\/wp-json\/wp\/v2\/types\/product"}],"replies":[{"embeddable":true,"href":"https:\/\/eurotech-iasi.ro\/magazinonline\/wp-json\/wp\/v2\/comments?post=81901"}],"wp:featuredmedia":[{"embeddable":true,"href":"https:\/\/eurotech-iasi.ro\/magazinonline\/wp-json\/wp\/v2\/media\/81902"}],"wp:attachment":[{"href":"https:\/\/eurotech-iasi.ro\/magazinonline\/wp-json\/wp\/v2\/media?parent=81901"}],"wp:term":[{"taxonomy":"product_cat","embeddable":true,"href":"https:\/\/eurotech-iasi.ro\/magazinonline\/wp-json\/wp\/v2\/product_cat?post=81901"},{"taxonomy":"product_tag","embeddable":true,"href":"https:\/\/eurotech-iasi.ro\/magazinonline\/wp-json\/wp\/v2\/product_tag?post=81901"},{"taxonomy":"woo-feed-brand","embeddable":true,"href":"https:\/\/eurotech-iasi.ro\/magazinonline\/wp-json\/wp\/v2\/woo-feed-brand?post=81901"}],"curies":[{"name":"wp","href":"https:\/\/api.w.org\/{rel}","templated":true}]}}