{"id":82970,"date":"2023-02-08T11:31:13","date_gmt":"2023-02-08T09:31:13","guid":{"rendered":"https:\/\/eurotech-iasi.ro\/magazinonline\/?post_type=product&#038;p=82970"},"modified":"2026-02-20T12:22:43","modified_gmt":"2026-02-20T10:22:43","slug":"disc-widia-imer-pentru-lemn","status":"publish","type":"product","link":"https:\/\/eurotech-iasi.ro\/magazinonline\/produs\/disc-widia-imer-pentru-lemn\/","title":{"rendered":"Disc circular lemn Widia IMER \u00d8 300 mm, \u00d8 315 mm, \u00d8 350 mm"},"content":{"rendered":"<p><strong>Disc circular lemn Widia IMER \u00d8 300 mm, \u00d8 315 mm, \u00d8 350 mm, diametrul interior al discului de 25.4 mm si grosime de 3.2 mm.<\/strong><\/p>\n<h2>Specificatii tehnice &#8211; <strong>Disc Widia IMER pentru lemn:<\/strong><\/h2>\n<p><strong>Diametru disc (mm):<\/strong> 300 \/ 315 \/ 350<br \/>\n<strong>Nume categorie:<\/strong> Panze Widia fierastrau circular<br \/>\n<strong>Diametrul interior al discului:<\/strong> 25.4 mm<br \/>\n<strong>Grosime (mm):<\/strong> 3.2<br \/>\n<strong>Numar de dinti &#8211; Z:<\/strong> 28 \/48 \/54<\/p>\n","protected":false},"excerpt":{"rendered":"<p><strong>Disc circular lemn Widia IMER \u00d8 300 mm, \u00d8 315 mm, \u00d8 350 mm, diametrul interior al discului de 25.4 mm si grosime de 3.2 mm.<\/strong><\/p>\n<p><em><strong>Cod produs: IM1193xxx<\/strong><\/em><\/p>\n<h4><span class=\"help-phone\"><strong><span class=\"-g-product-details-help-phone\"><em><span style=\"color: #ff0000;\">Ai nevoie de ajutor? Sun\u0103 la <\/span>\u00a0<a href=\"tel:0740278809\">0740278809<\/a><\/em><\/span><\/strong><\/span><\/h4>\n","protected":false},"featured_media":82976,"comment_status":"open","ping_status":"closed","template":"","meta":{"_acf_changed":false},"product_cat":[4336,10054,4306],"product_tag":[],"woo-feed-brand":[],"class_list":{"0":"post-82970","1":"product","2":"type-product","3":"status-publish","4":"has-post-thumbnail","6":"product_brand-imer","7":"product_cat-accesorii-scule-electrice","8":"product_cat-accesorii-scule-electrice-scule-electrice","9":"product_cat-scule-electrice","10":"pa_diametru-300-mm","11":"pa_diametru-315-mm","12":"pa_diametru-350-mm","13":"pa_diametru-interior-disc-25-4-mm","14":"pa_grosime-3-2-mm","16":"first","17":"instock","18":"shipping-taxable","19":"purchasable","20":"product-type-variable"},"acf":[],"yoast_head":"<!-- This site is optimized with the Yoast SEO plugin v27.3 - https:\/\/yoast.com\/product\/yoast-seo-wordpress\/ -->\n<title>Disc circular lemn Widia IMER \u00d8 300 mm, \u00d8 315 mm, \u00d8 350 mm - Eurotech Iasi<\/title>\n<meta name=\"description\" content=\"Disc circular lemn Widia IMER \u00d8 300 mm, \u00d8 315 mm, \u00d8 350 mm, diametrul interior al discului de 25.4 mm si grosime de 3.2 mm.\" \/>\n<meta name=\"robots\" content=\"index, follow, max-snippet:-1, max-image-preview:large, max-video-preview:-1\" \/>\n<link rel=\"canonical\" href=\"https:\/\/eurotech-iasi.ro\/magazinonline\/produs\/disc-widia-imer-pentru-lemn\/\" \/>\n<meta property=\"og:locale\" content=\"ro_RO\" \/>\n<meta property=\"og:type\" content=\"article\" \/>\n<meta property=\"og:title\" content=\"Disc circular lemn Widia IMER \u00d8 300 mm, \u00d8 315 mm, \u00d8 350 mm - Eurotech Iasi\" \/>\n<meta property=\"og:description\" content=\"Disc circular lemn Widia IMER \u00d8 300 mm, \u00d8 315 mm, \u00d8 350 mm, diametrul interior al discului de 25.4 mm si grosime de 3.2 mm.\" \/>\n<meta property=\"og:url\" content=\"https:\/\/eurotech-iasi.ro\/magazinonline\/produs\/disc-widia-imer-pentru-lemn\/\" \/>\n<meta property=\"og:site_name\" content=\"Eurotech Iasi\" \/>\n<meta property=\"article:publisher\" content=\"https:\/\/www.facebook.com\/EurotechIasi\/\" \/>\n<meta property=\"article:modified_time\" content=\"2026-02-20T10:22:43+00:00\" \/>\n<meta property=\"og:image\" content=\"https:\/\/eurotech-iasi.ro\/magazinonline\/wp-content\/uploads\/2023\/02\/Disc-Widia-IMER-pentru-lemn-O-315-X-25.4-X-3.2-mm-Z-28.png\" \/>\n\t<meta property=\"og:image:width\" content=\"750\" \/>\n\t<meta property=\"og:image:height\" content=\"750\" \/>\n\t<meta property=\"og:image:type\" content=\"image\/png\" \/>\n<meta name=\"twitter:label1\" content=\"Timp estimat pentru citire\" \/>\n\t<meta name=\"twitter:data1\" content=\"1 minut\" \/>\n<script type=\"application\/ld+json\" class=\"yoast-schema-graph\">{\"@context\":\"https:\\\/\\\/schema.org\",\"@graph\":[{\"@type\":\"WebPage\",\"@id\":\"https:\\\/\\\/eurotech-iasi.ro\\\/magazinonline\\\/produs\\\/disc-widia-imer-pentru-lemn\\\/\",\"url\":\"https:\\\/\\\/eurotech-iasi.ro\\\/magazinonline\\\/produs\\\/disc-widia-imer-pentru-lemn\\\/\",\"name\":\"Disc circular lemn Widia IMER \u00d8 300 mm, \u00d8 315 mm, \u00d8 350 mm - Eurotech Iasi\",\"isPartOf\":{\"@id\":\"https:\\\/\\\/eurotech-iasi.ro\\\/magazinonline\\\/#website\"},\"primaryImageOfPage\":{\"@id\":\"https:\\\/\\\/eurotech-iasi.ro\\\/magazinonline\\\/produs\\\/disc-widia-imer-pentru-lemn\\\/#primaryimage\"},\"image\":{\"@id\":\"https:\\\/\\\/eurotech-iasi.ro\\\/magazinonline\\\/produs\\\/disc-widia-imer-pentru-lemn\\\/#primaryimage\"},\"thumbnailUrl\":\"https:\\\/\\\/eurotech-iasi.ro\\\/magazinonline\\\/wp-content\\\/uploads\\\/2023\\\/02\\\/Disc-Widia-IMER-pentru-lemn-O-315-X-25.4-X-3.2-mm-Z-28.png\",\"datePublished\":\"2023-02-08T09:31:13+00:00\",\"dateModified\":\"2026-02-20T10:22:43+00:00\",\"description\":\"Disc circular lemn Widia IMER \u00d8 300 mm, \u00d8 315 mm, \u00d8 350 mm, diametrul interior al discului de 25.4 mm si grosime de 3.2 mm.\",\"breadcrumb\":{\"@id\":\"https:\\\/\\\/eurotech-iasi.ro\\\/magazinonline\\\/produs\\\/disc-widia-imer-pentru-lemn\\\/#breadcrumb\"},\"inLanguage\":\"ro-RO\",\"potentialAction\":[{\"@type\":\"ReadAction\",\"target\":[\"https:\\\/\\\/eurotech-iasi.ro\\\/magazinonline\\\/produs\\\/disc-widia-imer-pentru-lemn\\\/\"]}]},{\"@type\":\"ImageObject\",\"inLanguage\":\"ro-RO\",\"@id\":\"https:\\\/\\\/eurotech-iasi.ro\\\/magazinonline\\\/produs\\\/disc-widia-imer-pentru-lemn\\\/#primaryimage\",\"url\":\"https:\\\/\\\/eurotech-iasi.ro\\\/magazinonline\\\/wp-content\\\/uploads\\\/2023\\\/02\\\/Disc-Widia-IMER-pentru-lemn-O-315-X-25.4-X-3.2-mm-Z-28.png\",\"contentUrl\":\"https:\\\/\\\/eurotech-iasi.ro\\\/magazinonline\\\/wp-content\\\/uploads\\\/2023\\\/02\\\/Disc-Widia-IMER-pentru-lemn-O-315-X-25.4-X-3.2-mm-Z-28.png\",\"width\":750,\"height\":750,\"caption\":\"Disc Widia IMER pentru lemn \u00d8 315 X 25.4 X 3.2 mm, Z 28\"},{\"@type\":\"BreadcrumbList\",\"@id\":\"https:\\\/\\\/eurotech-iasi.ro\\\/magazinonline\\\/produs\\\/disc-widia-imer-pentru-lemn\\\/#breadcrumb\",\"itemListElement\":[{\"@type\":\"ListItem\",\"position\":1,\"name\":\"Prima pagin\u0103\",\"item\":\"https:\\\/\\\/eurotech-iasi.ro\\\/magazinonline\\\/\"},{\"@type\":\"ListItem\",\"position\":2,\"name\":\"Shop\",\"item\":\"https:\\\/\\\/eurotech-iasi.ro\\\/magazinonline\\\/shop\\\/\"},{\"@type\":\"ListItem\",\"position\":3,\"name\":\"Disc circular lemn Widia IMER \u00d8 300 mm, \u00d8 315 mm, \u00d8 350 mm\"}]},{\"@type\":\"WebSite\",\"@id\":\"https:\\\/\\\/eurotech-iasi.ro\\\/magazinonline\\\/#website\",\"url\":\"https:\\\/\\\/eurotech-iasi.ro\\\/magazinonline\\\/\",\"name\":\"Eurotech Iasi\",\"description\":\"Cu oameni seriosi\",\"publisher\":{\"@id\":\"https:\\\/\\\/eurotech-iasi.ro\\\/magazinonline\\\/#organization\"},\"potentialAction\":[{\"@type\":\"SearchAction\",\"target\":{\"@type\":\"EntryPoint\",\"urlTemplate\":\"https:\\\/\\\/eurotech-iasi.ro\\\/magazinonline\\\/?s={search_term_string}\"},\"query-input\":{\"@type\":\"PropertyValueSpecification\",\"valueRequired\":true,\"valueName\":\"search_term_string\"}}],\"inLanguage\":\"ro-RO\"},{\"@type\":\"Organization\",\"@id\":\"https:\\\/\\\/eurotech-iasi.ro\\\/magazinonline\\\/#organization\",\"name\":\"Eurotech Iasi\",\"url\":\"https:\\\/\\\/eurotech-iasi.ro\\\/magazinonline\\\/\",\"logo\":{\"@type\":\"ImageObject\",\"inLanguage\":\"ro-RO\",\"@id\":\"https:\\\/\\\/eurotech-iasi.ro\\\/magazinonline\\\/#\\\/schema\\\/logo\\\/image\\\/\",\"url\":\"https:\\\/\\\/eurotech-iasi.ro\\\/magazinonline\\\/wp-content\\\/uploads\\\/2020\\\/08\\\/logo-eurotech.png\",\"contentUrl\":\"https:\\\/\\\/eurotech-iasi.ro\\\/magazinonline\\\/wp-content\\\/uploads\\\/2020\\\/08\\\/logo-eurotech.png\",\"width\":290,\"height\":70,\"caption\":\"Eurotech Iasi\"},\"image\":{\"@id\":\"https:\\\/\\\/eurotech-iasi.ro\\\/magazinonline\\\/#\\\/schema\\\/logo\\\/image\\\/\"},\"sameAs\":[\"https:\\\/\\\/www.facebook.com\\\/EurotechIasi\\\/\"]}]}<\/script>\n<!-- \/ Yoast SEO plugin. -->","yoast_head_json":{"title":"Disc circular lemn Widia IMER \u00d8 300 mm, \u00d8 315 mm, \u00d8 350 mm - Eurotech Iasi","description":"Disc circular lemn Widia IMER \u00d8 300 mm, \u00d8 315 mm, \u00d8 350 mm, diametrul interior al discului de 25.4 mm si grosime de 3.2 mm.","robots":{"index":"index","follow":"follow","max-snippet":"max-snippet:-1","max-image-preview":"max-image-preview:large","max-video-preview":"max-video-preview:-1"},"canonical":"https:\/\/eurotech-iasi.ro\/magazinonline\/produs\/disc-widia-imer-pentru-lemn\/","og_locale":"ro_RO","og_type":"article","og_title":"Disc circular lemn Widia IMER \u00d8 300 mm, \u00d8 315 mm, \u00d8 350 mm - Eurotech Iasi","og_description":"Disc circular lemn Widia IMER \u00d8 300 mm, \u00d8 315 mm, \u00d8 350 mm, diametrul interior al discului de 25.4 mm si grosime de 3.2 mm.","og_url":"https:\/\/eurotech-iasi.ro\/magazinonline\/produs\/disc-widia-imer-pentru-lemn\/","og_site_name":"Eurotech Iasi","article_publisher":"https:\/\/www.facebook.com\/EurotechIasi\/","article_modified_time":"2026-02-20T10:22:43+00:00","og_image":[{"width":750,"height":750,"url":"https:\/\/eurotech-iasi.ro\/magazinonline\/wp-content\/uploads\/2023\/02\/Disc-Widia-IMER-pentru-lemn-O-315-X-25.4-X-3.2-mm-Z-28.png","type":"image\/png"}],"twitter_misc":{"Timp estimat pentru citire":"1 minut"},"schema":{"@context":"https:\/\/schema.org","@graph":[{"@type":"WebPage","@id":"https:\/\/eurotech-iasi.ro\/magazinonline\/produs\/disc-widia-imer-pentru-lemn\/","url":"https:\/\/eurotech-iasi.ro\/magazinonline\/produs\/disc-widia-imer-pentru-lemn\/","name":"Disc circular lemn Widia IMER \u00d8 300 mm, \u00d8 315 mm, \u00d8 350 mm - Eurotech Iasi","isPartOf":{"@id":"https:\/\/eurotech-iasi.ro\/magazinonline\/#website"},"primaryImageOfPage":{"@id":"https:\/\/eurotech-iasi.ro\/magazinonline\/produs\/disc-widia-imer-pentru-lemn\/#primaryimage"},"image":{"@id":"https:\/\/eurotech-iasi.ro\/magazinonline\/produs\/disc-widia-imer-pentru-lemn\/#primaryimage"},"thumbnailUrl":"https:\/\/eurotech-iasi.ro\/magazinonline\/wp-content\/uploads\/2023\/02\/Disc-Widia-IMER-pentru-lemn-O-315-X-25.4-X-3.2-mm-Z-28.png","datePublished":"2023-02-08T09:31:13+00:00","dateModified":"2026-02-20T10:22:43+00:00","description":"Disc circular lemn Widia IMER \u00d8 300 mm, \u00d8 315 mm, \u00d8 350 mm, diametrul interior al discului de 25.4 mm si grosime de 3.2 mm.","breadcrumb":{"@id":"https:\/\/eurotech-iasi.ro\/magazinonline\/produs\/disc-widia-imer-pentru-lemn\/#breadcrumb"},"inLanguage":"ro-RO","potentialAction":[{"@type":"ReadAction","target":["https:\/\/eurotech-iasi.ro\/magazinonline\/produs\/disc-widia-imer-pentru-lemn\/"]}]},{"@type":"ImageObject","inLanguage":"ro-RO","@id":"https:\/\/eurotech-iasi.ro\/magazinonline\/produs\/disc-widia-imer-pentru-lemn\/#primaryimage","url":"https:\/\/eurotech-iasi.ro\/magazinonline\/wp-content\/uploads\/2023\/02\/Disc-Widia-IMER-pentru-lemn-O-315-X-25.4-X-3.2-mm-Z-28.png","contentUrl":"https:\/\/eurotech-iasi.ro\/magazinonline\/wp-content\/uploads\/2023\/02\/Disc-Widia-IMER-pentru-lemn-O-315-X-25.4-X-3.2-mm-Z-28.png","width":750,"height":750,"caption":"Disc Widia IMER pentru lemn \u00d8 315 X 25.4 X 3.2 mm, Z 28"},{"@type":"BreadcrumbList","@id":"https:\/\/eurotech-iasi.ro\/magazinonline\/produs\/disc-widia-imer-pentru-lemn\/#breadcrumb","itemListElement":[{"@type":"ListItem","position":1,"name":"Prima pagin\u0103","item":"https:\/\/eurotech-iasi.ro\/magazinonline\/"},{"@type":"ListItem","position":2,"name":"Shop","item":"https:\/\/eurotech-iasi.ro\/magazinonline\/shop\/"},{"@type":"ListItem","position":3,"name":"Disc circular lemn Widia IMER \u00d8 300 mm, \u00d8 315 mm, \u00d8 350 mm"}]},{"@type":"WebSite","@id":"https:\/\/eurotech-iasi.ro\/magazinonline\/#website","url":"https:\/\/eurotech-iasi.ro\/magazinonline\/","name":"Eurotech Iasi","description":"Cu oameni seriosi","publisher":{"@id":"https:\/\/eurotech-iasi.ro\/magazinonline\/#organization"},"potentialAction":[{"@type":"SearchAction","target":{"@type":"EntryPoint","urlTemplate":"https:\/\/eurotech-iasi.ro\/magazinonline\/?s={search_term_string}"},"query-input":{"@type":"PropertyValueSpecification","valueRequired":true,"valueName":"search_term_string"}}],"inLanguage":"ro-RO"},{"@type":"Organization","@id":"https:\/\/eurotech-iasi.ro\/magazinonline\/#organization","name":"Eurotech Iasi","url":"https:\/\/eurotech-iasi.ro\/magazinonline\/","logo":{"@type":"ImageObject","inLanguage":"ro-RO","@id":"https:\/\/eurotech-iasi.ro\/magazinonline\/#\/schema\/logo\/image\/","url":"https:\/\/eurotech-iasi.ro\/magazinonline\/wp-content\/uploads\/2020\/08\/logo-eurotech.png","contentUrl":"https:\/\/eurotech-iasi.ro\/magazinonline\/wp-content\/uploads\/2020\/08\/logo-eurotech.png","width":290,"height":70,"caption":"Eurotech Iasi"},"image":{"@id":"https:\/\/eurotech-iasi.ro\/magazinonline\/#\/schema\/logo\/image\/"},"sameAs":["https:\/\/www.facebook.com\/EurotechIasi\/"]}]}},"_links":{"self":[{"href":"https:\/\/eurotech-iasi.ro\/magazinonline\/wp-json\/wp\/v2\/product\/82970","targetHints":{"allow":["GET"]}}],"collection":[{"href":"https:\/\/eurotech-iasi.ro\/magazinonline\/wp-json\/wp\/v2\/product"}],"about":[{"href":"https:\/\/eurotech-iasi.ro\/magazinonline\/wp-json\/wp\/v2\/types\/product"}],"replies":[{"embeddable":true,"href":"https:\/\/eurotech-iasi.ro\/magazinonline\/wp-json\/wp\/v2\/comments?post=82970"}],"wp:featuredmedia":[{"embeddable":true,"href":"https:\/\/eurotech-iasi.ro\/magazinonline\/wp-json\/wp\/v2\/media\/82976"}],"wp:attachment":[{"href":"https:\/\/eurotech-iasi.ro\/magazinonline\/wp-json\/wp\/v2\/media?parent=82970"}],"wp:term":[{"taxonomy":"product_cat","embeddable":true,"href":"https:\/\/eurotech-iasi.ro\/magazinonline\/wp-json\/wp\/v2\/product_cat?post=82970"},{"taxonomy":"product_tag","embeddable":true,"href":"https:\/\/eurotech-iasi.ro\/magazinonline\/wp-json\/wp\/v2\/product_tag?post=82970"},{"taxonomy":"woo-feed-brand","embeddable":true,"href":"https:\/\/eurotech-iasi.ro\/magazinonline\/wp-json\/wp\/v2\/woo-feed-brand?post=82970"}],"curies":[{"name":"wp","href":"https:\/\/api.w.org\/{rel}","templated":true}]}}