{"id":83741,"date":"2023-02-20T13:03:49","date_gmt":"2023-02-20T11:03:49","guid":{"rendered":"https:\/\/eurotech-iasi.ro\/magazinonline\/?post_type=product&#038;p=83741"},"modified":"2024-11-26T11:15:43","modified_gmt":"2024-11-26T09:15:43","slug":"kit-curatare-panouri-fotovoltaice-karcher-isolar-b-7f","status":"publish","type":"product","link":"https:\/\/eurotech-iasi.ro\/magazinonline\/produs\/kit-curatare-panouri-fotovoltaice-karcher-isolar-b-7f\/","title":{"rendered":"Kit curatare panouri fotovoltaice KARCHER iSolar B-7F"},"content":{"rendered":"<p><a title=\"Kit curatare panouri fotovoltaice KARCHER iSolar B-7F\" href=\"https:\/\/eurotech-iasi.ro\/magazinonline\/produs\/kit-curatare-panouri-fotovoltaice-karcher-isolar-b-7f\/\" rel=\"nofollow\"><strong>Kit curatare panouri fotovoltaice KARCHER iSolar B-7F <\/strong><\/a>ce include:<\/p>\n<ol>\n<li><strong>Lance telescopica din fibra de sticla TL 7 F<\/strong><\/li>\n<\/ol>\n<p>Lungimea manerului telescopic (m) 2 &#8211; 7<br \/>\nTemperatura de admisie (\u00b0C) Max. 60<br \/>\nElemente 5<br \/>\nFilet de racordare M 18<br \/>\nGreutate cu ambalaj. (kg) 5,1<\/p>\n<p>2. <strong>Furtun DN6<\/strong><\/p>\n<p>Temperatura de admisie (\u00b0C) Max. 60<br \/>\nDiametrul interior (mm) 6<br \/>\nFilet de racordare M22 x 1,5<br \/>\nLungimea (m) 25<\/p>\n<p>3. <strong>Articula\u021bie cu reglare variabil\u0103 a unghiului<\/strong><\/p>\n<p>Articula\u021bie cu reglare variabil\u0103 a unghiului de p\u00e2n\u0103 la 180\u00b0 pentru cuplarea l\u0103ncilor telescopice \u0219i a periilor atunci c\u00e2nd se cur\u0103\u021b\u0103 fa\u021badele, ferestrele sau panourile solare.<br \/>\nFilet de racordare M 18<br \/>\nGreutate cu ambalaj. (kg) 4,6<\/p>\n<p>4<strong>. Perie cu duritate moale<\/strong><\/p>\n<p>Pentru instalare simpl\u0103 pe l\u0103nci telescopice sau l\u0103nci de \u00eenalt\u0103 presiune de la K\u00e4rcher: perie cu fibre moi pentru cur\u0103\u021barea profund\u0103 a suprafe\u021belor delicate, cum ar fi geamurile sau sistemele solare.<br \/>\nTemperatura de admisie (\u00b0C) Max. 40<br \/>\nFilet de racordare M 18<br \/>\nGreutate cu ambalaj. (kg) 1,2<\/p>\n","protected":false},"excerpt":{"rendered":"<p><strong>Kit curatare panouri fotovoltaice KARCHER iSolar B-7F <\/strong>ce include lance, furtun 25 m, perie cu duritate medie si articulatie reglabila a unghiului.<\/p>\n<p><em><strong>Cod produs: 4.762-609.0 + 6.392-578.0 + 4.802-048.0 + 6.960-135.0<\/strong><\/em><\/p>\n","protected":false},"featured_media":83742,"comment_status":"open","ping_status":"closed","template":"","meta":{"_acf_changed":false},"product_cat":[4339,13064],"product_tag":[],"woo-feed-brand":[],"class_list":{"0":"post-83741","1":"product","2":"type-product","3":"status-publish","4":"has-post-thumbnail","6":"product_brand-karcher","7":"product_cat-echipamente-pentru-curatenie","8":"product_cat-isolar-karcher","9":"pa_brand-karcher","11":"first","12":"instock","13":"shipping-taxable","14":"purchasable","15":"product-type-simple"},"acf":[],"yoast_head":"<!-- This site is optimized with the Yoast SEO plugin v27.5 - https:\/\/yoast.com\/product\/yoast-seo-wordpress\/ -->\n<title>Kit curatare panouri fotovoltaice KARCHER iSolar B-7F - Eurotech Iasi<\/title>\n<meta name=\"robots\" content=\"index, follow, max-snippet:-1, max-image-preview:large, max-video-preview:-1\" \/>\n<link rel=\"canonical\" href=\"https:\/\/eurotech-iasi.ro\/magazinonline\/produs\/kit-curatare-panouri-fotovoltaice-karcher-isolar-b-7f\/\" \/>\n<meta property=\"og:locale\" content=\"ro_RO\" \/>\n<meta property=\"og:type\" content=\"article\" \/>\n<meta property=\"og:title\" content=\"Kit curatare panouri fotovoltaice KARCHER iSolar B-7F - Eurotech Iasi\" \/>\n<meta property=\"og:description\" content=\"Kit curatare panouri fotovoltaice KARCHER iSolar B-7F ce include lance, furtun 25 m, perie cu duritate medie si articulatie reglabila a unghiului.  Cod produs: 4.762-609.0 + 6.392-578.0 + 4.802-048.0 + 6.960-135.0\" \/>\n<meta property=\"og:url\" content=\"https:\/\/eurotech-iasi.ro\/magazinonline\/produs\/kit-curatare-panouri-fotovoltaice-karcher-isolar-b-7f\/\" \/>\n<meta property=\"og:site_name\" content=\"Eurotech Iasi\" \/>\n<meta property=\"article:publisher\" content=\"https:\/\/www.facebook.com\/EurotechIasi\/\" \/>\n<meta property=\"article:modified_time\" content=\"2024-11-26T09:15:43+00:00\" \/>\n<meta property=\"og:image\" content=\"https:\/\/eurotech-iasi.ro\/magazinonline\/wp-content\/uploads\/2023\/02\/Kit-curatare-panouri-fotovoltaice-KARCHER-iSolar-B-7F.jpg\" \/>\n\t<meta property=\"og:image:width\" content=\"750\" \/>\n\t<meta property=\"og:image:height\" content=\"750\" \/>\n\t<meta property=\"og:image:type\" content=\"image\/jpeg\" \/>\n<meta name=\"twitter:label1\" content=\"Timp estimat pentru citire\" \/>\n\t<meta name=\"twitter:data1\" content=\"1 minut\" \/>\n<script type=\"application\/ld+json\" class=\"yoast-schema-graph\">{\"@context\":\"https:\\\/\\\/schema.org\",\"@graph\":[{\"@type\":\"WebPage\",\"@id\":\"https:\\\/\\\/eurotech-iasi.ro\\\/magazinonline\\\/produs\\\/kit-curatare-panouri-fotovoltaice-karcher-isolar-b-7f\\\/\",\"url\":\"https:\\\/\\\/eurotech-iasi.ro\\\/magazinonline\\\/produs\\\/kit-curatare-panouri-fotovoltaice-karcher-isolar-b-7f\\\/\",\"name\":\"Kit curatare panouri fotovoltaice KARCHER iSolar B-7F - Eurotech Iasi\",\"isPartOf\":{\"@id\":\"https:\\\/\\\/eurotech-iasi.ro\\\/magazinonline\\\/#website\"},\"primaryImageOfPage\":{\"@id\":\"https:\\\/\\\/eurotech-iasi.ro\\\/magazinonline\\\/produs\\\/kit-curatare-panouri-fotovoltaice-karcher-isolar-b-7f\\\/#primaryimage\"},\"image\":{\"@id\":\"https:\\\/\\\/eurotech-iasi.ro\\\/magazinonline\\\/produs\\\/kit-curatare-panouri-fotovoltaice-karcher-isolar-b-7f\\\/#primaryimage\"},\"thumbnailUrl\":\"https:\\\/\\\/eurotech-iasi.ro\\\/magazinonline\\\/wp-content\\\/uploads\\\/2023\\\/02\\\/Kit-curatare-panouri-fotovoltaice-KARCHER-iSolar-B-7F.jpg\",\"datePublished\":\"2023-02-20T11:03:49+00:00\",\"dateModified\":\"2024-11-26T09:15:43+00:00\",\"breadcrumb\":{\"@id\":\"https:\\\/\\\/eurotech-iasi.ro\\\/magazinonline\\\/produs\\\/kit-curatare-panouri-fotovoltaice-karcher-isolar-b-7f\\\/#breadcrumb\"},\"inLanguage\":\"ro-RO\",\"potentialAction\":[{\"@type\":\"ReadAction\",\"target\":[\"https:\\\/\\\/eurotech-iasi.ro\\\/magazinonline\\\/produs\\\/kit-curatare-panouri-fotovoltaice-karcher-isolar-b-7f\\\/\"]}]},{\"@type\":\"ImageObject\",\"inLanguage\":\"ro-RO\",\"@id\":\"https:\\\/\\\/eurotech-iasi.ro\\\/magazinonline\\\/produs\\\/kit-curatare-panouri-fotovoltaice-karcher-isolar-b-7f\\\/#primaryimage\",\"url\":\"https:\\\/\\\/eurotech-iasi.ro\\\/magazinonline\\\/wp-content\\\/uploads\\\/2023\\\/02\\\/Kit-curatare-panouri-fotovoltaice-KARCHER-iSolar-B-7F.jpg\",\"contentUrl\":\"https:\\\/\\\/eurotech-iasi.ro\\\/magazinonline\\\/wp-content\\\/uploads\\\/2023\\\/02\\\/Kit-curatare-panouri-fotovoltaice-KARCHER-iSolar-B-7F.jpg\",\"width\":750,\"height\":750,\"caption\":\"Kit curatare panouri fotovoltaice KARCHER iSolar B-7F\"},{\"@type\":\"BreadcrumbList\",\"@id\":\"https:\\\/\\\/eurotech-iasi.ro\\\/magazinonline\\\/produs\\\/kit-curatare-panouri-fotovoltaice-karcher-isolar-b-7f\\\/#breadcrumb\",\"itemListElement\":[{\"@type\":\"ListItem\",\"position\":1,\"name\":\"Prima pagin\u0103\",\"item\":\"https:\\\/\\\/eurotech-iasi.ro\\\/magazinonline\\\/\"},{\"@type\":\"ListItem\",\"position\":2,\"name\":\"Shop\",\"item\":\"https:\\\/\\\/eurotech-iasi.ro\\\/magazinonline\\\/shop\\\/\"},{\"@type\":\"ListItem\",\"position\":3,\"name\":\"Kit curatare panouri fotovoltaice KARCHER iSolar B-7F\"}]},{\"@type\":\"WebSite\",\"@id\":\"https:\\\/\\\/eurotech-iasi.ro\\\/magazinonline\\\/#website\",\"url\":\"https:\\\/\\\/eurotech-iasi.ro\\\/magazinonline\\\/\",\"name\":\"Eurotech Iasi\",\"description\":\"Cu oameni seriosi\",\"publisher\":{\"@id\":\"https:\\\/\\\/eurotech-iasi.ro\\\/magazinonline\\\/#organization\"},\"potentialAction\":[{\"@type\":\"SearchAction\",\"target\":{\"@type\":\"EntryPoint\",\"urlTemplate\":\"https:\\\/\\\/eurotech-iasi.ro\\\/magazinonline\\\/?s={search_term_string}\"},\"query-input\":{\"@type\":\"PropertyValueSpecification\",\"valueRequired\":true,\"valueName\":\"search_term_string\"}}],\"inLanguage\":\"ro-RO\"},{\"@type\":\"Organization\",\"@id\":\"https:\\\/\\\/eurotech-iasi.ro\\\/magazinonline\\\/#organization\",\"name\":\"Eurotech Iasi\",\"url\":\"https:\\\/\\\/eurotech-iasi.ro\\\/magazinonline\\\/\",\"logo\":{\"@type\":\"ImageObject\",\"inLanguage\":\"ro-RO\",\"@id\":\"https:\\\/\\\/eurotech-iasi.ro\\\/magazinonline\\\/#\\\/schema\\\/logo\\\/image\\\/\",\"url\":\"https:\\\/\\\/eurotech-iasi.ro\\\/magazinonline\\\/wp-content\\\/uploads\\\/2020\\\/08\\\/logo-eurotech.png\",\"contentUrl\":\"https:\\\/\\\/eurotech-iasi.ro\\\/magazinonline\\\/wp-content\\\/uploads\\\/2020\\\/08\\\/logo-eurotech.png\",\"width\":290,\"height\":70,\"caption\":\"Eurotech Iasi\"},\"image\":{\"@id\":\"https:\\\/\\\/eurotech-iasi.ro\\\/magazinonline\\\/#\\\/schema\\\/logo\\\/image\\\/\"},\"sameAs\":[\"https:\\\/\\\/www.facebook.com\\\/EurotechIasi\\\/\"]}]}<\/script>\n<!-- \/ Yoast SEO plugin. -->","yoast_head_json":{"title":"Kit curatare panouri fotovoltaice KARCHER iSolar B-7F - Eurotech Iasi","robots":{"index":"index","follow":"follow","max-snippet":"max-snippet:-1","max-image-preview":"max-image-preview:large","max-video-preview":"max-video-preview:-1"},"canonical":"https:\/\/eurotech-iasi.ro\/magazinonline\/produs\/kit-curatare-panouri-fotovoltaice-karcher-isolar-b-7f\/","og_locale":"ro_RO","og_type":"article","og_title":"Kit curatare panouri fotovoltaice KARCHER iSolar B-7F - Eurotech Iasi","og_description":"Kit curatare panouri fotovoltaice KARCHER iSolar B-7F ce include lance, furtun 25 m, perie cu duritate medie si articulatie reglabila a unghiului.  Cod produs: 4.762-609.0 + 6.392-578.0 + 4.802-048.0 + 6.960-135.0","og_url":"https:\/\/eurotech-iasi.ro\/magazinonline\/produs\/kit-curatare-panouri-fotovoltaice-karcher-isolar-b-7f\/","og_site_name":"Eurotech Iasi","article_publisher":"https:\/\/www.facebook.com\/EurotechIasi\/","article_modified_time":"2024-11-26T09:15:43+00:00","og_image":[{"width":750,"height":750,"url":"https:\/\/eurotech-iasi.ro\/magazinonline\/wp-content\/uploads\/2023\/02\/Kit-curatare-panouri-fotovoltaice-KARCHER-iSolar-B-7F.jpg","type":"image\/jpeg"}],"twitter_misc":{"Timp estimat pentru citire":"1 minut"},"schema":{"@context":"https:\/\/schema.org","@graph":[{"@type":"WebPage","@id":"https:\/\/eurotech-iasi.ro\/magazinonline\/produs\/kit-curatare-panouri-fotovoltaice-karcher-isolar-b-7f\/","url":"https:\/\/eurotech-iasi.ro\/magazinonline\/produs\/kit-curatare-panouri-fotovoltaice-karcher-isolar-b-7f\/","name":"Kit curatare panouri fotovoltaice KARCHER iSolar B-7F - Eurotech Iasi","isPartOf":{"@id":"https:\/\/eurotech-iasi.ro\/magazinonline\/#website"},"primaryImageOfPage":{"@id":"https:\/\/eurotech-iasi.ro\/magazinonline\/produs\/kit-curatare-panouri-fotovoltaice-karcher-isolar-b-7f\/#primaryimage"},"image":{"@id":"https:\/\/eurotech-iasi.ro\/magazinonline\/produs\/kit-curatare-panouri-fotovoltaice-karcher-isolar-b-7f\/#primaryimage"},"thumbnailUrl":"https:\/\/eurotech-iasi.ro\/magazinonline\/wp-content\/uploads\/2023\/02\/Kit-curatare-panouri-fotovoltaice-KARCHER-iSolar-B-7F.jpg","datePublished":"2023-02-20T11:03:49+00:00","dateModified":"2024-11-26T09:15:43+00:00","breadcrumb":{"@id":"https:\/\/eurotech-iasi.ro\/magazinonline\/produs\/kit-curatare-panouri-fotovoltaice-karcher-isolar-b-7f\/#breadcrumb"},"inLanguage":"ro-RO","potentialAction":[{"@type":"ReadAction","target":["https:\/\/eurotech-iasi.ro\/magazinonline\/produs\/kit-curatare-panouri-fotovoltaice-karcher-isolar-b-7f\/"]}]},{"@type":"ImageObject","inLanguage":"ro-RO","@id":"https:\/\/eurotech-iasi.ro\/magazinonline\/produs\/kit-curatare-panouri-fotovoltaice-karcher-isolar-b-7f\/#primaryimage","url":"https:\/\/eurotech-iasi.ro\/magazinonline\/wp-content\/uploads\/2023\/02\/Kit-curatare-panouri-fotovoltaice-KARCHER-iSolar-B-7F.jpg","contentUrl":"https:\/\/eurotech-iasi.ro\/magazinonline\/wp-content\/uploads\/2023\/02\/Kit-curatare-panouri-fotovoltaice-KARCHER-iSolar-B-7F.jpg","width":750,"height":750,"caption":"Kit curatare panouri fotovoltaice KARCHER iSolar B-7F"},{"@type":"BreadcrumbList","@id":"https:\/\/eurotech-iasi.ro\/magazinonline\/produs\/kit-curatare-panouri-fotovoltaice-karcher-isolar-b-7f\/#breadcrumb","itemListElement":[{"@type":"ListItem","position":1,"name":"Prima pagin\u0103","item":"https:\/\/eurotech-iasi.ro\/magazinonline\/"},{"@type":"ListItem","position":2,"name":"Shop","item":"https:\/\/eurotech-iasi.ro\/magazinonline\/shop\/"},{"@type":"ListItem","position":3,"name":"Kit curatare panouri fotovoltaice KARCHER iSolar B-7F"}]},{"@type":"WebSite","@id":"https:\/\/eurotech-iasi.ro\/magazinonline\/#website","url":"https:\/\/eurotech-iasi.ro\/magazinonline\/","name":"Eurotech Iasi","description":"Cu oameni seriosi","publisher":{"@id":"https:\/\/eurotech-iasi.ro\/magazinonline\/#organization"},"potentialAction":[{"@type":"SearchAction","target":{"@type":"EntryPoint","urlTemplate":"https:\/\/eurotech-iasi.ro\/magazinonline\/?s={search_term_string}"},"query-input":{"@type":"PropertyValueSpecification","valueRequired":true,"valueName":"search_term_string"}}],"inLanguage":"ro-RO"},{"@type":"Organization","@id":"https:\/\/eurotech-iasi.ro\/magazinonline\/#organization","name":"Eurotech Iasi","url":"https:\/\/eurotech-iasi.ro\/magazinonline\/","logo":{"@type":"ImageObject","inLanguage":"ro-RO","@id":"https:\/\/eurotech-iasi.ro\/magazinonline\/#\/schema\/logo\/image\/","url":"https:\/\/eurotech-iasi.ro\/magazinonline\/wp-content\/uploads\/2020\/08\/logo-eurotech.png","contentUrl":"https:\/\/eurotech-iasi.ro\/magazinonline\/wp-content\/uploads\/2020\/08\/logo-eurotech.png","width":290,"height":70,"caption":"Eurotech Iasi"},"image":{"@id":"https:\/\/eurotech-iasi.ro\/magazinonline\/#\/schema\/logo\/image\/"},"sameAs":["https:\/\/www.facebook.com\/EurotechIasi\/"]}]}},"_links":{"self":[{"href":"https:\/\/eurotech-iasi.ro\/magazinonline\/wp-json\/wp\/v2\/product\/83741","targetHints":{"allow":["GET"]}}],"collection":[{"href":"https:\/\/eurotech-iasi.ro\/magazinonline\/wp-json\/wp\/v2\/product"}],"about":[{"href":"https:\/\/eurotech-iasi.ro\/magazinonline\/wp-json\/wp\/v2\/types\/product"}],"replies":[{"embeddable":true,"href":"https:\/\/eurotech-iasi.ro\/magazinonline\/wp-json\/wp\/v2\/comments?post=83741"}],"wp:featuredmedia":[{"embeddable":true,"href":"https:\/\/eurotech-iasi.ro\/magazinonline\/wp-json\/wp\/v2\/media\/83742"}],"wp:attachment":[{"href":"https:\/\/eurotech-iasi.ro\/magazinonline\/wp-json\/wp\/v2\/media?parent=83741"}],"wp:term":[{"taxonomy":"product_cat","embeddable":true,"href":"https:\/\/eurotech-iasi.ro\/magazinonline\/wp-json\/wp\/v2\/product_cat?post=83741"},{"taxonomy":"product_tag","embeddable":true,"href":"https:\/\/eurotech-iasi.ro\/magazinonline\/wp-json\/wp\/v2\/product_tag?post=83741"},{"taxonomy":"woo-feed-brand","embeddable":true,"href":"https:\/\/eurotech-iasi.ro\/magazinonline\/wp-json\/wp\/v2\/woo-feed-brand?post=83741"}],"curies":[{"name":"wp","href":"https:\/\/api.w.org\/{rel}","templated":true}]}}