{"id":84346,"date":"2023-03-02T16:22:33","date_gmt":"2023-03-02T14:22:33","guid":{"rendered":"https:\/\/eurotech-iasi.ro\/magazinonline\/?post_type=product&#038;p=84346"},"modified":"2026-03-20T13:20:52","modified_gmt":"2026-03-20T11:20:52","slug":"taietor-teava-de-cupru-roslice-rothenberger","status":"publish","type":"product","link":"https:\/\/eurotech-iasi.ro\/magazinonline\/produs\/taietor-teava-de-cupru-roslice-rothenberger\/","title":{"rendered":"Taietor teava de cupru ROSLICE Rothenberger"},"content":{"rendered":"<p><strong><a title=\"Taietor teava de cupru ROSLICE Rothenberger\" href=\"https:\/\/eurotech-iasi.ro\/magazinonline\/produs\/taietor-teava-de-cupru-roslice-rothenberger\/\" rel=\"nofollow\">Taietor teava de cupru ROSLICE Rothenberger<\/a> <\/strong>rapid pentru debitarea tevilor din cupru \u00a0ideal pentru locuri greu accesibile spatiu necesar de lucru redus.<\/p>\n<p>Aceste taietoare sunt disponibile pentru diametrele de \u00d8 15 mm, \u00d8 18 mm, \u00d8 22 mm.<\/p>\n<p><em><strong>Avantaje:<\/strong><\/em><\/p>\n<ul>\n<li>Taiere rapida in doar cateva rotiri<\/li>\n<li>Nu deformeaza teava<\/li>\n<li>Forma ergonomica, ideal pentru accesul in spatii mici<\/li>\n<li>Suprafata speciala antialunecare<\/li>\n<\/ul>\n","protected":false},"excerpt":{"rendered":"<p><strong>Taietor teava de cupru ROSLICE Rothenberger<\/strong> rapid pentru debitarea tevilor din cupru \u00a0ideal pentru locuri greu accesibile spatiu necesar de lucru redus.<\/p>\n<p>Aceste taietoare sunt disponibile pentru diametrele de \u00d8 15 mm, \u00d8 18 mm, \u00d8 22 mm.<\/p>\n<p><em><strong>Cod produs: 888xx<\/strong><\/em><\/p>\n","protected":false},"featured_media":84350,"comment_status":"open","ping_status":"closed","template":"","meta":{"_acf_changed":false},"product_cat":[4997,5000],"product_tag":[],"woo-feed-brand":[],"class_list":{"0":"post-84346","1":"product","2":"type-product","3":"status-publish","4":"has-post-thumbnail","6":"product_brand-rothenberger","7":"product_cat-instalatii","8":"product_cat-tehnica-pentru-lipire-si-sudare","9":"pa_brand-rothenberger","10":"pa_diametru-de-taiere-o-15-mm","11":"pa_diametru-de-taiere-o-18-mm","12":"pa_diametru-de-taiere-o-22-mm","14":"first","15":"instock","16":"shipping-taxable","17":"purchasable","18":"product-type-variable"},"acf":[],"yoast_head":"<!-- This site is optimized with the Yoast SEO plugin v27.5 - https:\/\/yoast.com\/product\/yoast-seo-wordpress\/ -->\n<title>Taietor teava de cupru ROSLICE Rothenberger - Eurotech Iasi<\/title>\n<meta name=\"robots\" content=\"index, follow, max-snippet:-1, max-image-preview:large, max-video-preview:-1\" \/>\n<link rel=\"canonical\" href=\"https:\/\/eurotech-iasi.ro\/magazinonline\/produs\/taietor-teava-de-cupru-roslice-rothenberger\/\" \/>\n<meta property=\"og:locale\" content=\"ro_RO\" \/>\n<meta property=\"og:type\" content=\"article\" \/>\n<meta property=\"og:title\" content=\"Taietor teava de cupru ROSLICE Rothenberger - Eurotech Iasi\" \/>\n<meta property=\"og:description\" content=\"Taietor teava de cupru ROSLICE Rothenberger rapid pentru debitarea tevilor din cupru \u00a0ideal pentru locuri greu accesibile spatiu necesar de lucru redus.  Aceste taietoare sunt disponibile pentru diametrele de \u00d8 15 mm, \u00d8 18 mm, \u00d8 22 mm.  Cod produs: 888xx\" \/>\n<meta property=\"og:url\" content=\"https:\/\/eurotech-iasi.ro\/magazinonline\/produs\/taietor-teava-de-cupru-roslice-rothenberger\/\" \/>\n<meta property=\"og:site_name\" content=\"Eurotech Iasi\" \/>\n<meta property=\"article:publisher\" content=\"https:\/\/www.facebook.com\/EurotechIasi\/\" \/>\n<meta property=\"article:modified_time\" content=\"2026-03-20T11:20:52+00:00\" \/>\n<meta property=\"og:image\" content=\"https:\/\/eurotech-iasi.ro\/magazinonline\/wp-content\/uploads\/2023\/03\/Taietor-teava-de-cupru-ROSLICE-Rothenberger-1.png\" \/>\n\t<meta property=\"og:image:width\" content=\"750\" \/>\n\t<meta property=\"og:image:height\" content=\"750\" \/>\n\t<meta property=\"og:image:type\" content=\"image\/png\" \/>\n<meta name=\"twitter:label1\" content=\"Timp estimat pentru citire\" \/>\n\t<meta name=\"twitter:data1\" content=\"1 minut\" \/>\n<script type=\"application\/ld+json\" class=\"yoast-schema-graph\">{\"@context\":\"https:\\\/\\\/schema.org\",\"@graph\":[{\"@type\":\"WebPage\",\"@id\":\"https:\\\/\\\/eurotech-iasi.ro\\\/magazinonline\\\/produs\\\/taietor-teava-de-cupru-roslice-rothenberger\\\/\",\"url\":\"https:\\\/\\\/eurotech-iasi.ro\\\/magazinonline\\\/produs\\\/taietor-teava-de-cupru-roslice-rothenberger\\\/\",\"name\":\"Taietor teava de cupru ROSLICE Rothenberger - Eurotech Iasi\",\"isPartOf\":{\"@id\":\"https:\\\/\\\/eurotech-iasi.ro\\\/magazinonline\\\/#website\"},\"primaryImageOfPage\":{\"@id\":\"https:\\\/\\\/eurotech-iasi.ro\\\/magazinonline\\\/produs\\\/taietor-teava-de-cupru-roslice-rothenberger\\\/#primaryimage\"},\"image\":{\"@id\":\"https:\\\/\\\/eurotech-iasi.ro\\\/magazinonline\\\/produs\\\/taietor-teava-de-cupru-roslice-rothenberger\\\/#primaryimage\"},\"thumbnailUrl\":\"https:\\\/\\\/eurotech-iasi.ro\\\/magazinonline\\\/wp-content\\\/uploads\\\/2023\\\/03\\\/Taietor-teava-de-cupru-ROSLICE-Rothenberger-1.png\",\"datePublished\":\"2023-03-02T14:22:33+00:00\",\"dateModified\":\"2026-03-20T11:20:52+00:00\",\"breadcrumb\":{\"@id\":\"https:\\\/\\\/eurotech-iasi.ro\\\/magazinonline\\\/produs\\\/taietor-teava-de-cupru-roslice-rothenberger\\\/#breadcrumb\"},\"inLanguage\":\"ro-RO\",\"potentialAction\":[{\"@type\":\"ReadAction\",\"target\":[\"https:\\\/\\\/eurotech-iasi.ro\\\/magazinonline\\\/produs\\\/taietor-teava-de-cupru-roslice-rothenberger\\\/\"]}]},{\"@type\":\"ImageObject\",\"inLanguage\":\"ro-RO\",\"@id\":\"https:\\\/\\\/eurotech-iasi.ro\\\/magazinonline\\\/produs\\\/taietor-teava-de-cupru-roslice-rothenberger\\\/#primaryimage\",\"url\":\"https:\\\/\\\/eurotech-iasi.ro\\\/magazinonline\\\/wp-content\\\/uploads\\\/2023\\\/03\\\/Taietor-teava-de-cupru-ROSLICE-Rothenberger-1.png\",\"contentUrl\":\"https:\\\/\\\/eurotech-iasi.ro\\\/magazinonline\\\/wp-content\\\/uploads\\\/2023\\\/03\\\/Taietor-teava-de-cupru-ROSLICE-Rothenberger-1.png\",\"width\":750,\"height\":750,\"caption\":\"Taietor teava de cupru ROSLICE Rothenberger\"},{\"@type\":\"BreadcrumbList\",\"@id\":\"https:\\\/\\\/eurotech-iasi.ro\\\/magazinonline\\\/produs\\\/taietor-teava-de-cupru-roslice-rothenberger\\\/#breadcrumb\",\"itemListElement\":[{\"@type\":\"ListItem\",\"position\":1,\"name\":\"Prima pagin\u0103\",\"item\":\"https:\\\/\\\/eurotech-iasi.ro\\\/magazinonline\\\/\"},{\"@type\":\"ListItem\",\"position\":2,\"name\":\"Shop\",\"item\":\"https:\\\/\\\/eurotech-iasi.ro\\\/magazinonline\\\/shop\\\/\"},{\"@type\":\"ListItem\",\"position\":3,\"name\":\"Taietor teava de cupru ROSLICE Rothenberger\"}]},{\"@type\":\"WebSite\",\"@id\":\"https:\\\/\\\/eurotech-iasi.ro\\\/magazinonline\\\/#website\",\"url\":\"https:\\\/\\\/eurotech-iasi.ro\\\/magazinonline\\\/\",\"name\":\"Eurotech Iasi\",\"description\":\"Cu oameni seriosi\",\"publisher\":{\"@id\":\"https:\\\/\\\/eurotech-iasi.ro\\\/magazinonline\\\/#organization\"},\"potentialAction\":[{\"@type\":\"SearchAction\",\"target\":{\"@type\":\"EntryPoint\",\"urlTemplate\":\"https:\\\/\\\/eurotech-iasi.ro\\\/magazinonline\\\/?s={search_term_string}\"},\"query-input\":{\"@type\":\"PropertyValueSpecification\",\"valueRequired\":true,\"valueName\":\"search_term_string\"}}],\"inLanguage\":\"ro-RO\"},{\"@type\":\"Organization\",\"@id\":\"https:\\\/\\\/eurotech-iasi.ro\\\/magazinonline\\\/#organization\",\"name\":\"Eurotech Iasi\",\"url\":\"https:\\\/\\\/eurotech-iasi.ro\\\/magazinonline\\\/\",\"logo\":{\"@type\":\"ImageObject\",\"inLanguage\":\"ro-RO\",\"@id\":\"https:\\\/\\\/eurotech-iasi.ro\\\/magazinonline\\\/#\\\/schema\\\/logo\\\/image\\\/\",\"url\":\"https:\\\/\\\/eurotech-iasi.ro\\\/magazinonline\\\/wp-content\\\/uploads\\\/2020\\\/08\\\/logo-eurotech.png\",\"contentUrl\":\"https:\\\/\\\/eurotech-iasi.ro\\\/magazinonline\\\/wp-content\\\/uploads\\\/2020\\\/08\\\/logo-eurotech.png\",\"width\":290,\"height\":70,\"caption\":\"Eurotech Iasi\"},\"image\":{\"@id\":\"https:\\\/\\\/eurotech-iasi.ro\\\/magazinonline\\\/#\\\/schema\\\/logo\\\/image\\\/\"},\"sameAs\":[\"https:\\\/\\\/www.facebook.com\\\/EurotechIasi\\\/\"]}]}<\/script>\n<!-- \/ Yoast SEO plugin. -->","yoast_head_json":{"title":"Taietor teava de cupru ROSLICE Rothenberger - Eurotech Iasi","robots":{"index":"index","follow":"follow","max-snippet":"max-snippet:-1","max-image-preview":"max-image-preview:large","max-video-preview":"max-video-preview:-1"},"canonical":"https:\/\/eurotech-iasi.ro\/magazinonline\/produs\/taietor-teava-de-cupru-roslice-rothenberger\/","og_locale":"ro_RO","og_type":"article","og_title":"Taietor teava de cupru ROSLICE Rothenberger - Eurotech Iasi","og_description":"Taietor teava de cupru ROSLICE Rothenberger rapid pentru debitarea tevilor din cupru \u00a0ideal pentru locuri greu accesibile spatiu necesar de lucru redus.  Aceste taietoare sunt disponibile pentru diametrele de \u00d8 15 mm, \u00d8 18 mm, \u00d8 22 mm.  Cod produs: 888xx","og_url":"https:\/\/eurotech-iasi.ro\/magazinonline\/produs\/taietor-teava-de-cupru-roslice-rothenberger\/","og_site_name":"Eurotech Iasi","article_publisher":"https:\/\/www.facebook.com\/EurotechIasi\/","article_modified_time":"2026-03-20T11:20:52+00:00","og_image":[{"width":750,"height":750,"url":"https:\/\/eurotech-iasi.ro\/magazinonline\/wp-content\/uploads\/2023\/03\/Taietor-teava-de-cupru-ROSLICE-Rothenberger-1.png","type":"image\/png"}],"twitter_misc":{"Timp estimat pentru citire":"1 minut"},"schema":{"@context":"https:\/\/schema.org","@graph":[{"@type":"WebPage","@id":"https:\/\/eurotech-iasi.ro\/magazinonline\/produs\/taietor-teava-de-cupru-roslice-rothenberger\/","url":"https:\/\/eurotech-iasi.ro\/magazinonline\/produs\/taietor-teava-de-cupru-roslice-rothenberger\/","name":"Taietor teava de cupru ROSLICE Rothenberger - Eurotech Iasi","isPartOf":{"@id":"https:\/\/eurotech-iasi.ro\/magazinonline\/#website"},"primaryImageOfPage":{"@id":"https:\/\/eurotech-iasi.ro\/magazinonline\/produs\/taietor-teava-de-cupru-roslice-rothenberger\/#primaryimage"},"image":{"@id":"https:\/\/eurotech-iasi.ro\/magazinonline\/produs\/taietor-teava-de-cupru-roslice-rothenberger\/#primaryimage"},"thumbnailUrl":"https:\/\/eurotech-iasi.ro\/magazinonline\/wp-content\/uploads\/2023\/03\/Taietor-teava-de-cupru-ROSLICE-Rothenberger-1.png","datePublished":"2023-03-02T14:22:33+00:00","dateModified":"2026-03-20T11:20:52+00:00","breadcrumb":{"@id":"https:\/\/eurotech-iasi.ro\/magazinonline\/produs\/taietor-teava-de-cupru-roslice-rothenberger\/#breadcrumb"},"inLanguage":"ro-RO","potentialAction":[{"@type":"ReadAction","target":["https:\/\/eurotech-iasi.ro\/magazinonline\/produs\/taietor-teava-de-cupru-roslice-rothenberger\/"]}]},{"@type":"ImageObject","inLanguage":"ro-RO","@id":"https:\/\/eurotech-iasi.ro\/magazinonline\/produs\/taietor-teava-de-cupru-roslice-rothenberger\/#primaryimage","url":"https:\/\/eurotech-iasi.ro\/magazinonline\/wp-content\/uploads\/2023\/03\/Taietor-teava-de-cupru-ROSLICE-Rothenberger-1.png","contentUrl":"https:\/\/eurotech-iasi.ro\/magazinonline\/wp-content\/uploads\/2023\/03\/Taietor-teava-de-cupru-ROSLICE-Rothenberger-1.png","width":750,"height":750,"caption":"Taietor teava de cupru ROSLICE Rothenberger"},{"@type":"BreadcrumbList","@id":"https:\/\/eurotech-iasi.ro\/magazinonline\/produs\/taietor-teava-de-cupru-roslice-rothenberger\/#breadcrumb","itemListElement":[{"@type":"ListItem","position":1,"name":"Prima pagin\u0103","item":"https:\/\/eurotech-iasi.ro\/magazinonline\/"},{"@type":"ListItem","position":2,"name":"Shop","item":"https:\/\/eurotech-iasi.ro\/magazinonline\/shop\/"},{"@type":"ListItem","position":3,"name":"Taietor teava de cupru ROSLICE Rothenberger"}]},{"@type":"WebSite","@id":"https:\/\/eurotech-iasi.ro\/magazinonline\/#website","url":"https:\/\/eurotech-iasi.ro\/magazinonline\/","name":"Eurotech Iasi","description":"Cu oameni seriosi","publisher":{"@id":"https:\/\/eurotech-iasi.ro\/magazinonline\/#organization"},"potentialAction":[{"@type":"SearchAction","target":{"@type":"EntryPoint","urlTemplate":"https:\/\/eurotech-iasi.ro\/magazinonline\/?s={search_term_string}"},"query-input":{"@type":"PropertyValueSpecification","valueRequired":true,"valueName":"search_term_string"}}],"inLanguage":"ro-RO"},{"@type":"Organization","@id":"https:\/\/eurotech-iasi.ro\/magazinonline\/#organization","name":"Eurotech Iasi","url":"https:\/\/eurotech-iasi.ro\/magazinonline\/","logo":{"@type":"ImageObject","inLanguage":"ro-RO","@id":"https:\/\/eurotech-iasi.ro\/magazinonline\/#\/schema\/logo\/image\/","url":"https:\/\/eurotech-iasi.ro\/magazinonline\/wp-content\/uploads\/2020\/08\/logo-eurotech.png","contentUrl":"https:\/\/eurotech-iasi.ro\/magazinonline\/wp-content\/uploads\/2020\/08\/logo-eurotech.png","width":290,"height":70,"caption":"Eurotech Iasi"},"image":{"@id":"https:\/\/eurotech-iasi.ro\/magazinonline\/#\/schema\/logo\/image\/"},"sameAs":["https:\/\/www.facebook.com\/EurotechIasi\/"]}]}},"_links":{"self":[{"href":"https:\/\/eurotech-iasi.ro\/magazinonline\/wp-json\/wp\/v2\/product\/84346","targetHints":{"allow":["GET"]}}],"collection":[{"href":"https:\/\/eurotech-iasi.ro\/magazinonline\/wp-json\/wp\/v2\/product"}],"about":[{"href":"https:\/\/eurotech-iasi.ro\/magazinonline\/wp-json\/wp\/v2\/types\/product"}],"replies":[{"embeddable":true,"href":"https:\/\/eurotech-iasi.ro\/magazinonline\/wp-json\/wp\/v2\/comments?post=84346"}],"wp:featuredmedia":[{"embeddable":true,"href":"https:\/\/eurotech-iasi.ro\/magazinonline\/wp-json\/wp\/v2\/media\/84350"}],"wp:attachment":[{"href":"https:\/\/eurotech-iasi.ro\/magazinonline\/wp-json\/wp\/v2\/media?parent=84346"}],"wp:term":[{"taxonomy":"product_cat","embeddable":true,"href":"https:\/\/eurotech-iasi.ro\/magazinonline\/wp-json\/wp\/v2\/product_cat?post=84346"},{"taxonomy":"product_tag","embeddable":true,"href":"https:\/\/eurotech-iasi.ro\/magazinonline\/wp-json\/wp\/v2\/product_tag?post=84346"},{"taxonomy":"woo-feed-brand","embeddable":true,"href":"https:\/\/eurotech-iasi.ro\/magazinonline\/wp-json\/wp\/v2\/woo-feed-brand?post=84346"}],"curies":[{"name":"wp","href":"https:\/\/api.w.org\/{rel}","templated":true}]}}