{"id":87940,"date":"2023-05-30T16:45:31","date_gmt":"2023-05-30T13:45:31","guid":{"rendered":"https:\/\/eurotech-iasi.ro\/magazinonline\/?post_type=product&#038;p=87940"},"modified":"2023-08-10T10:02:11","modified_gmt":"2023-08-10T07:02:11","slug":"pompa-de-suprafata-solara-progarden-tssgj32-35-48-500","status":"publish","type":"product","link":"https:\/\/eurotech-iasi.ro\/magazinonline\/produs\/pompa-de-suprafata-solara-progarden-tssgj32-35-48-500\/","title":{"rendered":"Pompa de suprafata solara Progarden TSSGJ3.2-35-48\/500"},"content":{"rendered":"<p><a title=\"Pompa de suprafata solara Progarden TSSGJ3.2-35-48\/500\" href=\"https:\/\/eurotech-iasi.ro\/magazinonline\/produs\/pompa-de-suprafata-solara-progarden-tssgj32-35-48-500\/\" rel=\"nofollow\"><strong>Pompa de suprafata solara Progarden TSSGJ3.2-35-48\/500<\/strong><\/a> cu puterea de 500W\/48V este o pompa de suprafata de 1&#8243; adecvata pomparii apei curate fara particule solide, necorozive, fiind deosebit de performanta, reprezinta o varianta de alimentare cu apa folosind energia solara; o energie verde, sustenabila, economica, si fara emisii poluante.<\/p>\n<div><strong>Avantaje:<\/strong><\/div>\n<ul>\n<li>Controler pompa cu tehnologie MPPT (Maximum Power Point Tracker \u2013 dispozitiv electronic care eficientizeaza la maxim puterea produsa de catre panourile fotovoltaice)<\/li>\n<li>Motor bobinat 100% din cupru<\/li>\n<li>Dubla izolatie a rotorului si statorului motorului \u2013 protejeaza impotriva socurilor electrice \u2013 astfel, atat rotorul cat si statorul sunt izolate unul fata de celalalt cat si fata de carcasa pompei. In acest caz, in eventualitatea unui scurt circuit sau daca carcasa ar fi grav sau puternic avariata, curentul electric este impiediat sa se transmita intre componentele motorului.<br \/>\nIzolatia dubla este un aspect obligatoriu in cazul anumitor aparate electrice, iar pompele de apa Progarden respecta cu strictete cel mai ridicate standarde si normative in ceea ce priveste siguranta consumatorilor.<\/li>\n<li>Motor in curent continuu cu magneti permanenti, fara perii colectoare care ofera un randament cu 25% mai ridicat fata de motoarele electrice traditionale (in curent alternativ).<\/li>\n<li>Motorul fara perii colectoare mai prezinta, in plus, avantajul ca nu necesita niciun fel de intretinere, comparativ cu motoarele cu perii de carbon in cazul carora, aceste perii, trebuie inlocuite dupa o anumita perioada, altfel motorul nu mai functioneaza.<\/li>\n<li>Corp pompa din otel inoxidabil (inox) si turbina din bronz<\/li>\n<li>Inclusiv suruburile folosite la prinderi sunt realizate din otel inoxidabil DIN316 \u2013 un material deosebit de rezistent la coroziune<\/li>\n<li>Pompa poate fi folosita pentru irigatul traditional, irigat prin pricurare sau in sistem automat de umplere a rezervoarelor de apa, sau golirea rezervoarelor acestora, alimentarea spatiilor de locuit mai ales in zonele unde lipseste sistemul energetic national.<\/li>\n<\/ul>\n<h2>Specificatii tehnice &#8211; Pompa de suprafata solara Progarden TSSGJ3.2-35-48\/500:<\/h2>\n<div>Putere pompa: 500 W<\/div>\n<div>Curent: 10 A<\/div>\n<div>Tensiune alimentare: 48 V<\/div>\n<div>Debit maxim: 3.2 m3\/h (53.3 L\/min)<\/div>\n<div>Inaltime maxima pompare: 35 m<\/div>\n<div>Adancime maxima de absorbtie: 8 metri<\/div>\n<div>Racord aspiratie: 1\u201d<\/div>\n<div>Racord refulare: 1\u201d<\/div>\n<div>Turatie nominala: 3450 rpm<\/div>\n<div>Grad de protectie: IP54<\/div>\n<div>Clasa de izolatie: I<\/div>\n<div>Lungimea cablului de alimentare: 2.9 m<\/div>\n<div>Dimensiuni produs: 400 x 375 x 270 mm<\/div>\n<div>Greutate neta\/bruta: 13 \/ 14 kg<\/div>\n<div><\/div>\n<div>\n<div><strong>Controler pompa:<\/strong><\/div>\n<div>Faciliteaza functionarea pompei gestionand curentul electric produs de panourile fotovoltaice.<\/div>\n<div>Dispune de posibilitatea de a conecta un set de acumulatori* pentru ca pompa sa poata functiona in perioadele cu lipsa temporara a luminii solare.<\/div>\n<div>Gestioneaza incarcarea eficienta a acumulatorilor de la panourile solare<\/div>\n<div>Potentiometru pentru reglarea turatiei pompei (implicit marirea sau micsorarea debitului de apa).<\/div>\n<div>Potentionemtru pentru stabilirea duratei de intarziere a pornirii pompei (plaja de reglaj a intarzierii de pornire se poate stabili in intervalul 0-30 de minute) &#8211; este o functie foarte utila in cazul in care senzorul de nivel din put comanda oprirea pompei din cauza lipsei apei, iar in acest caz doriti o intarziere la pornire pentru restabilirea nivelului de apa.<\/div>\n<div><\/div>\n<div><strong>Date tehnice controler:<\/strong><\/div>\n<div>Tensiune nominala: 48V, curent continuu<\/div>\n<div>Curent nominal: 10A<\/div>\n<div>Putere maxima: 500W<\/div>\n<div>Tensiunea maxima la mers in gol admisa (VOC)<strong>**<\/strong>: 100V, curent continuu<\/div>\n<div>Temperatura maxima ambientala: -20\u00b0C &#8230; +50\u00b0C<\/div>\n<div><\/div>\n<div><strong>Legaturi borne controler:<\/strong><\/div>\n<div><strong>P+, P-<\/strong>\u00a0= conectare borne plus, respectiv minus panouri solare<\/div>\n<div><strong>B+, B-<\/strong>\u00a0= conectare borne plus, respectiv minus acumulator<\/div>\n<div><strong>1, 2, 3<\/strong>\u00a0= conectare pompa electrica<\/div>\n<div><strong>COM2, TH<\/strong>\u00a0= conectare senzor nivel rezervor apa<\/div>\n<div><strong>COM1, WH<\/strong>\u00a0= conectare senzor nivel put (fantana)<\/div>\n<div><strong><br \/>\n<em>Set livrare:<\/em><\/strong><\/div>\n<ul>\n<li>1 x pompa TSSGJ3.2-35-48-500<\/li>\n<li>1 x controler pompa<\/li>\n<li>2 x senzori de nivel<\/li>\n<li>1 x banda teflon<\/li>\n<\/ul>\n<\/div>\n","protected":false},"excerpt":{"rendered":"<p><strong>Pompa de suprafata solara Progarden TSSGJ3.2-35-48\/500<\/strong> cu puterea de 500W\/48V este o pompa de suprafata adecvata pomparii apei curate fara particule solide, necorozive.<\/p>\n<p><em><strong>Cod produs: 457003TSSGJ323548<\/strong><\/em><\/p>\n<p><strong><em><span style=\"color: #ff0000;\">ATENTIE:<\/span> <\/em><em><span style=\"color: red;\">Panoul solar nu este inclus in setul de livrare, acesta se achizitioneaza separat!- este necesara achizitia a doua panouri; Acumulatorii nu sunt inclusi in setul de livrare!<\/span><\/em><\/strong><\/p>\n<p><strong>Conform Legii 39\/2023, TVA-ul pentru acest produs este de 5% pentru Persoanele Fizice, respectiv 19% pentru Persoanele Juridice.<\/strong><br \/>\n<strong>Pre\u021bul afi\u0219at este cu TVA 5%, pentru cump\u0103r\u0103torii Persoane Juridice valoarea total\u0103 se va comunica telefonic sau prin email.<\/strong><\/p>\n","protected":false},"featured_media":87951,"comment_status":"open","ping_status":"closed","template":"","meta":{"_acf_changed":false},"product_cat":[13706,13586,4341,13579],"product_tag":[],"woo-feed-brand":[],"class_list":{"0":"post-87940","1":"product","2":"type-product","3":"status-publish","4":"has-post-thumbnail","6":"product_brand-progarden","7":"product_cat-pompe","8":"product_cat-pompe-apa-solare","9":"product_cat-pompe-motopompe-hidrofoare","10":"product_cat-sisteme-fotovoltaice","11":"pa_brand-progarden","12":"pa_debit-maxim-3-2-m3-h-53-3-l-min","13":"pa_dimensiuni-400-x-375-x-270-mm","14":"pa_greutate-neta-bruta-13-14-kg","15":"pa_putere-500-w","17":"first","18":"instock","19":"shipping-taxable","20":"purchasable","21":"product-type-simple"},"acf":[],"yoast_head":"<!-- This site is optimized with the Yoast SEO plugin v27.5 - https:\/\/yoast.com\/product\/yoast-seo-wordpress\/ -->\n<title>Pompa de suprafata solara Progarden TSSGJ3.2-35-48\/500 - Eurotech Iasi<\/title>\n<meta name=\"robots\" content=\"index, follow, max-snippet:-1, max-image-preview:large, max-video-preview:-1\" \/>\n<link rel=\"canonical\" href=\"https:\/\/eurotech-iasi.ro\/magazinonline\/produs\/pompa-de-suprafata-solara-progarden-tssgj32-35-48-500\/\" \/>\n<meta property=\"og:locale\" content=\"ro_RO\" \/>\n<meta property=\"og:type\" content=\"article\" \/>\n<meta property=\"og:title\" content=\"Pompa de suprafata solara Progarden TSSGJ3.2-35-48\/500 - Eurotech Iasi\" \/>\n<meta property=\"og:description\" content=\"Pompa de suprafata solara Progarden TSSGJ3.2-35-48\/500 cu puterea de 500W\/48V este o pompa de suprafata adecvata pomparii apei curate fara particule solide, necorozive.  Cod produs: 457003TSSGJ323548  ATENTIE: Panoul solar nu este inclus in setul de livrare, acesta se achizitioneaza separat!- este necesara achizitia a doua panouri; Acumulatorii nu sunt inclusi in setul de livrare!  Conform Legii 39\/2023, TVA-ul pentru acest produs este de 5% pentru Persoanele Fizice, respectiv 19% pentru Persoanele Juridice. Pre\u021bul afi\u0219at este cu TVA 5%, pentru cump\u0103r\u0103torii Persoane Juridice valoarea total\u0103 se va comunica telefonic sau prin email.\" \/>\n<meta property=\"og:url\" content=\"https:\/\/eurotech-iasi.ro\/magazinonline\/produs\/pompa-de-suprafata-solara-progarden-tssgj32-35-48-500\/\" \/>\n<meta property=\"og:site_name\" content=\"Eurotech Iasi\" \/>\n<meta property=\"article:publisher\" content=\"https:\/\/www.facebook.com\/EurotechIasi\/\" \/>\n<meta property=\"article:modified_time\" content=\"2023-08-10T07:02:11+00:00\" \/>\n<meta property=\"og:image\" content=\"https:\/\/eurotech-iasi.ro\/magazinonline\/wp-content\/uploads\/2023\/05\/Pompa-de-suprafata-solara-Progarden-TSSGJ3.2-35-48500-1.jpg\" \/>\n\t<meta property=\"og:image:width\" content=\"750\" \/>\n\t<meta property=\"og:image:height\" content=\"750\" \/>\n\t<meta property=\"og:image:type\" content=\"image\/jpeg\" \/>\n<meta name=\"twitter:label1\" content=\"Timp estimat pentru citire\" \/>\n\t<meta name=\"twitter:data1\" content=\"3 minute\" \/>\n<script type=\"application\/ld+json\" class=\"yoast-schema-graph\">{\"@context\":\"https:\\\/\\\/schema.org\",\"@graph\":[{\"@type\":\"WebPage\",\"@id\":\"https:\\\/\\\/eurotech-iasi.ro\\\/magazinonline\\\/produs\\\/pompa-de-suprafata-solara-progarden-tssgj32-35-48-500\\\/\",\"url\":\"https:\\\/\\\/eurotech-iasi.ro\\\/magazinonline\\\/produs\\\/pompa-de-suprafata-solara-progarden-tssgj32-35-48-500\\\/\",\"name\":\"Pompa de suprafata solara Progarden TSSGJ3.2-35-48\\\/500 - Eurotech Iasi\",\"isPartOf\":{\"@id\":\"https:\\\/\\\/eurotech-iasi.ro\\\/magazinonline\\\/#website\"},\"primaryImageOfPage\":{\"@id\":\"https:\\\/\\\/eurotech-iasi.ro\\\/magazinonline\\\/produs\\\/pompa-de-suprafata-solara-progarden-tssgj32-35-48-500\\\/#primaryimage\"},\"image\":{\"@id\":\"https:\\\/\\\/eurotech-iasi.ro\\\/magazinonline\\\/produs\\\/pompa-de-suprafata-solara-progarden-tssgj32-35-48-500\\\/#primaryimage\"},\"thumbnailUrl\":\"https:\\\/\\\/eurotech-iasi.ro\\\/magazinonline\\\/wp-content\\\/uploads\\\/2023\\\/05\\\/Pompa-de-suprafata-solara-Progarden-TSSGJ3.2-35-48500-1.jpg\",\"datePublished\":\"2023-05-30T13:45:31+00:00\",\"dateModified\":\"2023-08-10T07:02:11+00:00\",\"breadcrumb\":{\"@id\":\"https:\\\/\\\/eurotech-iasi.ro\\\/magazinonline\\\/produs\\\/pompa-de-suprafata-solara-progarden-tssgj32-35-48-500\\\/#breadcrumb\"},\"inLanguage\":\"ro-RO\",\"potentialAction\":[{\"@type\":\"ReadAction\",\"target\":[\"https:\\\/\\\/eurotech-iasi.ro\\\/magazinonline\\\/produs\\\/pompa-de-suprafata-solara-progarden-tssgj32-35-48-500\\\/\"]}]},{\"@type\":\"ImageObject\",\"inLanguage\":\"ro-RO\",\"@id\":\"https:\\\/\\\/eurotech-iasi.ro\\\/magazinonline\\\/produs\\\/pompa-de-suprafata-solara-progarden-tssgj32-35-48-500\\\/#primaryimage\",\"url\":\"https:\\\/\\\/eurotech-iasi.ro\\\/magazinonline\\\/wp-content\\\/uploads\\\/2023\\\/05\\\/Pompa-de-suprafata-solara-Progarden-TSSGJ3.2-35-48500-1.jpg\",\"contentUrl\":\"https:\\\/\\\/eurotech-iasi.ro\\\/magazinonline\\\/wp-content\\\/uploads\\\/2023\\\/05\\\/Pompa-de-suprafata-solara-Progarden-TSSGJ3.2-35-48500-1.jpg\",\"width\":750,\"height\":750,\"caption\":\"Pompa de suprafata solara Progarden TSSGJ3.2-35-48500\"},{\"@type\":\"BreadcrumbList\",\"@id\":\"https:\\\/\\\/eurotech-iasi.ro\\\/magazinonline\\\/produs\\\/pompa-de-suprafata-solara-progarden-tssgj32-35-48-500\\\/#breadcrumb\",\"itemListElement\":[{\"@type\":\"ListItem\",\"position\":1,\"name\":\"Prima pagin\u0103\",\"item\":\"https:\\\/\\\/eurotech-iasi.ro\\\/magazinonline\\\/\"},{\"@type\":\"ListItem\",\"position\":2,\"name\":\"Shop\",\"item\":\"https:\\\/\\\/eurotech-iasi.ro\\\/magazinonline\\\/shop\\\/\"},{\"@type\":\"ListItem\",\"position\":3,\"name\":\"Pompa de suprafata solara Progarden TSSGJ3.2-35-48\\\/500\"}]},{\"@type\":\"WebSite\",\"@id\":\"https:\\\/\\\/eurotech-iasi.ro\\\/magazinonline\\\/#website\",\"url\":\"https:\\\/\\\/eurotech-iasi.ro\\\/magazinonline\\\/\",\"name\":\"Eurotech Iasi\",\"description\":\"Cu oameni seriosi\",\"publisher\":{\"@id\":\"https:\\\/\\\/eurotech-iasi.ro\\\/magazinonline\\\/#organization\"},\"potentialAction\":[{\"@type\":\"SearchAction\",\"target\":{\"@type\":\"EntryPoint\",\"urlTemplate\":\"https:\\\/\\\/eurotech-iasi.ro\\\/magazinonline\\\/?s={search_term_string}\"},\"query-input\":{\"@type\":\"PropertyValueSpecification\",\"valueRequired\":true,\"valueName\":\"search_term_string\"}}],\"inLanguage\":\"ro-RO\"},{\"@type\":\"Organization\",\"@id\":\"https:\\\/\\\/eurotech-iasi.ro\\\/magazinonline\\\/#organization\",\"name\":\"Eurotech Iasi\",\"url\":\"https:\\\/\\\/eurotech-iasi.ro\\\/magazinonline\\\/\",\"logo\":{\"@type\":\"ImageObject\",\"inLanguage\":\"ro-RO\",\"@id\":\"https:\\\/\\\/eurotech-iasi.ro\\\/magazinonline\\\/#\\\/schema\\\/logo\\\/image\\\/\",\"url\":\"https:\\\/\\\/eurotech-iasi.ro\\\/magazinonline\\\/wp-content\\\/uploads\\\/2020\\\/08\\\/logo-eurotech.png\",\"contentUrl\":\"https:\\\/\\\/eurotech-iasi.ro\\\/magazinonline\\\/wp-content\\\/uploads\\\/2020\\\/08\\\/logo-eurotech.png\",\"width\":290,\"height\":70,\"caption\":\"Eurotech Iasi\"},\"image\":{\"@id\":\"https:\\\/\\\/eurotech-iasi.ro\\\/magazinonline\\\/#\\\/schema\\\/logo\\\/image\\\/\"},\"sameAs\":[\"https:\\\/\\\/www.facebook.com\\\/EurotechIasi\\\/\"]}]}<\/script>\n<!-- \/ Yoast SEO plugin. -->","yoast_head_json":{"title":"Pompa de suprafata solara Progarden TSSGJ3.2-35-48\/500 - Eurotech Iasi","robots":{"index":"index","follow":"follow","max-snippet":"max-snippet:-1","max-image-preview":"max-image-preview:large","max-video-preview":"max-video-preview:-1"},"canonical":"https:\/\/eurotech-iasi.ro\/magazinonline\/produs\/pompa-de-suprafata-solara-progarden-tssgj32-35-48-500\/","og_locale":"ro_RO","og_type":"article","og_title":"Pompa de suprafata solara Progarden TSSGJ3.2-35-48\/500 - Eurotech Iasi","og_description":"Pompa de suprafata solara Progarden TSSGJ3.2-35-48\/500 cu puterea de 500W\/48V este o pompa de suprafata adecvata pomparii apei curate fara particule solide, necorozive.  Cod produs: 457003TSSGJ323548  ATENTIE: Panoul solar nu este inclus in setul de livrare, acesta se achizitioneaza separat!- este necesara achizitia a doua panouri; Acumulatorii nu sunt inclusi in setul de livrare!  Conform Legii 39\/2023, TVA-ul pentru acest produs este de 5% pentru Persoanele Fizice, respectiv 19% pentru Persoanele Juridice. Pre\u021bul afi\u0219at este cu TVA 5%, pentru cump\u0103r\u0103torii Persoane Juridice valoarea total\u0103 se va comunica telefonic sau prin email.","og_url":"https:\/\/eurotech-iasi.ro\/magazinonline\/produs\/pompa-de-suprafata-solara-progarden-tssgj32-35-48-500\/","og_site_name":"Eurotech Iasi","article_publisher":"https:\/\/www.facebook.com\/EurotechIasi\/","article_modified_time":"2023-08-10T07:02:11+00:00","og_image":[{"width":750,"height":750,"url":"https:\/\/eurotech-iasi.ro\/magazinonline\/wp-content\/uploads\/2023\/05\/Pompa-de-suprafata-solara-Progarden-TSSGJ3.2-35-48500-1.jpg","type":"image\/jpeg"}],"twitter_misc":{"Timp estimat pentru citire":"3 minute"},"schema":{"@context":"https:\/\/schema.org","@graph":[{"@type":"WebPage","@id":"https:\/\/eurotech-iasi.ro\/magazinonline\/produs\/pompa-de-suprafata-solara-progarden-tssgj32-35-48-500\/","url":"https:\/\/eurotech-iasi.ro\/magazinonline\/produs\/pompa-de-suprafata-solara-progarden-tssgj32-35-48-500\/","name":"Pompa de suprafata solara Progarden TSSGJ3.2-35-48\/500 - Eurotech Iasi","isPartOf":{"@id":"https:\/\/eurotech-iasi.ro\/magazinonline\/#website"},"primaryImageOfPage":{"@id":"https:\/\/eurotech-iasi.ro\/magazinonline\/produs\/pompa-de-suprafata-solara-progarden-tssgj32-35-48-500\/#primaryimage"},"image":{"@id":"https:\/\/eurotech-iasi.ro\/magazinonline\/produs\/pompa-de-suprafata-solara-progarden-tssgj32-35-48-500\/#primaryimage"},"thumbnailUrl":"https:\/\/eurotech-iasi.ro\/magazinonline\/wp-content\/uploads\/2023\/05\/Pompa-de-suprafata-solara-Progarden-TSSGJ3.2-35-48500-1.jpg","datePublished":"2023-05-30T13:45:31+00:00","dateModified":"2023-08-10T07:02:11+00:00","breadcrumb":{"@id":"https:\/\/eurotech-iasi.ro\/magazinonline\/produs\/pompa-de-suprafata-solara-progarden-tssgj32-35-48-500\/#breadcrumb"},"inLanguage":"ro-RO","potentialAction":[{"@type":"ReadAction","target":["https:\/\/eurotech-iasi.ro\/magazinonline\/produs\/pompa-de-suprafata-solara-progarden-tssgj32-35-48-500\/"]}]},{"@type":"ImageObject","inLanguage":"ro-RO","@id":"https:\/\/eurotech-iasi.ro\/magazinonline\/produs\/pompa-de-suprafata-solara-progarden-tssgj32-35-48-500\/#primaryimage","url":"https:\/\/eurotech-iasi.ro\/magazinonline\/wp-content\/uploads\/2023\/05\/Pompa-de-suprafata-solara-Progarden-TSSGJ3.2-35-48500-1.jpg","contentUrl":"https:\/\/eurotech-iasi.ro\/magazinonline\/wp-content\/uploads\/2023\/05\/Pompa-de-suprafata-solara-Progarden-TSSGJ3.2-35-48500-1.jpg","width":750,"height":750,"caption":"Pompa de suprafata solara Progarden TSSGJ3.2-35-48500"},{"@type":"BreadcrumbList","@id":"https:\/\/eurotech-iasi.ro\/magazinonline\/produs\/pompa-de-suprafata-solara-progarden-tssgj32-35-48-500\/#breadcrumb","itemListElement":[{"@type":"ListItem","position":1,"name":"Prima pagin\u0103","item":"https:\/\/eurotech-iasi.ro\/magazinonline\/"},{"@type":"ListItem","position":2,"name":"Shop","item":"https:\/\/eurotech-iasi.ro\/magazinonline\/shop\/"},{"@type":"ListItem","position":3,"name":"Pompa de suprafata solara Progarden TSSGJ3.2-35-48\/500"}]},{"@type":"WebSite","@id":"https:\/\/eurotech-iasi.ro\/magazinonline\/#website","url":"https:\/\/eurotech-iasi.ro\/magazinonline\/","name":"Eurotech Iasi","description":"Cu oameni seriosi","publisher":{"@id":"https:\/\/eurotech-iasi.ro\/magazinonline\/#organization"},"potentialAction":[{"@type":"SearchAction","target":{"@type":"EntryPoint","urlTemplate":"https:\/\/eurotech-iasi.ro\/magazinonline\/?s={search_term_string}"},"query-input":{"@type":"PropertyValueSpecification","valueRequired":true,"valueName":"search_term_string"}}],"inLanguage":"ro-RO"},{"@type":"Organization","@id":"https:\/\/eurotech-iasi.ro\/magazinonline\/#organization","name":"Eurotech Iasi","url":"https:\/\/eurotech-iasi.ro\/magazinonline\/","logo":{"@type":"ImageObject","inLanguage":"ro-RO","@id":"https:\/\/eurotech-iasi.ro\/magazinonline\/#\/schema\/logo\/image\/","url":"https:\/\/eurotech-iasi.ro\/magazinonline\/wp-content\/uploads\/2020\/08\/logo-eurotech.png","contentUrl":"https:\/\/eurotech-iasi.ro\/magazinonline\/wp-content\/uploads\/2020\/08\/logo-eurotech.png","width":290,"height":70,"caption":"Eurotech Iasi"},"image":{"@id":"https:\/\/eurotech-iasi.ro\/magazinonline\/#\/schema\/logo\/image\/"},"sameAs":["https:\/\/www.facebook.com\/EurotechIasi\/"]}]}},"_links":{"self":[{"href":"https:\/\/eurotech-iasi.ro\/magazinonline\/wp-json\/wp\/v2\/product\/87940","targetHints":{"allow":["GET"]}}],"collection":[{"href":"https:\/\/eurotech-iasi.ro\/magazinonline\/wp-json\/wp\/v2\/product"}],"about":[{"href":"https:\/\/eurotech-iasi.ro\/magazinonline\/wp-json\/wp\/v2\/types\/product"}],"replies":[{"embeddable":true,"href":"https:\/\/eurotech-iasi.ro\/magazinonline\/wp-json\/wp\/v2\/comments?post=87940"}],"wp:featuredmedia":[{"embeddable":true,"href":"https:\/\/eurotech-iasi.ro\/magazinonline\/wp-json\/wp\/v2\/media\/87951"}],"wp:attachment":[{"href":"https:\/\/eurotech-iasi.ro\/magazinonline\/wp-json\/wp\/v2\/media?parent=87940"}],"wp:term":[{"taxonomy":"product_cat","embeddable":true,"href":"https:\/\/eurotech-iasi.ro\/magazinonline\/wp-json\/wp\/v2\/product_cat?post=87940"},{"taxonomy":"product_tag","embeddable":true,"href":"https:\/\/eurotech-iasi.ro\/magazinonline\/wp-json\/wp\/v2\/product_tag?post=87940"},{"taxonomy":"woo-feed-brand","embeddable":true,"href":"https:\/\/eurotech-iasi.ro\/magazinonline\/wp-json\/wp\/v2\/woo-feed-brand?post=87940"}],"curies":[{"name":"wp","href":"https:\/\/api.w.org\/{rel}","templated":true}]}}