{"id":87954,"date":"2023-05-30T16:43:33","date_gmt":"2023-05-30T13:43:33","guid":{"rendered":"https:\/\/eurotech-iasi.ro\/magazinonline\/?post_type=product&#038;p=87954"},"modified":"2025-08-07T06:54:27","modified_gmt":"2025-08-07T03:54:27","slug":"pompa-submersibila-multietajata-solara-progarden-3tsc3-5-50-48-500","status":"publish","type":"product","link":"https:\/\/eurotech-iasi.ro\/magazinonline\/produs\/pompa-submersibila-multietajata-solara-progarden-3tsc3-5-50-48-500\/","title":{"rendered":"Pompa submersibila multietajata solara Progarden 3TSC3.5-50-48\/500"},"content":{"rendered":"<p><a title=\"Pompa submersibila multietajata solara Progarden 3TSC3.5-50-48\/500\" href=\"https:\/\/eurotech-iasi.ro\/magazinonline\/produs\/pompa-submersibila-multietajata-solara-progarden-3tsc3-5-50-48-500\/\" rel=\"nofollow\"><strong>Pompa submersibila multietajata solara Progarden 3TSC3.5-50-48\/500<\/strong><\/a> cu puterea de 500W\/48V MPPT, fara PFV, 50m, 3.5mch, multietajata, apa curata este o pompa submersibila multietajata cu motor cu magneti permanenti, in baie de ulei adecvata pomparii apei curate fara particule solide, necorozive.<\/p>\n<div><strong>Avantaje:<\/strong><\/div>\n<ul>\n<li>\n<div>Controler pompa cu tehnologie MPPT (Maximum Power Point Tracker \u2013 dispozitiv electronic care eficientizeaza la maxim puterea produsa de catre panourile fotovoltaice)<\/div>\n<\/li>\n<li>\n<div>Motor bobinat 100% din cupru<\/div>\n<\/li>\n<li>\n<div>Dubla izolatie a rotorului si statorului motorului \u2013 protejeaza impotriva socurilor electrice \u2013 astfel, atat rotorul cat si statorul sunt izolate unul fata de celalalt cat si fata de carcasa pompei.<\/div>\n<\/li>\n<li>\n<div>In acest caz infasurarea rotorului cat si infasurarea statorului sunt amandoua inconjurate cu material izolant astfel incat curentul electric este impiedicat sa \u201ccurga\u201d intre acestea in cazul in care carcasa ar fi grav sau puternic avariata. Izolatia dubla este un aspect obligatoriu in cazul anumitor aparate electrice, iar pompele de apa Progarden respecta cu strictete cel mai ridicate standarde si normative in ceea ce priveste siguranta consumatorilor.<\/div>\n<\/li>\n<li>\n<div>Pompa poate fi folosita pentru irigatul traditional, irigat prin picurare sau in sistem automat de umplere a rezervoarelor de apa, sau golirea acestora, alimentarea spatiilor de locuit mai ales in zonele unde lipseste sistemul energetic national.<\/div>\n<\/li>\n<\/ul>\n<h2>Specificatii tehnice &#8211; Pompa submersibila multietajata solara Progarden 3TSC3.5-50-48\/500:<\/h2>\n<div>\n<div>Putere pompa: 500 W<\/div>\n<div>Curent: 10 A<\/div>\n<div>Tensiune alimentare: 48 V<\/div>\n<div>Debit maxim: 3.5 m3\/h (58.3 L\/min)<\/div>\n<div>Inaltime maxima pompare: 50 m<\/div>\n<div>Adancime maxima imersie: 30<\/div>\n<div>Diametru pompa: 3\u201d<\/div>\n<div>Racord refulare: 1\u201d<\/div>\n<div>Turatie nominala: 3450 rpm<\/div>\n<div>Grad de protectie: IP68<\/div>\n<div>Clasa de protectie: I<\/div>\n<div>Temperatura max. a apei: &lt;45\u00b0C<\/div>\n<div>Lungimea cablului de alimentare: 2.4 m<\/div>\n<div>Dimensiuni produs: 700 x 75 x 75 mm<\/div>\n<div>\n<p>Greutate neta \/ bruta: 12 \/ 14 kg<\/p>\n<\/div>\n<div>\n<div><strong>Controler pompa:<\/strong><\/div>\n<div>Faciliteaza functionarea pompei gestionand curentul electric produs de panourile fotovoltaice.<\/div>\n<div>Dispune de posibilitatea de a conecta un set de acumulatori* pentru ca pompa sa poata functiona in perioadele cu lipsa temporara a luminii solare.<\/div>\n<div>Gestioneaza incarcarea eficienta a acumulatorilor de la panourile solare<\/div>\n<div>Potentiometru pentru reglarea turatiei pompei (implicit marirea sau micsorarea debitului de apa).<\/div>\n<div>Potentionemtru pentru stabilirea duratei de intarziere a pornirii pompei (plaja de reglaj a intarzierii de pornire se poate stabili in intervalul 0-30 de minute) &#8211; este o functie foarte utila in cazul in care senzorul de nivel din put comanda oprirea pompei din cauza lipsei apei, iar in acest caz doriti o intarziere la pornire pentru restabilirea nivelului de apa.<\/div>\n<div><\/div>\n<div><strong>Date tehnice controler:<\/strong><\/div>\n<div>Tensiune nominala: 48V, curent continuu<\/div>\n<div>Curent nominal: 10A<\/div>\n<div>Putere maxima: 500W<\/div>\n<div>Tensiunea maxima la mers in gol admisa (VOC)<strong>**<\/strong>: 100V, curent continuu<\/div>\n<div>Temperatura maxima ambientala: -20\u00b0C &#8230; +50\u00b0C<\/div>\n<div><\/div>\n<div><strong>Legaturi borne controler:<\/strong><\/div>\n<div><strong>P+, P-<\/strong>\u00a0= conectare borne plus, respectiv minus panouri solare<\/div>\n<div><strong>B+, B-<\/strong>\u00a0= conectare borne plus, respectiv minus acumulator<\/div>\n<div><strong>1, 2, 3<\/strong>\u00a0= conectare pompa electrica<\/div>\n<div><strong>COM2, TH<\/strong>\u00a0= conectare senzor nivel rezervor apa<\/div>\n<div><strong>COM1, WH<\/strong>\u00a0= conectare senzor nivel put (fantana)<\/div>\n<p><strong><br \/>\nSet livrare:<\/strong><\/p>\n<\/div>\n<ul>\n<li>1 x pompa 3TSC3.5-50-48-500<\/li>\n<li>1 x controler pompa<\/li>\n<li>2 x senzori de nivel<\/li>\n<\/ul>\n<div>\n<div>\n<p><strong>Panoul solar nu este inclus in setul de livrare, acesta se achizitioneaza separat***<\/strong><\/p>\n<p>Model panou solar recomandat, comercializat de Proenerg:<br \/>\n5180SP460M72H Sunpal SP460M-72H Panou fotovoltaic 460W, monocristalin, half-cut<\/p>\n<p>&nbsp;<\/p>\n<div><strong>* Acumulatorii nu sunt inclusi in setul de livrare<br \/>\n<\/strong><\/div>\n<div><strong>**<\/strong>\u00a0Este strict interzis ca VOC total panouri solare (tensiunea maxima la mers in gol) sa fie mai mare decat VOC controler!<\/div>\n<div>*** este necesara achizitia a doua panouri<\/div>\n<p><strong><br \/>\n<em>In achizitia panourilor compatibile trebuie sa aveti in vedere urmatoarele:<\/em><br \/>\n<\/strong><\/p>\n<div>Putere panouri \u2265 Puterea pompei x 1.3<\/div>\n<div>Puterea panourilor trebuie sa fie de minim 650W. Iar total VMP panouri \u2265 60 volti respectiv VOC panouri &lt; 100V<\/div>\n<div>Recomandam, in asa fel incat sa existe o rezerva de putere pentru zile mai putin insorite, in felul urmator:<\/div>\n<div>Doua panouri solare a cate 400-500W, fiecare, iar acestea doua legate in serie cu urmatoarele caracteristici individuale:<\/div>\n<div>VMP: 41.4 V<\/div>\n<div>VOC: 50V<\/div>\n<div><\/div>\n<div><em><strong>Nota:\u00a0<\/strong><\/em><\/div>\n<div>VOC &#8211; Voltage Open Circuit &#8211; Tensiune furnizata la mers in gol<\/div>\n<div>\n<p>VMP &#8211;\u00a0 Voltage at Maximum Power &#8211; Tensiune furnizata la putere maxima<\/p>\n<div><em><strong>Alegere acumulatori:<\/strong><\/em><\/div>\n<div>Utilizati doar acumulatori plumb-acid. Daca veti utiliza mai multi acumulatori plumb-acid, acestia trebuie sa fie identici iar tensiunea acestora, dupa conectarea tuturor, trebuie sa fie egala cu tensiunea nominala a pompei (48Volti). Pe de alta parte, cu cat capacitatea acumulatorului (Ah) va fi mai mare, cu atat durata de functionare a pompei va fi mai mare.<\/div>\n<\/div>\n<\/div>\n<\/div>\n<\/div>\n","protected":false},"excerpt":{"rendered":"<p><strong>Pompa submersibila multietajata solara Progarden 3TSC3.5-50-48\/500<\/strong> cu puterea de 500W\/48V este o pompa submersibila multietajata cu motor cu magneti permanenti, in baie de ulei adecvata pomparii apei curate fara particule solide, necorozive.<\/p>\n<p><em><strong>Cod produs: 457003TSC355048<\/strong><\/em><br \/>\n<strong><em><span style=\"color: #ff0000;\">ATENTIE:<\/span> <\/em><em><span style=\"color: red;\">Panoul solar nu este inclus in setul de livrare, acesta se achizitioneaza separat!- este necesara achizitia a doua panouri; Acumulatorii nu sunt inclusi in setul de livrare!<\/span><\/em><\/strong><\/p>\n<p><strong>Conform Legii 39\/2023, TVA-ul pentru acest produs este de 5% pentru Persoanele Fizice, respectiv 19% pentru Persoanele Juridice.<\/strong><br \/>\n<strong>Pre\u021bul afi\u0219at este cu TVA 5%, pentru cump\u0103r\u0103torii Persoane Juridice valoarea total\u0103 se va comunica telefonic sau prin email.<\/strong><\/p>\n","protected":false},"featured_media":88005,"comment_status":"open","ping_status":"closed","template":"","meta":{"_acf_changed":false},"product_cat":[13586,4408,4341,13579],"product_tag":[],"woo-feed-brand":[],"class_list":{"0":"post-87954","1":"product","2":"type-product","3":"status-publish","4":"has-post-thumbnail","6":"product_brand-progarden","7":"product_cat-pompe-apa-solare","8":"product_cat-pompe-submersibila","9":"product_cat-pompe-motopompe-hidrofoare","10":"product_cat-sisteme-fotovoltaice","11":"pa_brand-progarden","12":"pa_debit-maxim-3-2-m3-h-53-3-l-min","13":"pa_dimensiuni-400-x-375-x-270-mm","14":"pa_greutate-neta-bruta-13-14-kg","15":"pa_putere-500-w","17":"first","18":"outofstock","19":"shipping-taxable","20":"purchasable","21":"product-type-simple"},"acf":[],"yoast_head":"<!-- This site is optimized with the Yoast SEO plugin v27.5 - https:\/\/yoast.com\/product\/yoast-seo-wordpress\/ -->\n<title>Pompa submersibila multietajata solara Progarden 3TSC3.5-50-48\/500 - Eurotech Iasi<\/title>\n<meta name=\"robots\" content=\"index, follow, max-snippet:-1, max-image-preview:large, max-video-preview:-1\" \/>\n<link rel=\"canonical\" href=\"https:\/\/eurotech-iasi.ro\/magazinonline\/produs\/pompa-submersibila-multietajata-solara-progarden-3tsc3-5-50-48-500\/\" \/>\n<meta property=\"og:locale\" content=\"ro_RO\" \/>\n<meta property=\"og:type\" content=\"article\" \/>\n<meta property=\"og:title\" content=\"Pompa submersibila multietajata solara Progarden 3TSC3.5-50-48\/500 - Eurotech Iasi\" \/>\n<meta property=\"og:description\" content=\"Pompa submersibila multietajata solara Progarden 3TSC3.5-50-48\/500 cu puterea de 500W\/48V este o pompa submersibila multietajata cu motor cu magneti permanenti, in baie de ulei adecvata pomparii apei curate fara particule solide, necorozive.  Cod produs: 457003TSC355048 ATENTIE: Panoul solar nu este inclus in setul de livrare, acesta se achizitioneaza separat!- este necesara achizitia a doua panouri; Acumulatorii nu sunt inclusi in setul de livrare!  Conform Legii 39\/2023, TVA-ul pentru acest produs este de 5% pentru Persoanele Fizice, respectiv 19% pentru Persoanele Juridice. Pre\u021bul afi\u0219at este cu TVA 5%, pentru cump\u0103r\u0103torii Persoane Juridice valoarea total\u0103 se va comunica telefonic sau prin email.\" \/>\n<meta property=\"og:url\" content=\"https:\/\/eurotech-iasi.ro\/magazinonline\/produs\/pompa-submersibila-multietajata-solara-progarden-3tsc3-5-50-48-500\/\" \/>\n<meta property=\"og:site_name\" content=\"Eurotech Iasi\" \/>\n<meta property=\"article:publisher\" content=\"https:\/\/www.facebook.com\/EurotechIasi\/\" \/>\n<meta property=\"article:modified_time\" content=\"2025-08-07T03:54:27+00:00\" \/>\n<meta property=\"og:image\" content=\"https:\/\/eurotech-iasi.ro\/magazinonline\/wp-content\/uploads\/2023\/05\/Pompa-submersibila-multietajata-solara-Progarden-3TSC3.5-50-48500-1.jpg\" \/>\n\t<meta property=\"og:image:width\" content=\"750\" \/>\n\t<meta property=\"og:image:height\" content=\"750\" \/>\n\t<meta property=\"og:image:type\" content=\"image\/jpeg\" \/>\n<meta name=\"twitter:label1\" content=\"Timp estimat pentru citire\" \/>\n\t<meta name=\"twitter:data1\" content=\"3 minute\" \/>\n<script type=\"application\/ld+json\" class=\"yoast-schema-graph\">{\"@context\":\"https:\\\/\\\/schema.org\",\"@graph\":[{\"@type\":\"WebPage\",\"@id\":\"https:\\\/\\\/eurotech-iasi.ro\\\/magazinonline\\\/produs\\\/pompa-submersibila-multietajata-solara-progarden-3tsc3-5-50-48-500\\\/\",\"url\":\"https:\\\/\\\/eurotech-iasi.ro\\\/magazinonline\\\/produs\\\/pompa-submersibila-multietajata-solara-progarden-3tsc3-5-50-48-500\\\/\",\"name\":\"Pompa submersibila multietajata solara Progarden 3TSC3.5-50-48\\\/500 - Eurotech Iasi\",\"isPartOf\":{\"@id\":\"https:\\\/\\\/eurotech-iasi.ro\\\/magazinonline\\\/#website\"},\"primaryImageOfPage\":{\"@id\":\"https:\\\/\\\/eurotech-iasi.ro\\\/magazinonline\\\/produs\\\/pompa-submersibila-multietajata-solara-progarden-3tsc3-5-50-48-500\\\/#primaryimage\"},\"image\":{\"@id\":\"https:\\\/\\\/eurotech-iasi.ro\\\/magazinonline\\\/produs\\\/pompa-submersibila-multietajata-solara-progarden-3tsc3-5-50-48-500\\\/#primaryimage\"},\"thumbnailUrl\":\"https:\\\/\\\/eurotech-iasi.ro\\\/magazinonline\\\/wp-content\\\/uploads\\\/2023\\\/05\\\/Pompa-submersibila-multietajata-solara-Progarden-3TSC3.5-50-48500-1.jpg\",\"datePublished\":\"2023-05-30T13:43:33+00:00\",\"dateModified\":\"2025-08-07T03:54:27+00:00\",\"breadcrumb\":{\"@id\":\"https:\\\/\\\/eurotech-iasi.ro\\\/magazinonline\\\/produs\\\/pompa-submersibila-multietajata-solara-progarden-3tsc3-5-50-48-500\\\/#breadcrumb\"},\"inLanguage\":\"ro-RO\",\"potentialAction\":[{\"@type\":\"ReadAction\",\"target\":[\"https:\\\/\\\/eurotech-iasi.ro\\\/magazinonline\\\/produs\\\/pompa-submersibila-multietajata-solara-progarden-3tsc3-5-50-48-500\\\/\"]}]},{\"@type\":\"ImageObject\",\"inLanguage\":\"ro-RO\",\"@id\":\"https:\\\/\\\/eurotech-iasi.ro\\\/magazinonline\\\/produs\\\/pompa-submersibila-multietajata-solara-progarden-3tsc3-5-50-48-500\\\/#primaryimage\",\"url\":\"https:\\\/\\\/eurotech-iasi.ro\\\/magazinonline\\\/wp-content\\\/uploads\\\/2023\\\/05\\\/Pompa-submersibila-multietajata-solara-Progarden-3TSC3.5-50-48500-1.jpg\",\"contentUrl\":\"https:\\\/\\\/eurotech-iasi.ro\\\/magazinonline\\\/wp-content\\\/uploads\\\/2023\\\/05\\\/Pompa-submersibila-multietajata-solara-Progarden-3TSC3.5-50-48500-1.jpg\",\"width\":750,\"height\":750,\"caption\":\"Pompa submersibila multietajata solara Progarden 3TSC3.5-50-48500\"},{\"@type\":\"BreadcrumbList\",\"@id\":\"https:\\\/\\\/eurotech-iasi.ro\\\/magazinonline\\\/produs\\\/pompa-submersibila-multietajata-solara-progarden-3tsc3-5-50-48-500\\\/#breadcrumb\",\"itemListElement\":[{\"@type\":\"ListItem\",\"position\":1,\"name\":\"Prima pagin\u0103\",\"item\":\"https:\\\/\\\/eurotech-iasi.ro\\\/magazinonline\\\/\"},{\"@type\":\"ListItem\",\"position\":2,\"name\":\"Shop\",\"item\":\"https:\\\/\\\/eurotech-iasi.ro\\\/magazinonline\\\/shop\\\/\"},{\"@type\":\"ListItem\",\"position\":3,\"name\":\"Pompa submersibila multietajata solara Progarden 3TSC3.5-50-48\\\/500\"}]},{\"@type\":\"WebSite\",\"@id\":\"https:\\\/\\\/eurotech-iasi.ro\\\/magazinonline\\\/#website\",\"url\":\"https:\\\/\\\/eurotech-iasi.ro\\\/magazinonline\\\/\",\"name\":\"Eurotech Iasi\",\"description\":\"Cu oameni seriosi\",\"publisher\":{\"@id\":\"https:\\\/\\\/eurotech-iasi.ro\\\/magazinonline\\\/#organization\"},\"potentialAction\":[{\"@type\":\"SearchAction\",\"target\":{\"@type\":\"EntryPoint\",\"urlTemplate\":\"https:\\\/\\\/eurotech-iasi.ro\\\/magazinonline\\\/?s={search_term_string}\"},\"query-input\":{\"@type\":\"PropertyValueSpecification\",\"valueRequired\":true,\"valueName\":\"search_term_string\"}}],\"inLanguage\":\"ro-RO\"},{\"@type\":\"Organization\",\"@id\":\"https:\\\/\\\/eurotech-iasi.ro\\\/magazinonline\\\/#organization\",\"name\":\"Eurotech Iasi\",\"url\":\"https:\\\/\\\/eurotech-iasi.ro\\\/magazinonline\\\/\",\"logo\":{\"@type\":\"ImageObject\",\"inLanguage\":\"ro-RO\",\"@id\":\"https:\\\/\\\/eurotech-iasi.ro\\\/magazinonline\\\/#\\\/schema\\\/logo\\\/image\\\/\",\"url\":\"https:\\\/\\\/eurotech-iasi.ro\\\/magazinonline\\\/wp-content\\\/uploads\\\/2020\\\/08\\\/logo-eurotech.png\",\"contentUrl\":\"https:\\\/\\\/eurotech-iasi.ro\\\/magazinonline\\\/wp-content\\\/uploads\\\/2020\\\/08\\\/logo-eurotech.png\",\"width\":290,\"height\":70,\"caption\":\"Eurotech Iasi\"},\"image\":{\"@id\":\"https:\\\/\\\/eurotech-iasi.ro\\\/magazinonline\\\/#\\\/schema\\\/logo\\\/image\\\/\"},\"sameAs\":[\"https:\\\/\\\/www.facebook.com\\\/EurotechIasi\\\/\"]}]}<\/script>\n<!-- \/ Yoast SEO plugin. -->","yoast_head_json":{"title":"Pompa submersibila multietajata solara Progarden 3TSC3.5-50-48\/500 - Eurotech Iasi","robots":{"index":"index","follow":"follow","max-snippet":"max-snippet:-1","max-image-preview":"max-image-preview:large","max-video-preview":"max-video-preview:-1"},"canonical":"https:\/\/eurotech-iasi.ro\/magazinonline\/produs\/pompa-submersibila-multietajata-solara-progarden-3tsc3-5-50-48-500\/","og_locale":"ro_RO","og_type":"article","og_title":"Pompa submersibila multietajata solara Progarden 3TSC3.5-50-48\/500 - Eurotech Iasi","og_description":"Pompa submersibila multietajata solara Progarden 3TSC3.5-50-48\/500 cu puterea de 500W\/48V este o pompa submersibila multietajata cu motor cu magneti permanenti, in baie de ulei adecvata pomparii apei curate fara particule solide, necorozive.  Cod produs: 457003TSC355048 ATENTIE: Panoul solar nu este inclus in setul de livrare, acesta se achizitioneaza separat!- este necesara achizitia a doua panouri; Acumulatorii nu sunt inclusi in setul de livrare!  Conform Legii 39\/2023, TVA-ul pentru acest produs este de 5% pentru Persoanele Fizice, respectiv 19% pentru Persoanele Juridice. Pre\u021bul afi\u0219at este cu TVA 5%, pentru cump\u0103r\u0103torii Persoane Juridice valoarea total\u0103 se va comunica telefonic sau prin email.","og_url":"https:\/\/eurotech-iasi.ro\/magazinonline\/produs\/pompa-submersibila-multietajata-solara-progarden-3tsc3-5-50-48-500\/","og_site_name":"Eurotech Iasi","article_publisher":"https:\/\/www.facebook.com\/EurotechIasi\/","article_modified_time":"2025-08-07T03:54:27+00:00","og_image":[{"width":750,"height":750,"url":"https:\/\/eurotech-iasi.ro\/magazinonline\/wp-content\/uploads\/2023\/05\/Pompa-submersibila-multietajata-solara-Progarden-3TSC3.5-50-48500-1.jpg","type":"image\/jpeg"}],"twitter_misc":{"Timp estimat pentru citire":"3 minute"},"schema":{"@context":"https:\/\/schema.org","@graph":[{"@type":"WebPage","@id":"https:\/\/eurotech-iasi.ro\/magazinonline\/produs\/pompa-submersibila-multietajata-solara-progarden-3tsc3-5-50-48-500\/","url":"https:\/\/eurotech-iasi.ro\/magazinonline\/produs\/pompa-submersibila-multietajata-solara-progarden-3tsc3-5-50-48-500\/","name":"Pompa submersibila multietajata solara Progarden 3TSC3.5-50-48\/500 - Eurotech Iasi","isPartOf":{"@id":"https:\/\/eurotech-iasi.ro\/magazinonline\/#website"},"primaryImageOfPage":{"@id":"https:\/\/eurotech-iasi.ro\/magazinonline\/produs\/pompa-submersibila-multietajata-solara-progarden-3tsc3-5-50-48-500\/#primaryimage"},"image":{"@id":"https:\/\/eurotech-iasi.ro\/magazinonline\/produs\/pompa-submersibila-multietajata-solara-progarden-3tsc3-5-50-48-500\/#primaryimage"},"thumbnailUrl":"https:\/\/eurotech-iasi.ro\/magazinonline\/wp-content\/uploads\/2023\/05\/Pompa-submersibila-multietajata-solara-Progarden-3TSC3.5-50-48500-1.jpg","datePublished":"2023-05-30T13:43:33+00:00","dateModified":"2025-08-07T03:54:27+00:00","breadcrumb":{"@id":"https:\/\/eurotech-iasi.ro\/magazinonline\/produs\/pompa-submersibila-multietajata-solara-progarden-3tsc3-5-50-48-500\/#breadcrumb"},"inLanguage":"ro-RO","potentialAction":[{"@type":"ReadAction","target":["https:\/\/eurotech-iasi.ro\/magazinonline\/produs\/pompa-submersibila-multietajata-solara-progarden-3tsc3-5-50-48-500\/"]}]},{"@type":"ImageObject","inLanguage":"ro-RO","@id":"https:\/\/eurotech-iasi.ro\/magazinonline\/produs\/pompa-submersibila-multietajata-solara-progarden-3tsc3-5-50-48-500\/#primaryimage","url":"https:\/\/eurotech-iasi.ro\/magazinonline\/wp-content\/uploads\/2023\/05\/Pompa-submersibila-multietajata-solara-Progarden-3TSC3.5-50-48500-1.jpg","contentUrl":"https:\/\/eurotech-iasi.ro\/magazinonline\/wp-content\/uploads\/2023\/05\/Pompa-submersibila-multietajata-solara-Progarden-3TSC3.5-50-48500-1.jpg","width":750,"height":750,"caption":"Pompa submersibila multietajata solara Progarden 3TSC3.5-50-48500"},{"@type":"BreadcrumbList","@id":"https:\/\/eurotech-iasi.ro\/magazinonline\/produs\/pompa-submersibila-multietajata-solara-progarden-3tsc3-5-50-48-500\/#breadcrumb","itemListElement":[{"@type":"ListItem","position":1,"name":"Prima pagin\u0103","item":"https:\/\/eurotech-iasi.ro\/magazinonline\/"},{"@type":"ListItem","position":2,"name":"Shop","item":"https:\/\/eurotech-iasi.ro\/magazinonline\/shop\/"},{"@type":"ListItem","position":3,"name":"Pompa submersibila multietajata solara Progarden 3TSC3.5-50-48\/500"}]},{"@type":"WebSite","@id":"https:\/\/eurotech-iasi.ro\/magazinonline\/#website","url":"https:\/\/eurotech-iasi.ro\/magazinonline\/","name":"Eurotech Iasi","description":"Cu oameni seriosi","publisher":{"@id":"https:\/\/eurotech-iasi.ro\/magazinonline\/#organization"},"potentialAction":[{"@type":"SearchAction","target":{"@type":"EntryPoint","urlTemplate":"https:\/\/eurotech-iasi.ro\/magazinonline\/?s={search_term_string}"},"query-input":{"@type":"PropertyValueSpecification","valueRequired":true,"valueName":"search_term_string"}}],"inLanguage":"ro-RO"},{"@type":"Organization","@id":"https:\/\/eurotech-iasi.ro\/magazinonline\/#organization","name":"Eurotech Iasi","url":"https:\/\/eurotech-iasi.ro\/magazinonline\/","logo":{"@type":"ImageObject","inLanguage":"ro-RO","@id":"https:\/\/eurotech-iasi.ro\/magazinonline\/#\/schema\/logo\/image\/","url":"https:\/\/eurotech-iasi.ro\/magazinonline\/wp-content\/uploads\/2020\/08\/logo-eurotech.png","contentUrl":"https:\/\/eurotech-iasi.ro\/magazinonline\/wp-content\/uploads\/2020\/08\/logo-eurotech.png","width":290,"height":70,"caption":"Eurotech Iasi"},"image":{"@id":"https:\/\/eurotech-iasi.ro\/magazinonline\/#\/schema\/logo\/image\/"},"sameAs":["https:\/\/www.facebook.com\/EurotechIasi\/"]}]}},"_links":{"self":[{"href":"https:\/\/eurotech-iasi.ro\/magazinonline\/wp-json\/wp\/v2\/product\/87954","targetHints":{"allow":["GET"]}}],"collection":[{"href":"https:\/\/eurotech-iasi.ro\/magazinonline\/wp-json\/wp\/v2\/product"}],"about":[{"href":"https:\/\/eurotech-iasi.ro\/magazinonline\/wp-json\/wp\/v2\/types\/product"}],"replies":[{"embeddable":true,"href":"https:\/\/eurotech-iasi.ro\/magazinonline\/wp-json\/wp\/v2\/comments?post=87954"}],"wp:featuredmedia":[{"embeddable":true,"href":"https:\/\/eurotech-iasi.ro\/magazinonline\/wp-json\/wp\/v2\/media\/88005"}],"wp:attachment":[{"href":"https:\/\/eurotech-iasi.ro\/magazinonline\/wp-json\/wp\/v2\/media?parent=87954"}],"wp:term":[{"taxonomy":"product_cat","embeddable":true,"href":"https:\/\/eurotech-iasi.ro\/magazinonline\/wp-json\/wp\/v2\/product_cat?post=87954"},{"taxonomy":"product_tag","embeddable":true,"href":"https:\/\/eurotech-iasi.ro\/magazinonline\/wp-json\/wp\/v2\/product_tag?post=87954"},{"taxonomy":"woo-feed-brand","embeddable":true,"href":"https:\/\/eurotech-iasi.ro\/magazinonline\/wp-json\/wp\/v2\/woo-feed-brand?post=87954"}],"curies":[{"name":"wp","href":"https:\/\/api.w.org\/{rel}","templated":true}]}}