{"id":87959,"date":"2023-05-30T18:18:08","date_gmt":"2023-05-30T15:18:08","guid":{"rendered":"https:\/\/eurotech-iasi.ro\/magazinonline\/?post_type=product&#038;p=87959"},"modified":"2023-05-31T15:34:57","modified_gmt":"2023-05-31T12:34:57","slug":"panou-solar-460w-monocristalin-mbb-half-cut-sunpal-sp460m-72h","status":"publish","type":"product","link":"https:\/\/eurotech-iasi.ro\/magazinonline\/produs\/panou-solar-460w-monocristalin-mbb-half-cut-sunpal-sp460m-72h\/","title":{"rendered":"Panou solar 460W monocristalin MBB Half-cut Sunpal SP460M-72H"},"content":{"rendered":"<div><strong>Panou solar 460W monocristalin MBB Half-cut Sunpal SP460M-72H<\/strong> este un\u00a0 panou fotovoltaic cu tehnologie half-cell, 144 de celule cu pierderi reduse, ideal pentru a crea un sistem de energie solara fotovoltaic rezidential si public pe acoperis si la sol.<\/div>\n<div>\n<p><em>Alte avantaje:<\/em><\/p>\n<ul>\n<li>Panourile solare fotovoltaice monocristaline utilizeaza energie solara, o sursa de energie gratuita si nu produce poluarea mediului inconjurator, fiind o sursa de energie curata.<\/li>\n<li>Captarea energiei solare pentru locuinta ta aduce numeroase avantaje: este o metoda prietenoasa cu mediul inconjurator in comparatie cu cele clasice, iti reduce mult costurile cu incalzirea pe termen lung, iar investitia initiala se amortizeaza in cativa ani.<\/li>\n<\/ul>\n<p><strong>\u00a0PANOURILE FOTOVOLTAICE CU SEMICELULE AU CEL MAI MARE RANDAMENT<\/strong><\/p>\n<ul>\n<li>Principalele avantaje ale modulelor half-cell se refera la o performanta cu 2-3% mai mare si la randamentele totale mai ridicate. Intr-un modul half-cell, celulele standard intregi sunt taiate in doua jumatati egale.<\/li>\n<li>In plus, modulul este, de asemenea, impartit intr-o jumatate superioara si o jumatate inferioara, iar semicelulele sunt dispuse pe acestea.<\/li>\n<\/ul>\n<h3><strong>Principiul de functionare:<\/strong><\/h3>\n<p>Panoul solar fotovoltaic monocristalin transforma energia luminoasa din razele solare direct in energie electrica. Componentele principale ale unui panou solar fotovoltaic sunt celulele solare.<\/p>\n<p>Panourile fotovoltaice se utilizeaza separat sau legate in baterii pentru alimentarea consumatorilor independenti sau pentru generarea de curent electric ce se livreaza in reteaua publica de curent electric.<\/p>\n<p>Celulele fotovoltaice din componenta panoului solar fotovoltaic monocristalin absorb radiatia solara si o transforma in electricitate. Acest proces de conversie a energiei luminii in energie electrica, realizat de panoul fotovoltaic, poarta numele de efect fotovoltaic.<\/p>\n<p>Panoul solar fotovoltaic produce monocristalin energie electrica de curent continuu. Astfel energia produsa de panoul fotovoltaic fie este inmagazinata in acumulatori solari (baterii solare) de mare capacitate in cazul sistemelor fotovoltaice off-grid, fie este livrata in reteaua electrica de interes public in cazul sistemelor fotovoltaice on-grid.<\/p>\n<\/div>\n<h2>Avantajele P<strong>anoului solar 460W monocristalin MBB Half-cut Sunpal SP460M-72H<\/strong> :<\/h2>\n<div>\n<ul>\n<li>Toleranta putere iesire (0 +5W) garantata<\/li>\n<li>Degradarea lenta a puterii posibila datorita tehnologiei Low LID Mono PERC:<\/li>\n<li>&#8211; primul an &lt;2%,<\/li>\n<li>&#8211; 0,55% anul 2-25<\/li>\n<li>Rezistivitate PID solida (Potential Induced Degradation) &#8211; asigurata de optimizarea tehnologica a celulelor si selectia atenta a materialelor<\/li>\n<li>Pierderi rezistive reduse datorita curentului de operare mai mic<\/li>\n<li>Randament energetic mai mare dat de temperatura de functionare mai scazuta<\/li>\n<li>Risc redus suprasarcina datorita designului optimizat<\/li>\n<\/ul>\n<\/div>\n<h2><strong>Specificatii tehnice &#8211; Panou solar 460W monocristalin MBB Half-cut Sunpal SP460M-72H:<\/strong><\/h2>\n<div>Numar celule: 144 (6&#215;24)<\/div>\n<div>Cutie legaturi: IP68, trei diode<\/div>\n<div>Temperatura lucru: -40\u00b0C\u00a0&#8230;\u00a0+85\u00b0C<\/div>\n<div>Toleranta putere iesire: 0~+5W<\/div>\n<div>Toleranta Voc si Isc: \u00b13%<\/div>\n<div>Tensiune max. sistem: 1500Vcc (IEC\/UL)<\/div>\n<div>Siguranta: 20A<\/div>\n<div>NOCT: 45\u00b12\u00b0C<\/div>\n<div>Clasa protectie: II<\/div>\n<div>Protectie la foc: UL tip 1 sau 2<\/div>\n<div>Sarcina statica max. (fata): 5400Pa<\/div>\n<div>Sarcina statica max. (spate): 2400Pa<\/div>\n<div>Eficienta celule: 21.17%<\/div>\n<div>Coeficient temperatura Isc: +0.048%\/\u00b0C<\/div>\n<div>Coeficient temperatura Voc: -0.270%\/\u00b0C<\/div>\n<div>Coeficient temperatura Pmax:-0.350%\/\u00b0C<\/div>\n<div><strong>Design:<\/strong><\/div>\n<div>Cablu iesire: 4mm\u00b2, 300mm lungime (lungimea poate fi adaptata in functie de nevoi)<\/div>\n<div>Sticla: unistrat, 3.2mm, securizata termic, acoperita antireflex<\/div>\n<div>Cadru: cadru din aliaj de aluminiu anodizat*<\/div>\n<div>Conector: MC4<\/div>\n<div>Greutate: 23.5 kg<\/div>\n<div>Dimensiuni: 2094 x 1038 x 35 mm<\/div>\n<div><\/div>\n<div><strong>Caracteristici electrice (testare\u00a0STC**\/NOCT***)<\/strong><\/div>\n<div><\/div>\n<div>Putere maxima (Pmax\/W): \u00a0 \u00a0 \u00a0 \u00a0 \u00a0 \u00a0 \u00a0 \u00a0 \u00a0 \u00a0 \u00a0 \u00a0 460 \/ 348<\/div>\n<div>Tensiune furnizata la mers gol (Voc\/V): \u00a0\u00a0 \u00a0 50 \/ 47.2<\/div>\n<div>Curent scurtcircuit (Isc\/A): \u00a0 \u00a0 \u00a0 \u00a0 \u00a0 \u00a0 \u00a0 \u00a0 \u00a0 \u00a0\u00a0\u00a0\u00a0\u00a0\u00a0 11.67 \/ 9.41<\/div>\n<div>Tensiune furnizata la putere max.(Vmp\/V): 41.4 \/ 39.1<\/div>\n<div>Curent furnizat la putere max. (Imp\/A): \u00a0 \u00a0 \u00a0 11.12\/ 8.91<br \/>\nEficienta modul (%):\u00a0 \u00a0 \u00a0 \u00a0 \u00a0 \u00a0 \u00a0 \u00a0 \u00a0 \u00a0 \u00a0 \u00a0 \u00a0 \u00a0 \u00a0 \u00a0 \u00a0 \u00a0 \u00a021.17<\/div>\n<div><\/div>\n<div><strong>Certificari sistem\/produse:<\/strong><\/div>\n<div>IEC 61215, IEC 61730, UL 61730<\/div>\n<div>ISO 9001<\/div>\n<div>ISO 14001<\/div>\n<div>OHSAS 18001<\/div>\n<div><\/div>\n<div><strong>*<\/strong>\u00a0Proces electrochimic prin care este creat un strat subtire de oxid de aluminiu pe suprafata exterioara a materialului, pentru durabilitate, aspect, stabilitate chimica<br \/>\n<strong>** STC\u00a0<\/strong>(Standard Testing Conditions\/Conditii standard de testare): Iradiere 1000W\/m2, Temperatura celulei 25\u00b0C, Spectre la AM1.5<\/div>\n<div><strong>*** NOCT<\/strong>\u00a0(Nominal Operating Cell Temperature\/Temperatura nominala de func\u021bionare a celulei): Iradiere 800W\/m2, Temperatura ambient 20\u00b0C, Spectre la AM1.5, Vant la 1m\/s<\/div>\n","protected":false},"excerpt":{"rendered":"<div><strong>Panou solar 460W monocristalin MBB Half-cut Sunpal SP460M-72H<\/strong> este un\u00a0 panou fotovoltaic cu tehnologie half-cell, 144 de celule cu pierderi reduse, ideal pentru a crea un sistem de energie solara fotovoltaic rezidential si public pe acoperis si la sol.<\/div>\n<div>\n<p>Panourile solare fotovoltaice monocristaline utilizeaza energie solara, o sursa de energie gratuita si nu produce poluarea mediului inconjurator, fiind o sursa de energie curata.<\/p>\n<p><em><strong>Cod produs: 5180SP460M72H<\/strong><\/em><\/p>\n<p><strong>Conform Legii 39\/2023, TVA-ul pentru acest produs este de 5% pentru Persoanele Fizice, respectiv 19% pentru Persoanele Juridice.<\/strong><br \/>\n<strong>Pre\u021bul afi\u0219at este cu TVA 5%, pentru cump\u0103r\u0103torii Persoane Juridice valoarea total\u0103 se va comunica telefonic sau prin email.<\/strong><\/p>\n<p><span style=\"color: #ff0000;\"><em><strong>Livrarea se realizeaza cu tranportatori atutorizati pentru a ne asigura ca ajung in stare perfecta la dumneavoastra iar in functie de disponibilitate si adresa de livrare aceasta poate sa dureze intre 2-15 zile lucratoare. Livrarea se face doar dupa plata integrala a comenzii, online cu card bancar sau prin transfer bancar cu OP in contul societatii noastre. Nu se poate realiza plata ramburs la transportator!<\/strong><\/em><\/span><\/p>\n<p><span style=\"color: #ff0000;\"><em><strong> Datorita greutatii si fragilitatii acestora, costul de transport va fi calculat in functie de locatia dumneavoastra si greutatea coletului si vi se va comunica pentru accept dupa primirea comenzii dumneavoastra.<\/strong><\/em><\/span><\/p>\n<\/div>\n","protected":false},"featured_media":87963,"comment_status":"open","ping_status":"closed","template":"","meta":{"_acf_changed":false},"product_cat":[13580,13579],"product_tag":[],"woo-feed-brand":[],"class_list":{"0":"post-87959","1":"product","2":"type-product","3":"status-publish","4":"has-post-thumbnail","6":"product_cat-panouri-fotovoltaice","7":"product_cat-sisteme-fotovoltaice","9":"first","10":"outofstock","11":"shipping-taxable","12":"purchasable","13":"product-type-simple"},"acf":[],"yoast_head":"<!-- This site is optimized with the Yoast SEO plugin v27.3 - https:\/\/yoast.com\/product\/yoast-seo-wordpress\/ -->\n<title>Panou solar 460W monocristalin MBB Half-cut Sunpal SP460M-72H - Eurotech Iasi<\/title>\n<meta name=\"robots\" content=\"index, follow, max-snippet:-1, max-image-preview:large, max-video-preview:-1\" \/>\n<link rel=\"canonical\" href=\"https:\/\/eurotech-iasi.ro\/magazinonline\/produs\/panou-solar-460w-monocristalin-mbb-half-cut-sunpal-sp460m-72h\/\" \/>\n<meta property=\"og:locale\" content=\"ro_RO\" \/>\n<meta property=\"og:type\" content=\"article\" \/>\n<meta property=\"og:title\" content=\"Panou solar 460W monocristalin MBB Half-cut Sunpal SP460M-72H - Eurotech Iasi\" \/>\n<meta property=\"og:description\" content=\"Panou solar 460W monocristalin MBB Half-cut Sunpal SP460M-72H este un\u00a0 panou fotovoltaic cu tehnologie half-cell, 144 de celule cu pierderi reduse, ideal pentru a crea un sistem de energie solara fotovoltaic rezidential si public pe acoperis si la sol.   Panourile solare fotovoltaice monocristaline utilizeaza energie solara, o sursa de energie gratuita si nu produce poluarea mediului inconjurator, fiind o sursa de energie curata.  Cod produs: 5180SP460M72H  Conform Legii 39\/2023, TVA-ul pentru acest produs este de 5% pentru Persoanele Fizice, respectiv 19% pentru Persoanele Juridice. Pre\u021bul afi\u0219at este cu TVA 5%, pentru cump\u0103r\u0103torii Persoane Juridice valoarea total\u0103 se va comunica telefonic sau prin email.  Livrarea se realizeaza cu tranportatori atutorizati pentru a ne asigura ca ajung in stare perfecta la dumneavoastra iar in functie de disponibilitate si adresa de livrare aceasta poate sa dureze intre 2-15 zile lucratoare. Livrarea se face doar dupa plata integrala a comenzii, online cu card bancar sau prin transfer bancar cu OP in contul societatii noastre. Nu se poate realiza plata ramburs la transportator!   Datorita greutatii si fragilitatii acestora, costul de transport va fi calculat in functie de locatia dumneavoastra si greutatea coletului si vi se va comunica pentru accept dupa primirea comenzii dumneavoastra.\" \/>\n<meta property=\"og:url\" content=\"https:\/\/eurotech-iasi.ro\/magazinonline\/produs\/panou-solar-460w-monocristalin-mbb-half-cut-sunpal-sp460m-72h\/\" \/>\n<meta property=\"og:site_name\" content=\"Eurotech Iasi\" \/>\n<meta property=\"article:publisher\" content=\"https:\/\/www.facebook.com\/EurotechIasi\/\" \/>\n<meta property=\"article:modified_time\" content=\"2023-05-31T12:34:57+00:00\" \/>\n<meta property=\"og:image\" content=\"https:\/\/eurotech-iasi.ro\/magazinonline\/wp-content\/uploads\/2023\/05\/Panou-solar-460W-monocristalin-MBB-Half-cut-Sunpal-SP460M-72H-2.png\" \/>\n\t<meta property=\"og:image:width\" content=\"750\" \/>\n\t<meta property=\"og:image:height\" content=\"750\" \/>\n\t<meta property=\"og:image:type\" content=\"image\/png\" \/>\n<meta name=\"twitter:label1\" content=\"Timp estimat pentru citire\" \/>\n\t<meta name=\"twitter:data1\" content=\"3 minute\" \/>\n<script type=\"application\/ld+json\" class=\"yoast-schema-graph\">{\"@context\":\"https:\\\/\\\/schema.org\",\"@graph\":[{\"@type\":\"WebPage\",\"@id\":\"https:\\\/\\\/eurotech-iasi.ro\\\/magazinonline\\\/produs\\\/panou-solar-460w-monocristalin-mbb-half-cut-sunpal-sp460m-72h\\\/\",\"url\":\"https:\\\/\\\/eurotech-iasi.ro\\\/magazinonline\\\/produs\\\/panou-solar-460w-monocristalin-mbb-half-cut-sunpal-sp460m-72h\\\/\",\"name\":\"Panou solar 460W monocristalin MBB Half-cut Sunpal SP460M-72H - Eurotech Iasi\",\"isPartOf\":{\"@id\":\"https:\\\/\\\/eurotech-iasi.ro\\\/magazinonline\\\/#website\"},\"primaryImageOfPage\":{\"@id\":\"https:\\\/\\\/eurotech-iasi.ro\\\/magazinonline\\\/produs\\\/panou-solar-460w-monocristalin-mbb-half-cut-sunpal-sp460m-72h\\\/#primaryimage\"},\"image\":{\"@id\":\"https:\\\/\\\/eurotech-iasi.ro\\\/magazinonline\\\/produs\\\/panou-solar-460w-monocristalin-mbb-half-cut-sunpal-sp460m-72h\\\/#primaryimage\"},\"thumbnailUrl\":\"https:\\\/\\\/eurotech-iasi.ro\\\/magazinonline\\\/wp-content\\\/uploads\\\/2023\\\/05\\\/Panou-solar-460W-monocristalin-MBB-Half-cut-Sunpal-SP460M-72H-2.png\",\"datePublished\":\"2023-05-30T15:18:08+00:00\",\"dateModified\":\"2023-05-31T12:34:57+00:00\",\"breadcrumb\":{\"@id\":\"https:\\\/\\\/eurotech-iasi.ro\\\/magazinonline\\\/produs\\\/panou-solar-460w-monocristalin-mbb-half-cut-sunpal-sp460m-72h\\\/#breadcrumb\"},\"inLanguage\":\"ro-RO\",\"potentialAction\":[{\"@type\":\"ReadAction\",\"target\":[\"https:\\\/\\\/eurotech-iasi.ro\\\/magazinonline\\\/produs\\\/panou-solar-460w-monocristalin-mbb-half-cut-sunpal-sp460m-72h\\\/\"]}]},{\"@type\":\"ImageObject\",\"inLanguage\":\"ro-RO\",\"@id\":\"https:\\\/\\\/eurotech-iasi.ro\\\/magazinonline\\\/produs\\\/panou-solar-460w-monocristalin-mbb-half-cut-sunpal-sp460m-72h\\\/#primaryimage\",\"url\":\"https:\\\/\\\/eurotech-iasi.ro\\\/magazinonline\\\/wp-content\\\/uploads\\\/2023\\\/05\\\/Panou-solar-460W-monocristalin-MBB-Half-cut-Sunpal-SP460M-72H-2.png\",\"contentUrl\":\"https:\\\/\\\/eurotech-iasi.ro\\\/magazinonline\\\/wp-content\\\/uploads\\\/2023\\\/05\\\/Panou-solar-460W-monocristalin-MBB-Half-cut-Sunpal-SP460M-72H-2.png\",\"width\":750,\"height\":750,\"caption\":\"Panou solar 460W monocristalin MBB Half-cut Sunpal SP460M-72H\"},{\"@type\":\"BreadcrumbList\",\"@id\":\"https:\\\/\\\/eurotech-iasi.ro\\\/magazinonline\\\/produs\\\/panou-solar-460w-monocristalin-mbb-half-cut-sunpal-sp460m-72h\\\/#breadcrumb\",\"itemListElement\":[{\"@type\":\"ListItem\",\"position\":1,\"name\":\"Prima pagin\u0103\",\"item\":\"https:\\\/\\\/eurotech-iasi.ro\\\/magazinonline\\\/\"},{\"@type\":\"ListItem\",\"position\":2,\"name\":\"Shop\",\"item\":\"https:\\\/\\\/eurotech-iasi.ro\\\/magazinonline\\\/shop\\\/\"},{\"@type\":\"ListItem\",\"position\":3,\"name\":\"Panou solar 460W monocristalin MBB Half-cut Sunpal SP460M-72H\"}]},{\"@type\":\"WebSite\",\"@id\":\"https:\\\/\\\/eurotech-iasi.ro\\\/magazinonline\\\/#website\",\"url\":\"https:\\\/\\\/eurotech-iasi.ro\\\/magazinonline\\\/\",\"name\":\"Eurotech Iasi\",\"description\":\"Cu oameni seriosi\",\"publisher\":{\"@id\":\"https:\\\/\\\/eurotech-iasi.ro\\\/magazinonline\\\/#organization\"},\"potentialAction\":[{\"@type\":\"SearchAction\",\"target\":{\"@type\":\"EntryPoint\",\"urlTemplate\":\"https:\\\/\\\/eurotech-iasi.ro\\\/magazinonline\\\/?s={search_term_string}\"},\"query-input\":{\"@type\":\"PropertyValueSpecification\",\"valueRequired\":true,\"valueName\":\"search_term_string\"}}],\"inLanguage\":\"ro-RO\"},{\"@type\":\"Organization\",\"@id\":\"https:\\\/\\\/eurotech-iasi.ro\\\/magazinonline\\\/#organization\",\"name\":\"Eurotech Iasi\",\"url\":\"https:\\\/\\\/eurotech-iasi.ro\\\/magazinonline\\\/\",\"logo\":{\"@type\":\"ImageObject\",\"inLanguage\":\"ro-RO\",\"@id\":\"https:\\\/\\\/eurotech-iasi.ro\\\/magazinonline\\\/#\\\/schema\\\/logo\\\/image\\\/\",\"url\":\"https:\\\/\\\/eurotech-iasi.ro\\\/magazinonline\\\/wp-content\\\/uploads\\\/2020\\\/08\\\/logo-eurotech.png\",\"contentUrl\":\"https:\\\/\\\/eurotech-iasi.ro\\\/magazinonline\\\/wp-content\\\/uploads\\\/2020\\\/08\\\/logo-eurotech.png\",\"width\":290,\"height\":70,\"caption\":\"Eurotech Iasi\"},\"image\":{\"@id\":\"https:\\\/\\\/eurotech-iasi.ro\\\/magazinonline\\\/#\\\/schema\\\/logo\\\/image\\\/\"},\"sameAs\":[\"https:\\\/\\\/www.facebook.com\\\/EurotechIasi\\\/\"]}]}<\/script>\n<!-- \/ Yoast SEO plugin. -->","yoast_head_json":{"title":"Panou solar 460W monocristalin MBB Half-cut Sunpal SP460M-72H - Eurotech Iasi","robots":{"index":"index","follow":"follow","max-snippet":"max-snippet:-1","max-image-preview":"max-image-preview:large","max-video-preview":"max-video-preview:-1"},"canonical":"https:\/\/eurotech-iasi.ro\/magazinonline\/produs\/panou-solar-460w-monocristalin-mbb-half-cut-sunpal-sp460m-72h\/","og_locale":"ro_RO","og_type":"article","og_title":"Panou solar 460W monocristalin MBB Half-cut Sunpal SP460M-72H - Eurotech Iasi","og_description":"Panou solar 460W monocristalin MBB Half-cut Sunpal SP460M-72H este un\u00a0 panou fotovoltaic cu tehnologie half-cell, 144 de celule cu pierderi reduse, ideal pentru a crea un sistem de energie solara fotovoltaic rezidential si public pe acoperis si la sol.   Panourile solare fotovoltaice monocristaline utilizeaza energie solara, o sursa de energie gratuita si nu produce poluarea mediului inconjurator, fiind o sursa de energie curata.  Cod produs: 5180SP460M72H  Conform Legii 39\/2023, TVA-ul pentru acest produs este de 5% pentru Persoanele Fizice, respectiv 19% pentru Persoanele Juridice. Pre\u021bul afi\u0219at este cu TVA 5%, pentru cump\u0103r\u0103torii Persoane Juridice valoarea total\u0103 se va comunica telefonic sau prin email.  Livrarea se realizeaza cu tranportatori atutorizati pentru a ne asigura ca ajung in stare perfecta la dumneavoastra iar in functie de disponibilitate si adresa de livrare aceasta poate sa dureze intre 2-15 zile lucratoare. Livrarea se face doar dupa plata integrala a comenzii, online cu card bancar sau prin transfer bancar cu OP in contul societatii noastre. Nu se poate realiza plata ramburs la transportator!   Datorita greutatii si fragilitatii acestora, costul de transport va fi calculat in functie de locatia dumneavoastra si greutatea coletului si vi se va comunica pentru accept dupa primirea comenzii dumneavoastra.","og_url":"https:\/\/eurotech-iasi.ro\/magazinonline\/produs\/panou-solar-460w-monocristalin-mbb-half-cut-sunpal-sp460m-72h\/","og_site_name":"Eurotech Iasi","article_publisher":"https:\/\/www.facebook.com\/EurotechIasi\/","article_modified_time":"2023-05-31T12:34:57+00:00","og_image":[{"width":750,"height":750,"url":"https:\/\/eurotech-iasi.ro\/magazinonline\/wp-content\/uploads\/2023\/05\/Panou-solar-460W-monocristalin-MBB-Half-cut-Sunpal-SP460M-72H-2.png","type":"image\/png"}],"twitter_misc":{"Timp estimat pentru citire":"3 minute"},"schema":{"@context":"https:\/\/schema.org","@graph":[{"@type":"WebPage","@id":"https:\/\/eurotech-iasi.ro\/magazinonline\/produs\/panou-solar-460w-monocristalin-mbb-half-cut-sunpal-sp460m-72h\/","url":"https:\/\/eurotech-iasi.ro\/magazinonline\/produs\/panou-solar-460w-monocristalin-mbb-half-cut-sunpal-sp460m-72h\/","name":"Panou solar 460W monocristalin MBB Half-cut Sunpal SP460M-72H - Eurotech Iasi","isPartOf":{"@id":"https:\/\/eurotech-iasi.ro\/magazinonline\/#website"},"primaryImageOfPage":{"@id":"https:\/\/eurotech-iasi.ro\/magazinonline\/produs\/panou-solar-460w-monocristalin-mbb-half-cut-sunpal-sp460m-72h\/#primaryimage"},"image":{"@id":"https:\/\/eurotech-iasi.ro\/magazinonline\/produs\/panou-solar-460w-monocristalin-mbb-half-cut-sunpal-sp460m-72h\/#primaryimage"},"thumbnailUrl":"https:\/\/eurotech-iasi.ro\/magazinonline\/wp-content\/uploads\/2023\/05\/Panou-solar-460W-monocristalin-MBB-Half-cut-Sunpal-SP460M-72H-2.png","datePublished":"2023-05-30T15:18:08+00:00","dateModified":"2023-05-31T12:34:57+00:00","breadcrumb":{"@id":"https:\/\/eurotech-iasi.ro\/magazinonline\/produs\/panou-solar-460w-monocristalin-mbb-half-cut-sunpal-sp460m-72h\/#breadcrumb"},"inLanguage":"ro-RO","potentialAction":[{"@type":"ReadAction","target":["https:\/\/eurotech-iasi.ro\/magazinonline\/produs\/panou-solar-460w-monocristalin-mbb-half-cut-sunpal-sp460m-72h\/"]}]},{"@type":"ImageObject","inLanguage":"ro-RO","@id":"https:\/\/eurotech-iasi.ro\/magazinonline\/produs\/panou-solar-460w-monocristalin-mbb-half-cut-sunpal-sp460m-72h\/#primaryimage","url":"https:\/\/eurotech-iasi.ro\/magazinonline\/wp-content\/uploads\/2023\/05\/Panou-solar-460W-monocristalin-MBB-Half-cut-Sunpal-SP460M-72H-2.png","contentUrl":"https:\/\/eurotech-iasi.ro\/magazinonline\/wp-content\/uploads\/2023\/05\/Panou-solar-460W-monocristalin-MBB-Half-cut-Sunpal-SP460M-72H-2.png","width":750,"height":750,"caption":"Panou solar 460W monocristalin MBB Half-cut Sunpal SP460M-72H"},{"@type":"BreadcrumbList","@id":"https:\/\/eurotech-iasi.ro\/magazinonline\/produs\/panou-solar-460w-monocristalin-mbb-half-cut-sunpal-sp460m-72h\/#breadcrumb","itemListElement":[{"@type":"ListItem","position":1,"name":"Prima pagin\u0103","item":"https:\/\/eurotech-iasi.ro\/magazinonline\/"},{"@type":"ListItem","position":2,"name":"Shop","item":"https:\/\/eurotech-iasi.ro\/magazinonline\/shop\/"},{"@type":"ListItem","position":3,"name":"Panou solar 460W monocristalin MBB Half-cut Sunpal SP460M-72H"}]},{"@type":"WebSite","@id":"https:\/\/eurotech-iasi.ro\/magazinonline\/#website","url":"https:\/\/eurotech-iasi.ro\/magazinonline\/","name":"Eurotech Iasi","description":"Cu oameni seriosi","publisher":{"@id":"https:\/\/eurotech-iasi.ro\/magazinonline\/#organization"},"potentialAction":[{"@type":"SearchAction","target":{"@type":"EntryPoint","urlTemplate":"https:\/\/eurotech-iasi.ro\/magazinonline\/?s={search_term_string}"},"query-input":{"@type":"PropertyValueSpecification","valueRequired":true,"valueName":"search_term_string"}}],"inLanguage":"ro-RO"},{"@type":"Organization","@id":"https:\/\/eurotech-iasi.ro\/magazinonline\/#organization","name":"Eurotech Iasi","url":"https:\/\/eurotech-iasi.ro\/magazinonline\/","logo":{"@type":"ImageObject","inLanguage":"ro-RO","@id":"https:\/\/eurotech-iasi.ro\/magazinonline\/#\/schema\/logo\/image\/","url":"https:\/\/eurotech-iasi.ro\/magazinonline\/wp-content\/uploads\/2020\/08\/logo-eurotech.png","contentUrl":"https:\/\/eurotech-iasi.ro\/magazinonline\/wp-content\/uploads\/2020\/08\/logo-eurotech.png","width":290,"height":70,"caption":"Eurotech Iasi"},"image":{"@id":"https:\/\/eurotech-iasi.ro\/magazinonline\/#\/schema\/logo\/image\/"},"sameAs":["https:\/\/www.facebook.com\/EurotechIasi\/"]}]}},"_links":{"self":[{"href":"https:\/\/eurotech-iasi.ro\/magazinonline\/wp-json\/wp\/v2\/product\/87959","targetHints":{"allow":["GET"]}}],"collection":[{"href":"https:\/\/eurotech-iasi.ro\/magazinonline\/wp-json\/wp\/v2\/product"}],"about":[{"href":"https:\/\/eurotech-iasi.ro\/magazinonline\/wp-json\/wp\/v2\/types\/product"}],"replies":[{"embeddable":true,"href":"https:\/\/eurotech-iasi.ro\/magazinonline\/wp-json\/wp\/v2\/comments?post=87959"}],"wp:featuredmedia":[{"embeddable":true,"href":"https:\/\/eurotech-iasi.ro\/magazinonline\/wp-json\/wp\/v2\/media\/87963"}],"wp:attachment":[{"href":"https:\/\/eurotech-iasi.ro\/magazinonline\/wp-json\/wp\/v2\/media?parent=87959"}],"wp:term":[{"taxonomy":"product_cat","embeddable":true,"href":"https:\/\/eurotech-iasi.ro\/magazinonline\/wp-json\/wp\/v2\/product_cat?post=87959"},{"taxonomy":"product_tag","embeddable":true,"href":"https:\/\/eurotech-iasi.ro\/magazinonline\/wp-json\/wp\/v2\/product_tag?post=87959"},{"taxonomy":"woo-feed-brand","embeddable":true,"href":"https:\/\/eurotech-iasi.ro\/magazinonline\/wp-json\/wp\/v2\/woo-feed-brand?post=87959"}],"curies":[{"name":"wp","href":"https:\/\/api.w.org\/{rel}","templated":true}]}}