{"id":87968,"date":"2023-05-30T19:06:38","date_gmt":"2023-05-30T16:06:38","guid":{"rendered":"https:\/\/eurotech-iasi.ro\/magazinonline\/?post_type=product&#038;p=87968"},"modified":"2023-05-31T15:58:12","modified_gmt":"2023-05-31T12:58:12","slug":"set-clema-l-fixare-sina-panou-solar-pentru-acoperis-tabla-cu-bolt-m8x25mm","status":"publish","type":"product","link":"https:\/\/eurotech-iasi.ro\/magazinonline\/produs\/set-clema-l-fixare-sina-panou-solar-pentru-acoperis-tabla-cu-bolt-m8x25mm\/","title":{"rendered":"Set clema L fixare sina panou solar pentru acoperis tabla cu bolt M8x25mm"},"content":{"rendered":"<p>Set clema L fixare sina panou solar pentru acoperis tabla cu bolt M8x25mm<\/p>\n","protected":false},"excerpt":{"rendered":"<p>Set clema L fixare sina panou solar pentru acoperis tabla cu bolt M8x25mm<\/p>\n<p><em><strong>Cod produs: 5180000007<\/strong><\/em><\/p>\n<p><strong>Conform Legii 39\/2023, TVA-ul pentru acest produs este de 5% pentru Persoanele Fizice, respectiv 19% pentru Persoanele Juridice.<\/strong><br \/>\n<strong>Pre\u021bul afi\u0219at este cu TVA 5%, pentru cump\u0103r\u0103torii Persoane Juridice valoarea total\u0103 se va comunica telefonic sau prin email.<\/strong><\/p>\n","protected":false},"featured_media":87970,"comment_status":"open","ping_status":"closed","template":"","meta":{"_acf_changed":false},"product_cat":[13581,13579],"product_tag":[],"woo-feed-brand":[],"class_list":{"0":"post-87968","1":"product","2":"type-product","3":"status-publish","4":"has-post-thumbnail","6":"product_cat-accesorii-panouri-fotovoltaice","7":"product_cat-sisteme-fotovoltaice","9":"first","10":"instock","11":"sale","12":"shipping-taxable","13":"purchasable","14":"product-type-simple"},"acf":[],"yoast_head":"<!-- This site is optimized with the Yoast SEO plugin v27.3 - https:\/\/yoast.com\/product\/yoast-seo-wordpress\/ -->\n<title>Set clema L fixare sina panou solar pentru acoperis tabla cu bolt M8x25mm - Eurotech Iasi<\/title>\n<meta name=\"robots\" content=\"index, follow, max-snippet:-1, max-image-preview:large, max-video-preview:-1\" \/>\n<link rel=\"canonical\" href=\"https:\/\/eurotech-iasi.ro\/magazinonline\/produs\/set-clema-l-fixare-sina-panou-solar-pentru-acoperis-tabla-cu-bolt-m8x25mm\/\" \/>\n<meta property=\"og:locale\" content=\"ro_RO\" \/>\n<meta property=\"og:type\" content=\"article\" \/>\n<meta property=\"og:title\" content=\"Set clema L fixare sina panou solar pentru acoperis tabla cu bolt M8x25mm - Eurotech Iasi\" \/>\n<meta property=\"og:description\" content=\"Set clema L fixare sina panou solar pentru acoperis tabla cu bolt M8x25mm  Cod produs: 5180000007  Conform Legii 39\/2023, TVA-ul pentru acest produs este de 5% pentru Persoanele Fizice, respectiv 19% pentru Persoanele Juridice. Pre\u021bul afi\u0219at este cu TVA 5%, pentru cump\u0103r\u0103torii Persoane Juridice valoarea total\u0103 se va comunica telefonic sau prin email.\" \/>\n<meta property=\"og:url\" content=\"https:\/\/eurotech-iasi.ro\/magazinonline\/produs\/set-clema-l-fixare-sina-panou-solar-pentru-acoperis-tabla-cu-bolt-m8x25mm\/\" \/>\n<meta property=\"og:site_name\" content=\"Eurotech Iasi\" \/>\n<meta property=\"article:publisher\" content=\"https:\/\/www.facebook.com\/EurotechIasi\/\" \/>\n<meta property=\"article:modified_time\" content=\"2023-05-31T12:58:12+00:00\" \/>\n<meta property=\"og:image\" content=\"https:\/\/eurotech-iasi.ro\/magazinonline\/wp-content\/uploads\/2023\/05\/Set-clema-L-fixare-sina-panou-solar-pentru-acoperis-tabla-cu-bolt-M8x25mm-3.png\" \/>\n\t<meta property=\"og:image:width\" content=\"750\" \/>\n\t<meta property=\"og:image:height\" content=\"750\" \/>\n\t<meta property=\"og:image:type\" content=\"image\/png\" \/>\n<script type=\"application\/ld+json\" class=\"yoast-schema-graph\">{\"@context\":\"https:\\\/\\\/schema.org\",\"@graph\":[{\"@type\":\"WebPage\",\"@id\":\"https:\\\/\\\/eurotech-iasi.ro\\\/magazinonline\\\/produs\\\/set-clema-l-fixare-sina-panou-solar-pentru-acoperis-tabla-cu-bolt-m8x25mm\\\/\",\"url\":\"https:\\\/\\\/eurotech-iasi.ro\\\/magazinonline\\\/produs\\\/set-clema-l-fixare-sina-panou-solar-pentru-acoperis-tabla-cu-bolt-m8x25mm\\\/\",\"name\":\"Set clema L fixare sina panou solar pentru acoperis tabla cu bolt M8x25mm - Eurotech Iasi\",\"isPartOf\":{\"@id\":\"https:\\\/\\\/eurotech-iasi.ro\\\/magazinonline\\\/#website\"},\"primaryImageOfPage\":{\"@id\":\"https:\\\/\\\/eurotech-iasi.ro\\\/magazinonline\\\/produs\\\/set-clema-l-fixare-sina-panou-solar-pentru-acoperis-tabla-cu-bolt-m8x25mm\\\/#primaryimage\"},\"image\":{\"@id\":\"https:\\\/\\\/eurotech-iasi.ro\\\/magazinonline\\\/produs\\\/set-clema-l-fixare-sina-panou-solar-pentru-acoperis-tabla-cu-bolt-m8x25mm\\\/#primaryimage\"},\"thumbnailUrl\":\"https:\\\/\\\/eurotech-iasi.ro\\\/magazinonline\\\/wp-content\\\/uploads\\\/2023\\\/05\\\/Set-clema-L-fixare-sina-panou-solar-pentru-acoperis-tabla-cu-bolt-M8x25mm-3.png\",\"datePublished\":\"2023-05-30T16:06:38+00:00\",\"dateModified\":\"2023-05-31T12:58:12+00:00\",\"breadcrumb\":{\"@id\":\"https:\\\/\\\/eurotech-iasi.ro\\\/magazinonline\\\/produs\\\/set-clema-l-fixare-sina-panou-solar-pentru-acoperis-tabla-cu-bolt-m8x25mm\\\/#breadcrumb\"},\"inLanguage\":\"ro-RO\",\"potentialAction\":[{\"@type\":\"ReadAction\",\"target\":[\"https:\\\/\\\/eurotech-iasi.ro\\\/magazinonline\\\/produs\\\/set-clema-l-fixare-sina-panou-solar-pentru-acoperis-tabla-cu-bolt-m8x25mm\\\/\"]}]},{\"@type\":\"ImageObject\",\"inLanguage\":\"ro-RO\",\"@id\":\"https:\\\/\\\/eurotech-iasi.ro\\\/magazinonline\\\/produs\\\/set-clema-l-fixare-sina-panou-solar-pentru-acoperis-tabla-cu-bolt-m8x25mm\\\/#primaryimage\",\"url\":\"https:\\\/\\\/eurotech-iasi.ro\\\/magazinonline\\\/wp-content\\\/uploads\\\/2023\\\/05\\\/Set-clema-L-fixare-sina-panou-solar-pentru-acoperis-tabla-cu-bolt-M8x25mm-3.png\",\"contentUrl\":\"https:\\\/\\\/eurotech-iasi.ro\\\/magazinonline\\\/wp-content\\\/uploads\\\/2023\\\/05\\\/Set-clema-L-fixare-sina-panou-solar-pentru-acoperis-tabla-cu-bolt-M8x25mm-3.png\",\"width\":750,\"height\":750},{\"@type\":\"BreadcrumbList\",\"@id\":\"https:\\\/\\\/eurotech-iasi.ro\\\/magazinonline\\\/produs\\\/set-clema-l-fixare-sina-panou-solar-pentru-acoperis-tabla-cu-bolt-m8x25mm\\\/#breadcrumb\",\"itemListElement\":[{\"@type\":\"ListItem\",\"position\":1,\"name\":\"Prima pagin\u0103\",\"item\":\"https:\\\/\\\/eurotech-iasi.ro\\\/magazinonline\\\/\"},{\"@type\":\"ListItem\",\"position\":2,\"name\":\"Shop\",\"item\":\"https:\\\/\\\/eurotech-iasi.ro\\\/magazinonline\\\/shop\\\/\"},{\"@type\":\"ListItem\",\"position\":3,\"name\":\"Set clema L fixare sina panou solar pentru acoperis tabla cu bolt M8x25mm\"}]},{\"@type\":\"WebSite\",\"@id\":\"https:\\\/\\\/eurotech-iasi.ro\\\/magazinonline\\\/#website\",\"url\":\"https:\\\/\\\/eurotech-iasi.ro\\\/magazinonline\\\/\",\"name\":\"Eurotech Iasi\",\"description\":\"Cu oameni seriosi\",\"publisher\":{\"@id\":\"https:\\\/\\\/eurotech-iasi.ro\\\/magazinonline\\\/#organization\"},\"potentialAction\":[{\"@type\":\"SearchAction\",\"target\":{\"@type\":\"EntryPoint\",\"urlTemplate\":\"https:\\\/\\\/eurotech-iasi.ro\\\/magazinonline\\\/?s={search_term_string}\"},\"query-input\":{\"@type\":\"PropertyValueSpecification\",\"valueRequired\":true,\"valueName\":\"search_term_string\"}}],\"inLanguage\":\"ro-RO\"},{\"@type\":\"Organization\",\"@id\":\"https:\\\/\\\/eurotech-iasi.ro\\\/magazinonline\\\/#organization\",\"name\":\"Eurotech Iasi\",\"url\":\"https:\\\/\\\/eurotech-iasi.ro\\\/magazinonline\\\/\",\"logo\":{\"@type\":\"ImageObject\",\"inLanguage\":\"ro-RO\",\"@id\":\"https:\\\/\\\/eurotech-iasi.ro\\\/magazinonline\\\/#\\\/schema\\\/logo\\\/image\\\/\",\"url\":\"https:\\\/\\\/eurotech-iasi.ro\\\/magazinonline\\\/wp-content\\\/uploads\\\/2020\\\/08\\\/logo-eurotech.png\",\"contentUrl\":\"https:\\\/\\\/eurotech-iasi.ro\\\/magazinonline\\\/wp-content\\\/uploads\\\/2020\\\/08\\\/logo-eurotech.png\",\"width\":290,\"height\":70,\"caption\":\"Eurotech Iasi\"},\"image\":{\"@id\":\"https:\\\/\\\/eurotech-iasi.ro\\\/magazinonline\\\/#\\\/schema\\\/logo\\\/image\\\/\"},\"sameAs\":[\"https:\\\/\\\/www.facebook.com\\\/EurotechIasi\\\/\"]}]}<\/script>\n<!-- \/ Yoast SEO plugin. -->","yoast_head_json":{"title":"Set clema L fixare sina panou solar pentru acoperis tabla cu bolt M8x25mm - Eurotech Iasi","robots":{"index":"index","follow":"follow","max-snippet":"max-snippet:-1","max-image-preview":"max-image-preview:large","max-video-preview":"max-video-preview:-1"},"canonical":"https:\/\/eurotech-iasi.ro\/magazinonline\/produs\/set-clema-l-fixare-sina-panou-solar-pentru-acoperis-tabla-cu-bolt-m8x25mm\/","og_locale":"ro_RO","og_type":"article","og_title":"Set clema L fixare sina panou solar pentru acoperis tabla cu bolt M8x25mm - Eurotech Iasi","og_description":"Set clema L fixare sina panou solar pentru acoperis tabla cu bolt M8x25mm  Cod produs: 5180000007  Conform Legii 39\/2023, TVA-ul pentru acest produs este de 5% pentru Persoanele Fizice, respectiv 19% pentru Persoanele Juridice. Pre\u021bul afi\u0219at este cu TVA 5%, pentru cump\u0103r\u0103torii Persoane Juridice valoarea total\u0103 se va comunica telefonic sau prin email.","og_url":"https:\/\/eurotech-iasi.ro\/magazinonline\/produs\/set-clema-l-fixare-sina-panou-solar-pentru-acoperis-tabla-cu-bolt-m8x25mm\/","og_site_name":"Eurotech Iasi","article_publisher":"https:\/\/www.facebook.com\/EurotechIasi\/","article_modified_time":"2023-05-31T12:58:12+00:00","og_image":[{"width":750,"height":750,"url":"https:\/\/eurotech-iasi.ro\/magazinonline\/wp-content\/uploads\/2023\/05\/Set-clema-L-fixare-sina-panou-solar-pentru-acoperis-tabla-cu-bolt-M8x25mm-3.png","type":"image\/png"}],"schema":{"@context":"https:\/\/schema.org","@graph":[{"@type":"WebPage","@id":"https:\/\/eurotech-iasi.ro\/magazinonline\/produs\/set-clema-l-fixare-sina-panou-solar-pentru-acoperis-tabla-cu-bolt-m8x25mm\/","url":"https:\/\/eurotech-iasi.ro\/magazinonline\/produs\/set-clema-l-fixare-sina-panou-solar-pentru-acoperis-tabla-cu-bolt-m8x25mm\/","name":"Set clema L fixare sina panou solar pentru acoperis tabla cu bolt M8x25mm - Eurotech Iasi","isPartOf":{"@id":"https:\/\/eurotech-iasi.ro\/magazinonline\/#website"},"primaryImageOfPage":{"@id":"https:\/\/eurotech-iasi.ro\/magazinonline\/produs\/set-clema-l-fixare-sina-panou-solar-pentru-acoperis-tabla-cu-bolt-m8x25mm\/#primaryimage"},"image":{"@id":"https:\/\/eurotech-iasi.ro\/magazinonline\/produs\/set-clema-l-fixare-sina-panou-solar-pentru-acoperis-tabla-cu-bolt-m8x25mm\/#primaryimage"},"thumbnailUrl":"https:\/\/eurotech-iasi.ro\/magazinonline\/wp-content\/uploads\/2023\/05\/Set-clema-L-fixare-sina-panou-solar-pentru-acoperis-tabla-cu-bolt-M8x25mm-3.png","datePublished":"2023-05-30T16:06:38+00:00","dateModified":"2023-05-31T12:58:12+00:00","breadcrumb":{"@id":"https:\/\/eurotech-iasi.ro\/magazinonline\/produs\/set-clema-l-fixare-sina-panou-solar-pentru-acoperis-tabla-cu-bolt-m8x25mm\/#breadcrumb"},"inLanguage":"ro-RO","potentialAction":[{"@type":"ReadAction","target":["https:\/\/eurotech-iasi.ro\/magazinonline\/produs\/set-clema-l-fixare-sina-panou-solar-pentru-acoperis-tabla-cu-bolt-m8x25mm\/"]}]},{"@type":"ImageObject","inLanguage":"ro-RO","@id":"https:\/\/eurotech-iasi.ro\/magazinonline\/produs\/set-clema-l-fixare-sina-panou-solar-pentru-acoperis-tabla-cu-bolt-m8x25mm\/#primaryimage","url":"https:\/\/eurotech-iasi.ro\/magazinonline\/wp-content\/uploads\/2023\/05\/Set-clema-L-fixare-sina-panou-solar-pentru-acoperis-tabla-cu-bolt-M8x25mm-3.png","contentUrl":"https:\/\/eurotech-iasi.ro\/magazinonline\/wp-content\/uploads\/2023\/05\/Set-clema-L-fixare-sina-panou-solar-pentru-acoperis-tabla-cu-bolt-M8x25mm-3.png","width":750,"height":750},{"@type":"BreadcrumbList","@id":"https:\/\/eurotech-iasi.ro\/magazinonline\/produs\/set-clema-l-fixare-sina-panou-solar-pentru-acoperis-tabla-cu-bolt-m8x25mm\/#breadcrumb","itemListElement":[{"@type":"ListItem","position":1,"name":"Prima pagin\u0103","item":"https:\/\/eurotech-iasi.ro\/magazinonline\/"},{"@type":"ListItem","position":2,"name":"Shop","item":"https:\/\/eurotech-iasi.ro\/magazinonline\/shop\/"},{"@type":"ListItem","position":3,"name":"Set clema L fixare sina panou solar pentru acoperis tabla cu bolt M8x25mm"}]},{"@type":"WebSite","@id":"https:\/\/eurotech-iasi.ro\/magazinonline\/#website","url":"https:\/\/eurotech-iasi.ro\/magazinonline\/","name":"Eurotech Iasi","description":"Cu oameni seriosi","publisher":{"@id":"https:\/\/eurotech-iasi.ro\/magazinonline\/#organization"},"potentialAction":[{"@type":"SearchAction","target":{"@type":"EntryPoint","urlTemplate":"https:\/\/eurotech-iasi.ro\/magazinonline\/?s={search_term_string}"},"query-input":{"@type":"PropertyValueSpecification","valueRequired":true,"valueName":"search_term_string"}}],"inLanguage":"ro-RO"},{"@type":"Organization","@id":"https:\/\/eurotech-iasi.ro\/magazinonline\/#organization","name":"Eurotech Iasi","url":"https:\/\/eurotech-iasi.ro\/magazinonline\/","logo":{"@type":"ImageObject","inLanguage":"ro-RO","@id":"https:\/\/eurotech-iasi.ro\/magazinonline\/#\/schema\/logo\/image\/","url":"https:\/\/eurotech-iasi.ro\/magazinonline\/wp-content\/uploads\/2020\/08\/logo-eurotech.png","contentUrl":"https:\/\/eurotech-iasi.ro\/magazinonline\/wp-content\/uploads\/2020\/08\/logo-eurotech.png","width":290,"height":70,"caption":"Eurotech Iasi"},"image":{"@id":"https:\/\/eurotech-iasi.ro\/magazinonline\/#\/schema\/logo\/image\/"},"sameAs":["https:\/\/www.facebook.com\/EurotechIasi\/"]}]}},"_links":{"self":[{"href":"https:\/\/eurotech-iasi.ro\/magazinonline\/wp-json\/wp\/v2\/product\/87968","targetHints":{"allow":["GET"]}}],"collection":[{"href":"https:\/\/eurotech-iasi.ro\/magazinonline\/wp-json\/wp\/v2\/product"}],"about":[{"href":"https:\/\/eurotech-iasi.ro\/magazinonline\/wp-json\/wp\/v2\/types\/product"}],"replies":[{"embeddable":true,"href":"https:\/\/eurotech-iasi.ro\/magazinonline\/wp-json\/wp\/v2\/comments?post=87968"}],"wp:featuredmedia":[{"embeddable":true,"href":"https:\/\/eurotech-iasi.ro\/magazinonline\/wp-json\/wp\/v2\/media\/87970"}],"wp:attachment":[{"href":"https:\/\/eurotech-iasi.ro\/magazinonline\/wp-json\/wp\/v2\/media?parent=87968"}],"wp:term":[{"taxonomy":"product_cat","embeddable":true,"href":"https:\/\/eurotech-iasi.ro\/magazinonline\/wp-json\/wp\/v2\/product_cat?post=87968"},{"taxonomy":"product_tag","embeddable":true,"href":"https:\/\/eurotech-iasi.ro\/magazinonline\/wp-json\/wp\/v2\/product_tag?post=87968"},{"taxonomy":"woo-feed-brand","embeddable":true,"href":"https:\/\/eurotech-iasi.ro\/magazinonline\/wp-json\/wp\/v2\/woo-feed-brand?post=87968"}],"curies":[{"name":"wp","href":"https:\/\/api.w.org\/{rel}","templated":true}]}}