{"id":87991,"date":"2023-05-31T11:12:34","date_gmt":"2023-05-31T08:12:34","guid":{"rendered":"https:\/\/eurotech-iasi.ro\/magazinonline\/?post_type=product&#038;p=87991"},"modified":"2024-03-15T15:08:18","modified_gmt":"2024-03-15T13:08:18","slug":"contor-trifazat-tpm-e-growatt","status":"publish","type":"product","link":"https:\/\/eurotech-iasi.ro\/magazinonline\/produs\/contor-trifazat-tpm-e-growatt\/","title":{"rendered":"Contor trifazat TPM-E Growatt"},"content":{"rendered":"<p><a title=\"Contor trifazat TPM-E Growatt\" href=\"https:\/\/eurotech-iasi.ro\/magazinonline\/produs\/contor-trifazat-tpm-e-growatt\/\" rel=\"nofollow\"><strong>Contor trifazat TPM-E Growatt<\/strong><\/a> este un contor inteligent (smart-meter) bidirectional trifazat ce se poate utiliza doar in cazul bransamentelor trifazate fiind solutia individuala pentru monitorizarea autoconsumului.<\/p>\n<div><strong>Descriere:<\/strong><\/div>\n<ul>\n<li>\n<div>Contorul masoara atat energia care intra din reteaua nationala cat si energia electrica produsa de panourile fotovoltaice, care este injectata in retea). Controlul preia aceste informatii (energie produsa, energie consumata) si le transmite catre inverter iar astfel, dumneavoastra aveti o imagine de ansamblu a sistemului: cantitatea de energie produsa, cantitatea de energie consumata din retea, respectiv din panourile fotovoltaice si cantitatea de energie electrica pe care ati injectat-o in reteaua nationala<strong>*<\/strong>.<\/div>\n<\/li>\n<li>\n<div>Este compatibil cu invertoarele Growatt On-Grid, Off-Grid si Hibrid. Contorul comunica prin interfata RS485 si conexiune directa la invertor, este usor de instalat si rentabil.<\/div>\n<\/li>\n<li>\n<div>Unitatea masoara si afiseaza diversi parametri electrici importanti si ofera un port de comunicatie pentru citire si monitorizare de la distanta.<\/div>\n<\/li>\n<li>\n<div>Masurarea bidirectionala a energiei face ca unitatea sa fie o alegere buna pentru masurarea energiei solare fotovoltaice la solutiile On-Grid si Hibride.<\/div>\n<\/li>\n<li>\n<div>Growatt TPM-E este o solu\u021bie one-to-one pentru instalarile trifazate pentru fixarea limitei de export a retelei electrice.<\/div>\n<\/li>\n<li>\n<div>Contorul este precis, ceea ce face ca informa\u021biile stocate de la invertoare sa fie de incredere.<\/div>\n<\/li>\n<li>\n<div>Growatt TPM-E se instaleaza imediat dupa contorul de energie electrica si dupa siguranta generala (principala), respectiv: contor electric, siguranta generala, smart meter, consumatori).<\/div>\n<\/li>\n<\/ul>\n<h2>Specificatii tehnice &#8211; Contor trifazat TPM-E Growatt:<\/h2>\n<div>\n<div id=\"description\" class=\"data item content\" role=\"tabpanel\" aria-labelledby=\"tab-label-description\" data-role=\"content\" aria-hidden=\"false\">\n<div class=\"product attribute description\">\n<div class=\"value\">\n<div>Dimensiuni: 72&#215;94.5&#215;65 mm<\/div>\n<div>Masa: 398g<\/div>\n<div>Montaj: sina DIN 35 mm<\/div>\n<div>Temperatura lucru: -25\u00b0C to +55\u00b0C<\/div>\n<div>Temperatura depozitare: -40\u00b0C to +70\u00b0C<\/div>\n<div>Umiditate lucru: 0 to 90%, fara condens<\/div>\n<div>Grad protectie: IP51<\/div>\n<div><\/div>\n<div><strong>Informatii electrice:<\/strong><\/div>\n<div>Tip retea: 3P4W (trifazat, 4 conductori &#8211; 3 faze+nul)<\/div>\n<div>Tensiune intrare: 320~520VAC (L-L)<\/div>\n<div>Frecventa: 50\/60Hz (45~56) Hz<\/div>\n<div>Curent nominal\/Curent Max.: 10A\/100A<\/div>\n<div><\/div>\n<div><strong>Interval masurare:<\/strong><\/div>\n<div>Precizie tensiune: 0.5%<\/div>\n<div>Precizie curent :0.5%<\/div>\n<div>Precizie putere: 1%<\/div>\n<div>Precizie frecventa : 0.2%<\/div>\n<div><\/div>\n<div><strong>Comunicare:<\/strong><\/div>\n<div>Rata de transfer: 9600 bps<\/div>\n<div>\n<p>Protocol de comunicare: Modbus RTU<\/p>\n<div><strong>Set livrare:<\/strong><\/div>\n<div>Smart meter<\/div>\n<p><strong>Este compatibil cu invertoarele Growatt de p\u00e2n\u0103 la 50kW.<\/strong><br \/>\nToate specificatiile pot fi modificate fara notificare.<\/p>\n<p><em><strong>*Nota: injectarea in reteaua nationala presupune actualizarea contractului cu furnizorul dumneavoasttra de energie electrica<\/strong><\/em><\/p>\n<\/div>\n<p>&nbsp;<\/p>\n<\/div>\n<\/div>\n<\/div>\n<div id=\"tab-label-reviews\" class=\"data item title\" tabindex=\"0\" role=\"tab\" data-role=\"collapsible\" data-collapsible=\"true\" aria-controls=\"reviews\" aria-selected=\"false\" aria-expanded=\"false\"><\/div>\n<\/div>\n","protected":false},"excerpt":{"rendered":"<p><strong>Contor trifazat TPM-E Growatt<\/strong> este un contor inteligent (smart-meter) bidirectional trifazat ce se poate utiliza doar in cazul bransamentelor trifazate fiind solutia individuala pentru monitorizarea autoconsumului.<\/p>\n<p><em><strong class=\"type\">Cod produs:<\/strong> <strong>55180TPME<\/strong><\/em><\/p>\n<p><strong>Conform Legii 39\/2023, TVA-ul pentru acest produs este de 5% pentru Persoanele Fizice, respectiv 19% pentru Persoanele Juridice.<\/strong><br \/>\n<strong>Pre\u021bul afi\u0219at este cu TVA 5%, pentru cump\u0103r\u0103torii Persoane Juridice valoarea total\u0103 se va comunica telefonic sau prin email.<\/strong><\/p>\n","protected":false},"featured_media":87999,"comment_status":"open","ping_status":"closed","template":"","meta":{"_acf_changed":false},"product_cat":[13581,13579],"product_tag":[],"woo-feed-brand":[],"class_list":{"0":"post-87991","1":"product","2":"type-product","3":"status-publish","4":"has-post-thumbnail","6":"product_brand-growatt","7":"product_cat-accesorii-panouri-fotovoltaice","8":"product_cat-sisteme-fotovoltaice","10":"first","11":"instock","12":"shipping-taxable","13":"purchasable","14":"product-type-simple"},"acf":[],"yoast_head":"<!-- This site is optimized with the Yoast SEO plugin v27.5 - https:\/\/yoast.com\/product\/yoast-seo-wordpress\/ -->\n<title>Contor trifazat TPM-E Growatt - Eurotech Iasi<\/title>\n<meta name=\"robots\" content=\"index, follow, max-snippet:-1, max-image-preview:large, max-video-preview:-1\" \/>\n<link rel=\"canonical\" href=\"https:\/\/eurotech-iasi.ro\/magazinonline\/produs\/contor-trifazat-tpm-e-growatt\/\" \/>\n<meta property=\"og:locale\" content=\"ro_RO\" \/>\n<meta property=\"og:type\" content=\"article\" \/>\n<meta property=\"og:title\" content=\"Contor trifazat TPM-E Growatt - Eurotech Iasi\" \/>\n<meta property=\"og:description\" content=\"Contor trifazat TPM-E Growatt este un contor inteligent (smart-meter) bidirectional trifazat ce se poate utiliza doar in cazul bransamentelor trifazate fiind solutia individuala pentru monitorizarea autoconsumului.  Cod produs: 55180TPME  Conform Legii 39\/2023, TVA-ul pentru acest produs este de 5% pentru Persoanele Fizice, respectiv 19% pentru Persoanele Juridice. Pre\u021bul afi\u0219at este cu TVA 5%, pentru cump\u0103r\u0103torii Persoane Juridice valoarea total\u0103 se va comunica telefonic sau prin email.\" \/>\n<meta property=\"og:url\" content=\"https:\/\/eurotech-iasi.ro\/magazinonline\/produs\/contor-trifazat-tpm-e-growatt\/\" \/>\n<meta property=\"og:site_name\" content=\"Eurotech Iasi\" \/>\n<meta property=\"article:publisher\" content=\"https:\/\/www.facebook.com\/EurotechIasi\/\" \/>\n<meta property=\"article:modified_time\" content=\"2024-03-15T13:08:18+00:00\" \/>\n<meta property=\"og:image\" content=\"https:\/\/eurotech-iasi.ro\/magazinonline\/wp-content\/uploads\/2023\/05\/Contor-trifazat-TPM-E-Growatt-1.jpg\" \/>\n\t<meta property=\"og:image:width\" content=\"750\" \/>\n\t<meta property=\"og:image:height\" content=\"750\" \/>\n\t<meta property=\"og:image:type\" content=\"image\/jpeg\" \/>\n<meta name=\"twitter:label1\" content=\"Timp estimat pentru citire\" \/>\n\t<meta name=\"twitter:data1\" content=\"2 minute\" \/>\n<script type=\"application\/ld+json\" class=\"yoast-schema-graph\">{\"@context\":\"https:\\\/\\\/schema.org\",\"@graph\":[{\"@type\":\"WebPage\",\"@id\":\"https:\\\/\\\/eurotech-iasi.ro\\\/magazinonline\\\/produs\\\/contor-trifazat-tpm-e-growatt\\\/\",\"url\":\"https:\\\/\\\/eurotech-iasi.ro\\\/magazinonline\\\/produs\\\/contor-trifazat-tpm-e-growatt\\\/\",\"name\":\"Contor trifazat TPM-E Growatt - Eurotech Iasi\",\"isPartOf\":{\"@id\":\"https:\\\/\\\/eurotech-iasi.ro\\\/magazinonline\\\/#website\"},\"primaryImageOfPage\":{\"@id\":\"https:\\\/\\\/eurotech-iasi.ro\\\/magazinonline\\\/produs\\\/contor-trifazat-tpm-e-growatt\\\/#primaryimage\"},\"image\":{\"@id\":\"https:\\\/\\\/eurotech-iasi.ro\\\/magazinonline\\\/produs\\\/contor-trifazat-tpm-e-growatt\\\/#primaryimage\"},\"thumbnailUrl\":\"https:\\\/\\\/eurotech-iasi.ro\\\/magazinonline\\\/wp-content\\\/uploads\\\/2023\\\/05\\\/Contor-trifazat-TPM-E-Growatt-1.jpg\",\"datePublished\":\"2023-05-31T08:12:34+00:00\",\"dateModified\":\"2024-03-15T13:08:18+00:00\",\"breadcrumb\":{\"@id\":\"https:\\\/\\\/eurotech-iasi.ro\\\/magazinonline\\\/produs\\\/contor-trifazat-tpm-e-growatt\\\/#breadcrumb\"},\"inLanguage\":\"ro-RO\",\"potentialAction\":[{\"@type\":\"ReadAction\",\"target\":[\"https:\\\/\\\/eurotech-iasi.ro\\\/magazinonline\\\/produs\\\/contor-trifazat-tpm-e-growatt\\\/\"]}]},{\"@type\":\"ImageObject\",\"inLanguage\":\"ro-RO\",\"@id\":\"https:\\\/\\\/eurotech-iasi.ro\\\/magazinonline\\\/produs\\\/contor-trifazat-tpm-e-growatt\\\/#primaryimage\",\"url\":\"https:\\\/\\\/eurotech-iasi.ro\\\/magazinonline\\\/wp-content\\\/uploads\\\/2023\\\/05\\\/Contor-trifazat-TPM-E-Growatt-1.jpg\",\"contentUrl\":\"https:\\\/\\\/eurotech-iasi.ro\\\/magazinonline\\\/wp-content\\\/uploads\\\/2023\\\/05\\\/Contor-trifazat-TPM-E-Growatt-1.jpg\",\"width\":750,\"height\":750,\"caption\":\"Contor trifazat TPM-E Growatt\"},{\"@type\":\"BreadcrumbList\",\"@id\":\"https:\\\/\\\/eurotech-iasi.ro\\\/magazinonline\\\/produs\\\/contor-trifazat-tpm-e-growatt\\\/#breadcrumb\",\"itemListElement\":[{\"@type\":\"ListItem\",\"position\":1,\"name\":\"Prima pagin\u0103\",\"item\":\"https:\\\/\\\/eurotech-iasi.ro\\\/magazinonline\\\/\"},{\"@type\":\"ListItem\",\"position\":2,\"name\":\"Shop\",\"item\":\"https:\\\/\\\/eurotech-iasi.ro\\\/magazinonline\\\/shop\\\/\"},{\"@type\":\"ListItem\",\"position\":3,\"name\":\"Contor trifazat TPM-E Growatt\"}]},{\"@type\":\"WebSite\",\"@id\":\"https:\\\/\\\/eurotech-iasi.ro\\\/magazinonline\\\/#website\",\"url\":\"https:\\\/\\\/eurotech-iasi.ro\\\/magazinonline\\\/\",\"name\":\"Eurotech Iasi\",\"description\":\"Cu oameni seriosi\",\"publisher\":{\"@id\":\"https:\\\/\\\/eurotech-iasi.ro\\\/magazinonline\\\/#organization\"},\"potentialAction\":[{\"@type\":\"SearchAction\",\"target\":{\"@type\":\"EntryPoint\",\"urlTemplate\":\"https:\\\/\\\/eurotech-iasi.ro\\\/magazinonline\\\/?s={search_term_string}\"},\"query-input\":{\"@type\":\"PropertyValueSpecification\",\"valueRequired\":true,\"valueName\":\"search_term_string\"}}],\"inLanguage\":\"ro-RO\"},{\"@type\":\"Organization\",\"@id\":\"https:\\\/\\\/eurotech-iasi.ro\\\/magazinonline\\\/#organization\",\"name\":\"Eurotech Iasi\",\"url\":\"https:\\\/\\\/eurotech-iasi.ro\\\/magazinonline\\\/\",\"logo\":{\"@type\":\"ImageObject\",\"inLanguage\":\"ro-RO\",\"@id\":\"https:\\\/\\\/eurotech-iasi.ro\\\/magazinonline\\\/#\\\/schema\\\/logo\\\/image\\\/\",\"url\":\"https:\\\/\\\/eurotech-iasi.ro\\\/magazinonline\\\/wp-content\\\/uploads\\\/2020\\\/08\\\/logo-eurotech.png\",\"contentUrl\":\"https:\\\/\\\/eurotech-iasi.ro\\\/magazinonline\\\/wp-content\\\/uploads\\\/2020\\\/08\\\/logo-eurotech.png\",\"width\":290,\"height\":70,\"caption\":\"Eurotech Iasi\"},\"image\":{\"@id\":\"https:\\\/\\\/eurotech-iasi.ro\\\/magazinonline\\\/#\\\/schema\\\/logo\\\/image\\\/\"},\"sameAs\":[\"https:\\\/\\\/www.facebook.com\\\/EurotechIasi\\\/\"]}]}<\/script>\n<!-- \/ Yoast SEO plugin. -->","yoast_head_json":{"title":"Contor trifazat TPM-E Growatt - Eurotech Iasi","robots":{"index":"index","follow":"follow","max-snippet":"max-snippet:-1","max-image-preview":"max-image-preview:large","max-video-preview":"max-video-preview:-1"},"canonical":"https:\/\/eurotech-iasi.ro\/magazinonline\/produs\/contor-trifazat-tpm-e-growatt\/","og_locale":"ro_RO","og_type":"article","og_title":"Contor trifazat TPM-E Growatt - Eurotech Iasi","og_description":"Contor trifazat TPM-E Growatt este un contor inteligent (smart-meter) bidirectional trifazat ce se poate utiliza doar in cazul bransamentelor trifazate fiind solutia individuala pentru monitorizarea autoconsumului.  Cod produs: 55180TPME  Conform Legii 39\/2023, TVA-ul pentru acest produs este de 5% pentru Persoanele Fizice, respectiv 19% pentru Persoanele Juridice. Pre\u021bul afi\u0219at este cu TVA 5%, pentru cump\u0103r\u0103torii Persoane Juridice valoarea total\u0103 se va comunica telefonic sau prin email.","og_url":"https:\/\/eurotech-iasi.ro\/magazinonline\/produs\/contor-trifazat-tpm-e-growatt\/","og_site_name":"Eurotech Iasi","article_publisher":"https:\/\/www.facebook.com\/EurotechIasi\/","article_modified_time":"2024-03-15T13:08:18+00:00","og_image":[{"width":750,"height":750,"url":"https:\/\/eurotech-iasi.ro\/magazinonline\/wp-content\/uploads\/2023\/05\/Contor-trifazat-TPM-E-Growatt-1.jpg","type":"image\/jpeg"}],"twitter_misc":{"Timp estimat pentru citire":"2 minute"},"schema":{"@context":"https:\/\/schema.org","@graph":[{"@type":"WebPage","@id":"https:\/\/eurotech-iasi.ro\/magazinonline\/produs\/contor-trifazat-tpm-e-growatt\/","url":"https:\/\/eurotech-iasi.ro\/magazinonline\/produs\/contor-trifazat-tpm-e-growatt\/","name":"Contor trifazat TPM-E Growatt - Eurotech Iasi","isPartOf":{"@id":"https:\/\/eurotech-iasi.ro\/magazinonline\/#website"},"primaryImageOfPage":{"@id":"https:\/\/eurotech-iasi.ro\/magazinonline\/produs\/contor-trifazat-tpm-e-growatt\/#primaryimage"},"image":{"@id":"https:\/\/eurotech-iasi.ro\/magazinonline\/produs\/contor-trifazat-tpm-e-growatt\/#primaryimage"},"thumbnailUrl":"https:\/\/eurotech-iasi.ro\/magazinonline\/wp-content\/uploads\/2023\/05\/Contor-trifazat-TPM-E-Growatt-1.jpg","datePublished":"2023-05-31T08:12:34+00:00","dateModified":"2024-03-15T13:08:18+00:00","breadcrumb":{"@id":"https:\/\/eurotech-iasi.ro\/magazinonline\/produs\/contor-trifazat-tpm-e-growatt\/#breadcrumb"},"inLanguage":"ro-RO","potentialAction":[{"@type":"ReadAction","target":["https:\/\/eurotech-iasi.ro\/magazinonline\/produs\/contor-trifazat-tpm-e-growatt\/"]}]},{"@type":"ImageObject","inLanguage":"ro-RO","@id":"https:\/\/eurotech-iasi.ro\/magazinonline\/produs\/contor-trifazat-tpm-e-growatt\/#primaryimage","url":"https:\/\/eurotech-iasi.ro\/magazinonline\/wp-content\/uploads\/2023\/05\/Contor-trifazat-TPM-E-Growatt-1.jpg","contentUrl":"https:\/\/eurotech-iasi.ro\/magazinonline\/wp-content\/uploads\/2023\/05\/Contor-trifazat-TPM-E-Growatt-1.jpg","width":750,"height":750,"caption":"Contor trifazat TPM-E Growatt"},{"@type":"BreadcrumbList","@id":"https:\/\/eurotech-iasi.ro\/magazinonline\/produs\/contor-trifazat-tpm-e-growatt\/#breadcrumb","itemListElement":[{"@type":"ListItem","position":1,"name":"Prima pagin\u0103","item":"https:\/\/eurotech-iasi.ro\/magazinonline\/"},{"@type":"ListItem","position":2,"name":"Shop","item":"https:\/\/eurotech-iasi.ro\/magazinonline\/shop\/"},{"@type":"ListItem","position":3,"name":"Contor trifazat TPM-E Growatt"}]},{"@type":"WebSite","@id":"https:\/\/eurotech-iasi.ro\/magazinonline\/#website","url":"https:\/\/eurotech-iasi.ro\/magazinonline\/","name":"Eurotech Iasi","description":"Cu oameni seriosi","publisher":{"@id":"https:\/\/eurotech-iasi.ro\/magazinonline\/#organization"},"potentialAction":[{"@type":"SearchAction","target":{"@type":"EntryPoint","urlTemplate":"https:\/\/eurotech-iasi.ro\/magazinonline\/?s={search_term_string}"},"query-input":{"@type":"PropertyValueSpecification","valueRequired":true,"valueName":"search_term_string"}}],"inLanguage":"ro-RO"},{"@type":"Organization","@id":"https:\/\/eurotech-iasi.ro\/magazinonline\/#organization","name":"Eurotech Iasi","url":"https:\/\/eurotech-iasi.ro\/magazinonline\/","logo":{"@type":"ImageObject","inLanguage":"ro-RO","@id":"https:\/\/eurotech-iasi.ro\/magazinonline\/#\/schema\/logo\/image\/","url":"https:\/\/eurotech-iasi.ro\/magazinonline\/wp-content\/uploads\/2020\/08\/logo-eurotech.png","contentUrl":"https:\/\/eurotech-iasi.ro\/magazinonline\/wp-content\/uploads\/2020\/08\/logo-eurotech.png","width":290,"height":70,"caption":"Eurotech Iasi"},"image":{"@id":"https:\/\/eurotech-iasi.ro\/magazinonline\/#\/schema\/logo\/image\/"},"sameAs":["https:\/\/www.facebook.com\/EurotechIasi\/"]}]}},"_links":{"self":[{"href":"https:\/\/eurotech-iasi.ro\/magazinonline\/wp-json\/wp\/v2\/product\/87991","targetHints":{"allow":["GET"]}}],"collection":[{"href":"https:\/\/eurotech-iasi.ro\/magazinonline\/wp-json\/wp\/v2\/product"}],"about":[{"href":"https:\/\/eurotech-iasi.ro\/magazinonline\/wp-json\/wp\/v2\/types\/product"}],"replies":[{"embeddable":true,"href":"https:\/\/eurotech-iasi.ro\/magazinonline\/wp-json\/wp\/v2\/comments?post=87991"}],"wp:featuredmedia":[{"embeddable":true,"href":"https:\/\/eurotech-iasi.ro\/magazinonline\/wp-json\/wp\/v2\/media\/87999"}],"wp:attachment":[{"href":"https:\/\/eurotech-iasi.ro\/magazinonline\/wp-json\/wp\/v2\/media?parent=87991"}],"wp:term":[{"taxonomy":"product_cat","embeddable":true,"href":"https:\/\/eurotech-iasi.ro\/magazinonline\/wp-json\/wp\/v2\/product_cat?post=87991"},{"taxonomy":"product_tag","embeddable":true,"href":"https:\/\/eurotech-iasi.ro\/magazinonline\/wp-json\/wp\/v2\/product_tag?post=87991"},{"taxonomy":"woo-feed-brand","embeddable":true,"href":"https:\/\/eurotech-iasi.ro\/magazinonline\/wp-json\/wp\/v2\/woo-feed-brand?post=87991"}],"curies":[{"name":"wp","href":"https:\/\/api.w.org\/{rel}","templated":true}]}}