{"id":88007,"date":"2023-05-31T14:55:10","date_gmt":"2023-05-31T11:55:10","guid":{"rendered":"https:\/\/eurotech-iasi.ro\/magazinonline\/?post_type=product&#038;p=88007"},"modified":"2026-02-23T09:17:50","modified_gmt":"2026-02-23T07:17:50","slug":"pompa-submersibila-multietajata-solara-progarden-3tss0-76-55-24-120","status":"publish","type":"product","link":"https:\/\/eurotech-iasi.ro\/magazinonline\/produs\/pompa-submersibila-multietajata-solara-progarden-3tss0-76-55-24-120\/","title":{"rendered":"Pompa submersibila multietajata solara Progarden 3TSS0.76-55-24\/120"},"content":{"rendered":"<p><a title=\"Pompa submersibila multietajata solara Progarden 3TSS0.76-55-24\/120\" href=\"https:\/\/eurotech-iasi.ro\/magazinonline\/produs\/pompa-submersibila-multietajata-solara-progarden-3tss0-76-55-24-120\/\" rel=\"nofollow\"><strong>Pompa submersibila multietajata solara Progarden 3TSS0.76-55-24\/120 <\/strong><\/a>de \u00a03\/4&#8243;, solar, 120W\/24V, MPPT, PFV 2x80W, 55m, 0.75mch, apa curata reprezinta gama de top a pompelor electrice Progarden, si este dotata cu motor in curent continuu fara perii, cu magneti permanenti.<\/p>\n<div><strong>Avantaje:<\/strong><\/div>\n<ul>\n<li>\n<div>Controler pompa cu tehnologie MPPT (<strong>Maximum Power Point Tracker<\/strong>\u00a0\u2013 dispozitiv electronic care eficientizeaza la maxim puterea produsa de catre panourile fotovoltaice)<\/div>\n<\/li>\n<li>\n<div>Pompa poate fi folosita pentru irigatul traditional, irigat prin pricurare sau in sistem automat de umplere a rezervoarelor de apa.<\/div>\n<\/li>\n<li>\n<div>Modelul 3TSS0.76-55-24\/120 este cu atat mai recomandat la umplerea rezervoarelor datorita celor doi senzori de nivel inclusi in setul de livrare (unul din senzori se poate instala in interiorul putului iar celalalt in interiorul bazinului de apa; astfel pompa va primi comanda de oprire ori atunci cand bazinul este plin ori cand nivelul apei din put este scazut.<\/div>\n<\/li>\n<li>\n<div>Pompa Progarden 3TSS0.76-55-24\/120 are inclus in setul de livrare toate accesoriile si instrumentele necesare pentru a putea fi montata \u2013 de la pompa insesi, la controler, cabluri alimentare, panouri solare, cleme, furtun de apa, sufa din inox, scule, inclusiv un surub de pompare, drept rezerva etc., este gata de utilizare, necesita doar montaj, instalare care se pot realiza cu usurinta si cunostinte minime.<\/div>\n<\/li>\n<li>\n<div>Motor bobinat 100% din cupru<\/div>\n<\/li>\n<li>\n<div>Pompa este livrata intr-un singur pachet, aspect care prezinta avantajul de a fi foarte usor de livrat iar ulterior de transportat in diferite locuri de utilizare.<\/div>\n<\/li>\n<\/ul>\n<h2>Specificatii tehnice &#8211; <strong>Pompa submersibila multietajata solara Progarden 3TSS0.76-55-24\/120<\/strong>:<\/h2>\n<div>\n<div>Putere pompa: 120 W<\/div>\n<div>Curent: 10 A<\/div>\n<div>Tensiune alimentare: 24 V<\/div>\n<div>Debit maxim: 0.76 m3\/h (12.7 L\/min)<\/div>\n<div>Inaltime maxima pompare: 55 m<\/div>\n<div>Adancime maxima imersie: 30 m<\/div>\n<div>Diametru pompa: 3\u201d<\/div>\n<div>Racord refulare: \u00be\u201d<\/div>\n<div>Turatie nominala: 3450 rpm<\/div>\n<div>Grad de protectie: IP68<\/div>\n<div>Clasa de izolatie: III<\/div>\n<div>Temperatura max. a apei: &lt;45\u00b0C<\/div>\n<div>Dimensiuni produs: 600 x 75 x75 mm<\/div>\n<div>Greutate neta \/ bruta: 40 \/ 45 kg<\/div>\n<div>Lungimea cablului de alimentare: 20 m<\/div>\n<div>Tip panou solar: 2 X 80W, pliabile<\/div>\n<div>Tensiune la mers in gol: 21.5 V<\/div>\n<div>Tensiune la putere maxima: 17.5 V<\/div>\n<div><strong>Controler pompa:<\/strong><\/div>\n<div>\n<div>\n<div>Faciliteaza functionarea pompei gestionand curentul electric produs de panourile fotovoltaice.<\/div>\n<div>Dispune de posibilitatea de a conecta un set de acumulatori* pentru ca pompa sa poata functiona in perioadele cu lipsa temporara a luminii solare.<\/div>\n<div>Gestioneaza incarcarea eficienta a acumulatorilor de la panourile solare<\/div>\n<div>Potentiometru pentru reglarea turatiei pompei (implicit marirea sau micsorarea debitului de apa).<\/div>\n<div>Potentionemtru pentru stabilirea duratei de intarziere a pornirii pompei (plaja de reglaj a intarzierii de pornire se poate stabili in intervalul 0-30 de minute) &#8211; este o functie foarte utila in cazul in care senzorul de nivel din put comanda oprirea pompei din cauza lipsei apei, iar in acest caz doriti o intarziere la pornire pentru restabilirea nivelului de apa.<\/div>\n<div><\/div>\n<div><strong>Date tehnice controler:<\/strong><\/div>\n<div>Tensiune nominala: 24V, curent continuu<\/div>\n<div>Curent nominal: 10A<\/div>\n<div>Putere maxima: 200W<\/div>\n<div>Tensiunea maxima la mers in gol admisa (VOC)<strong>**<\/strong>: 50V, curent continuu<\/div>\n<div>Temperatura maxima ambientala: -20\u00b0C &#8230; +50\u00b0C<\/div>\n<div><\/div>\n<div><strong>Legaturi borne controler:<\/strong><\/div>\n<div><strong>P+, P-<\/strong>\u00a0= conectare borne plus, respectiv minus panouri solare<\/div>\n<div><strong>B+, B-<\/strong>\u00a0= conectare borne plus, respectiv minus acumulator<\/div>\n<div><strong>1, 2, 3<\/strong>\u00a0= conectare pompa electrica<\/div>\n<div><strong>COM2, TH<\/strong>\u00a0= conectare senzor nivel rezervor apa<\/div>\n<div><strong>COM1, WH<\/strong>\u00a0= conectare senzor nivel put (fantana)<\/div>\n<div><\/div>\n<div><em><strong>Set de livrare:<\/strong><\/em><\/div>\n<ul>\n<li>1 x pompa 3TSS0.76-55-24\/120<\/li>\n<li>2 x panouri solare 80W fiecare<\/li>\n<li>1 x controler pompa<\/li>\n<li>1 x cuplaj rapid din inox \u00be\u201d la \u00bd\u201d<\/li>\n<li>1 x tub termocontractant pentru legaturile electrice<\/li>\n<li>1 x surub pompare de rezerva<\/li>\n<li>1 x cablu alimentare pompa de 20 metri<\/li>\n<li>1 x cablu pentru panouri solare \u2013 2 metri \u2013 cu conector tip MC4<\/li>\n<li>2 x senzori de nivel<\/li>\n<li>1 x furtun apa refulare \u00bd\u201d lungime 30 metri<\/li>\n<li>1 x sufa inox 4mm2, 20 metri<\/li>\n<li>1 x banda teflon<\/li>\n<li>1 x surbelnita<\/li>\n<li>1 x cheie reglabila<\/li>\n<\/ul>\n<\/div>\n<div>\n<div>\n<div><strong>* Acumulatorii nu sunt inclusi in setul de livrare<br \/>\n<\/strong><\/div>\n<div><strong>**<\/strong>\u00a0Este strict interzis ca VOC total panouri solare (tensiunea maxima la mers in gol) sa fie mai mare decat VOC controler!<\/div>\n<div><\/div>\n<p><em><strong>Nota:\u00a0<\/strong><\/em><\/p>\n<div>VOC &#8211; Voltage Open Circuit &#8211; Tensiune furnizata la mers in gol<\/div>\n<div>\n<p>VMP &#8211;\u00a0 Voltage at Maximum Power &#8211; Tensiune furnizata la putere maxima<\/p>\n<div><em><strong>Alegere acumulatori:<\/strong><\/em><\/div>\n<div>Utilizati doar acumulatori plumb-acid. Daca veti utiliza mai multi acumulatori plumb-acid, acestia trebuie sa fie identici iar tensiunea acestora, dupa conectarea tuturor, trebuie sa fie egala cu tensiunea nominala a pompei (24Volti). Pe de alta parte, cu cat capacitatea acumulatorului (Ah) va fi mai mare, cu atat durata de functionare a pompei va fi mai mare.<\/div>\n<div><\/div>\n<\/div>\n<\/div>\n<\/div>\n<\/div>\n<\/div>\n","protected":false},"excerpt":{"rendered":"<p><strong>Pompa submersibila multietajata solara Progarden 3TSS0.76-55-24\/120 <\/strong>de \u00a03\/4&#8243;, solar, 120W\/24V, MPPT, PFV 2x80W, 55m, 0.75mch, apa curata reprezinta gama de top a pompelor electrice Progarden, si este dotata cu motor in curent continuu fara perii, cu magneti permanenti.<\/p>\n<p><em><strong>Cod produs: 457003TSS0765524S<\/strong><\/em><\/p>\n<p><strong><em><span style=\"color: #ff0000;\">ATENTIE:<\/span><\/em><em><span style=\"color: red;\">\u00a0Acumulatorii nu sunt inclusi in setul de livrare!<\/span><\/em><\/strong><\/p>\n<p><strong>Conform Legii 39\/2023, TVA-ul pentru acest produs este de 5% pentru Persoanele Fizice, respectiv 19% pentru Persoanele Juridice.<\/strong><br \/>\n<strong>Pre\u021bul afi\u0219at este cu TVA 5%, pentru cump\u0103r\u0103torii Persoane Juridice valoarea total\u0103 se va comunica telefonic sau prin email.<\/strong><\/p>\n","protected":false},"featured_media":88011,"comment_status":"open","ping_status":"closed","template":"","meta":{"_acf_changed":false},"product_cat":[13586,4341,13579],"product_tag":[],"woo-feed-brand":[],"class_list":{"0":"post-88007","1":"product","2":"type-product","3":"status-publish","4":"has-post-thumbnail","6":"product_brand-progarden","7":"product_cat-pompe-apa-solare","8":"product_cat-pompe-motopompe-hidrofoare","9":"product_cat-sisteme-fotovoltaice","10":"pa_brand-progarden","11":"pa_debit-maxim-0-76-m3-h-12-7-l-min","12":"pa_dimensiuni-600-x-75-x75-mm","13":"pa_greutate-neta-bruta-40-45-kg","14":"pa_putere-120-w","16":"first","17":"instock","18":"shipping-taxable","19":"purchasable","20":"product-type-simple"},"acf":[],"yoast_head":"<!-- This site is optimized with the Yoast SEO plugin v27.5 - https:\/\/yoast.com\/product\/yoast-seo-wordpress\/ -->\n<title>Pompa submersibila multietajata solara Progarden 3TSS0.76-55-24\/120 - Eurotech Iasi<\/title>\n<meta name=\"robots\" content=\"index, follow, max-snippet:-1, max-image-preview:large, max-video-preview:-1\" \/>\n<link rel=\"canonical\" href=\"https:\/\/eurotech-iasi.ro\/magazinonline\/produs\/pompa-submersibila-multietajata-solara-progarden-3tss0-76-55-24-120\/\" \/>\n<meta property=\"og:locale\" content=\"ro_RO\" \/>\n<meta property=\"og:type\" content=\"article\" \/>\n<meta property=\"og:title\" content=\"Pompa submersibila multietajata solara Progarden 3TSS0.76-55-24\/120 - Eurotech Iasi\" \/>\n<meta property=\"og:description\" content=\"Pompa submersibila multietajata solara Progarden 3TSS0.76-55-24\/120 de \u00a03\/4&quot;, solar, 120W\/24V, MPPT, PFV 2x80W, 55m, 0.75mch, apa curata reprezinta gama de top a pompelor electrice Progarden, si este dotata cu motor in curent continuu fara perii, cu magneti permanenti.  Cod produs: 457003TSS0765524S  ATENTIE:\u00a0Acumulatorii nu sunt inclusi in setul de livrare!  Conform Legii 39\/2023, TVA-ul pentru acest produs este de 5% pentru Persoanele Fizice, respectiv 19% pentru Persoanele Juridice. Pre\u021bul afi\u0219at este cu TVA 5%, pentru cump\u0103r\u0103torii Persoane Juridice valoarea total\u0103 se va comunica telefonic sau prin email.\" \/>\n<meta property=\"og:url\" content=\"https:\/\/eurotech-iasi.ro\/magazinonline\/produs\/pompa-submersibila-multietajata-solara-progarden-3tss0-76-55-24-120\/\" \/>\n<meta property=\"og:site_name\" content=\"Eurotech Iasi\" \/>\n<meta property=\"article:publisher\" content=\"https:\/\/www.facebook.com\/EurotechIasi\/\" \/>\n<meta property=\"article:modified_time\" content=\"2026-02-23T07:17:50+00:00\" \/>\n<meta property=\"og:image\" content=\"https:\/\/eurotech-iasi.ro\/magazinonline\/wp-content\/uploads\/2023\/05\/Pompa-submersibila-multietajata-solara-Progarden-3TSS0.76-55-24120-1.jpg\" \/>\n\t<meta property=\"og:image:width\" content=\"750\" \/>\n\t<meta property=\"og:image:height\" content=\"750\" \/>\n\t<meta property=\"og:image:type\" content=\"image\/jpeg\" \/>\n<meta name=\"twitter:label1\" content=\"Timp estimat pentru citire\" \/>\n\t<meta name=\"twitter:data1\" content=\"3 minute\" \/>\n<script type=\"application\/ld+json\" class=\"yoast-schema-graph\">{\"@context\":\"https:\\\/\\\/schema.org\",\"@graph\":[{\"@type\":\"WebPage\",\"@id\":\"https:\\\/\\\/eurotech-iasi.ro\\\/magazinonline\\\/produs\\\/pompa-submersibila-multietajata-solara-progarden-3tss0-76-55-24-120\\\/\",\"url\":\"https:\\\/\\\/eurotech-iasi.ro\\\/magazinonline\\\/produs\\\/pompa-submersibila-multietajata-solara-progarden-3tss0-76-55-24-120\\\/\",\"name\":\"Pompa submersibila multietajata solara Progarden 3TSS0.76-55-24\\\/120 - Eurotech Iasi\",\"isPartOf\":{\"@id\":\"https:\\\/\\\/eurotech-iasi.ro\\\/magazinonline\\\/#website\"},\"primaryImageOfPage\":{\"@id\":\"https:\\\/\\\/eurotech-iasi.ro\\\/magazinonline\\\/produs\\\/pompa-submersibila-multietajata-solara-progarden-3tss0-76-55-24-120\\\/#primaryimage\"},\"image\":{\"@id\":\"https:\\\/\\\/eurotech-iasi.ro\\\/magazinonline\\\/produs\\\/pompa-submersibila-multietajata-solara-progarden-3tss0-76-55-24-120\\\/#primaryimage\"},\"thumbnailUrl\":\"https:\\\/\\\/eurotech-iasi.ro\\\/magazinonline\\\/wp-content\\\/uploads\\\/2023\\\/05\\\/Pompa-submersibila-multietajata-solara-Progarden-3TSS0.76-55-24120-1.jpg\",\"datePublished\":\"2023-05-31T11:55:10+00:00\",\"dateModified\":\"2026-02-23T07:17:50+00:00\",\"breadcrumb\":{\"@id\":\"https:\\\/\\\/eurotech-iasi.ro\\\/magazinonline\\\/produs\\\/pompa-submersibila-multietajata-solara-progarden-3tss0-76-55-24-120\\\/#breadcrumb\"},\"inLanguage\":\"ro-RO\",\"potentialAction\":[{\"@type\":\"ReadAction\",\"target\":[\"https:\\\/\\\/eurotech-iasi.ro\\\/magazinonline\\\/produs\\\/pompa-submersibila-multietajata-solara-progarden-3tss0-76-55-24-120\\\/\"]}]},{\"@type\":\"ImageObject\",\"inLanguage\":\"ro-RO\",\"@id\":\"https:\\\/\\\/eurotech-iasi.ro\\\/magazinonline\\\/produs\\\/pompa-submersibila-multietajata-solara-progarden-3tss0-76-55-24-120\\\/#primaryimage\",\"url\":\"https:\\\/\\\/eurotech-iasi.ro\\\/magazinonline\\\/wp-content\\\/uploads\\\/2023\\\/05\\\/Pompa-submersibila-multietajata-solara-Progarden-3TSS0.76-55-24120-1.jpg\",\"contentUrl\":\"https:\\\/\\\/eurotech-iasi.ro\\\/magazinonline\\\/wp-content\\\/uploads\\\/2023\\\/05\\\/Pompa-submersibila-multietajata-solara-Progarden-3TSS0.76-55-24120-1.jpg\",\"width\":750,\"height\":750,\"caption\":\"Pompa submersibila multietajata solara Progarden 3TSS0.76-55-24120\"},{\"@type\":\"BreadcrumbList\",\"@id\":\"https:\\\/\\\/eurotech-iasi.ro\\\/magazinonline\\\/produs\\\/pompa-submersibila-multietajata-solara-progarden-3tss0-76-55-24-120\\\/#breadcrumb\",\"itemListElement\":[{\"@type\":\"ListItem\",\"position\":1,\"name\":\"Prima pagin\u0103\",\"item\":\"https:\\\/\\\/eurotech-iasi.ro\\\/magazinonline\\\/\"},{\"@type\":\"ListItem\",\"position\":2,\"name\":\"Shop\",\"item\":\"https:\\\/\\\/eurotech-iasi.ro\\\/magazinonline\\\/shop\\\/\"},{\"@type\":\"ListItem\",\"position\":3,\"name\":\"Pompa submersibila multietajata solara Progarden 3TSS0.76-55-24\\\/120\"}]},{\"@type\":\"WebSite\",\"@id\":\"https:\\\/\\\/eurotech-iasi.ro\\\/magazinonline\\\/#website\",\"url\":\"https:\\\/\\\/eurotech-iasi.ro\\\/magazinonline\\\/\",\"name\":\"Eurotech Iasi\",\"description\":\"Cu oameni seriosi\",\"publisher\":{\"@id\":\"https:\\\/\\\/eurotech-iasi.ro\\\/magazinonline\\\/#organization\"},\"potentialAction\":[{\"@type\":\"SearchAction\",\"target\":{\"@type\":\"EntryPoint\",\"urlTemplate\":\"https:\\\/\\\/eurotech-iasi.ro\\\/magazinonline\\\/?s={search_term_string}\"},\"query-input\":{\"@type\":\"PropertyValueSpecification\",\"valueRequired\":true,\"valueName\":\"search_term_string\"}}],\"inLanguage\":\"ro-RO\"},{\"@type\":\"Organization\",\"@id\":\"https:\\\/\\\/eurotech-iasi.ro\\\/magazinonline\\\/#organization\",\"name\":\"Eurotech Iasi\",\"url\":\"https:\\\/\\\/eurotech-iasi.ro\\\/magazinonline\\\/\",\"logo\":{\"@type\":\"ImageObject\",\"inLanguage\":\"ro-RO\",\"@id\":\"https:\\\/\\\/eurotech-iasi.ro\\\/magazinonline\\\/#\\\/schema\\\/logo\\\/image\\\/\",\"url\":\"https:\\\/\\\/eurotech-iasi.ro\\\/magazinonline\\\/wp-content\\\/uploads\\\/2020\\\/08\\\/logo-eurotech.png\",\"contentUrl\":\"https:\\\/\\\/eurotech-iasi.ro\\\/magazinonline\\\/wp-content\\\/uploads\\\/2020\\\/08\\\/logo-eurotech.png\",\"width\":290,\"height\":70,\"caption\":\"Eurotech Iasi\"},\"image\":{\"@id\":\"https:\\\/\\\/eurotech-iasi.ro\\\/magazinonline\\\/#\\\/schema\\\/logo\\\/image\\\/\"},\"sameAs\":[\"https:\\\/\\\/www.facebook.com\\\/EurotechIasi\\\/\"]}]}<\/script>\n<!-- \/ Yoast SEO plugin. -->","yoast_head_json":{"title":"Pompa submersibila multietajata solara Progarden 3TSS0.76-55-24\/120 - Eurotech Iasi","robots":{"index":"index","follow":"follow","max-snippet":"max-snippet:-1","max-image-preview":"max-image-preview:large","max-video-preview":"max-video-preview:-1"},"canonical":"https:\/\/eurotech-iasi.ro\/magazinonline\/produs\/pompa-submersibila-multietajata-solara-progarden-3tss0-76-55-24-120\/","og_locale":"ro_RO","og_type":"article","og_title":"Pompa submersibila multietajata solara Progarden 3TSS0.76-55-24\/120 - Eurotech Iasi","og_description":"Pompa submersibila multietajata solara Progarden 3TSS0.76-55-24\/120 de \u00a03\/4\", solar, 120W\/24V, MPPT, PFV 2x80W, 55m, 0.75mch, apa curata reprezinta gama de top a pompelor electrice Progarden, si este dotata cu motor in curent continuu fara perii, cu magneti permanenti.  Cod produs: 457003TSS0765524S  ATENTIE:\u00a0Acumulatorii nu sunt inclusi in setul de livrare!  Conform Legii 39\/2023, TVA-ul pentru acest produs este de 5% pentru Persoanele Fizice, respectiv 19% pentru Persoanele Juridice. Pre\u021bul afi\u0219at este cu TVA 5%, pentru cump\u0103r\u0103torii Persoane Juridice valoarea total\u0103 se va comunica telefonic sau prin email.","og_url":"https:\/\/eurotech-iasi.ro\/magazinonline\/produs\/pompa-submersibila-multietajata-solara-progarden-3tss0-76-55-24-120\/","og_site_name":"Eurotech Iasi","article_publisher":"https:\/\/www.facebook.com\/EurotechIasi\/","article_modified_time":"2026-02-23T07:17:50+00:00","og_image":[{"width":750,"height":750,"url":"https:\/\/eurotech-iasi.ro\/magazinonline\/wp-content\/uploads\/2023\/05\/Pompa-submersibila-multietajata-solara-Progarden-3TSS0.76-55-24120-1.jpg","type":"image\/jpeg"}],"twitter_misc":{"Timp estimat pentru citire":"3 minute"},"schema":{"@context":"https:\/\/schema.org","@graph":[{"@type":"WebPage","@id":"https:\/\/eurotech-iasi.ro\/magazinonline\/produs\/pompa-submersibila-multietajata-solara-progarden-3tss0-76-55-24-120\/","url":"https:\/\/eurotech-iasi.ro\/magazinonline\/produs\/pompa-submersibila-multietajata-solara-progarden-3tss0-76-55-24-120\/","name":"Pompa submersibila multietajata solara Progarden 3TSS0.76-55-24\/120 - Eurotech Iasi","isPartOf":{"@id":"https:\/\/eurotech-iasi.ro\/magazinonline\/#website"},"primaryImageOfPage":{"@id":"https:\/\/eurotech-iasi.ro\/magazinonline\/produs\/pompa-submersibila-multietajata-solara-progarden-3tss0-76-55-24-120\/#primaryimage"},"image":{"@id":"https:\/\/eurotech-iasi.ro\/magazinonline\/produs\/pompa-submersibila-multietajata-solara-progarden-3tss0-76-55-24-120\/#primaryimage"},"thumbnailUrl":"https:\/\/eurotech-iasi.ro\/magazinonline\/wp-content\/uploads\/2023\/05\/Pompa-submersibila-multietajata-solara-Progarden-3TSS0.76-55-24120-1.jpg","datePublished":"2023-05-31T11:55:10+00:00","dateModified":"2026-02-23T07:17:50+00:00","breadcrumb":{"@id":"https:\/\/eurotech-iasi.ro\/magazinonline\/produs\/pompa-submersibila-multietajata-solara-progarden-3tss0-76-55-24-120\/#breadcrumb"},"inLanguage":"ro-RO","potentialAction":[{"@type":"ReadAction","target":["https:\/\/eurotech-iasi.ro\/magazinonline\/produs\/pompa-submersibila-multietajata-solara-progarden-3tss0-76-55-24-120\/"]}]},{"@type":"ImageObject","inLanguage":"ro-RO","@id":"https:\/\/eurotech-iasi.ro\/magazinonline\/produs\/pompa-submersibila-multietajata-solara-progarden-3tss0-76-55-24-120\/#primaryimage","url":"https:\/\/eurotech-iasi.ro\/magazinonline\/wp-content\/uploads\/2023\/05\/Pompa-submersibila-multietajata-solara-Progarden-3TSS0.76-55-24120-1.jpg","contentUrl":"https:\/\/eurotech-iasi.ro\/magazinonline\/wp-content\/uploads\/2023\/05\/Pompa-submersibila-multietajata-solara-Progarden-3TSS0.76-55-24120-1.jpg","width":750,"height":750,"caption":"Pompa submersibila multietajata solara Progarden 3TSS0.76-55-24120"},{"@type":"BreadcrumbList","@id":"https:\/\/eurotech-iasi.ro\/magazinonline\/produs\/pompa-submersibila-multietajata-solara-progarden-3tss0-76-55-24-120\/#breadcrumb","itemListElement":[{"@type":"ListItem","position":1,"name":"Prima pagin\u0103","item":"https:\/\/eurotech-iasi.ro\/magazinonline\/"},{"@type":"ListItem","position":2,"name":"Shop","item":"https:\/\/eurotech-iasi.ro\/magazinonline\/shop\/"},{"@type":"ListItem","position":3,"name":"Pompa submersibila multietajata solara Progarden 3TSS0.76-55-24\/120"}]},{"@type":"WebSite","@id":"https:\/\/eurotech-iasi.ro\/magazinonline\/#website","url":"https:\/\/eurotech-iasi.ro\/magazinonline\/","name":"Eurotech Iasi","description":"Cu oameni seriosi","publisher":{"@id":"https:\/\/eurotech-iasi.ro\/magazinonline\/#organization"},"potentialAction":[{"@type":"SearchAction","target":{"@type":"EntryPoint","urlTemplate":"https:\/\/eurotech-iasi.ro\/magazinonline\/?s={search_term_string}"},"query-input":{"@type":"PropertyValueSpecification","valueRequired":true,"valueName":"search_term_string"}}],"inLanguage":"ro-RO"},{"@type":"Organization","@id":"https:\/\/eurotech-iasi.ro\/magazinonline\/#organization","name":"Eurotech Iasi","url":"https:\/\/eurotech-iasi.ro\/magazinonline\/","logo":{"@type":"ImageObject","inLanguage":"ro-RO","@id":"https:\/\/eurotech-iasi.ro\/magazinonline\/#\/schema\/logo\/image\/","url":"https:\/\/eurotech-iasi.ro\/magazinonline\/wp-content\/uploads\/2020\/08\/logo-eurotech.png","contentUrl":"https:\/\/eurotech-iasi.ro\/magazinonline\/wp-content\/uploads\/2020\/08\/logo-eurotech.png","width":290,"height":70,"caption":"Eurotech Iasi"},"image":{"@id":"https:\/\/eurotech-iasi.ro\/magazinonline\/#\/schema\/logo\/image\/"},"sameAs":["https:\/\/www.facebook.com\/EurotechIasi\/"]}]}},"_links":{"self":[{"href":"https:\/\/eurotech-iasi.ro\/magazinonline\/wp-json\/wp\/v2\/product\/88007","targetHints":{"allow":["GET"]}}],"collection":[{"href":"https:\/\/eurotech-iasi.ro\/magazinonline\/wp-json\/wp\/v2\/product"}],"about":[{"href":"https:\/\/eurotech-iasi.ro\/magazinonline\/wp-json\/wp\/v2\/types\/product"}],"replies":[{"embeddable":true,"href":"https:\/\/eurotech-iasi.ro\/magazinonline\/wp-json\/wp\/v2\/comments?post=88007"}],"wp:featuredmedia":[{"embeddable":true,"href":"https:\/\/eurotech-iasi.ro\/magazinonline\/wp-json\/wp\/v2\/media\/88011"}],"wp:attachment":[{"href":"https:\/\/eurotech-iasi.ro\/magazinonline\/wp-json\/wp\/v2\/media?parent=88007"}],"wp:term":[{"taxonomy":"product_cat","embeddable":true,"href":"https:\/\/eurotech-iasi.ro\/magazinonline\/wp-json\/wp\/v2\/product_cat?post=88007"},{"taxonomy":"product_tag","embeddable":true,"href":"https:\/\/eurotech-iasi.ro\/magazinonline\/wp-json\/wp\/v2\/product_tag?post=88007"},{"taxonomy":"woo-feed-brand","embeddable":true,"href":"https:\/\/eurotech-iasi.ro\/magazinonline\/wp-json\/wp\/v2\/woo-feed-brand?post=88007"}],"curies":[{"name":"wp","href":"https:\/\/api.w.org\/{rel}","templated":true}]}}