{"id":88094,"date":"2023-06-02T13:06:03","date_gmt":"2023-06-02T10:06:03","guid":{"rendered":"https:\/\/eurotech-iasi.ro\/magazinonline\/?post_type=product&#038;p=88094"},"modified":"2023-12-29T10:00:40","modified_gmt":"2023-12-29T08:00:40","slug":"suflanta-de-frunze-pentru-acumulator-alb-18-li-bosch","status":"publish","type":"product","link":"https:\/\/eurotech-iasi.ro\/magazinonline\/produs\/suflanta-de-frunze-pentru-acumulator-alb-18-li-bosch\/","title":{"rendered":"Suflanta de frunze pentru acumulator ALB 18 LI Bosch"},"content":{"rendered":"<p><a title=\"Suflanta de frunze pentru acumulator ALB 18 LI Bosch\" href=\"https:\/\/eurotech-iasi.ro\/magazinonline\/produs\/suflanta-de-frunze-pentru-acumulator-alb-18-li-bosch\/\" rel=\"nofollow\"><strong>Suflanta de frunze pentru acumulator ALB 18 LI BOSCH<\/strong><\/a> este o suflanta usoara si comoda pentru gradina ideala pentru indepartare usoara a frunzisului din gradina si de pe terase, precum si din alte zone din gradina.<\/p>\n<p><em>Beneficii pentru utilizatori:<\/em><\/p>\n<ul>\n<li>Acumulator litiu-ion de 18 V pentru libertate fara cablu de alimentare, cu timp de functionare de pana la 17 minute<\/li>\n<li>Usor (1,8 kg) si cu design ergonomic pentru manevrare confortabila<\/li>\n<li>Viteza fluxului de aer de pana la 210 km\/h, pentru lucru rapid si eficient<\/li>\n<li>Indepartare usoara a frunzisului din gradina si de pe terase, precum si din alte zone din gradina<\/li>\n<li>POWER FOR ALL: un acumulator pentru o intreaga gama de scule Home &amp; Garden<\/li>\n<li>Tehnologia Syneon regleaza cantitatea de energie utilizata pentru eficienta optima si timp de functionare mai indelungat<\/li>\n<\/ul>\n<h2>Specificatii tehnice &#8211; Suflanta de frunze pentru acumulator ALB 18 LI Bosch:<\/h2>\n<p>Tensiunea acumulatorului 18 V<br \/>\nCompatibilitate acumulator 18V POWER FOR ALL ALLIANCE<br \/>\nFunc\u0163ioneaz\u0103 cu acumulatori av\u00e2nd capacitatea 2.5 Ah<br \/>\nViteza fluxului de aer 210 km\/h<br \/>\nTimp de \u00eenc\u0103rcare acumulator 1 h<br \/>\nDimensiuni scul\u0103 (L x l x \u00ce) 890 x 160 x 220 mm<br \/>\nGreutate 1,5 kg<br \/>\nnumai pentru POD (nu apare pe site-ul web)<br \/>\nLivrare f\u0103r\u0103 acumulator \u015fi \u00eenc\u0103rc\u0103tor \u2713<br \/>\nGreutate incl. ambalaj 2,12 kg<br \/>\nDimensiuni ambalaj (L x l x \u00ce) 465 x 230 x 185 mm<br \/>\nNivel presiune sonor\u0103 60 dB(A)<br \/>\nNivel putere sonor\u0103 80 dB(A)<\/p>\n<p><em>Set de livrare:<\/em><\/p>\n<div class=\"content pb-50\">\n<div class=\"product-description-content\">\n<ul>\n<li>Cutie carton \u2713<\/li>\n<li>Se livreaza fara acumulator si incarcator<\/li>\n<\/ul>\n<p><span style=\"text-decoration: underline;\"><em><strong>Documentatie tehnica:<\/strong><\/em><\/span><\/p>\n<p><a href=\"https:\/\/eurotech-iasi.ro\/magazinonline\/wp-content\/uploads\/2023\/06\/0.600.8A0.302-ALB-18-LI.pdf\"><strong><em><u>\ud83d\udce5 Fisa tehnica<\/u><\/em><\/strong><\/a><\/p>\n<\/div>\n<\/div>\n","protected":false},"excerpt":{"rendered":"<p><strong>Suflanta de frunze pentru acumulator ALB 18 LI Bosch<\/strong> este o suflanta usoara si comoda pentru gradina ideala pentru indepartare usoara a frunzisului din gradina si de pe terase, precum si din alte zone din gradina.<\/p>\n<p><strong><em><span style=\"color: #ff0000;\">ATENTIE:<\/span> <\/em><em><span style=\"color: red;\">Setul de livrare nu include acumulator si incarcator!<\/span><\/em><\/strong><\/p>\n<p><em><strong>Cod produs: 06008A0302<\/strong><\/em><\/p>\n","protected":false},"featured_media":88118,"comment_status":"open","ping_status":"closed","template":"","meta":{"_acf_changed":false},"product_cat":[4337,5695],"product_tag":[],"woo-feed-brand":[],"class_list":{"0":"post-88094","1":"product","2":"type-product","3":"status-publish","4":"has-post-thumbnail","6":"product_brand-bosch","7":"product_cat-gradinarit-agricultura","8":"product_cat-suflante-si-pulverizatoare","9":"pa_brand-bosch","10":"pa_dimensiuni-465-x-230-x-185-mm","12":"first","13":"outofstock","14":"shipping-taxable","15":"purchasable","16":"product-type-simple"},"acf":[],"yoast_head":"<!-- This site is optimized with the Yoast SEO plugin v27.3 - https:\/\/yoast.com\/product\/yoast-seo-wordpress\/ -->\n<title>Suflanta de frunze pentru acumulator ALB 18 LI Bosch - Eurotech Iasi<\/title>\n<meta name=\"robots\" content=\"index, follow, max-snippet:-1, max-image-preview:large, max-video-preview:-1\" \/>\n<link rel=\"canonical\" href=\"https:\/\/eurotech-iasi.ro\/magazinonline\/produs\/suflanta-de-frunze-pentru-acumulator-alb-18-li-bosch\/\" \/>\n<meta property=\"og:locale\" content=\"ro_RO\" \/>\n<meta property=\"og:type\" content=\"article\" \/>\n<meta property=\"og:title\" content=\"Suflanta de frunze pentru acumulator ALB 18 LI Bosch - Eurotech Iasi\" \/>\n<meta property=\"og:description\" content=\"Suflanta de frunze pentru acumulator ALB 18 LI Bosch este o suflanta usoara si comoda pentru gradina ideala pentru indepartare usoara a frunzisului din gradina si de pe terase, precum si din alte zone din gradina.  ATENTIE: Setul de livrare nu include acumulator si incarcator!  Cod produs: 06008A0302\" \/>\n<meta property=\"og:url\" content=\"https:\/\/eurotech-iasi.ro\/magazinonline\/produs\/suflanta-de-frunze-pentru-acumulator-alb-18-li-bosch\/\" \/>\n<meta property=\"og:site_name\" content=\"Eurotech Iasi\" \/>\n<meta property=\"article:publisher\" content=\"https:\/\/www.facebook.com\/EurotechIasi\/\" \/>\n<meta property=\"article:modified_time\" content=\"2023-12-29T08:00:40+00:00\" \/>\n<meta property=\"og:image\" content=\"https:\/\/eurotech-iasi.ro\/magazinonline\/wp-content\/uploads\/2023\/06\/Suflanta-de-frunze-pentru-acumulator-ALB-18-LI-Bosch-1.jpg\" \/>\n\t<meta property=\"og:image:width\" content=\"750\" \/>\n\t<meta property=\"og:image:height\" content=\"750\" \/>\n\t<meta property=\"og:image:type\" content=\"image\/jpeg\" \/>\n<meta name=\"twitter:label1\" content=\"Timp estimat pentru citire\" \/>\n\t<meta name=\"twitter:data1\" content=\"1 minut\" \/>\n<script type=\"application\/ld+json\" class=\"yoast-schema-graph\">{\"@context\":\"https:\\\/\\\/schema.org\",\"@graph\":[{\"@type\":\"WebPage\",\"@id\":\"https:\\\/\\\/eurotech-iasi.ro\\\/magazinonline\\\/produs\\\/suflanta-de-frunze-pentru-acumulator-alb-18-li-bosch\\\/\",\"url\":\"https:\\\/\\\/eurotech-iasi.ro\\\/magazinonline\\\/produs\\\/suflanta-de-frunze-pentru-acumulator-alb-18-li-bosch\\\/\",\"name\":\"Suflanta de frunze pentru acumulator ALB 18 LI Bosch - Eurotech Iasi\",\"isPartOf\":{\"@id\":\"https:\\\/\\\/eurotech-iasi.ro\\\/magazinonline\\\/#website\"},\"primaryImageOfPage\":{\"@id\":\"https:\\\/\\\/eurotech-iasi.ro\\\/magazinonline\\\/produs\\\/suflanta-de-frunze-pentru-acumulator-alb-18-li-bosch\\\/#primaryimage\"},\"image\":{\"@id\":\"https:\\\/\\\/eurotech-iasi.ro\\\/magazinonline\\\/produs\\\/suflanta-de-frunze-pentru-acumulator-alb-18-li-bosch\\\/#primaryimage\"},\"thumbnailUrl\":\"https:\\\/\\\/eurotech-iasi.ro\\\/magazinonline\\\/wp-content\\\/uploads\\\/2023\\\/06\\\/Suflanta-de-frunze-pentru-acumulator-ALB-18-LI-Bosch-1.jpg\",\"datePublished\":\"2023-06-02T10:06:03+00:00\",\"dateModified\":\"2023-12-29T08:00:40+00:00\",\"breadcrumb\":{\"@id\":\"https:\\\/\\\/eurotech-iasi.ro\\\/magazinonline\\\/produs\\\/suflanta-de-frunze-pentru-acumulator-alb-18-li-bosch\\\/#breadcrumb\"},\"inLanguage\":\"ro-RO\",\"potentialAction\":[{\"@type\":\"ReadAction\",\"target\":[\"https:\\\/\\\/eurotech-iasi.ro\\\/magazinonline\\\/produs\\\/suflanta-de-frunze-pentru-acumulator-alb-18-li-bosch\\\/\"]}]},{\"@type\":\"ImageObject\",\"inLanguage\":\"ro-RO\",\"@id\":\"https:\\\/\\\/eurotech-iasi.ro\\\/magazinonline\\\/produs\\\/suflanta-de-frunze-pentru-acumulator-alb-18-li-bosch\\\/#primaryimage\",\"url\":\"https:\\\/\\\/eurotech-iasi.ro\\\/magazinonline\\\/wp-content\\\/uploads\\\/2023\\\/06\\\/Suflanta-de-frunze-pentru-acumulator-ALB-18-LI-Bosch-1.jpg\",\"contentUrl\":\"https:\\\/\\\/eurotech-iasi.ro\\\/magazinonline\\\/wp-content\\\/uploads\\\/2023\\\/06\\\/Suflanta-de-frunze-pentru-acumulator-ALB-18-LI-Bosch-1.jpg\",\"width\":750,\"height\":750,\"caption\":\"Suflanta de frunze pentru acumulator ALB 18 LI Bosch\"},{\"@type\":\"BreadcrumbList\",\"@id\":\"https:\\\/\\\/eurotech-iasi.ro\\\/magazinonline\\\/produs\\\/suflanta-de-frunze-pentru-acumulator-alb-18-li-bosch\\\/#breadcrumb\",\"itemListElement\":[{\"@type\":\"ListItem\",\"position\":1,\"name\":\"Prima pagin\u0103\",\"item\":\"https:\\\/\\\/eurotech-iasi.ro\\\/magazinonline\\\/\"},{\"@type\":\"ListItem\",\"position\":2,\"name\":\"Shop\",\"item\":\"https:\\\/\\\/eurotech-iasi.ro\\\/magazinonline\\\/shop\\\/\"},{\"@type\":\"ListItem\",\"position\":3,\"name\":\"Suflanta de frunze pentru acumulator ALB 18 LI Bosch\"}]},{\"@type\":\"WebSite\",\"@id\":\"https:\\\/\\\/eurotech-iasi.ro\\\/magazinonline\\\/#website\",\"url\":\"https:\\\/\\\/eurotech-iasi.ro\\\/magazinonline\\\/\",\"name\":\"Eurotech Iasi\",\"description\":\"Cu oameni seriosi\",\"publisher\":{\"@id\":\"https:\\\/\\\/eurotech-iasi.ro\\\/magazinonline\\\/#organization\"},\"potentialAction\":[{\"@type\":\"SearchAction\",\"target\":{\"@type\":\"EntryPoint\",\"urlTemplate\":\"https:\\\/\\\/eurotech-iasi.ro\\\/magazinonline\\\/?s={search_term_string}\"},\"query-input\":{\"@type\":\"PropertyValueSpecification\",\"valueRequired\":true,\"valueName\":\"search_term_string\"}}],\"inLanguage\":\"ro-RO\"},{\"@type\":\"Organization\",\"@id\":\"https:\\\/\\\/eurotech-iasi.ro\\\/magazinonline\\\/#organization\",\"name\":\"Eurotech Iasi\",\"url\":\"https:\\\/\\\/eurotech-iasi.ro\\\/magazinonline\\\/\",\"logo\":{\"@type\":\"ImageObject\",\"inLanguage\":\"ro-RO\",\"@id\":\"https:\\\/\\\/eurotech-iasi.ro\\\/magazinonline\\\/#\\\/schema\\\/logo\\\/image\\\/\",\"url\":\"https:\\\/\\\/eurotech-iasi.ro\\\/magazinonline\\\/wp-content\\\/uploads\\\/2020\\\/08\\\/logo-eurotech.png\",\"contentUrl\":\"https:\\\/\\\/eurotech-iasi.ro\\\/magazinonline\\\/wp-content\\\/uploads\\\/2020\\\/08\\\/logo-eurotech.png\",\"width\":290,\"height\":70,\"caption\":\"Eurotech Iasi\"},\"image\":{\"@id\":\"https:\\\/\\\/eurotech-iasi.ro\\\/magazinonline\\\/#\\\/schema\\\/logo\\\/image\\\/\"},\"sameAs\":[\"https:\\\/\\\/www.facebook.com\\\/EurotechIasi\\\/\"]}]}<\/script>\n<!-- \/ Yoast SEO plugin. -->","yoast_head_json":{"title":"Suflanta de frunze pentru acumulator ALB 18 LI Bosch - Eurotech Iasi","robots":{"index":"index","follow":"follow","max-snippet":"max-snippet:-1","max-image-preview":"max-image-preview:large","max-video-preview":"max-video-preview:-1"},"canonical":"https:\/\/eurotech-iasi.ro\/magazinonline\/produs\/suflanta-de-frunze-pentru-acumulator-alb-18-li-bosch\/","og_locale":"ro_RO","og_type":"article","og_title":"Suflanta de frunze pentru acumulator ALB 18 LI Bosch - Eurotech Iasi","og_description":"Suflanta de frunze pentru acumulator ALB 18 LI Bosch este o suflanta usoara si comoda pentru gradina ideala pentru indepartare usoara a frunzisului din gradina si de pe terase, precum si din alte zone din gradina.  ATENTIE: Setul de livrare nu include acumulator si incarcator!  Cod produs: 06008A0302","og_url":"https:\/\/eurotech-iasi.ro\/magazinonline\/produs\/suflanta-de-frunze-pentru-acumulator-alb-18-li-bosch\/","og_site_name":"Eurotech Iasi","article_publisher":"https:\/\/www.facebook.com\/EurotechIasi\/","article_modified_time":"2023-12-29T08:00:40+00:00","og_image":[{"width":750,"height":750,"url":"https:\/\/eurotech-iasi.ro\/magazinonline\/wp-content\/uploads\/2023\/06\/Suflanta-de-frunze-pentru-acumulator-ALB-18-LI-Bosch-1.jpg","type":"image\/jpeg"}],"twitter_misc":{"Timp estimat pentru citire":"1 minut"},"schema":{"@context":"https:\/\/schema.org","@graph":[{"@type":"WebPage","@id":"https:\/\/eurotech-iasi.ro\/magazinonline\/produs\/suflanta-de-frunze-pentru-acumulator-alb-18-li-bosch\/","url":"https:\/\/eurotech-iasi.ro\/magazinonline\/produs\/suflanta-de-frunze-pentru-acumulator-alb-18-li-bosch\/","name":"Suflanta de frunze pentru acumulator ALB 18 LI Bosch - Eurotech Iasi","isPartOf":{"@id":"https:\/\/eurotech-iasi.ro\/magazinonline\/#website"},"primaryImageOfPage":{"@id":"https:\/\/eurotech-iasi.ro\/magazinonline\/produs\/suflanta-de-frunze-pentru-acumulator-alb-18-li-bosch\/#primaryimage"},"image":{"@id":"https:\/\/eurotech-iasi.ro\/magazinonline\/produs\/suflanta-de-frunze-pentru-acumulator-alb-18-li-bosch\/#primaryimage"},"thumbnailUrl":"https:\/\/eurotech-iasi.ro\/magazinonline\/wp-content\/uploads\/2023\/06\/Suflanta-de-frunze-pentru-acumulator-ALB-18-LI-Bosch-1.jpg","datePublished":"2023-06-02T10:06:03+00:00","dateModified":"2023-12-29T08:00:40+00:00","breadcrumb":{"@id":"https:\/\/eurotech-iasi.ro\/magazinonline\/produs\/suflanta-de-frunze-pentru-acumulator-alb-18-li-bosch\/#breadcrumb"},"inLanguage":"ro-RO","potentialAction":[{"@type":"ReadAction","target":["https:\/\/eurotech-iasi.ro\/magazinonline\/produs\/suflanta-de-frunze-pentru-acumulator-alb-18-li-bosch\/"]}]},{"@type":"ImageObject","inLanguage":"ro-RO","@id":"https:\/\/eurotech-iasi.ro\/magazinonline\/produs\/suflanta-de-frunze-pentru-acumulator-alb-18-li-bosch\/#primaryimage","url":"https:\/\/eurotech-iasi.ro\/magazinonline\/wp-content\/uploads\/2023\/06\/Suflanta-de-frunze-pentru-acumulator-ALB-18-LI-Bosch-1.jpg","contentUrl":"https:\/\/eurotech-iasi.ro\/magazinonline\/wp-content\/uploads\/2023\/06\/Suflanta-de-frunze-pentru-acumulator-ALB-18-LI-Bosch-1.jpg","width":750,"height":750,"caption":"Suflanta de frunze pentru acumulator ALB 18 LI Bosch"},{"@type":"BreadcrumbList","@id":"https:\/\/eurotech-iasi.ro\/magazinonline\/produs\/suflanta-de-frunze-pentru-acumulator-alb-18-li-bosch\/#breadcrumb","itemListElement":[{"@type":"ListItem","position":1,"name":"Prima pagin\u0103","item":"https:\/\/eurotech-iasi.ro\/magazinonline\/"},{"@type":"ListItem","position":2,"name":"Shop","item":"https:\/\/eurotech-iasi.ro\/magazinonline\/shop\/"},{"@type":"ListItem","position":3,"name":"Suflanta de frunze pentru acumulator ALB 18 LI Bosch"}]},{"@type":"WebSite","@id":"https:\/\/eurotech-iasi.ro\/magazinonline\/#website","url":"https:\/\/eurotech-iasi.ro\/magazinonline\/","name":"Eurotech Iasi","description":"Cu oameni seriosi","publisher":{"@id":"https:\/\/eurotech-iasi.ro\/magazinonline\/#organization"},"potentialAction":[{"@type":"SearchAction","target":{"@type":"EntryPoint","urlTemplate":"https:\/\/eurotech-iasi.ro\/magazinonline\/?s={search_term_string}"},"query-input":{"@type":"PropertyValueSpecification","valueRequired":true,"valueName":"search_term_string"}}],"inLanguage":"ro-RO"},{"@type":"Organization","@id":"https:\/\/eurotech-iasi.ro\/magazinonline\/#organization","name":"Eurotech Iasi","url":"https:\/\/eurotech-iasi.ro\/magazinonline\/","logo":{"@type":"ImageObject","inLanguage":"ro-RO","@id":"https:\/\/eurotech-iasi.ro\/magazinonline\/#\/schema\/logo\/image\/","url":"https:\/\/eurotech-iasi.ro\/magazinonline\/wp-content\/uploads\/2020\/08\/logo-eurotech.png","contentUrl":"https:\/\/eurotech-iasi.ro\/magazinonline\/wp-content\/uploads\/2020\/08\/logo-eurotech.png","width":290,"height":70,"caption":"Eurotech Iasi"},"image":{"@id":"https:\/\/eurotech-iasi.ro\/magazinonline\/#\/schema\/logo\/image\/"},"sameAs":["https:\/\/www.facebook.com\/EurotechIasi\/"]}]}},"_links":{"self":[{"href":"https:\/\/eurotech-iasi.ro\/magazinonline\/wp-json\/wp\/v2\/product\/88094","targetHints":{"allow":["GET"]}}],"collection":[{"href":"https:\/\/eurotech-iasi.ro\/magazinonline\/wp-json\/wp\/v2\/product"}],"about":[{"href":"https:\/\/eurotech-iasi.ro\/magazinonline\/wp-json\/wp\/v2\/types\/product"}],"replies":[{"embeddable":true,"href":"https:\/\/eurotech-iasi.ro\/magazinonline\/wp-json\/wp\/v2\/comments?post=88094"}],"wp:featuredmedia":[{"embeddable":true,"href":"https:\/\/eurotech-iasi.ro\/magazinonline\/wp-json\/wp\/v2\/media\/88118"}],"wp:attachment":[{"href":"https:\/\/eurotech-iasi.ro\/magazinonline\/wp-json\/wp\/v2\/media?parent=88094"}],"wp:term":[{"taxonomy":"product_cat","embeddable":true,"href":"https:\/\/eurotech-iasi.ro\/magazinonline\/wp-json\/wp\/v2\/product_cat?post=88094"},{"taxonomy":"product_tag","embeddable":true,"href":"https:\/\/eurotech-iasi.ro\/magazinonline\/wp-json\/wp\/v2\/product_tag?post=88094"},{"taxonomy":"woo-feed-brand","embeddable":true,"href":"https:\/\/eurotech-iasi.ro\/magazinonline\/wp-json\/wp\/v2\/woo-feed-brand?post=88094"}],"curies":[{"name":"wp","href":"https:\/\/api.w.org\/{rel}","templated":true}]}}