{"id":91245,"date":"2023-06-22T16:35:53","date_gmt":"2023-06-22T13:35:53","guid":{"rendered":"https:\/\/eurotech-iasi.ro\/magazinonline\/produs\/aparat-de-spalat-cu-presiune-hd-6-15-mxa-plus-kaercher\/"},"modified":"2024-04-26T14:40:28","modified_gmt":"2024-04-26T11:40:28","slug":"aparat-de-spalat-cu-presiune-hd-6-15-mxa-plus-karcher","status":"publish","type":"product","link":"https:\/\/eurotech-iasi.ro\/magazinonline\/produs\/aparat-de-spalat-cu-presiune-hd-6-15-mxa-plus-karcher\/","title":{"rendered":"Aparat de spalat cu presiune HD 6\/15 MXA Plus Karcher"},"content":{"rendered":"<p><strong>Aparat de spalat cu presiune HD 6\/15 MXA Plus Karcher<\/strong>. I\u021bi aminte\u0219ti sentimentul pe care \u00eel aveai c\u00e2nd ma\u0219ina ta era nou\u0103 \u0219i aleea ta proasp\u0103t pavat\u0103? C\u00e2nd mobilierul t\u0103u de gr\u0103din\u0103 a v\u0103zut prima dat\u0103 lumina zilei \u0219i zidurile gr\u0103dinii nu aveau \u00eenc\u0103 mu\u0219chi de p\u0103m\u00e2nt? Acela a fost un moment real WOW! Dar hei, praful, murd\u0103ria \u0219i cre\u0219terea necontrolat\u0103 a acestora nu te pot cople\u0219i atunci c\u00e2nd ai al\u0103turi de tine un aparat de sp\u0103lat cu presiune K\u00e4rcher. Factorul WOW este \u00eenc\u0103 acolo. Recupereaz\u0103-l! \u00cempreun\u0103 cu K\u00e4rcher-ul t\u0103u po\u021bi combate murd\u0103ria cu putere \u0219i te po\u021bi distra f\u0103c\u00e2nd asta. Transform\u0103 o munc\u0103 murdar\u0103 \u00een pur\u0103 pl\u0103cere! Adu din nou acel WOW \u00een via\u021ba ta!<\/p>\n<p><em>Avantaje beneficiar Aparat de spalat cu presiune HD 6\/15 MXA Plus Karcher: <\/em><\/p>\n<ul>\n<li>Tamburul automat cu furtun dotat pe arc;<\/li>\n<li>Economiseste timp si energie: Pistol de inalta presiune EASY!Force si elemente de fixare cu eliberare rapida EASY!Lock;;<\/li>\n<li>Reducere automata a presiunii si eficienta energetica cu pana la 20% mai mare;<\/li>\n<\/ul>\n<p><em>Echipament:<\/em><\/p>\n<ul>\n<li>Pistol de pulverizat: EASY!Force;<\/li>\n<li>Furtun de presiune: 15 \/ Contracta m;<\/li>\n<li>Lance de pulverizare: 840 mm;<\/li>\n<li>Duza de putere;<\/li>\n<li>Lance cu jet rotativ;<\/li>\n<li>Tambur furtun de inalta presiune -integrat;<\/li>\n<li>Anti-rasucire;<\/li>\n<li>Presiune de decuplare;<\/li>\n<\/ul>\n<p>Domenii de intrebuintare: &#8211;<\/p>\n<h2>Date tehnice &#8211; Aparat de spalat cu presiune HD 6\/15 MXA Plus Karcher:<\/h2>\n<ul>\n<li>Tipul de curent. 1 \/ 230 \/ 50 \/<\/li>\n<li>Debit transportat 560 l\/h<\/li>\n<li>Temperatura de admisie 60 \u00b0C<\/li>\n<li>Presiune de lucru 150 \/ 15<\/li>\n<li>Presiunea maxima 225 \/ 22.5 bar \/ MPa<\/li>\n<li>Putere 3,1 kW<\/li>\n<li>Cablu de racordare 5 m<\/li>\n<li>Alimentare apa 3\/4\u2033<\/li>\n<li>Greutatea cu accesorii 35,1 kg<\/li>\n<li>Greutate cu ambalaj. 39 kg<\/li>\n<li>Dimensiuni (L x l x H). 400 x 455 x 966 mm<\/li>\n<\/ul>\n","protected":false},"excerpt":{"rendered":"<p><strong>Aparat de spalat cu presiune HD 6\/15 MXA Plus Karcher, 1.150-943.0, 225 bar, 560.l\/h, cu presostat, tambu pentru furtun integrat pentru manipularea convenabila a furtunului de inalta presiune si numeroase optiuni de depozitare pentru accesorii. <\/strong><\/p>\n<p><span style=\"color: #ff0000;\"><em>Cod produs: 1.150-943.0 <\/em><\/span><\/p>\n<p><span style=\"color: #ff0000;\">*Livrare in 2 &#8211; 15 zile lucratoare de la data comenzii.<\/span><\/p>\n","protected":false},"featured_media":98028,"comment_status":"open","ping_status":"closed","template":"","meta":{"_acf_changed":false},"product_cat":[4387,4339],"product_tag":[],"woo-feed-brand":[],"class_list":{"0":"post-91245","1":"product","2":"type-product","3":"status-publish","4":"has-post-thumbnail","6":"product_brand-karcher","7":"product_cat-aparate-de-spalat-cu-presiune-turbojet","8":"product_cat-echipamente-pentru-curatenie","9":"pa_brand-karcher","11":"first","12":"instock","13":"shipping-taxable","14":"purchasable","15":"product-type-simple"},"acf":[],"yoast_head":"<!-- This site is optimized with the Yoast SEO plugin v27.5 - https:\/\/yoast.com\/product\/yoast-seo-wordpress\/ -->\n<title>Aparat de spalat cu presiune HD 6\/15 MXA Plus Karcher - Eurotech Iasi<\/title>\n<meta name=\"robots\" content=\"index, follow, max-snippet:-1, max-image-preview:large, max-video-preview:-1\" \/>\n<link rel=\"canonical\" href=\"https:\/\/eurotech-iasi.ro\/magazinonline\/produs\/aparat-de-spalat-cu-presiune-hd-6-15-mxa-plus-karcher\/\" \/>\n<meta property=\"og:locale\" content=\"ro_RO\" \/>\n<meta property=\"og:type\" content=\"article\" \/>\n<meta property=\"og:title\" content=\"Aparat de spalat cu presiune HD 6\/15 MXA Plus Karcher - Eurotech Iasi\" \/>\n<meta property=\"og:description\" content=\"Aparat de spalat cu presiune HD 6\/15 MXA Plus Karcher, 1.150-943.0, 225 bar, 560.l\/h, cu presostat, tambu pentru furtun integrat pentru manipularea convenabila a furtunului de inalta presiune si numeroase optiuni de depozitare pentru accesorii.   Cod produs: 1.150-943.0   *Livrare in 2 - 15 zile lucratoare de la data comenzii.\" \/>\n<meta property=\"og:url\" content=\"https:\/\/eurotech-iasi.ro\/magazinonline\/produs\/aparat-de-spalat-cu-presiune-hd-6-15-mxa-plus-karcher\/\" \/>\n<meta property=\"og:site_name\" content=\"Eurotech Iasi\" \/>\n<meta property=\"article:publisher\" content=\"https:\/\/www.facebook.com\/EurotechIasi\/\" \/>\n<meta property=\"article:modified_time\" content=\"2024-04-26T11:40:28+00:00\" \/>\n<meta property=\"og:image\" content=\"https:\/\/eurotech-iasi.ro\/magazinonline\/wp-content\/uploads\/2023\/06\/Aparat-de-spalat-cu-presiune-HD-615-MXA-Plus-Karcher-1.png\" \/>\n\t<meta property=\"og:image:width\" content=\"750\" \/>\n\t<meta property=\"og:image:height\" content=\"750\" \/>\n\t<meta property=\"og:image:type\" content=\"image\/png\" \/>\n<meta name=\"twitter:label1\" content=\"Timp estimat pentru citire\" \/>\n\t<meta name=\"twitter:data1\" content=\"1 minut\" \/>\n<script type=\"application\/ld+json\" class=\"yoast-schema-graph\">{\"@context\":\"https:\\\/\\\/schema.org\",\"@graph\":[{\"@type\":\"WebPage\",\"@id\":\"https:\\\/\\\/eurotech-iasi.ro\\\/magazinonline\\\/produs\\\/aparat-de-spalat-cu-presiune-hd-6-15-mxa-plus-karcher\\\/\",\"url\":\"https:\\\/\\\/eurotech-iasi.ro\\\/magazinonline\\\/produs\\\/aparat-de-spalat-cu-presiune-hd-6-15-mxa-plus-karcher\\\/\",\"name\":\"Aparat de spalat cu presiune HD 6\\\/15 MXA Plus Karcher - Eurotech Iasi\",\"isPartOf\":{\"@id\":\"https:\\\/\\\/eurotech-iasi.ro\\\/magazinonline\\\/#website\"},\"primaryImageOfPage\":{\"@id\":\"https:\\\/\\\/eurotech-iasi.ro\\\/magazinonline\\\/produs\\\/aparat-de-spalat-cu-presiune-hd-6-15-mxa-plus-karcher\\\/#primaryimage\"},\"image\":{\"@id\":\"https:\\\/\\\/eurotech-iasi.ro\\\/magazinonline\\\/produs\\\/aparat-de-spalat-cu-presiune-hd-6-15-mxa-plus-karcher\\\/#primaryimage\"},\"thumbnailUrl\":\"https:\\\/\\\/eurotech-iasi.ro\\\/magazinonline\\\/wp-content\\\/uploads\\\/2023\\\/06\\\/Aparat-de-spalat-cu-presiune-HD-615-MXA-Plus-Karcher-1.png\",\"datePublished\":\"2023-06-22T13:35:53+00:00\",\"dateModified\":\"2024-04-26T11:40:28+00:00\",\"breadcrumb\":{\"@id\":\"https:\\\/\\\/eurotech-iasi.ro\\\/magazinonline\\\/produs\\\/aparat-de-spalat-cu-presiune-hd-6-15-mxa-plus-karcher\\\/#breadcrumb\"},\"inLanguage\":\"ro-RO\",\"potentialAction\":[{\"@type\":\"ReadAction\",\"target\":[\"https:\\\/\\\/eurotech-iasi.ro\\\/magazinonline\\\/produs\\\/aparat-de-spalat-cu-presiune-hd-6-15-mxa-plus-karcher\\\/\"]}]},{\"@type\":\"ImageObject\",\"inLanguage\":\"ro-RO\",\"@id\":\"https:\\\/\\\/eurotech-iasi.ro\\\/magazinonline\\\/produs\\\/aparat-de-spalat-cu-presiune-hd-6-15-mxa-plus-karcher\\\/#primaryimage\",\"url\":\"https:\\\/\\\/eurotech-iasi.ro\\\/magazinonline\\\/wp-content\\\/uploads\\\/2023\\\/06\\\/Aparat-de-spalat-cu-presiune-HD-615-MXA-Plus-Karcher-1.png\",\"contentUrl\":\"https:\\\/\\\/eurotech-iasi.ro\\\/magazinonline\\\/wp-content\\\/uploads\\\/2023\\\/06\\\/Aparat-de-spalat-cu-presiune-HD-615-MXA-Plus-Karcher-1.png\",\"width\":750,\"height\":750,\"caption\":\"Aparat de spalat cu presiune HD 615 MXA Plus Karcher\"},{\"@type\":\"BreadcrumbList\",\"@id\":\"https:\\\/\\\/eurotech-iasi.ro\\\/magazinonline\\\/produs\\\/aparat-de-spalat-cu-presiune-hd-6-15-mxa-plus-karcher\\\/#breadcrumb\",\"itemListElement\":[{\"@type\":\"ListItem\",\"position\":1,\"name\":\"Prima pagin\u0103\",\"item\":\"https:\\\/\\\/eurotech-iasi.ro\\\/magazinonline\\\/\"},{\"@type\":\"ListItem\",\"position\":2,\"name\":\"Shop\",\"item\":\"https:\\\/\\\/eurotech-iasi.ro\\\/magazinonline\\\/shop\\\/\"},{\"@type\":\"ListItem\",\"position\":3,\"name\":\"Aparat de spalat cu presiune HD 6\\\/15 MXA Plus Karcher\"}]},{\"@type\":\"WebSite\",\"@id\":\"https:\\\/\\\/eurotech-iasi.ro\\\/magazinonline\\\/#website\",\"url\":\"https:\\\/\\\/eurotech-iasi.ro\\\/magazinonline\\\/\",\"name\":\"Eurotech Iasi\",\"description\":\"Cu oameni seriosi\",\"publisher\":{\"@id\":\"https:\\\/\\\/eurotech-iasi.ro\\\/magazinonline\\\/#organization\"},\"potentialAction\":[{\"@type\":\"SearchAction\",\"target\":{\"@type\":\"EntryPoint\",\"urlTemplate\":\"https:\\\/\\\/eurotech-iasi.ro\\\/magazinonline\\\/?s={search_term_string}\"},\"query-input\":{\"@type\":\"PropertyValueSpecification\",\"valueRequired\":true,\"valueName\":\"search_term_string\"}}],\"inLanguage\":\"ro-RO\"},{\"@type\":\"Organization\",\"@id\":\"https:\\\/\\\/eurotech-iasi.ro\\\/magazinonline\\\/#organization\",\"name\":\"Eurotech Iasi\",\"url\":\"https:\\\/\\\/eurotech-iasi.ro\\\/magazinonline\\\/\",\"logo\":{\"@type\":\"ImageObject\",\"inLanguage\":\"ro-RO\",\"@id\":\"https:\\\/\\\/eurotech-iasi.ro\\\/magazinonline\\\/#\\\/schema\\\/logo\\\/image\\\/\",\"url\":\"https:\\\/\\\/eurotech-iasi.ro\\\/magazinonline\\\/wp-content\\\/uploads\\\/2020\\\/08\\\/logo-eurotech.png\",\"contentUrl\":\"https:\\\/\\\/eurotech-iasi.ro\\\/magazinonline\\\/wp-content\\\/uploads\\\/2020\\\/08\\\/logo-eurotech.png\",\"width\":290,\"height\":70,\"caption\":\"Eurotech Iasi\"},\"image\":{\"@id\":\"https:\\\/\\\/eurotech-iasi.ro\\\/magazinonline\\\/#\\\/schema\\\/logo\\\/image\\\/\"},\"sameAs\":[\"https:\\\/\\\/www.facebook.com\\\/EurotechIasi\\\/\"]}]}<\/script>\n<!-- \/ Yoast SEO plugin. -->","yoast_head_json":{"title":"Aparat de spalat cu presiune HD 6\/15 MXA Plus Karcher - Eurotech Iasi","robots":{"index":"index","follow":"follow","max-snippet":"max-snippet:-1","max-image-preview":"max-image-preview:large","max-video-preview":"max-video-preview:-1"},"canonical":"https:\/\/eurotech-iasi.ro\/magazinonline\/produs\/aparat-de-spalat-cu-presiune-hd-6-15-mxa-plus-karcher\/","og_locale":"ro_RO","og_type":"article","og_title":"Aparat de spalat cu presiune HD 6\/15 MXA Plus Karcher - Eurotech Iasi","og_description":"Aparat de spalat cu presiune HD 6\/15 MXA Plus Karcher, 1.150-943.0, 225 bar, 560.l\/h, cu presostat, tambu pentru furtun integrat pentru manipularea convenabila a furtunului de inalta presiune si numeroase optiuni de depozitare pentru accesorii.   Cod produs: 1.150-943.0   *Livrare in 2 - 15 zile lucratoare de la data comenzii.","og_url":"https:\/\/eurotech-iasi.ro\/magazinonline\/produs\/aparat-de-spalat-cu-presiune-hd-6-15-mxa-plus-karcher\/","og_site_name":"Eurotech Iasi","article_publisher":"https:\/\/www.facebook.com\/EurotechIasi\/","article_modified_time":"2024-04-26T11:40:28+00:00","og_image":[{"width":750,"height":750,"url":"https:\/\/eurotech-iasi.ro\/magazinonline\/wp-content\/uploads\/2023\/06\/Aparat-de-spalat-cu-presiune-HD-615-MXA-Plus-Karcher-1.png","type":"image\/png"}],"twitter_misc":{"Timp estimat pentru citire":"1 minut"},"schema":{"@context":"https:\/\/schema.org","@graph":[{"@type":"WebPage","@id":"https:\/\/eurotech-iasi.ro\/magazinonline\/produs\/aparat-de-spalat-cu-presiune-hd-6-15-mxa-plus-karcher\/","url":"https:\/\/eurotech-iasi.ro\/magazinonline\/produs\/aparat-de-spalat-cu-presiune-hd-6-15-mxa-plus-karcher\/","name":"Aparat de spalat cu presiune HD 6\/15 MXA Plus Karcher - Eurotech Iasi","isPartOf":{"@id":"https:\/\/eurotech-iasi.ro\/magazinonline\/#website"},"primaryImageOfPage":{"@id":"https:\/\/eurotech-iasi.ro\/magazinonline\/produs\/aparat-de-spalat-cu-presiune-hd-6-15-mxa-plus-karcher\/#primaryimage"},"image":{"@id":"https:\/\/eurotech-iasi.ro\/magazinonline\/produs\/aparat-de-spalat-cu-presiune-hd-6-15-mxa-plus-karcher\/#primaryimage"},"thumbnailUrl":"https:\/\/eurotech-iasi.ro\/magazinonline\/wp-content\/uploads\/2023\/06\/Aparat-de-spalat-cu-presiune-HD-615-MXA-Plus-Karcher-1.png","datePublished":"2023-06-22T13:35:53+00:00","dateModified":"2024-04-26T11:40:28+00:00","breadcrumb":{"@id":"https:\/\/eurotech-iasi.ro\/magazinonline\/produs\/aparat-de-spalat-cu-presiune-hd-6-15-mxa-plus-karcher\/#breadcrumb"},"inLanguage":"ro-RO","potentialAction":[{"@type":"ReadAction","target":["https:\/\/eurotech-iasi.ro\/magazinonline\/produs\/aparat-de-spalat-cu-presiune-hd-6-15-mxa-plus-karcher\/"]}]},{"@type":"ImageObject","inLanguage":"ro-RO","@id":"https:\/\/eurotech-iasi.ro\/magazinonline\/produs\/aparat-de-spalat-cu-presiune-hd-6-15-mxa-plus-karcher\/#primaryimage","url":"https:\/\/eurotech-iasi.ro\/magazinonline\/wp-content\/uploads\/2023\/06\/Aparat-de-spalat-cu-presiune-HD-615-MXA-Plus-Karcher-1.png","contentUrl":"https:\/\/eurotech-iasi.ro\/magazinonline\/wp-content\/uploads\/2023\/06\/Aparat-de-spalat-cu-presiune-HD-615-MXA-Plus-Karcher-1.png","width":750,"height":750,"caption":"Aparat de spalat cu presiune HD 615 MXA Plus Karcher"},{"@type":"BreadcrumbList","@id":"https:\/\/eurotech-iasi.ro\/magazinonline\/produs\/aparat-de-spalat-cu-presiune-hd-6-15-mxa-plus-karcher\/#breadcrumb","itemListElement":[{"@type":"ListItem","position":1,"name":"Prima pagin\u0103","item":"https:\/\/eurotech-iasi.ro\/magazinonline\/"},{"@type":"ListItem","position":2,"name":"Shop","item":"https:\/\/eurotech-iasi.ro\/magazinonline\/shop\/"},{"@type":"ListItem","position":3,"name":"Aparat de spalat cu presiune HD 6\/15 MXA Plus Karcher"}]},{"@type":"WebSite","@id":"https:\/\/eurotech-iasi.ro\/magazinonline\/#website","url":"https:\/\/eurotech-iasi.ro\/magazinonline\/","name":"Eurotech Iasi","description":"Cu oameni seriosi","publisher":{"@id":"https:\/\/eurotech-iasi.ro\/magazinonline\/#organization"},"potentialAction":[{"@type":"SearchAction","target":{"@type":"EntryPoint","urlTemplate":"https:\/\/eurotech-iasi.ro\/magazinonline\/?s={search_term_string}"},"query-input":{"@type":"PropertyValueSpecification","valueRequired":true,"valueName":"search_term_string"}}],"inLanguage":"ro-RO"},{"@type":"Organization","@id":"https:\/\/eurotech-iasi.ro\/magazinonline\/#organization","name":"Eurotech Iasi","url":"https:\/\/eurotech-iasi.ro\/magazinonline\/","logo":{"@type":"ImageObject","inLanguage":"ro-RO","@id":"https:\/\/eurotech-iasi.ro\/magazinonline\/#\/schema\/logo\/image\/","url":"https:\/\/eurotech-iasi.ro\/magazinonline\/wp-content\/uploads\/2020\/08\/logo-eurotech.png","contentUrl":"https:\/\/eurotech-iasi.ro\/magazinonline\/wp-content\/uploads\/2020\/08\/logo-eurotech.png","width":290,"height":70,"caption":"Eurotech Iasi"},"image":{"@id":"https:\/\/eurotech-iasi.ro\/magazinonline\/#\/schema\/logo\/image\/"},"sameAs":["https:\/\/www.facebook.com\/EurotechIasi\/"]}]}},"_links":{"self":[{"href":"https:\/\/eurotech-iasi.ro\/magazinonline\/wp-json\/wp\/v2\/product\/91245","targetHints":{"allow":["GET"]}}],"collection":[{"href":"https:\/\/eurotech-iasi.ro\/magazinonline\/wp-json\/wp\/v2\/product"}],"about":[{"href":"https:\/\/eurotech-iasi.ro\/magazinonline\/wp-json\/wp\/v2\/types\/product"}],"replies":[{"embeddable":true,"href":"https:\/\/eurotech-iasi.ro\/magazinonline\/wp-json\/wp\/v2\/comments?post=91245"}],"wp:featuredmedia":[{"embeddable":true,"href":"https:\/\/eurotech-iasi.ro\/magazinonline\/wp-json\/wp\/v2\/media\/98028"}],"wp:attachment":[{"href":"https:\/\/eurotech-iasi.ro\/magazinonline\/wp-json\/wp\/v2\/media?parent=91245"}],"wp:term":[{"taxonomy":"product_cat","embeddable":true,"href":"https:\/\/eurotech-iasi.ro\/magazinonline\/wp-json\/wp\/v2\/product_cat?post=91245"},{"taxonomy":"product_tag","embeddable":true,"href":"https:\/\/eurotech-iasi.ro\/magazinonline\/wp-json\/wp\/v2\/product_tag?post=91245"},{"taxonomy":"woo-feed-brand","embeddable":true,"href":"https:\/\/eurotech-iasi.ro\/magazinonline\/wp-json\/wp\/v2\/woo-feed-brand?post=91245"}],"curies":[{"name":"wp","href":"https:\/\/api.w.org\/{rel}","templated":true}]}}