{"id":98746,"date":"2023-08-17T16:14:49","date_gmt":"2023-08-17T13:14:49","guid":{"rendered":"https:\/\/eurotech-iasi.ro\/magazinonline\/?post_type=product&#038;p=98746"},"modified":"2026-03-09T10:55:33","modified_gmt":"2026-03-09T08:55:33","slug":"motoferastrau-cu-benzina-stihl-ms-291-40cm","status":"publish","type":"product","link":"https:\/\/eurotech-iasi.ro\/magazinonline\/produs\/motoferastrau-cu-benzina-stihl-ms-291-40cm\/","title":{"rendered":"Motoferastrau cu benzina STIHL MS 291, 40cm"},"content":{"rendered":"<p class=\"rounded\"><strong>Motoferastrau cu benzina STIHL MS 291, 40cm e<\/strong>ste un motofierastrau pe benzina puternic si rezistent, de 2,8 kW cu motor 2-MIX economic si sistem de filtrare cu durata lunga de viata cu prefiltrare de tip ciclon. Sistem profesional antivibratii. Indeplineste normele de mediu EU II. Ajutor practic, universal pentru activitati in agricultura, peisagistica, constructii cu lemn si tamplarie.<\/p>\n<p class=\"rounded\"><span style=\"text-decoration: underline;\"><strong>Dotare:<\/strong><\/span><br \/>\n&#8211; Busoane\/capace speciale pentru rezervor ce pot fi operate fara scule suplimentare, brevetate pentru rezervorul de combustibil si ulei.<br \/>\n&#8211; Compensator STIHL, un sistem de reglare din carburator, ce permite ca si in conditiile cresterii gradului de uzare\/murdarire al filtrului de aer, puterea motorului, calitatea gazelor de evacuare si consumul de combustibil sa ramana aproape constante. Datorita acestui sitem curatarea filtrul de aer se face doar atunci cand intervine o cadere de putere sesizabila.<br \/>\n&#8211; Comanda monobloc confortabila si sigura cu o singura maneta si mana dreapta permanent pe maner, ce actioneaza pornirea la rece si la cald, functionarea si oprirea.<br \/>\n&#8211; Sistem Ematic pentru ungerea lantului compus din sina de ghidaj Ematic, lant de ferastrau Oilomatic si pompa de ulei cu reglaj de cantitate sau cantitate de transport redusa. Constructia speciala a sinei si lantului face ca orice picatura de ulei pentru lanturi sa ajunga acolo unde este nevoie pentru lubrifiere. Consumul de ulei este redus cu pana la 50%.<br \/>\n&#8211; Dispozitiv pentru intinderea lantului amplasat si actionat lateral, prin capacul rotii lantului.<br \/>\n&#8211; Sistem anti-vibratii<\/p>\n<h2>Specificatii tehnice &#8211; <strong>Motoferastrau cu benzina STIHL MS 291, 40cm<\/strong><\/h2>\n<ul>\n<li><strong>Putere motor:\u00a0<\/strong>2.8 kW<\/li>\n<li><strong>Putere motor:\u00a0<\/strong>3.8 CP<\/li>\n<li><strong>Capacitate cilindrica:\u00a0<\/strong>55.5 cmc<\/li>\n<li><strong>Tip motor:\u00a0<\/strong>STIHL 2-MIX<\/li>\n<li><strong>Lungime sina:\u00a0<\/strong>40 cm<\/li>\n<li><strong>Pas lant:\u00a0<\/strong>0.325&#8243;<\/li>\n<li><strong>Grosime element antrenare:\u00a0<\/strong>1.6 mm<\/li>\n<li><strong>Volum rezervor benzina:\u00a0<\/strong>0.50 l<\/li>\n<li><strong>Volum rezervor ulei:\u00a0<\/strong>240 ml<\/li>\n<li><strong>Nivel presiune acustica (Factor K conform DIR 2006\/42\/EC = 2.5 dB (A)):\u00a0<\/strong>103 dB(A)<\/li>\n<li><strong>Nivel putere acustica (Factor K conform DIR 2006\/42\/EC = 2.5 dB (A)):\u00a0<\/strong>116 dB(A)<\/li>\n<li><strong>Valoarea vibratiilor, stanga (Factor K conform DIR 2006\/42\/EC = 2 m\/s \u00b2):\u00a0<\/strong>4.5 m\/s\u00b2<\/li>\n<li><strong>Valoarea vibratiilor, dreapta (Factor K conform DIR 2006\/42\/EC = 2 m\/s \u00b2):\u00a0<\/strong>4.5 m\/s \u00b2<\/li>\n<li><strong>Greutate:\u00a0<\/strong>5.6 kg<\/li>\n<\/ul>\n","protected":false},"excerpt":{"rendered":"<p><strong>Motoferastrau cu benzina STIHL MS 291, 40cm e<\/strong>ste un motofierastrau cu motor pe benzina ajutor practic, universal pentru activitati in agricultura, peisagistica, constructii cu lemn si tamplarie.<\/p>\n<p><em><strong>Cod produs: 11412000698<\/strong><\/em><\/p>\n<p><a href=\"https:\/\/eurotech-iasi.ro\/magazinonline\/wp-content\/uploads\/2026\/01\/CADOU-PILA-325.png\"><img loading=\"lazy\" decoding=\"async\" class=\"alignnone size-medium wp-image-113756\" src=\"https:\/\/eurotech-iasi.ro\/magazinonline\/wp-content\/uploads\/2026\/01\/CADOU-PILA-325-300x300.png\" alt=\"\" width=\"300\" height=\"300\" srcset=\"https:\/\/eurotech-iasi.ro\/magazinonline\/wp-content\/uploads\/2026\/01\/CADOU-PILA-325-300x300.png 300w, https:\/\/eurotech-iasi.ro\/magazinonline\/wp-content\/uploads\/2026\/01\/CADOU-PILA-325-150x150.png 150w, https:\/\/eurotech-iasi.ro\/magazinonline\/wp-content\/uploads\/2026\/01\/CADOU-PILA-325-600x600.png 600w, https:\/\/eurotech-iasi.ro\/magazinonline\/wp-content\/uploads\/2026\/01\/CADOU-PILA-325-100x100.png 100w, https:\/\/eurotech-iasi.ro\/magazinonline\/wp-content\/uploads\/2026\/01\/CADOU-PILA-325-154x154.png 154w, https:\/\/eurotech-iasi.ro\/magazinonline\/wp-content\/uploads\/2026\/01\/CADOU-PILA-325.png 750w\" sizes=\"auto, (max-width: 300px) 100vw, 300px\" \/><\/a><span style=\"color: #ff0000;\"><em><a href=\"https:\/\/eurotech-iasi.ro\/magazinonline\/?attachment_id=87685\" rel=\"attachment wp-att-87685\"><img loading=\"lazy\" decoding=\"async\" class=\"wp-image-87685 aligncenter\" src=\"https:\/\/eurotech-iasi.ro\/magazinonline\/wp-content\/uploads\/2019\/06\/2-1-150x150.png\" alt=\"\" width=\"72\" height=\"72\" srcset=\"https:\/\/eurotech-iasi.ro\/magazinonline\/wp-content\/uploads\/2019\/06\/2-1-150x150.png 150w, https:\/\/eurotech-iasi.ro\/magazinonline\/wp-content\/uploads\/2019\/06\/2-1-100x100.png 100w, https:\/\/eurotech-iasi.ro\/magazinonline\/wp-content\/uploads\/2019\/06\/2-1.png 200w\" sizes=\"auto, (max-width: 72px) 100vw, 72px\" \/><\/a><\/em><\/span><\/p>\n<h5><span style=\"color: #eb782b;\"><em><strong>\u00a0<a href=\"https:\/\/eurotech-iasi.ro\/magazinonline\/termeni-si-conditii\/\">*Garan\u021bie 2 ani<\/a> + 6 luni Extra Garan\u021bie. <\/strong><\/em><\/span><\/h5>\n<h5><span style=\"color: #eb782b;\"><em><strong>\u00cenregistreaz\u0103\u00a0 produsul achizi\u021bionat de la noi, \u00een termen de <\/strong><\/em><\/span><span style=\"color: #003366;\"><em><strong>30 de zile de la cump\u0103rare<\/strong><\/em><\/span><span style=\"color: #eb782b;\"><em><strong>, pe site-ul oficial STIHL la adresa<a href=\"https:\/\/preg.stihl.com\/?lang=RO_ro&amp;country=RO\">\u00a0preg.stihl.com<\/a> \u0219i profit\u0103 de prelungirea gratuit\u0103 a garan\u021biei cu 6 luni !<\/strong><\/em><\/span><\/h5>\n<p>&nbsp;<\/p>\n<p>&nbsp;<\/p>\n<p>&nbsp;<\/p>\n<h5><\/h5>\n<p>&nbsp;<\/p>\n","protected":false},"featured_media":98747,"comment_status":"open","ping_status":"closed","template":"","meta":{"_acf_changed":false},"product_cat":[6413,4337,4364,6412],"product_tag":[],"woo-feed-brand":[],"class_list":{"0":"post-98746","1":"product","2":"type-product","3":"status-publish","4":"has-post-thumbnail","6":"product_brand-stihl","7":"product_cat-extra-reduceri","8":"product_cat-gradinarit-agricultura","9":"product_cat-motofierastraie","10":"product_cat-promotie-stihl","11":"pa_brand-stihl","12":"pa_capacitate-cilindrica-55-5-cmc","13":"pa_greutate-56-kg","14":"pa_pas-lant-5796","15":"pa_putere-3-8-cp-3-8-kw","16":"pa_volum-rezervor-050-l","18":"first","19":"instock","20":"sale","21":"purchasable","22":"product-type-simple"},"acf":[],"yoast_head":"<!-- This site is optimized with the Yoast SEO plugin v27.3 - https:\/\/yoast.com\/product\/yoast-seo-wordpress\/ -->\n<title>Motoferastrau cu benzina STIHL MS 291, 40cm - Eurotech Iasi<\/title>\n<meta name=\"description\" content=\"Motofer\u0103str\u0103ul pe benzin\u0103 STIHL MS 291 ofer\u0103 performan\u021ba de t\u0103iere de care ave\u021bi nevoie pentru lucr\u0103rile de t\u0103iere \u00een p\u0103dure, la recoltarea lemnului de foc,\" \/>\n<meta name=\"robots\" content=\"index, follow, max-snippet:-1, max-image-preview:large, max-video-preview:-1\" \/>\n<link rel=\"canonical\" href=\"https:\/\/eurotech-iasi.ro\/magazinonline\/produs\/motoferastrau-cu-benzina-stihl-ms-291-40cm\/\" \/>\n<meta property=\"og:locale\" content=\"ro_RO\" \/>\n<meta property=\"og:type\" content=\"article\" \/>\n<meta property=\"og:title\" content=\"Motoferastrau cu benzina STIHL MS 291, 40cm - Eurotech Iasi\" \/>\n<meta property=\"og:description\" content=\"Motofer\u0103str\u0103ul pe benzin\u0103 STIHL MS 291 ofer\u0103 performan\u021ba de t\u0103iere de care ave\u021bi nevoie pentru lucr\u0103rile de t\u0103iere \u00een p\u0103dure, la recoltarea lemnului de foc,\" \/>\n<meta property=\"og:url\" content=\"https:\/\/eurotech-iasi.ro\/magazinonline\/produs\/motoferastrau-cu-benzina-stihl-ms-291-40cm\/\" \/>\n<meta property=\"og:site_name\" content=\"Eurotech Iasi\" \/>\n<meta property=\"article:publisher\" content=\"https:\/\/www.facebook.com\/EurotechIasi\/\" \/>\n<meta property=\"article:modified_time\" content=\"2026-03-09T08:55:33+00:00\" \/>\n<meta property=\"og:image\" content=\"https:\/\/eurotech-iasi.ro\/magazinonline\/wp-content\/uploads\/2023\/08\/Motoferastrau-cu-benzina-STIHL-MS-291-40cm-1.png\" \/>\n\t<meta property=\"og:image:width\" content=\"750\" \/>\n\t<meta property=\"og:image:height\" content=\"750\" \/>\n\t<meta property=\"og:image:type\" content=\"image\/png\" \/>\n<meta name=\"twitter:label1\" content=\"Timp estimat pentru citire\" \/>\n\t<meta name=\"twitter:data1\" content=\"3 minute\" \/>\n<script type=\"application\/ld+json\" class=\"yoast-schema-graph\">{\"@context\":\"https:\\\/\\\/schema.org\",\"@graph\":[{\"@type\":\"WebPage\",\"@id\":\"https:\\\/\\\/eurotech-iasi.ro\\\/magazinonline\\\/produs\\\/motoferastrau-cu-benzina-stihl-ms-291-40cm\\\/\",\"url\":\"https:\\\/\\\/eurotech-iasi.ro\\\/magazinonline\\\/produs\\\/motoferastrau-cu-benzina-stihl-ms-291-40cm\\\/\",\"name\":\"Motoferastrau cu benzina STIHL MS 291, 40cm - Eurotech Iasi\",\"isPartOf\":{\"@id\":\"https:\\\/\\\/eurotech-iasi.ro\\\/magazinonline\\\/#website\"},\"primaryImageOfPage\":{\"@id\":\"https:\\\/\\\/eurotech-iasi.ro\\\/magazinonline\\\/produs\\\/motoferastrau-cu-benzina-stihl-ms-291-40cm\\\/#primaryimage\"},\"image\":{\"@id\":\"https:\\\/\\\/eurotech-iasi.ro\\\/magazinonline\\\/produs\\\/motoferastrau-cu-benzina-stihl-ms-291-40cm\\\/#primaryimage\"},\"thumbnailUrl\":\"https:\\\/\\\/eurotech-iasi.ro\\\/magazinonline\\\/wp-content\\\/uploads\\\/2023\\\/08\\\/Motoferastrau-cu-benzina-STIHL-MS-291-40cm-1.png\",\"datePublished\":\"2023-08-17T13:14:49+00:00\",\"dateModified\":\"2026-03-09T08:55:33+00:00\",\"description\":\"Motofer\u0103str\u0103ul pe benzin\u0103 STIHL MS 291 ofer\u0103 performan\u021ba de t\u0103iere de care ave\u021bi nevoie pentru lucr\u0103rile de t\u0103iere \u00een p\u0103dure, la recoltarea lemnului de foc,\",\"breadcrumb\":{\"@id\":\"https:\\\/\\\/eurotech-iasi.ro\\\/magazinonline\\\/produs\\\/motoferastrau-cu-benzina-stihl-ms-291-40cm\\\/#breadcrumb\"},\"inLanguage\":\"ro-RO\",\"potentialAction\":[{\"@type\":\"ReadAction\",\"target\":[\"https:\\\/\\\/eurotech-iasi.ro\\\/magazinonline\\\/produs\\\/motoferastrau-cu-benzina-stihl-ms-291-40cm\\\/\"]}]},{\"@type\":\"ImageObject\",\"inLanguage\":\"ro-RO\",\"@id\":\"https:\\\/\\\/eurotech-iasi.ro\\\/magazinonline\\\/produs\\\/motoferastrau-cu-benzina-stihl-ms-291-40cm\\\/#primaryimage\",\"url\":\"https:\\\/\\\/eurotech-iasi.ro\\\/magazinonline\\\/wp-content\\\/uploads\\\/2023\\\/08\\\/Motoferastrau-cu-benzina-STIHL-MS-291-40cm-1.png\",\"contentUrl\":\"https:\\\/\\\/eurotech-iasi.ro\\\/magazinonline\\\/wp-content\\\/uploads\\\/2023\\\/08\\\/Motoferastrau-cu-benzina-STIHL-MS-291-40cm-1.png\",\"width\":750,\"height\":750,\"caption\":\"Motoferastrau cu benzina STIHL MS 291, 40cm\"},{\"@type\":\"BreadcrumbList\",\"@id\":\"https:\\\/\\\/eurotech-iasi.ro\\\/magazinonline\\\/produs\\\/motoferastrau-cu-benzina-stihl-ms-291-40cm\\\/#breadcrumb\",\"itemListElement\":[{\"@type\":\"ListItem\",\"position\":1,\"name\":\"Prima pagin\u0103\",\"item\":\"https:\\\/\\\/eurotech-iasi.ro\\\/magazinonline\\\/\"},{\"@type\":\"ListItem\",\"position\":2,\"name\":\"Shop\",\"item\":\"https:\\\/\\\/eurotech-iasi.ro\\\/magazinonline\\\/shop\\\/\"},{\"@type\":\"ListItem\",\"position\":3,\"name\":\"Motoferastrau cu benzina STIHL MS 291, 40cm\"}]},{\"@type\":\"WebSite\",\"@id\":\"https:\\\/\\\/eurotech-iasi.ro\\\/magazinonline\\\/#website\",\"url\":\"https:\\\/\\\/eurotech-iasi.ro\\\/magazinonline\\\/\",\"name\":\"Eurotech Iasi\",\"description\":\"Cu oameni seriosi\",\"publisher\":{\"@id\":\"https:\\\/\\\/eurotech-iasi.ro\\\/magazinonline\\\/#organization\"},\"potentialAction\":[{\"@type\":\"SearchAction\",\"target\":{\"@type\":\"EntryPoint\",\"urlTemplate\":\"https:\\\/\\\/eurotech-iasi.ro\\\/magazinonline\\\/?s={search_term_string}\"},\"query-input\":{\"@type\":\"PropertyValueSpecification\",\"valueRequired\":true,\"valueName\":\"search_term_string\"}}],\"inLanguage\":\"ro-RO\"},{\"@type\":\"Organization\",\"@id\":\"https:\\\/\\\/eurotech-iasi.ro\\\/magazinonline\\\/#organization\",\"name\":\"Eurotech Iasi\",\"url\":\"https:\\\/\\\/eurotech-iasi.ro\\\/magazinonline\\\/\",\"logo\":{\"@type\":\"ImageObject\",\"inLanguage\":\"ro-RO\",\"@id\":\"https:\\\/\\\/eurotech-iasi.ro\\\/magazinonline\\\/#\\\/schema\\\/logo\\\/image\\\/\",\"url\":\"https:\\\/\\\/eurotech-iasi.ro\\\/magazinonline\\\/wp-content\\\/uploads\\\/2020\\\/08\\\/logo-eurotech.png\",\"contentUrl\":\"https:\\\/\\\/eurotech-iasi.ro\\\/magazinonline\\\/wp-content\\\/uploads\\\/2020\\\/08\\\/logo-eurotech.png\",\"width\":290,\"height\":70,\"caption\":\"Eurotech Iasi\"},\"image\":{\"@id\":\"https:\\\/\\\/eurotech-iasi.ro\\\/magazinonline\\\/#\\\/schema\\\/logo\\\/image\\\/\"},\"sameAs\":[\"https:\\\/\\\/www.facebook.com\\\/EurotechIasi\\\/\"]}]}<\/script>\n<!-- \/ Yoast SEO plugin. -->","yoast_head_json":{"title":"Motoferastrau cu benzina STIHL MS 291, 40cm - Eurotech Iasi","description":"Motofer\u0103str\u0103ul pe benzin\u0103 STIHL MS 291 ofer\u0103 performan\u021ba de t\u0103iere de care ave\u021bi nevoie pentru lucr\u0103rile de t\u0103iere \u00een p\u0103dure, la recoltarea lemnului de foc,","robots":{"index":"index","follow":"follow","max-snippet":"max-snippet:-1","max-image-preview":"max-image-preview:large","max-video-preview":"max-video-preview:-1"},"canonical":"https:\/\/eurotech-iasi.ro\/magazinonline\/produs\/motoferastrau-cu-benzina-stihl-ms-291-40cm\/","og_locale":"ro_RO","og_type":"article","og_title":"Motoferastrau cu benzina STIHL MS 291, 40cm - Eurotech Iasi","og_description":"Motofer\u0103str\u0103ul pe benzin\u0103 STIHL MS 291 ofer\u0103 performan\u021ba de t\u0103iere de care ave\u021bi nevoie pentru lucr\u0103rile de t\u0103iere \u00een p\u0103dure, la recoltarea lemnului de foc,","og_url":"https:\/\/eurotech-iasi.ro\/magazinonline\/produs\/motoferastrau-cu-benzina-stihl-ms-291-40cm\/","og_site_name":"Eurotech Iasi","article_publisher":"https:\/\/www.facebook.com\/EurotechIasi\/","article_modified_time":"2026-03-09T08:55:33+00:00","og_image":[{"width":750,"height":750,"url":"https:\/\/eurotech-iasi.ro\/magazinonline\/wp-content\/uploads\/2023\/08\/Motoferastrau-cu-benzina-STIHL-MS-291-40cm-1.png","type":"image\/png"}],"twitter_misc":{"Timp estimat pentru citire":"3 minute"},"schema":{"@context":"https:\/\/schema.org","@graph":[{"@type":"WebPage","@id":"https:\/\/eurotech-iasi.ro\/magazinonline\/produs\/motoferastrau-cu-benzina-stihl-ms-291-40cm\/","url":"https:\/\/eurotech-iasi.ro\/magazinonline\/produs\/motoferastrau-cu-benzina-stihl-ms-291-40cm\/","name":"Motoferastrau cu benzina STIHL MS 291, 40cm - Eurotech Iasi","isPartOf":{"@id":"https:\/\/eurotech-iasi.ro\/magazinonline\/#website"},"primaryImageOfPage":{"@id":"https:\/\/eurotech-iasi.ro\/magazinonline\/produs\/motoferastrau-cu-benzina-stihl-ms-291-40cm\/#primaryimage"},"image":{"@id":"https:\/\/eurotech-iasi.ro\/magazinonline\/produs\/motoferastrau-cu-benzina-stihl-ms-291-40cm\/#primaryimage"},"thumbnailUrl":"https:\/\/eurotech-iasi.ro\/magazinonline\/wp-content\/uploads\/2023\/08\/Motoferastrau-cu-benzina-STIHL-MS-291-40cm-1.png","datePublished":"2023-08-17T13:14:49+00:00","dateModified":"2026-03-09T08:55:33+00:00","description":"Motofer\u0103str\u0103ul pe benzin\u0103 STIHL MS 291 ofer\u0103 performan\u021ba de t\u0103iere de care ave\u021bi nevoie pentru lucr\u0103rile de t\u0103iere \u00een p\u0103dure, la recoltarea lemnului de foc,","breadcrumb":{"@id":"https:\/\/eurotech-iasi.ro\/magazinonline\/produs\/motoferastrau-cu-benzina-stihl-ms-291-40cm\/#breadcrumb"},"inLanguage":"ro-RO","potentialAction":[{"@type":"ReadAction","target":["https:\/\/eurotech-iasi.ro\/magazinonline\/produs\/motoferastrau-cu-benzina-stihl-ms-291-40cm\/"]}]},{"@type":"ImageObject","inLanguage":"ro-RO","@id":"https:\/\/eurotech-iasi.ro\/magazinonline\/produs\/motoferastrau-cu-benzina-stihl-ms-291-40cm\/#primaryimage","url":"https:\/\/eurotech-iasi.ro\/magazinonline\/wp-content\/uploads\/2023\/08\/Motoferastrau-cu-benzina-STIHL-MS-291-40cm-1.png","contentUrl":"https:\/\/eurotech-iasi.ro\/magazinonline\/wp-content\/uploads\/2023\/08\/Motoferastrau-cu-benzina-STIHL-MS-291-40cm-1.png","width":750,"height":750,"caption":"Motoferastrau cu benzina STIHL MS 291, 40cm"},{"@type":"BreadcrumbList","@id":"https:\/\/eurotech-iasi.ro\/magazinonline\/produs\/motoferastrau-cu-benzina-stihl-ms-291-40cm\/#breadcrumb","itemListElement":[{"@type":"ListItem","position":1,"name":"Prima pagin\u0103","item":"https:\/\/eurotech-iasi.ro\/magazinonline\/"},{"@type":"ListItem","position":2,"name":"Shop","item":"https:\/\/eurotech-iasi.ro\/magazinonline\/shop\/"},{"@type":"ListItem","position":3,"name":"Motoferastrau cu benzina STIHL MS 291, 40cm"}]},{"@type":"WebSite","@id":"https:\/\/eurotech-iasi.ro\/magazinonline\/#website","url":"https:\/\/eurotech-iasi.ro\/magazinonline\/","name":"Eurotech Iasi","description":"Cu oameni seriosi","publisher":{"@id":"https:\/\/eurotech-iasi.ro\/magazinonline\/#organization"},"potentialAction":[{"@type":"SearchAction","target":{"@type":"EntryPoint","urlTemplate":"https:\/\/eurotech-iasi.ro\/magazinonline\/?s={search_term_string}"},"query-input":{"@type":"PropertyValueSpecification","valueRequired":true,"valueName":"search_term_string"}}],"inLanguage":"ro-RO"},{"@type":"Organization","@id":"https:\/\/eurotech-iasi.ro\/magazinonline\/#organization","name":"Eurotech Iasi","url":"https:\/\/eurotech-iasi.ro\/magazinonline\/","logo":{"@type":"ImageObject","inLanguage":"ro-RO","@id":"https:\/\/eurotech-iasi.ro\/magazinonline\/#\/schema\/logo\/image\/","url":"https:\/\/eurotech-iasi.ro\/magazinonline\/wp-content\/uploads\/2020\/08\/logo-eurotech.png","contentUrl":"https:\/\/eurotech-iasi.ro\/magazinonline\/wp-content\/uploads\/2020\/08\/logo-eurotech.png","width":290,"height":70,"caption":"Eurotech Iasi"},"image":{"@id":"https:\/\/eurotech-iasi.ro\/magazinonline\/#\/schema\/logo\/image\/"},"sameAs":["https:\/\/www.facebook.com\/EurotechIasi\/"]}]}},"_links":{"self":[{"href":"https:\/\/eurotech-iasi.ro\/magazinonline\/wp-json\/wp\/v2\/product\/98746","targetHints":{"allow":["GET"]}}],"collection":[{"href":"https:\/\/eurotech-iasi.ro\/magazinonline\/wp-json\/wp\/v2\/product"}],"about":[{"href":"https:\/\/eurotech-iasi.ro\/magazinonline\/wp-json\/wp\/v2\/types\/product"}],"replies":[{"embeddable":true,"href":"https:\/\/eurotech-iasi.ro\/magazinonline\/wp-json\/wp\/v2\/comments?post=98746"}],"wp:featuredmedia":[{"embeddable":true,"href":"https:\/\/eurotech-iasi.ro\/magazinonline\/wp-json\/wp\/v2\/media\/98747"}],"wp:attachment":[{"href":"https:\/\/eurotech-iasi.ro\/magazinonline\/wp-json\/wp\/v2\/media?parent=98746"}],"wp:term":[{"taxonomy":"product_cat","embeddable":true,"href":"https:\/\/eurotech-iasi.ro\/magazinonline\/wp-json\/wp\/v2\/product_cat?post=98746"},{"taxonomy":"product_tag","embeddable":true,"href":"https:\/\/eurotech-iasi.ro\/magazinonline\/wp-json\/wp\/v2\/product_tag?post=98746"},{"taxonomy":"woo-feed-brand","embeddable":true,"href":"https:\/\/eurotech-iasi.ro\/magazinonline\/wp-json\/wp\/v2\/woo-feed-brand?post=98746"}],"curies":[{"name":"wp","href":"https:\/\/api.w.org\/{rel}","templated":true}]}}